{"id":8929,"date":"2025-06-22T15:21:37","date_gmt":"2025-06-22T15:21:37","guid":{"rendered":"https:\/\/ryinz.cz\/velkoobchod\/?post_type=product&#038;p=8929"},"modified":"2026-01-18T20:16:55","modified_gmt":"2026-01-18T20:16:55","slug":"ryinz-gants-de-mecanicien-resistants-aux-chocs-avec-protection-tpr-gants-de-securite-anti-vibrations-resistants-aux-coupures-et-haute-visibilite","status":"publish","type":"product","link":"https:\/\/ryinz.cz\/velkoobchod\/fr\/product\/ryinz-high-impact-resistant-mechanic-gloves-with-tpr-protection-anti-vibration-cut-resistant-and-hi-vis-safety-gloves\/","title":{"rendered":"RYINZ Gants de m\u00e9canicien r\u00e9sistants aux chocs avec protection TPR - Gants de s\u00e9curit\u00e9 anti-vibration, anti-coupure et haute visibilit\u00e9"},"content":{"rendered":"<p class=\"\" data-start=\"281\" data-end=\"673\">Le <strong data-start=\"285\" data-end=\"332\">Gants de m\u00e9canicien r\u00e9sistants aux chocs RYINZ<\/strong> sont con\u00e7us pour les t\u00e2ches industrielles, m\u00e9caniques et de construction les plus exigeantes, o\u00f9 la protection, le confort et la pr\u00e9cision doivent se conjuguer sans faille. Ces gants ne sont pas seulement des v\u00eatements de protection, ils sont un outil essentiel pour les professionnels qui sont confront\u00e9s \u00e0 des risques de blessures par impact, de vibrations, d'abrasion et d'exposition \u00e0 des environnements de travail difficiles.<\/p>\n<p class=\"\" data-start=\"675\" data-end=\"1058\">Fabriqu\u00e9s \u00e0 partir d'un tissu synth\u00e9tique avanc\u00e9 avec une paume renforc\u00e9e et une coque flexible en spandex, ces gants offrent un \u00e9quilibre parfait entre durabilit\u00e9 et confort. Leur caract\u00e9ristique principale est la <strong data-start=\"867\" data-end=\"908\">protection en caoutchouc thermoplastique (TPR)<\/strong> sur le dos de la main et les doigts. Cette armure de qualit\u00e9 industrielle d\u00e9vie les impacts lourds et prot\u00e8ge contre les blessures caus\u00e9es par les outils, les d\u00e9bris ou les machines.<\/p>\n<p class=\"\" data-start=\"1060\" data-end=\"1373\">Pour am\u00e9liorer la visibilit\u00e9 en cas de faible luminosit\u00e9 ou dans les zones dangereuses, les gants sont con\u00e7us de mani\u00e8re \u00e0 ce qu'il soit possible d'y voir plus clair. <strong data-start=\"1144\" data-end=\"1174\">vert fluo haute visibilit\u00e9<\/strong> avec des accents noirs et des d\u00e9tails r\u00e9fl\u00e9chissants. Les travailleurs sont ainsi facilement visibles, ce qui ajoute une couche suppl\u00e9mentaire de s\u00e9curit\u00e9 dans des environnements tels que l'entretien des bords de route, les zones de construction et les entrep\u00f4ts.<\/p>\n<p class=\"\" data-start=\"1375\" data-end=\"1794\">La zone des palmiers est \u00e9quip\u00e9e de <strong data-start=\"1406\" data-end=\"1432\">rembourrage anti-vibration<\/strong> et un motif de pr\u00e9hension textur\u00e9 renforc\u00e9 pour am\u00e9liorer la prise en main et r\u00e9duire la fatigue lors d'une utilisation prolong\u00e9e. Les zones de pr\u00e9hension int\u00e9rieures sont cousues avec du fil de qualit\u00e9 industrielle, offrant une protection suppl\u00e9mentaire contre l'usure due aux t\u00e2ches m\u00e9caniques quotidiennes. Qu'il s'agisse de soulever, de marteler, de serrer ou d'assembler des pi\u00e8ces, ces gants assurent une prise ferme et contr\u00f4l\u00e9e \u00e0 chaque mouvement.<\/p>\n<p class=\"\" data-start=\"1796\" data-end=\"2134\">Con\u00e7us pour \u00eatre port\u00e9s toute la journ\u00e9e, ces gants sont dot\u00e9s d'un poignet \u00e9lastique bien ajust\u00e9 et d'une fermeture \u00e0 glissi\u00e8re. <strong data-start=\"1881\" data-end=\"1901\">languette facile \u00e0 enfiler<\/strong> pour un enfilage et un retrait rapides, m\u00eame avec des mains sales ou moites. La doublure respirante emp\u00eache l'accumulation d'humidit\u00e9 et maintient la circulation de l'air, tandis que la conception ergonomique permet une gamme compl\u00e8te de mouvements, une sensibilit\u00e9 tactile et un contr\u00f4le pr\u00e9cis.<\/p>\n<p class=\"\" data-start=\"2136\" data-end=\"2153\"><strong data-start=\"2136\" data-end=\"2153\">Caract\u00e9ristiques principales :<\/strong><\/p>\n<ul data-start=\"2155\" data-end=\"2988\">\n<li class=\"\" data-start=\"2155\" data-end=\"2256\">\n<p class=\"\" data-start=\"2157\" data-end=\"2256\"><strong data-start=\"2157\" data-end=\"2188\">Protection totale contre les chocs en TPR :<\/strong> Protection du dos des doigts, des articulations et de la main contre les objets contondants<\/p>\n<\/li>\n<li class=\"\" data-start=\"2257\" data-end=\"2368\">\n<p class=\"\" data-start=\"2259\" data-end=\"2368\"><strong data-start=\"2259\" data-end=\"2282\">N\u00e9on Hi-Vis Design :<\/strong> Corps vert vif avec accents r\u00e9fl\u00e9chissants pour une meilleure visibilit\u00e9 dans les espaces de travail sombres ou anim\u00e9s.<\/p>\n<\/li>\n<li class=\"\" data-start=\"2369\" data-end=\"2468\">\n<p class=\"\" data-start=\"2371\" data-end=\"2468\"><strong data-start=\"2371\" data-end=\"2395\">Paume anti-vibration :<\/strong> Amortit les chocs r\u00e9p\u00e9titifs et r\u00e9duit la tension sur les mains lors de l'utilisation d'outils<\/p>\n<\/li>\n<li class=\"\" data-start=\"2469\" data-end=\"2543\">\n<p class=\"\" data-start=\"2471\" data-end=\"2543\"><strong data-start=\"2471\" data-end=\"2504\">Paume et zones de pr\u00e9hension renforc\u00e9es :<\/strong> Durabilit\u00e9 et contr\u00f4le du glissement am\u00e9lior\u00e9s<\/p>\n<\/li>\n<li class=\"\" data-start=\"2544\" data-end=\"2619\">\n<p class=\"\" data-start=\"2546\" data-end=\"2619\"><strong data-start=\"2546\" data-end=\"2574\">Doublure int\u00e9rieure respirante :<\/strong> R\u00e9duit la transpiration et am\u00e9liore le confort tout au long de la journ\u00e9e<\/p>\n<\/li>\n<li class=\"\" data-start=\"2620\" data-end=\"2690\">\n<p class=\"\" data-start=\"2622\" data-end=\"2690\"><strong data-start=\"2622\" data-end=\"2655\">Poignet \u00e9lastiqu\u00e9 et tirette :<\/strong> Tenue s\u00fbre et application rapide<\/p>\n<\/li>\n<li class=\"\" data-start=\"2691\" data-end=\"2764\">\n<p class=\"\" data-start=\"2693\" data-end=\"2764\"><strong data-start=\"2693\" data-end=\"2719\">Coutures doublement cousues :<\/strong> Haute r\u00e9sistance \u00e0 la traction pour les conditions difficiles<\/p>\n<\/li>\n<li class=\"\" data-start=\"2765\" data-end=\"2842\">\n<p class=\"\" data-start=\"2767\" data-end=\"2842\"><strong data-start=\"2767\" data-end=\"2795\">Spandex souple Tissu :<\/strong> Permet la mobilit\u00e9 sans compromettre la s\u00e9curit\u00e9<\/p>\n<\/li>\n<li class=\"\" data-start=\"2843\" data-end=\"2907\">\n<p class=\"\" data-start=\"2845\" data-end=\"2907\"><strong data-start=\"2845\" data-end=\"2865\">Tailles disponibles :<\/strong> M, L, XL, XXL (tailles personnalis\u00e9es sur demande)<\/p>\n<\/li>\n<li class=\"\" data-start=\"2908\" data-end=\"2988\">\n<p class=\"\" data-start=\"2910\" data-end=\"2988\"><strong data-start=\"2910\" data-end=\"2928\">Personnalisation :<\/strong> Logos, \u00e9tiquetage priv\u00e9, options d'emballage pour les partenaires OEM<\/p>\n<\/li>\n<\/ul>\n<p class=\"\" data-start=\"2990\" data-end=\"3010\"><strong data-start=\"2990\" data-end=\"3010\">Recommand\u00e9 pour :<\/strong><\/p>\n<ul data-start=\"3012\" data-end=\"3374\">\n<li class=\"\" data-start=\"3012\" data-end=\"3048\">\n<p class=\"\" data-start=\"3014\" data-end=\"3048\">M\u00e9caniciens et ouvriers de l'automobile<\/p>\n<\/li>\n<li class=\"\" data-start=\"3049\" data-end=\"3082\">\n<p class=\"\" data-start=\"3051\" data-end=\"3082\">Op\u00e9rations de l'industrie p\u00e9troli\u00e8re et gazi\u00e8re<\/p>\n<\/li>\n<li class=\"\" data-start=\"3083\" data-end=\"3119\">\n<p class=\"\" data-start=\"3085\" data-end=\"3119\">Exploitation mini\u00e8re, forage et excavation<\/p>\n<\/li>\n<li class=\"\" data-start=\"3120\" data-end=\"3157\">\n<p class=\"\" data-start=\"3122\" data-end=\"3157\">Entretien et construction des routes<\/p>\n<\/li>\n<li class=\"\" data-start=\"3158\" data-end=\"3192\">\n<p class=\"\" data-start=\"3160\" data-end=\"3192\">Personnel d'urgence et de secours<\/p>\n<\/li>\n<li class=\"\" data-start=\"3193\" data-end=\"3228\">\n<p class=\"\" data-start=\"3195\" data-end=\"3228\">Chargement d'entrep\u00f4ts et logistique<\/p>\n<\/li>\n<li class=\"\" data-start=\"3229\" data-end=\"3275\">\n<p class=\"\" data-start=\"3231\" data-end=\"3275\">Maintenance des lignes de services publics et du r\u00e9seau \u00e9lectrique<\/p>\n<\/li>\n<li class=\"\" data-start=\"3276\" data-end=\"3333\">\n<p class=\"\" data-start=\"3278\" data-end=\"3333\">Assemblage et fonctionnement des machines dans les unit\u00e9s de fabrication<\/p>\n<\/li>\n<li class=\"\" data-start=\"3334\" data-end=\"3374\">\n<p class=\"\" data-start=\"3336\" data-end=\"3374\">Conducteurs d'\u00e9quipements lourds et de chariots \u00e9l\u00e9vateurs<\/p>\n<\/li>\n<\/ul>\n<p class=\"\" data-start=\"3376\" data-end=\"3408\"><strong data-start=\"3376\" data-end=\"3408\">Certifications et conformit\u00e9 :<\/strong><\/p>\n<ul data-start=\"3410\" data-end=\"3574\">\n<li class=\"\" data-start=\"3410\" data-end=\"3456\">\n<p class=\"\" data-start=\"3412\" data-end=\"3456\"><strong data-start=\"3412\" data-end=\"3454\">EN388 (norme de protection m\u00e9canique)<\/strong><\/p>\n<\/li>\n<li class=\"\" data-start=\"3457\" data-end=\"3496\">\n<p class=\"\" data-start=\"3459\" data-end=\"3496\"><strong data-start=\"3459\" data-end=\"3494\">R\u00e9sistance \u00e0 la coupure ANSI (sur demande)<\/strong><\/p>\n<\/li>\n<li class=\"\" data-start=\"3497\" data-end=\"3542\">\n<p class=\"\" data-start=\"3499\" data-end=\"3542\"><strong data-start=\"3499\" data-end=\"3540\">Certifi\u00e9 CE - adapt\u00e9 au march\u00e9 de l'UE<\/strong><\/p>\n<\/li>\n<li class=\"\" data-start=\"3543\" data-end=\"3574\">\n<p class=\"\" data-start=\"3545\" data-end=\"3574\"><strong data-start=\"3545\" data-end=\"3574\">Mat\u00e9riaux conformes \u00e0 REACH<\/strong><\/p>\n<\/li>\n<\/ul>\n<p class=\"\" data-start=\"3576\" data-end=\"3936\"><strong data-start=\"3576\" data-end=\"3599\">Exportation et vente en gros :<\/strong><br data-start=\"3599\" data-end=\"3602\" \/>RYINZ propose des solutions sur mesure pour les grossistes et les distributeurs en Europe et aux \u00c9tats-Unis. Gr\u00e2ce \u00e0 des quantit\u00e9s minimales de commande flexibles, \u00e0 la personnalisation des produits, \u00e0 l'\u00e9tiquetage priv\u00e9 et \u00e0 des options d'exp\u00e9dition rapide, nous aidons nos partenaires \u00e0 \u00e9largir leur offre de gants, avec une assistance compl\u00e8te, de la documentation et des emballages multilingues disponibles sur demande.<\/p>","protected":false},"excerpt":{"rendered":"<p>Con\u00e7ue pour les professionnels les plus exigeants, la <strong data-start=\"4034\" data-end=\"4071\">Gants de m\u00e9canicien \u00e0 fort impact RYINZ<\/strong> offrent une protection compl\u00e8te de la main avec une construction flexible. La protection en caoutchouc thermoplastique (TPR) des doigts et des articulations prot\u00e8ge contre les chocs, tandis que la paume renforc\u00e9e r\u00e9duit la fatigue due aux vibrations et am\u00e9liore la pr\u00e9hension des outils. Ces gants sont fabriqu\u00e9s \u00e0 partir de mat\u00e9riaux durables mais respirants pour maximiser le confort et la pr\u00e9cision lors de travaux difficiles. Leur couleur vert fluo haute visibilit\u00e9 garantit la s\u00e9curit\u00e9 dans les lieux de travail tr\u00e8s fr\u00e9quent\u00e9s ou peu \u00e9clair\u00e9s. Id\u00e9aux pour les secteurs de la m\u00e9canique, de la construction, du p\u00e9trole et du gaz, ainsi que pour les entrep\u00f4ts, ces gants sont con\u00e7us pour fonctionner sous pression.<\/p>","protected":false},"featured_media":8972,"comment_status":"closed","ping_status":"closed","template":"","meta":[],"product_brand":[35],"product_cat":[82,83],"product_tag":[96,85],"class_list":{"0":"post-8929","1":"product","2":"type-product","3":"status-publish","4":"has-post-thumbnail","6":"product_brand-ryinz","7":"product_cat-mechanic-industrial-gloves","8":"product_cat-mechanics-gloves","9":"product_tag-microfiber-mechanics-gloves","10":"product_tag-tpr-protection-gloves","12":"first","13":"instock","14":"taxable","15":"shipping-taxable","16":"purchasable","17":"product-type-simple"},"_links":{"self":[{"href":"https:\/\/ryinz.cz\/velkoobchod\/fr\/wp-json\/wp\/v2\/product\/8929","targetHints":{"allow":["GET"]}}],"collection":[{"href":"https:\/\/ryinz.cz\/velkoobchod\/fr\/wp-json\/wp\/v2\/product"}],"about":[{"href":"https:\/\/ryinz.cz\/velkoobchod\/fr\/wp-json\/wp\/v2\/types\/product"}],"replies":[{"embeddable":true,"href":"https:\/\/ryinz.cz\/velkoobchod\/fr\/wp-json\/wp\/v2\/comments?post=8929"}],"wp:featuredmedia":[{"embeddable":true,"href":"https:\/\/ryinz.cz\/velkoobchod\/fr\/wp-json\/wp\/v2\/media\/8972"}],"wp:attachment":[{"href":"https:\/\/ryinz.cz\/velkoobchod\/fr\/wp-json\/wp\/v2\/media?parent=8929"}],"wp:term":[{"taxonomy":"product_brand","embeddable":true,"href":"https:\/\/ryinz.cz\/velkoobchod\/fr\/wp-json\/wp\/v2\/product_brand?post=8929"},{"taxonomy":"product_cat","embeddable":true,"href":"https:\/\/ryinz.cz\/velkoobchod\/fr\/wp-json\/wp\/v2\/product_cat?post=8929"},{"taxonomy":"product_tag","embeddable":true,"href":"https:\/\/ryinz.cz\/velkoobchod\/fr\/wp-json\/wp\/v2\/product_tag?post=8929"}],"curies":[{"name":"wp","href":"https:\/\/api.w.org\/{rel}","templated":true}]}}