{"id":8919,"date":"2025-06-22T15:21:07","date_gmt":"2025-06-22T15:21:07","guid":{"rendered":"https:\/\/ryinz.cz\/velkoobchod\/?post_type=product&#038;p=8919"},"modified":"2026-01-18T20:16:52","modified_gmt":"2026-01-18T20:16:52","slug":"ryinz-premium-split-cowhide-leather-work-gloves-heavy-duty-safety-gloves-for-welding-construction-general-labor","status":"publish","type":"product","link":"https:\/\/ryinz.cz\/velkoobchod\/fr\/product\/ryinz-premium-split-cowhide-leather-work-gloves-heavy-duty-safety-gloves-for-welding-construction-general-labor\/","title":{"rendered":"RYINZ Premium Split Cowhide Leather Work Gloves - Gants de s\u00e9curit\u00e9 robustes pour le soudage, la construction et le travail g\u00e9n\u00e9ral"},"content":{"rendered":"<p class=\"\" data-start=\"306\" data-end=\"652\">B\u00e9n\u00e9ficiez d'une protection des mains in\u00e9gal\u00e9e et d'une durabilit\u00e9 \u00e0 toute \u00e9preuve avec le <strong data-start=\"370\" data-end=\"421\">RYINZ Gants de travail en cuir de vache fendu de premi\u00e8re qualit\u00e9<\/strong>, Ces gants sont con\u00e7us pour les professionnels qui exigent fiabilit\u00e9 et robustesse dans chaque t\u00e2che. Que vous soudiez, manipuliez des outils, travailliez sur des chantiers de construction ou effectuiez des travaux industriels g\u00e9n\u00e9raux, ces gants sont con\u00e7us pour tout supporter.<\/p>\n<p class=\"\" data-start=\"654\" data-end=\"1010\">Fabriqu\u00e9 \u00e0 partir de mat\u00e9riaux de haute qualit\u00e9 <strong data-start=\"680\" data-end=\"705\">cuir de vachette fendu<\/strong>, Ces gants offrent une durabilit\u00e9, une r\u00e9sistance \u00e0 la perforation et une protection contre l'abrasion exceptionnelles. La coque ext\u00e9rieure pr\u00e9sente un design bicolore avec du daim lourd \u00e0 l'ext\u00e9rieur et des pi\u00e8ces de cuir blanc renforc\u00e9es sur la paume, le bout des doigts et l'entrejambe du pouce pour une meilleure adh\u00e9rence et une meilleure r\u00e9sistance \u00e0 l'usure dans les zones soumises \u00e0 de fortes contraintes.<\/p>\n<p class=\"\" data-start=\"1012\" data-end=\"1319\">L'extension <strong data-start=\"1025\" data-end=\"1047\">conception de la manchette de s\u00e9curit\u00e9<\/strong> assure non seulement la protection du poignet contre les \u00e9tincelles, la chaleur et les d\u00e9bris, mais permet \u00e9galement de l'enfiler et de le retirer facilement. La doublure int\u00e9rieure offre une respirabilit\u00e9 naturelle gr\u00e2ce \u00e0 la structure poreuse du cuir v\u00e9ritable, ce qui permet \u00e0 vos mains de rester plus fra\u00eeches et plus confortables pendant les longues heures de travail.<\/p>\n<p class=\"\" data-start=\"1321\" data-end=\"1631\">Un <strong data-start=\"1324\" data-end=\"1348\">dos fronc\u00e9 \u00e9lastique<\/strong> Les coutures renforc\u00e9es offrent une plus grande int\u00e9grit\u00e9 structurelle pour les t\u00e2ches r\u00e9p\u00e9titives \u00e0 forte charge. Ces gants sont con\u00e7us pour ceux qui travaillent quotidiennement avec leurs mains, qu'il s'agisse de constructeurs, de forgerons, d'employ\u00e9s d'entrep\u00f4ts ou de paysagistes.<\/p>\n<p class=\"\" data-start=\"1633\" data-end=\"1972\">RYINZ comprend l'importance cruciale de la s\u00e9curit\u00e9 des mains. C'est la raison pour laquelle ces gants sont cousus avec <strong data-start=\"1733\" data-end=\"1751\">Fil de Kevlar<\/strong> pour r\u00e9sister \u00e0 la chaleur et \u00e0 l'usure, en particulier pour les op\u00e9rations de soudage et de meulage. Leur construction \u00e0 la fois robuste et flexible les rend tout aussi utiles pour couper du bois de chauffage que pour conduire des chariots \u00e9l\u00e9vateurs et des torches de soudage.<\/p>\n<p class=\"\" data-start=\"1974\" data-end=\"1995\"><strong data-start=\"1974\" data-end=\"1995\">Caract\u00e9ristiques du produit :<\/strong><\/p>\n<ul data-start=\"1997\" data-end=\"2921\">\n<li class=\"\" data-start=\"1997\" data-end=\"2100\">\n<p class=\"\" data-start=\"1999\" data-end=\"2100\"><strong data-start=\"1999\" data-end=\"2035\">Cuir de vachette fendu de premi\u00e8re qualit\u00e9 :<\/strong> Durable, \u00e9pais et r\u00e9sistant \u00e0 l'abrasion pour les environnements difficiles<\/p>\n<\/li>\n<li class=\"\" data-start=\"2101\" data-end=\"2193\">\n<p class=\"\" data-start=\"2103\" data-end=\"2193\"><strong data-start=\"2103\" data-end=\"2133\">Paume et doigts renforc\u00e9s :<\/strong> Des patchs suppl\u00e9mentaires pour les zones \u00e0 forte usure augmentent la dur\u00e9e de vie des gants.<\/p>\n<\/li>\n<li class=\"\" data-start=\"2194\" data-end=\"2289\">\n<p class=\"\" data-start=\"2196\" data-end=\"2289\"><strong data-start=\"2196\" data-end=\"2225\">Coutures r\u00e9sistantes \u00e0 la chaleur :<\/strong> Les coutures en Kevlar r\u00e9sistent aux temp\u00e9ratures \u00e9lev\u00e9es pendant le soudage.<\/p>\n<\/li>\n<li class=\"\" data-start=\"2290\" data-end=\"2383\">\n<p class=\"\" data-start=\"2292\" data-end=\"2383\"><strong data-start=\"2292\" data-end=\"2325\">Manchette de s\u00e9curit\u00e9 (style gantelet) :<\/strong> Protection suppl\u00e9mentaire du poignet contre la chaleur, les \u00e9tincelles et les abrasions<\/p>\n<\/li>\n<li class=\"\" data-start=\"2384\" data-end=\"2478\">\n<p class=\"\" data-start=\"2386\" data-end=\"2478\"><strong data-start=\"2386\" data-end=\"2403\">Dos \u00e9lastique :<\/strong> Assure un ajustement serr\u00e9 et ergonomique pour un meilleur contr\u00f4le et un glissement r\u00e9duit<\/p>\n<\/li>\n<li class=\"\" data-start=\"2479\" data-end=\"2573\">\n<p class=\"\" data-start=\"2481\" data-end=\"2573\"><strong data-start=\"2481\" data-end=\"2511\">Paume et pouce double couche :<\/strong> Poign\u00e9e et rembourrage am\u00e9lior\u00e9s pour la manipulation d'outils lourds ou tranchants<\/p>\n<\/li>\n<li class=\"\" data-start=\"2574\" data-end=\"2673\">\n<p class=\"\" data-start=\"2576\" data-end=\"2673\"><strong data-start=\"2576\" data-end=\"2602\">Utilit\u00e9 polyvalente :<\/strong> Convient pour le travail du m\u00e9tal, la construction, l'automobile, l'agriculture, etc.<\/p>\n<\/li>\n<li class=\"\" data-start=\"2674\" data-end=\"2759\">\n<p class=\"\" data-start=\"2676\" data-end=\"2759\"><strong data-start=\"2676\" data-end=\"2697\">Absorption de la sueur :<\/strong> L'int\u00e9rieur en cuir naturel absorbe la transpiration et am\u00e9liore le confort<\/p>\n<\/li>\n<li class=\"\" data-start=\"2760\" data-end=\"2851\">\n<p class=\"\" data-start=\"2762\" data-end=\"2851\"><strong data-start=\"2762\" data-end=\"2785\">Robuste et flexible :<\/strong> Maintient une bonne amplitude de mouvement sans sacrifier la protection<\/p>\n<\/li>\n<li class=\"\" data-start=\"2852\" data-end=\"2921\">\n<p class=\"\" data-start=\"2854\" data-end=\"2921\"><strong data-start=\"2854\" data-end=\"2872\">Construit pour durer :<\/strong> R\u00e9siste \u00e0 l'usure extr\u00eame lors d'une utilisation prolong\u00e9e<\/p>\n<\/li>\n<\/ul>\n<p class=\"\" data-start=\"2923\" data-end=\"2948\"><strong data-start=\"2923\" data-end=\"2948\">Les applications comprennent :<\/strong><\/p>\n<ul data-start=\"2950\" data-end=\"3196\">\n<li class=\"\" data-start=\"2950\" data-end=\"2976\">\n<p class=\"\" data-start=\"2952\" data-end=\"2976\">Soudage et travail au chalumeau<\/p>\n<\/li>\n<li class=\"\" data-start=\"2977\" data-end=\"3004\">\n<p class=\"\" data-start=\"2979\" data-end=\"3004\">Briquetage et ma\u00e7onnerie<\/p>\n<\/li>\n<li class=\"\" data-start=\"3005\" data-end=\"3035\">\n<p class=\"\" data-start=\"3007\" data-end=\"3035\">Manipulation et d\u00e9coupe de l'acier<\/p>\n<\/li>\n<li class=\"\" data-start=\"3036\" data-end=\"3064\">\n<p class=\"\" data-start=\"3038\" data-end=\"3064\">T\u00e2ches industrielles g\u00e9n\u00e9rales<\/p>\n<\/li>\n<li class=\"\" data-start=\"3065\" data-end=\"3099\">\n<p class=\"\" data-start=\"3067\" data-end=\"3099\">Agriculture et soins aux animaux<\/p>\n<\/li>\n<li class=\"\" data-start=\"3100\" data-end=\"3132\">\n<p class=\"\" data-start=\"3102\" data-end=\"3132\">Travaux de construction lourds<\/p>\n<\/li>\n<li class=\"\" data-start=\"3133\" data-end=\"3161\">\n<p class=\"\" data-start=\"3135\" data-end=\"3161\">Sylviculture et am\u00e9nagement paysager<\/p>\n<\/li>\n<li class=\"\" data-start=\"3162\" data-end=\"3196\">\n<p class=\"\" data-start=\"3164\" data-end=\"3196\">Bricolage ext\u00e9rieur et am\u00e9lioration de l'habitat<\/p>\n<\/li>\n<\/ul>\n<p class=\"\" data-start=\"3198\" data-end=\"3217\"><strong data-start=\"3198\" data-end=\"3217\">Sp\u00e9cifications :<\/strong><\/p>\n<ul data-start=\"3219\" data-end=\"3666\">\n<li class=\"\" data-start=\"3219\" data-end=\"3284\">\n<p class=\"\" data-start=\"3221\" data-end=\"3284\"><strong data-start=\"3221\" data-end=\"3234\">Mat\u00e9riau :<\/strong> 100% cro\u00fbte de cuir avec paume renforc\u00e9e<\/p>\n<\/li>\n<li class=\"\" data-start=\"3285\" data-end=\"3369\">\n<p class=\"\" data-start=\"3287\" data-end=\"3369\"><strong data-start=\"3287\" data-end=\"3297\">Couleur :<\/strong> Daim jaune et paume blanche naturelle (options de couleurs personnalis\u00e9es disponibles)<\/p>\n<\/li>\n<li class=\"\" data-start=\"3370\" data-end=\"3434\">\n<p class=\"\" data-start=\"3372\" data-end=\"3434\"><strong data-start=\"3372\" data-end=\"3382\">Tailles :<\/strong> M \u00e0 XXL (taille personnalis\u00e9e disponible pour les commandes en gros)<\/p>\n<\/li>\n<li class=\"\" data-start=\"3435\" data-end=\"3518\">\n<p class=\"\" data-start=\"3437\" data-end=\"3518\"><strong data-start=\"3437\" data-end=\"3455\">Personnalisation :<\/strong> Logo, taille, emballage disponibles sur MOQ 300+ paires<\/p>\n<\/li>\n<li class=\"\" data-start=\"3519\" data-end=\"3576\">\n<p class=\"\" data-start=\"3521\" data-end=\"3576\"><strong data-start=\"3521\" data-end=\"3540\">Certifications :<\/strong> EN388, marquage CE, conformit\u00e9 Reach<\/p>\n<\/li>\n<li class=\"\" data-start=\"3577\" data-end=\"3666\">\n<p class=\"\" data-start=\"3579\" data-end=\"3666\"><strong data-start=\"3579\" data-end=\"3593\">Emballage :<\/strong> 1 paire par polybag, 12 paires par master pack (emballage personnalis\u00e9 sur demande)<\/p>\n<\/li>\n<\/ul>\n<p class=\"\" data-start=\"3668\" data-end=\"4033\"><strong data-start=\"3668\" data-end=\"3682\">Pourquoi RYINZ ?<\/strong><br data-start=\"3682\" data-end=\"3685\" \/>Avec des d\u00e9cennies d'exp\u00e9rience en mati\u00e8re d'approvisionnement en \u00e9quipements de s\u00e9curit\u00e9 de haute qualit\u00e9 en Asie et de livraison dans toute l'Europe, <strong data-start=\"3786\" data-end=\"3795\">RYINZ<\/strong> allie conception fonctionnelle et \u00e9volutivit\u00e9 commerciale. Nos produits sont test\u00e9s par des professionnels et utilis\u00e9s dans plus de 28 pays. Que vous soyez grossiste, distributeur ou utilisateur direct, RYINZ vous garantit des performances optimales pour chaque paire.<\/p>","protected":false},"excerpt":{"rendered":"<p><strong data-start=\"4095\" data-end=\"4132\">RYINZ Gants de travail en cuir de premi\u00e8re qualit\u00e9<\/strong> sont con\u00e7us pour les professionnels qui ont besoin d'une protection s\u00e9rieuse sans compromettre le confort. Fabriqu\u00e9s en cro\u00fbte de cuir de vache robuste et renforc\u00e9s aux bons endroits, ces gants r\u00e9sistent \u00e0 l'usure, \u00e0 la chaleur et \u00e0 l'abrasion. Ils sont parfaits pour les soudeurs, les ouvriers du b\u00e2timent et tous ceux qui manipulent des outils ou des mat\u00e9riaux lourds. La manchette prolong\u00e9e prot\u00e8ge les poignets des \u00e9tincelles et des d\u00e9bris, tandis que la paume renforc\u00e9e assure adh\u00e9rence et durabilit\u00e9. Flexibles, respirants et cousus avec un fil r\u00e9sistant \u00e0 la chaleur, ces gants sont faits pour travailler aussi dur que vous.<\/p>","protected":false},"featured_media":8970,"comment_status":"closed","ping_status":"closed","template":"","meta":[],"product_brand":[35],"product_cat":[82,83],"product_tag":[94,95],"class_list":{"0":"post-8919","1":"product","2":"type-product","3":"status-publish","4":"has-post-thumbnail","6":"product_brand-ryinz","7":"product_cat-mechanic-industrial-gloves","8":"product_cat-mechanics-gloves","9":"product_tag-buffalo-leather-work-gloves","10":"product_tag-cotton-lined-industrial-gloves","12":"first","13":"instock","14":"taxable","15":"shipping-taxable","16":"purchasable","17":"product-type-simple"},"_links":{"self":[{"href":"https:\/\/ryinz.cz\/velkoobchod\/fr\/wp-json\/wp\/v2\/product\/8919","targetHints":{"allow":["GET"]}}],"collection":[{"href":"https:\/\/ryinz.cz\/velkoobchod\/fr\/wp-json\/wp\/v2\/product"}],"about":[{"href":"https:\/\/ryinz.cz\/velkoobchod\/fr\/wp-json\/wp\/v2\/types\/product"}],"replies":[{"embeddable":true,"href":"https:\/\/ryinz.cz\/velkoobchod\/fr\/wp-json\/wp\/v2\/comments?post=8919"}],"wp:featuredmedia":[{"embeddable":true,"href":"https:\/\/ryinz.cz\/velkoobchod\/fr\/wp-json\/wp\/v2\/media\/8970"}],"wp:attachment":[{"href":"https:\/\/ryinz.cz\/velkoobchod\/fr\/wp-json\/wp\/v2\/media?parent=8919"}],"wp:term":[{"taxonomy":"product_brand","embeddable":true,"href":"https:\/\/ryinz.cz\/velkoobchod\/fr\/wp-json\/wp\/v2\/product_brand?post=8919"},{"taxonomy":"product_cat","embeddable":true,"href":"https:\/\/ryinz.cz\/velkoobchod\/fr\/wp-json\/wp\/v2\/product_cat?post=8919"},{"taxonomy":"product_tag","embeddable":true,"href":"https:\/\/ryinz.cz\/velkoobchod\/fr\/wp-json\/wp\/v2\/product_tag?post=8919"}],"curies":[{"name":"wp","href":"https:\/\/api.w.org\/{rel}","templated":true}]}}