{"id":8918,"date":"2025-06-22T15:21:06","date_gmt":"2025-06-22T15:21:06","guid":{"rendered":"https:\/\/ryinz.cz\/velkoobchod\/?post_type=product&#038;p=8918"},"modified":"2026-01-18T20:16:51","modified_gmt":"2026-01-18T20:16:51","slug":"ryinz-winter-ready-heavy-duty-leather-work-gloves-with-waterproof-cuff-gants-isoles-pour-le-froid-et-les-environnements-difficiles","status":"publish","type":"product","link":"https:\/\/ryinz.cz\/velkoobchod\/fr\/product\/ryinz-winter-ready-heavy-duty-leather-work-gloves-with-waterproof-cuff-insulated-gloves-for-cold-weather-harsh-environments\/","title":{"rendered":"RYINZ Winter-Ready Heavy-Duty Leather Work Gloves with Waterproof Cuff - Gants isol\u00e9s pour le temps froid et les environnements difficiles"},"content":{"rendered":"<p class=\"\" data-start=\"307\" data-end=\"696\">Pour effectuer les travaux les plus difficiles dans les environnements les plus froids, le <strong data-start=\"365\" data-end=\"418\">RYINZ Winter-Ready Heavy-Duty Leather Work Gloves (Gants de travail en cuir r\u00e9sistants \u00e0 l'hiver)<\/strong> - une solution haute performance pour les professionnels qui travaillent dans la neige, sous la pluie ou \u00e0 des temp\u00e9ratures inf\u00e9rieures \u00e0 z\u00e9ro. Que vous travailliez dans la sylviculture, la construction, l'entretien m\u00e9canique ou les services publics en ext\u00e9rieur, ces gants sont con\u00e7us pour offrir durabilit\u00e9, chaleur et protection par tous les temps.<\/p>\n<p class=\"\" data-start=\"698\" data-end=\"1110\">Les gants sont fabriqu\u00e9s \u00e0 partir de mat\u00e9riaux de premi\u00e8re qualit\u00e9. <strong data-start=\"734\" data-end=\"761\">cuir de vachette v\u00e9ritable<\/strong>, La paume renforc\u00e9e et la forme ergonomique permettent d'am\u00e9liorer la force de pr\u00e9hension et la durabilit\u00e9 dans les zones \u00e0 fort contact. La zone de la paume renforc\u00e9e et la forme ergonomique am\u00e9liorent la force de pr\u00e9hension et la durabilit\u00e9 dans les zones de contact \u00e9lev\u00e9. Les propri\u00e9t\u00e9s naturellement isolantes du cuir, associ\u00e9es \u00e0 une doublure thermique int\u00e9rieure, offrent une r\u00e9tention maximale de la chaleur pour garder les mains au chaud m\u00eame dans les climats glacials.<\/p>\n<p class=\"\" data-start=\"1112\" data-end=\"1528\">L'une des caract\u00e9ristiques les plus remarquables de ces gants est la <strong data-start=\"1164\" data-end=\"1192\">manchette imperm\u00e9able prolong\u00e9e<\/strong>, Les v\u00eatements sont fabriqu\u00e9s dans une mati\u00e8re coupe-vent et d\u00e9perlante qui bloque l'humidit\u00e9 et la neige. Un syst\u00e8me de <strong data-start=\"1286\" data-end=\"1314\">cordon de serrage au poignet<\/strong> permet un ajustement serr\u00e9 autour du bras, isolant l'air froid et emp\u00eachant la neige ou les d\u00e9bris de p\u00e9n\u00e9trer dans le gant. Le poignet \u00e9lastiqu\u00e9 am\u00e9liore l'ajustement, le confort et la flexibilit\u00e9, r\u00e9duisant la fatigue pendant de longues heures de port.<\/p>\n<p class=\"\" data-start=\"1530\" data-end=\"1871\">Ces gants sont id\u00e9aux pour les professionnels qui exigent \u00e0 la fois pr\u00e9cision et r\u00e9sistance. La conception structur\u00e9e permet une excellente mobilit\u00e9 des doigts, ce qui facilite l'utilisation d'outils, la manipulation de mat\u00e9riel lourd ou la conduite de machines par mauvais temps. Les coutures doubles renforcent l'int\u00e9grit\u00e9 structurelle de ces gants, ce qui leur permet de r\u00e9sister \u00e0 une utilisation intensive au fil du temps.<\/p>\n<p class=\"\" data-start=\"1873\" data-end=\"1894\"><strong data-start=\"1873\" data-end=\"1894\">Caract\u00e9ristiques du produit :<\/strong><\/p>\n<ul data-start=\"1896\" data-end=\"2869\">\n<li class=\"\" data-start=\"1896\" data-end=\"2012\">\n<p class=\"\" data-start=\"1898\" data-end=\"2012\"><strong data-start=\"1898\" data-end=\"1929\">Cuir de vachette de qualit\u00e9 sup\u00e9rieure :<\/strong> Solidit\u00e9, flexibilit\u00e9 et r\u00e9sistance \u00e0 l'abrasion pour les environnements de travail difficiles.<\/p>\n<\/li>\n<li class=\"\" data-start=\"2013\" data-end=\"2109\">\n<p class=\"\" data-start=\"2015\" data-end=\"2109\"><strong data-start=\"2015\" data-end=\"2044\">Isolation thermique Doublure :<\/strong> Garde les mains au chaud et au sec m\u00eame en cas de neige, de pluie ou de verglas<\/p>\n<\/li>\n<li class=\"\" data-start=\"2110\" data-end=\"2206\">\n<p class=\"\" data-start=\"2112\" data-end=\"2206\"><strong data-start=\"2112\" data-end=\"2144\">Paume et doigts renforc\u00e9s :<\/strong> Les zones de pr\u00e9hension rembourr\u00e9es r\u00e9duisent la pression et prolongent la dur\u00e9e de vie des gants.<\/p>\n<\/li>\n<li class=\"\" data-start=\"2207\" data-end=\"2308\">\n<p class=\"\" data-start=\"2209\" data-end=\"2308\"><strong data-start=\"2209\" data-end=\"2238\">Manchette imperm\u00e9able \u00e9tendue :<\/strong> Bloque le vent, l'eau et les d\u00e9bris - parfait pour les travaux n\u00e9cessitant beaucoup de neige ou de boue<\/p>\n<\/li>\n<li class=\"\" data-start=\"2309\" data-end=\"2392\">\n<p class=\"\" data-start=\"2311\" data-end=\"2392\"><strong data-start=\"2311\" data-end=\"2334\">Fermeture par cordon de serrage :<\/strong> La fermeture du poignet sur mesure maintient la chaleur \u00e0 l'int\u00e9rieur et le froid \u00e0 l'ext\u00e9rieur.<\/p>\n<\/li>\n<li class=\"\" data-start=\"2393\" data-end=\"2475\">\n<p class=\"\" data-start=\"2395\" data-end=\"2475\"><strong data-start=\"2395\" data-end=\"2416\">Conception ergonomique :<\/strong> Permet un mouvement naturel de la main et une excellente manipulation des outils<\/p>\n<\/li>\n<li class=\"\" data-start=\"2476\" data-end=\"2556\">\n<p class=\"\" data-start=\"2478\" data-end=\"2556\"><strong data-start=\"2478\" data-end=\"2505\">Protection multicouche :<\/strong> Id\u00e9al pour une utilisation multi-saison en ext\u00e9rieur ou dans l'industrie<\/p>\n<\/li>\n<li class=\"\" data-start=\"2557\" data-end=\"2634\">\n<p class=\"\" data-start=\"2559\" data-end=\"2634\"><strong data-start=\"2559\" data-end=\"2593\">Option de couture en Kevlar (MOQ) :<\/strong> Pour une r\u00e9sistance \u00e9lev\u00e9e aux flammes ou aux coupures<\/p>\n<\/li>\n<li class=\"\" data-start=\"2635\" data-end=\"2710\">\n<p class=\"\" data-start=\"2637\" data-end=\"2710\"><strong data-start=\"2637\" data-end=\"2657\">Tailles disponibles :<\/strong> M \u00e0 XXL (taille personnalis\u00e9e disponible pour les commandes en gros)<\/p>\n<\/li>\n<li class=\"\" data-start=\"2711\" data-end=\"2786\">\n<p class=\"\" data-start=\"2713\" data-end=\"2786\"><strong data-start=\"2713\" data-end=\"2731\">Options de couleur :<\/strong> Jaune-noir, noir int\u00e9gral, brun et gris sur demande<\/p>\n<\/li>\n<li class=\"\" data-start=\"2787\" data-end=\"2869\">\n<p class=\"\" data-start=\"2789\" data-end=\"2869\"><strong data-start=\"2789\" data-end=\"2807\">Personnalisation :<\/strong> Possibilit\u00e9 de marquage, de broderie et de personnalisation de l'emballage<\/p>\n<\/li>\n<\/ul>\n<p class=\"\" data-start=\"2871\" data-end=\"2894\"><strong data-start=\"2871\" data-end=\"2894\">Applications id\u00e9ales :<\/strong><\/p>\n<ul data-start=\"2896\" data-end=\"3261\">\n<li class=\"\" data-start=\"2896\" data-end=\"2924\">\n<p class=\"\" data-start=\"2898\" data-end=\"2924\">Travaux d'hiver<\/p>\n<\/li>\n<li class=\"\" data-start=\"2925\" data-end=\"2959\">\n<p class=\"\" data-start=\"2927\" data-end=\"2959\">Sylviculture et exploitation du bois<\/p>\n<\/li>\n<li class=\"\" data-start=\"2960\" data-end=\"2988\">\n<p class=\"\" data-start=\"2962\" data-end=\"2988\">Manipulation de machines lourdes<\/p>\n<\/li>\n<li class=\"\" data-start=\"2989\" data-end=\"3030\">\n<p class=\"\" data-start=\"2991\" data-end=\"3030\">D\u00e9neigement et conduite par temps froid<\/p>\n<\/li>\n<li class=\"\" data-start=\"3031\" data-end=\"3066\">\n<p class=\"\" data-start=\"3033\" data-end=\"3066\">Services publics et entretien ext\u00e9rieur<\/p>\n<\/li>\n<li class=\"\" data-start=\"3067\" data-end=\"3098\">\n<p class=\"\" data-start=\"3069\" data-end=\"3098\">Logistique et quais de chargement<\/p>\n<\/li>\n<li class=\"\" data-start=\"3099\" data-end=\"3136\">\n<p class=\"\" data-start=\"3101\" data-end=\"3136\">Intervention d'urgence et \u00e9quipes de voirie<\/p>\n<\/li>\n<li class=\"\" data-start=\"3137\" data-end=\"3178\">\n<p class=\"\" data-start=\"3139\" data-end=\"3178\">Agriculture de plein air, \u00e9levage ou cl\u00f4tures<\/p>\n<\/li>\n<li class=\"\" data-start=\"3179\" data-end=\"3206\">\n<p class=\"\" data-start=\"3181\" data-end=\"3206\">Entrep\u00f4ts frigorifiques<\/p>\n<\/li>\n<li class=\"\" data-start=\"3207\" data-end=\"3261\">\n<p class=\"\" data-start=\"3209\" data-end=\"3261\">Chasse, randonn\u00e9e ou sports de neige (usage non commercial)<\/p>\n<\/li>\n<\/ul>\n<p class=\"\" data-start=\"3263\" data-end=\"3638\"><strong data-start=\"3263\" data-end=\"3298\">S\u00e9curit\u00e9 et confort en un seul paquet<\/strong><br data-start=\"3298\" data-end=\"3301\" \/>Chez RYINZ, l'\u00e9quipement de s\u00e9curit\u00e9 est plus qu'une simple protection - il s'agit de donner aux professionnels la confiance n\u00e9cessaire pour donner le meilleur d'eux-m\u00eames. Ces gants offrent confort, isolation et protection, le tout dans un ensemble durable et \u00e9l\u00e9gant. L'\u00e9quilibre entre la chaleur, la robustesse et la facilit\u00e9 de mouvement en fait le gant id\u00e9al pour les conditions glaciales.<\/p>\n<p class=\"\" data-start=\"3640\" data-end=\"3678\"><strong data-start=\"3640\" data-end=\"3678\">Certifications et pr\u00e9paration \u00e0 l'exportation :<\/strong><\/p>\n<ul data-start=\"3680\" data-end=\"3843\">\n<li class=\"\" data-start=\"3680\" data-end=\"3722\">\n<p class=\"\" data-start=\"3682\" data-end=\"3722\"><strong data-start=\"3682\" data-end=\"3720\">EN388 (protection contre les risques m\u00e9caniques)<\/strong><\/p>\n<\/li>\n<li class=\"\" data-start=\"3723\" data-end=\"3746\">\n<p class=\"\" data-start=\"3725\" data-end=\"3746\"><strong data-start=\"3725\" data-end=\"3744\">Conformit\u00e9 \u00e0 la port\u00e9e<\/strong><\/p>\n<\/li>\n<li class=\"\" data-start=\"3747\" data-end=\"3785\">\n<p class=\"\" data-start=\"3749\" data-end=\"3785\"><strong data-start=\"3749\" data-end=\"3783\">Marquage CE pour les march\u00e9s europ\u00e9ens<\/strong><\/p>\n<\/li>\n<li class=\"\" data-start=\"3786\" data-end=\"3843\">\n<p class=\"\" data-start=\"3788\" data-end=\"3843\"><strong data-start=\"3788\" data-end=\"3843\">Documentation personnalis\u00e9e disponible pour les acheteurs de l'UE et des \u00c9tats-Unis<\/strong><\/p>\n<\/li>\n<\/ul>\n<p class=\"\" data-start=\"3845\" data-end=\"4108\"><strong data-start=\"3845\" data-end=\"3875\">Commandes en gros et services OEM :<\/strong><br data-start=\"3875\" data-end=\"3878\" \/>Pour les grossistes et les distributeurs, nous proposons des quantit\u00e9s de commande flexibles, un \u00e9tiquetage priv\u00e9, un emballage multilingue et des documents d'exportation conformes aux normes de l'UE. Nos produits peuvent \u00eatre exp\u00e9di\u00e9s dans toute l'Europe, au Royaume-Uni et aux \u00c9tats-Unis par l'interm\u00e9diaire de notre r\u00e9seau de partenaires.<\/p>","protected":false},"excerpt":{"rendered":"<p><strong data-start=\"4170\" data-end=\"4212\">RYINZ Gants de travail en cuir pr\u00eats pour l'hiver<\/strong> sont con\u00e7us pour les professionnels confront\u00e9s \u00e0 des conditions hivernales difficiles. Ces gants associent un cuir de vachette de premi\u00e8re qualit\u00e9 pour la durabilit\u00e9 et une doublure isolante thermique pour conserver la chaleur par des temp\u00e9ratures inf\u00e9rieures \u00e0 z\u00e9ro. Une manchette imperm\u00e9able \u00e0 cordon r\u00e9glable offre une protection maximale contre les intemp\u00e9ries, emp\u00eachant la neige et le vent de p\u00e9n\u00e9trer. Les zones renforc\u00e9es de la paume am\u00e9liorent l'adh\u00e9rence et la r\u00e9sistance \u00e0 l'usure, tandis que la coupe flexible assure le confort pendant de longues heures de travail. Id\u00e9aux pour les travaux de construction, de sylviculture, d'entretien, de d\u00e9neigement et d'entreposage frigorifique, ces gants sont un partenaire fiable pour toutes les t\u00e2ches hivernales difficiles.<\/p>","protected":false},"featured_media":8971,"comment_status":"closed","ping_status":"closed","template":"","meta":[],"product_brand":[35],"product_cat":[82,83],"product_tag":[58,92,93],"class_list":{"0":"post-8918","1":"product","2":"type-product","3":"status-publish","4":"has-post-thumbnail","6":"product_brand-ryinz","7":"product_cat-mechanic-industrial-gloves","8":"product_cat-mechanics-gloves","9":"product_tag-cowhide-leather-gloves","10":"product_tag-customizable-branded-work-gloves","11":"product_tag-goat-leather-insulated-gloves","13":"first","14":"instock","15":"taxable","16":"shipping-taxable","17":"purchasable","18":"product-type-simple"},"_links":{"self":[{"href":"https:\/\/ryinz.cz\/velkoobchod\/fr\/wp-json\/wp\/v2\/product\/8918","targetHints":{"allow":["GET"]}}],"collection":[{"href":"https:\/\/ryinz.cz\/velkoobchod\/fr\/wp-json\/wp\/v2\/product"}],"about":[{"href":"https:\/\/ryinz.cz\/velkoobchod\/fr\/wp-json\/wp\/v2\/types\/product"}],"replies":[{"embeddable":true,"href":"https:\/\/ryinz.cz\/velkoobchod\/fr\/wp-json\/wp\/v2\/comments?post=8918"}],"wp:featuredmedia":[{"embeddable":true,"href":"https:\/\/ryinz.cz\/velkoobchod\/fr\/wp-json\/wp\/v2\/media\/8971"}],"wp:attachment":[{"href":"https:\/\/ryinz.cz\/velkoobchod\/fr\/wp-json\/wp\/v2\/media?parent=8918"}],"wp:term":[{"taxonomy":"product_brand","embeddable":true,"href":"https:\/\/ryinz.cz\/velkoobchod\/fr\/wp-json\/wp\/v2\/product_brand?post=8918"},{"taxonomy":"product_cat","embeddable":true,"href":"https:\/\/ryinz.cz\/velkoobchod\/fr\/wp-json\/wp\/v2\/product_cat?post=8918"},{"taxonomy":"product_tag","embeddable":true,"href":"https:\/\/ryinz.cz\/velkoobchod\/fr\/wp-json\/wp\/v2\/product_tag?post=8918"}],"curies":[{"name":"wp","href":"https:\/\/api.w.org\/{rel}","templated":true}]}}