{"id":8917,"date":"2025-06-22T15:21:06","date_gmt":"2025-06-22T15:21:06","guid":{"rendered":"https:\/\/ryinz.cz\/velkoobchod\/?post_type=product&#038;p=8917"},"modified":"2026-01-18T20:16:51","modified_gmt":"2026-01-18T20:16:51","slug":"ryinz-premium-mechanics-gloves-reinforced-anti-slip-palm-flexible-fit-durable-safety-gloves-for-automotive-workshop-diy","status":"publish","type":"product","link":"https:\/\/ryinz.cz\/velkoobchod\/fr\/product\/ryinz-premium-mechanics-gloves-reinforced-anti-slip-palm-flexible-fit-durable-safety-gloves-for-automotive-workshop-diy\/","title":{"rendered":"RYINZ Premium Mechanics Gloves - Paume antid\u00e9rapante renforc\u00e9e, ajustement flexible, gants de s\u00e9curit\u00e9 durables pour l'automobile, l'atelier et le bricolage"},"content":{"rendered":"<p class=\"\" data-start=\"314\" data-end=\"638\">Pr\u00e9sentation de la <strong data-start=\"330\" data-end=\"364\">Gants de m\u00e9canicien RYINZ Premium<\/strong>, Ces gants sont con\u00e7us pour ceux qui exigent robustesse, pr\u00e9cision et confort dans la protection de leurs mains. Que vous r\u00e9pariez des v\u00e9hicules, travailliez sur des chantiers, manipuliez des outils ou g\u00e9riez des projets de bricolage, ces gants sont con\u00e7us pour offrir des performances \u00e9lev\u00e9es dans toutes les situations.<\/p>\n<p class=\"\" data-start=\"640\" data-end=\"1028\">La paume du gant est fabriqu\u00e9e \u00e0 partir d'un cuir synth\u00e9tique renforc\u00e9 qui offre une r\u00e9sistance exceptionnelle aux abrasions, \u00e0 l'usure et aux piq\u00fbres. Des zones textur\u00e9es sp\u00e9ciales et un rembourrage suppl\u00e9mentaire sur la paume am\u00e9liorent la pr\u00e9hension et r\u00e9duisent la fatigue pendant les longues heures de travail. La manipulation d'outils glissants, de petites pi\u00e8ces m\u00e9caniques ou d'outils \u00e9lectriques devient plus s\u00fbre et plus efficace avec ces gants.<\/p>\n<p class=\"\" data-start=\"1030\" data-end=\"1362\">Le dos du gant combine un tissu tr\u00e8s respirant et flexible qui permet une excellente circulation de l'air, garantissant que vos mains restent fra\u00eeches et s\u00e8ches m\u00eame pendant les t\u00e2ches lourdes. Le tissu se plie naturellement aux mouvements de la main, offrant une dext\u00e9rit\u00e9 sup\u00e9rieure pour les t\u00e2ches d\u00e9taill\u00e9es telles que les r\u00e9parations de moteurs, le c\u00e2blage, le travail d'assemblage ou l'artisanat du bois.<\/p>\n<p class=\"\" data-start=\"1364\" data-end=\"1742\">Des coutures doubles sont r\u00e9alis\u00e9es sur les zones soumises \u00e0 des contraintes afin d'accro\u00eetre la durabilit\u00e9 et la r\u00e9sistance aux d\u00e9chirures, pour des gants qui survivent \u00e0 une utilisation r\u00e9p\u00e9t\u00e9e sans se d\u00e9grader. Les doigts ergonomiques pr\u00e9courb\u00e9s \u00e9pousent la courbe naturelle de votre main, r\u00e9duisant ainsi les tensions et offrant un ajustement parfait. Gr\u00e2ce \u00e0 la fermeture r\u00e9glable du poignet, le gant s'ajuste en toute s\u00e9curit\u00e9 tout en emp\u00eachant la poussi\u00e8re et les d\u00e9bris d'entrer.<\/p>\n<p class=\"\" data-start=\"1744\" data-end=\"1891\">\u00c9quilibrant parfaitement la force, la flexibilit\u00e9 et le confort, ces <strong data-start=\"1806\" data-end=\"1840\">Gants de m\u00e9canicien RYINZ Premium<\/strong> sont votre partenaire de confiance pour les travaux quotidiens difficiles.<\/p>\n<p class=\"\" data-start=\"1893\" data-end=\"1910\"><strong data-start=\"1893\" data-end=\"1910\">Caract\u00e9ristiques principales :<\/strong><\/p>\n<ul data-start=\"1911\" data-end=\"2741\">\n<li class=\"\" data-start=\"1911\" data-end=\"1994\">\n<p class=\"\" data-start=\"1913\" data-end=\"1994\"><strong data-start=\"1913\" data-end=\"1943\">Paume antid\u00e9rapante renforc\u00e9e :<\/strong> Am\u00e9liore la prise en main et assure une manipulation stable des outils<\/p>\n<\/li>\n<li class=\"\" data-start=\"1995\" data-end=\"2065\">\n<p class=\"\" data-start=\"1997\" data-end=\"2065\"><strong data-start=\"1997\" data-end=\"2019\">Tissu respirant :<\/strong> Maintient le confort des mains et r\u00e9duit la transpiration<\/p>\n<\/li>\n<li class=\"\" data-start=\"2066\" data-end=\"2149\">\n<p class=\"\" data-start=\"2068\" data-end=\"2149\"><strong data-start=\"2068\" data-end=\"2089\">Conception ergonomique :<\/strong> Doigts pr\u00e9-courb\u00e9s et zones extensibles pour un mouvement naturel<\/p>\n<\/li>\n<li class=\"\" data-start=\"2150\" data-end=\"2229\">\n<p class=\"\" data-start=\"2152\" data-end=\"2229\"><strong data-start=\"2152\" data-end=\"2167\">Durabilit\u00e9 :<\/strong> Les coutures doubles garantissent une longue dur\u00e9e de vie, m\u00eame en cas d'utilisation intensive.<\/p>\n<\/li>\n<li class=\"\" data-start=\"2230\" data-end=\"2311\">\n<p class=\"\" data-start=\"2232\" data-end=\"2311\"><strong data-start=\"2232\" data-end=\"2259\">Fermeture souple du poignet :<\/strong> Coupe ajustable avec protection contre la poussi\u00e8re et la salet\u00e9<\/p>\n<\/li>\n<li class=\"\" data-start=\"2312\" data-end=\"2394\">\n<p class=\"\" data-start=\"2314\" data-end=\"2394\"><strong data-start=\"2314\" data-end=\"2344\">L\u00e9ger et confortable :<\/strong> Permet un mouvement complet de la main sans rigidit\u00e9<\/p>\n<\/li>\n<li class=\"\" data-start=\"2395\" data-end=\"2493\">\n<p class=\"\" data-start=\"2397\" data-end=\"2493\"><strong data-start=\"2397\" data-end=\"2415\">Regard tactique :<\/strong> Les couleurs professionnelles bicolores (marron\/noir) rehaussent votre style robuste.<\/p>\n<\/li>\n<li class=\"\" data-start=\"2494\" data-end=\"2594\">\n<p class=\"\" data-start=\"2496\" data-end=\"2594\"><strong data-start=\"2496\" data-end=\"2517\">Multi-fonctionnel :<\/strong> Id\u00e9al pour les m\u00e9caniciens, les techniciens, les menuisiers, les constructeurs et les bricoleurs.<\/p>\n<\/li>\n<li class=\"\" data-start=\"2595\" data-end=\"2657\">\n<p class=\"\" data-start=\"2597\" data-end=\"2657\"><strong data-start=\"2597\" data-end=\"2618\">Lavable en machine :<\/strong> Facile \u00e0 nettoyer sans perte de qualit\u00e9<\/p>\n<\/li>\n<li class=\"\" data-start=\"2658\" data-end=\"2741\">\n<p class=\"\" data-start=\"2660\" data-end=\"2741\"><strong data-start=\"2660\" data-end=\"2683\">Personnalisation en vrac :<\/strong> Options OEM\/\u00e9tiquetage priv\u00e9 disponibles pour les distributeurs<\/p>\n<\/li>\n<\/ul>\n<p class=\"\" data-start=\"2743\" data-end=\"2759\"><strong data-start=\"2743\" data-end=\"2759\">Parfait pour :<\/strong><\/p>\n<ul data-start=\"2760\" data-end=\"2995\">\n<li class=\"\" data-start=\"2760\" data-end=\"2798\">\n<p class=\"\" data-start=\"2762\" data-end=\"2798\">R\u00e9paration et entretien d'automobiles<\/p>\n<\/li>\n<li class=\"\" data-start=\"2799\" data-end=\"2834\">\n<p class=\"\" data-start=\"2801\" data-end=\"2834\">Travaux de construction et de charpenterie<\/p>\n<\/li>\n<li class=\"\" data-start=\"2835\" data-end=\"2880\">\n<p class=\"\" data-start=\"2837\" data-end=\"2880\">Travaux de plomberie, d'assemblage et d'installation<\/p>\n<\/li>\n<li class=\"\" data-start=\"2881\" data-end=\"2914\">\n<p class=\"\" data-start=\"2883\" data-end=\"2914\">Projets de bricolage et r\u00e9parations \u00e0 domicile<\/p>\n<\/li>\n<li class=\"\" data-start=\"2915\" data-end=\"2950\">\n<p class=\"\" data-start=\"2917\" data-end=\"2950\">Travaux de jardinage et d'am\u00e9nagement paysager<\/p>\n<\/li>\n<li class=\"\" data-start=\"2951\" data-end=\"2995\">\n<p class=\"\" data-start=\"2953\" data-end=\"2995\">Op\u00e9rations g\u00e9n\u00e9rales d'entrep\u00f4t ou d'atelier<\/p>\n<\/li>\n<\/ul>\n<p class=\"\" data-start=\"2997\" data-end=\"3289\"><strong data-start=\"2997\" data-end=\"3017\">Tailles disponibles :<\/strong> S, M, L, XL, XXL<br data-start=\"3034\" data-end=\"3037\" \/><strong data-start=\"3037\" data-end=\"3055\">Options de couleur :<\/strong> Marron\/noir par d\u00e9faut, d'autres couleurs sont disponibles pour les commandes en gros.<br data-start=\"3120\" data-end=\"3123\" \/><strong data-start=\"3123\" data-end=\"3142\">Certifications :<\/strong> Mat\u00e9riaux certifi\u00e9s CE (sur demande), norme EN 388 disponible<br data-start=\"3205\" data-end=\"3208\" \/><strong data-start=\"3208\" data-end=\"3222\">Emballage :<\/strong> Emballage pr\u00eat pour la vente au d\u00e9tail, emballage sous marque de distributeur ou emballage en vrac<\/p>\n<p class=\"\" data-start=\"3291\" data-end=\"3729\"><strong data-start=\"3291\" data-end=\"3312\">Pourquoi choisir RYINZ ?<\/strong><br data-start=\"3312\" data-end=\"3315\" \/>Chez RYINZ, nous nous attachons \u00e0 fournir des gants de qualit\u00e9 europ\u00e9enne qui r\u00e9pondent aux normes internationales. Fabriqu\u00e9s avec des mat\u00e9riaux de pointe et un contr\u00f4le de qualit\u00e9 strict, nos gants allient fonctionnalit\u00e9, s\u00e9curit\u00e9 et style pour les utilisateurs des secteurs de l'automobile, de la construction et de l'industrie. Con\u00e7us en collaboration avec l'artisanat pakistanais et les normes d'approvisionnement europ\u00e9ennes, les gants RYINZ vous permettent d'\u00eatre toujours pr\u00eat \u00e0 accomplir n'importe quelle t\u00e2che.<\/p>","protected":false},"excerpt":{"rendered":"<p>Faites l'exp\u00e9rience de la diff\u00e9rence avec <strong data-start=\"3823\" data-end=\"3857\">Gants de m\u00e9canicien RYINZ Premium<\/strong> - Ces gants ont \u00e9t\u00e9 con\u00e7us par des experts pour les professionnels et les bricoleurs qui ont besoin d'une performance maximale. Dot\u00e9s d'une paume synth\u00e9tique renforc\u00e9e pour une adh\u00e9rence forte et antid\u00e9rapante et d'un dos en tissu respirant pour un confort tout au long de la journ\u00e9e, ces gants offrent l'\u00e9quilibre parfait entre robustesse et flexibilit\u00e9. Dot\u00e9s d'une double couture durable, d'une coupe ergonomique et d'un ajustement facile du poignet, ils sont id\u00e9aux pour les ateliers, les garages, les chantiers de construction ou les travaux de r\u00e9novation. Robustes, fiables et con\u00e7us pour durer - travaillez de mani\u00e8re plus intelligente et plus s\u00fbre avec RYINZ.<\/p>","protected":false},"featured_media":8974,"comment_status":"closed","ping_status":"closed","template":"","meta":[],"product_brand":[35],"product_cat":[82,83],"product_tag":[90,91],"class_list":{"0":"post-8917","1":"product","2":"type-product","3":"status-publish","4":"has-post-thumbnail","6":"product_brand-ryinz","7":"product_cat-mechanic-industrial-gloves","8":"product_cat-mechanics-gloves","9":"product_tag-neoprene-cuff-safety-gloves","10":"product_tag-rexion-suede-gloves","12":"first","13":"instock","14":"taxable","15":"shipping-taxable","16":"purchasable","17":"product-type-simple"},"_links":{"self":[{"href":"https:\/\/ryinz.cz\/velkoobchod\/fr\/wp-json\/wp\/v2\/product\/8917","targetHints":{"allow":["GET"]}}],"collection":[{"href":"https:\/\/ryinz.cz\/velkoobchod\/fr\/wp-json\/wp\/v2\/product"}],"about":[{"href":"https:\/\/ryinz.cz\/velkoobchod\/fr\/wp-json\/wp\/v2\/types\/product"}],"replies":[{"embeddable":true,"href":"https:\/\/ryinz.cz\/velkoobchod\/fr\/wp-json\/wp\/v2\/comments?post=8917"}],"wp:featuredmedia":[{"embeddable":true,"href":"https:\/\/ryinz.cz\/velkoobchod\/fr\/wp-json\/wp\/v2\/media\/8974"}],"wp:attachment":[{"href":"https:\/\/ryinz.cz\/velkoobchod\/fr\/wp-json\/wp\/v2\/media?parent=8917"}],"wp:term":[{"taxonomy":"product_brand","embeddable":true,"href":"https:\/\/ryinz.cz\/velkoobchod\/fr\/wp-json\/wp\/v2\/product_brand?post=8917"},{"taxonomy":"product_cat","embeddable":true,"href":"https:\/\/ryinz.cz\/velkoobchod\/fr\/wp-json\/wp\/v2\/product_cat?post=8917"},{"taxonomy":"product_tag","embeddable":true,"href":"https:\/\/ryinz.cz\/velkoobchod\/fr\/wp-json\/wp\/v2\/product_tag?post=8917"}],"curies":[{"name":"wp","href":"https:\/\/api.w.org\/{rel}","templated":true}]}}