{"id":8916,"date":"2025-06-22T15:21:06","date_gmt":"2025-06-22T15:21:06","guid":{"rendered":"https:\/\/ryinz.cz\/velkoobchod\/?post_type=product&#038;p=8916"},"modified":"2026-01-18T20:16:50","modified_gmt":"2026-01-18T20:16:50","slug":"ryinz-breathable-lightweight-mechanics-gloves-flexible-grip-reinforced-palm-anti-slip-design-for-workshop-diy-tasks","status":"publish","type":"product","link":"https:\/\/ryinz.cz\/velkoobchod\/fr\/product\/ryinz-breathable-lightweight-mechanics-gloves-flexible-grip-reinforced-palm-anti-slip-design-for-workshop-diy-tasks\/","title":{"rendered":"RYINZ Gants de m\u00e9canicien l\u00e9gers et respirants - Grip flexible, paume renforc\u00e9e, conception antid\u00e9rapante pour l'atelier et les t\u00e2ches de bricolage"},"content":{"rendered":"<p class=\"\" data-start=\"315\" data-end=\"672\">Le <strong data-start=\"319\" data-end=\"368\">Gants de m\u00e9canicien l\u00e9gers et respirants RYINZ<\/strong> sont con\u00e7us avec pr\u00e9cision pour offrir un \u00e9quilibre parfait entre flexibilit\u00e9, protection et adh\u00e9rence pour les travaux industriels l\u00e9gers \u00e0 moyens. Qu'il s'agisse de serrer des boulons, d'assembler des pi\u00e8ces, d'utiliser des outils manuels ou d'effectuer des r\u00e9parations, ces gants offrent le confort et l'agilit\u00e9 dont vos mains ont besoin pour des performances optimales.<\/p>\n<p class=\"\" data-start=\"674\" data-end=\"1012\">Fabriqu\u00e9s \u00e0 partir d'une combinaison de spandex extensible et respirant et de daim synth\u00e9tique r\u00e9sistant \u00e0 l'abrasion, ces gants offrent un confort sup\u00e9rieur sans compromettre la durabilit\u00e9. Les couleurs rouge et orange \u00e9clatantes leur conf\u00e8rent non seulement une apparence dynamique et professionnelle, mais am\u00e9liorent \u00e9galement la visibilit\u00e9 des mains dans les ateliers et \u00e0 l'ext\u00e9rieur.<\/p>\n<p class=\"\" data-start=\"1014\" data-end=\"1452\">La zone de palmier est construite avec un <strong data-start=\"1044\" data-end=\"1103\">cuir synth\u00e9tique sp\u00e9cialis\u00e9 antid\u00e9rapant \u00e0 micro-motifs<\/strong>, Ces gants offrent une adh\u00e9rence exceptionnelle sur les surfaces huileuses, humides ou s\u00e8ches. Le rembourrage renforc\u00e9 de la selle du pouce assure une durabilit\u00e9 accrue dans les zones d'usure, ce qui permet \u00e0 ces gants de r\u00e9sister \u00e0 un usage r\u00e9p\u00e9t\u00e9 sans se d\u00e9chirer ni se d\u00e9chirer. Le dos de la main comporte des panneaux flexibles nervur\u00e9s qui favorisent les mouvements naturels de la main et pr\u00e9viennent la fatigue lors des t\u00e2ches r\u00e9p\u00e9titives.<\/p>\n<p class=\"\" data-start=\"1454\" data-end=\"1783\">La coupe ergonomique permet une manipulation pr\u00e9cise, ce qui rend ces gants id\u00e9aux pour les t\u00e2ches n\u00e9cessitant de la dext\u00e9rit\u00e9 et du contr\u00f4le, telles que l'utilisation de tournevis, de pinces ou d'outils \u00e9lectriques. Une fermeture velcro r\u00e9glable au poignet assure un ajustement s\u00fbr et personnalis\u00e9 qui emp\u00eache la salet\u00e9 et les d\u00e9bris de p\u00e9n\u00e9trer dans le gant, tout en permettant de l'enfiler et de l'enlever facilement.<\/p>\n<p class=\"\" data-start=\"1785\" data-end=\"2021\">L\u00e9gers et respirants, les gants de m\u00e9canicien RYINZ sont la solution id\u00e9ale pour un usage quotidien dans un large \u00e9ventail d'industries. Les gants sont \u00e9galement lavables en machine, ce qui facilite l'entretien et favorise l'hygi\u00e8ne et l'utilisation \u00e0 long terme.<\/p>\n<p class=\"\" data-start=\"2023\" data-end=\"2040\"><strong data-start=\"2023\" data-end=\"2040\">Caract\u00e9ristiques principales :<\/strong><\/p>\n<ul data-start=\"2041\" data-end=\"2477\">\n<li class=\"\" data-start=\"2041\" data-end=\"2098\">\n<p class=\"\" data-start=\"2043\" data-end=\"2098\">Construction l\u00e9g\u00e8re et respirante pour une utilisation tout au long de la journ\u00e9e<\/p>\n<\/li>\n<li class=\"\" data-start=\"2099\" data-end=\"2156\">\n<p class=\"\" data-start=\"2101\" data-end=\"2156\">Couleur rouge\/orange haute visibilit\u00e9 pour une s\u00e9curit\u00e9 accrue<\/p>\n<\/li>\n<li class=\"\" data-start=\"2157\" data-end=\"2209\">\n<p class=\"\" data-start=\"2159\" data-end=\"2209\">Panneaux nervur\u00e9s flexibles pour une mobilit\u00e9 maximale des mains<\/p>\n<\/li>\n<li class=\"\" data-start=\"2210\" data-end=\"2267\">\n<p class=\"\" data-start=\"2212\" data-end=\"2267\">Paume antid\u00e9rapante en cuir synth\u00e9tique micro-motifi\u00e9<\/p>\n<\/li>\n<li class=\"\" data-start=\"2268\" data-end=\"2321\">\n<p class=\"\" data-start=\"2270\" data-end=\"2321\">Sellette de pouce renforc\u00e9e pour une meilleure protection contre l'usure<\/p>\n<\/li>\n<li class=\"\" data-start=\"2322\" data-end=\"2368\">\n<p class=\"\" data-start=\"2324\" data-end=\"2368\">Poignet r\u00e9glable par velcro pour un ajustement parfait<\/p>\n<\/li>\n<li class=\"\" data-start=\"2369\" data-end=\"2403\">\n<p class=\"\" data-start=\"2371\" data-end=\"2403\">Lavable en machine pour un entretien facile<\/p>\n<\/li>\n<li class=\"\" data-start=\"2404\" data-end=\"2477\">\n<p class=\"\" data-start=\"2406\" data-end=\"2477\">Id\u00e9al pour les travaux l\u00e9gers \u00e0 moyens de m\u00e9canique, d'entretien et de bricolage<\/p>\n<\/li>\n<\/ul>\n<p class=\"\" data-start=\"2479\" data-end=\"2494\"><strong data-start=\"2479\" data-end=\"2494\">Utilisations id\u00e9ales :<\/strong><\/p>\n<ul data-start=\"2495\" data-end=\"2733\">\n<li class=\"\" data-start=\"2495\" data-end=\"2531\">\n<p class=\"\" data-start=\"2497\" data-end=\"2531\">R\u00e9parations et entretien de l'atelier<\/p>\n<\/li>\n<li class=\"\" data-start=\"2532\" data-end=\"2567\">\n<p class=\"\" data-start=\"2534\" data-end=\"2567\">R\u00e9paration et assemblage d'automobiles<\/p>\n<\/li>\n<li class=\"\" data-start=\"2568\" data-end=\"2598\">\n<p class=\"\" data-start=\"2570\" data-end=\"2598\">Manipulation g\u00e9n\u00e9rale de l'entrep\u00f4t<\/p>\n<\/li>\n<li class=\"\" data-start=\"2599\" data-end=\"2628\">\n<p class=\"\" data-start=\"2601\" data-end=\"2628\">Projets d'am\u00e9lioration de l'habitat<\/p>\n<\/li>\n<li class=\"\" data-start=\"2629\" data-end=\"2662\">\n<p class=\"\" data-start=\"2631\" data-end=\"2662\">Travail du bois et du m\u00e9tal<\/p>\n<\/li>\n<li class=\"\" data-start=\"2663\" data-end=\"2689\">\n<p class=\"\" data-start=\"2665\" data-end=\"2689\">T\u00e2ches industrielles l\u00e9g\u00e8res<\/p>\n<\/li>\n<li class=\"\" data-start=\"2690\" data-end=\"2733\">\n<p class=\"\" data-start=\"2692\" data-end=\"2733\">V\u00e9lo, jardinage et loisirs<\/p>\n<\/li>\n<\/ul>\n<p class=\"\" data-start=\"2735\" data-end=\"2925\">Propos\u00e9s dans une gamme compl\u00e8te de tailles, ces gants peuvent \u00eatre command\u00e9s en version standard, personnalis\u00e9e ou sous marque de distributeur. <strong data-start=\"2849\" data-end=\"2883\">Les services OEM\/ODM sont disponibles<\/strong> pour les partenaires qui souhaitent personnaliser leur marque.<\/p>\n<p class=\"\" data-start=\"2927\" data-end=\"3123\"><strong data-start=\"2927\" data-end=\"2949\">Instructions d'entretien :<\/strong><br data-start=\"2949\" data-end=\"2952\" \/>Lavage en machine \u00e0 froid avec un d\u00e9tergent doux. S\u00e9cher \u00e0 l'air libre. Ne pas blanchir ni s\u00e9cher au s\u00e8che-linge. Inspecter r\u00e9guli\u00e8rement les gants pour v\u00e9rifier qu'ils ne sont pas endommag\u00e9s ou us\u00e9s et les remplacer si n\u00e9cessaire pour une protection maximale.<\/p>\n<p class=\"\" data-start=\"3125\" data-end=\"3291\">Avec RYINZ, vous b\u00e9n\u00e9ficiez d'une fabrication de classe mondiale, de normes de qualit\u00e9 europ\u00e9ennes et de d\u00e9cennies d'engagement \u00e0 cr\u00e9er les solutions de protection des mains les plus fiables.<\/p>","protected":false},"excerpt":{"rendered":"<p>Con\u00e7us pour une flexibilit\u00e9 et un contr\u00f4le optimaux, les gants de m\u00e9canicien respirants RYINZ sont votre compagnon essentiel pour les t\u00e2ches quotidiennes. Qu'il s'agisse de r\u00e9parer des machines, d'assembler des pi\u00e8ces ou de travailler sur des projets de bricolage, ces gants garantissent la protection, le confort et l'agilit\u00e9 de vos mains. Leur construction l\u00e9g\u00e8re et extensible offre une grande libert\u00e9 de mouvement sans sacrifier la force de pr\u00e9hension ou la durabilit\u00e9. Dot\u00e9s de paumes renforc\u00e9es et d'une fermeture de poignet s\u00e9curis\u00e9e, ils vous permettent de relever tous les d\u00e9fis, qu'il s'agisse de r\u00e9parations m\u00e9caniques complexes ou d'entretien g\u00e9n\u00e9ral de la maison. Restez en s\u00e9curit\u00e9, restez efficace et restez en mouvement avec les gants de performance RYINZ.<\/p>","protected":false},"featured_media":8975,"comment_status":"closed","ping_status":"closed","template":"","meta":[],"product_brand":[35],"product_cat":[82,83],"product_tag":[88,89],"class_list":{"0":"post-8916","1":"product","2":"type-product","3":"status-publish","4":"has-post-thumbnail","6":"product_brand-ryinz","7":"product_cat-mechanic-industrial-gloves","8":"product_cat-mechanics-gloves","9":"product_tag-customizable-work-gloves","10":"product_tag-pu-rexon-mechanics-gloves","12":"first","13":"instock","14":"taxable","15":"shipping-taxable","16":"purchasable","17":"product-type-simple"},"_links":{"self":[{"href":"https:\/\/ryinz.cz\/velkoobchod\/fr\/wp-json\/wp\/v2\/product\/8916","targetHints":{"allow":["GET"]}}],"collection":[{"href":"https:\/\/ryinz.cz\/velkoobchod\/fr\/wp-json\/wp\/v2\/product"}],"about":[{"href":"https:\/\/ryinz.cz\/velkoobchod\/fr\/wp-json\/wp\/v2\/types\/product"}],"replies":[{"embeddable":true,"href":"https:\/\/ryinz.cz\/velkoobchod\/fr\/wp-json\/wp\/v2\/comments?post=8916"}],"wp:featuredmedia":[{"embeddable":true,"href":"https:\/\/ryinz.cz\/velkoobchod\/fr\/wp-json\/wp\/v2\/media\/8975"}],"wp:attachment":[{"href":"https:\/\/ryinz.cz\/velkoobchod\/fr\/wp-json\/wp\/v2\/media?parent=8916"}],"wp:term":[{"taxonomy":"product_brand","embeddable":true,"href":"https:\/\/ryinz.cz\/velkoobchod\/fr\/wp-json\/wp\/v2\/product_brand?post=8916"},{"taxonomy":"product_cat","embeddable":true,"href":"https:\/\/ryinz.cz\/velkoobchod\/fr\/wp-json\/wp\/v2\/product_cat?post=8916"},{"taxonomy":"product_tag","embeddable":true,"href":"https:\/\/ryinz.cz\/velkoobchod\/fr\/wp-json\/wp\/v2\/product_tag?post=8916"}],"curies":[{"name":"wp","href":"https:\/\/api.w.org\/{rel}","templated":true}]}}