{"id":8915,"date":"2025-06-22T15:21:06","date_gmt":"2025-06-22T15:21:06","guid":{"rendered":"https:\/\/ryinz.cz\/velkoobchod\/?post_type=product&#038;p=8915"},"modified":"2026-01-18T20:16:49","modified_gmt":"2026-01-18T20:16:49","slug":"ryinz-heavy-duty-impact-resistant-mechanics-gloves-cut-protection-oil-grip-anti-vibration-work-gloves-for-industrial-use","status":"publish","type":"product","link":"https:\/\/ryinz.cz\/velkoobchod\/fr\/product\/ryinz-heavy-duty-impact-resistant-mechanics-gloves-cut-protection-oil-grip-anti-vibration-work-gloves-for-industrial-use\/","title":{"rendered":"RYINZ Gants de m\u00e9canicien r\u00e9sistants aux chocs - Protection contre les coupures, adh\u00e9rence \u00e0 l'huile, gants de travail anti-vibration pour usage industriel"},"content":{"rendered":"<p class=\"\" data-start=\"323\" data-end=\"637\">Entrez dans le monde de la protection avanc\u00e9e des mains avec <strong data-start=\"376\" data-end=\"430\">RYINZ Gants de m\u00e9canicien r\u00e9sistants aux chocs pour travaux lourds<\/strong> - con\u00e7us pour les professionnels travaillant dans les environnements les plus difficiles. Ces gants sont plus qu'un simple v\u00eatement de main ; ils constituent un bouclier con\u00e7u pour r\u00e9sister aux chocs, aux vibrations, aux coupures et \u00e0 l'exposition \u00e0 l'huile ou aux produits chimiques.<\/p>\n<p class=\"\" data-start=\"639\" data-end=\"979\">La coque ext\u00e9rieure est dot\u00e9e d'un rev\u00eatement <strong data-start=\"683\" data-end=\"720\">tissu m\u00e9lang\u00e9 HPPE r\u00e9sistant aux coupures<\/strong> qui prot\u00e8ge vos mains contre les bords tranchants, les lames ou les bris de verre. Ce mat\u00e9riau tr\u00e8s r\u00e9sistant offre une protection contre les coupures de niveau ANSI\/EN388 tout en pr\u00e9servant la flexibilit\u00e9 et la dext\u00e9rit\u00e9, ce qui est essentiel dans les secteurs o\u00f9 la s\u00e9curit\u00e9 et le contr\u00f4le de la motricit\u00e9 fine sont importants.<\/p>\n<p class=\"\" data-start=\"981\" data-end=\"1307\">L'une des caract\u00e9ristiques les plus remarquables de ce gant est la <strong data-start=\"1025\" data-end=\"1061\">Armure en caoutchouc thermoplastique (TPR)<\/strong> plac\u00e9s strat\u00e9giquement sur les jointures, les doigts et le dos de la main. Cette protection TPR absorbe et d\u00e9vie les impacts, ce qui la rend id\u00e9ale pour les plates-formes p\u00e9troli\u00e8res, l'exploitation mini\u00e8re, l'automobile, la d\u00e9molition ou les op\u00e9rations de machinerie lourde o\u00f9 les blessures par \u00e9crasement sont un risque courant.<\/p>\n<p class=\"\" data-start=\"1309\" data-end=\"1652\">La paume est recouverte de <strong data-start=\"1333\" data-end=\"1364\">zones de pr\u00e9hension antid\u00e9rapantes en nitrile<\/strong>, Ce rev\u00eatement est r\u00e9sistant \u00e0 l'abrasion et offre des performances durables dans les environnements glissants ou rugueux. Ce rev\u00eatement adh\u00e9rent r\u00e9siste \u00e0 l'abrasion et assure une performance durable dans les environnements glissants ou rugueux. Des patchs renforc\u00e9s sont plac\u00e9s dans les zones de forte usure, comme l'entrejambe du pouce et le bout des doigts, pour prolonger la dur\u00e9e de vie du gant et \u00e9viter les d\u00e9chirures.<\/p>\n<p class=\"\" data-start=\"1654\" data-end=\"1897\">L'int\u00e9rieur est doubl\u00e9 d'un tissu doux et respirant qui \u00e9vacue l'humidit\u00e9 et garde les mains au sec, m\u00eame en cas d'utilisation prolong\u00e9e. La forme ergonomique et les zones extensibles \u00e9pousent le contour naturel de la main, assurant le confort sans restreindre les mouvements.<\/p>\n<p class=\"\" data-start=\"1899\" data-end=\"2097\">Les gants RYINZ ne sont pas seulement protecteurs, ils sont aussi adaptables. Qu'il s'agisse de serrer des boulons, de charger des marchandises, de faire fonctionner des machines ou de manipuler des t\u00f4les tranchantes, ces gants offrent une d\u00e9fense \u00e0 spectre complet.<\/p>\n<p class=\"\" data-start=\"2099\" data-end=\"2120\"><strong data-start=\"2099\" data-end=\"2120\">Caract\u00e9ristiques du produit :<\/strong><\/p>\n<ul data-start=\"2122\" data-end=\"3097\">\n<li class=\"\" data-start=\"2122\" data-end=\"2223\">\n<p class=\"\" data-start=\"2124\" data-end=\"2223\"><strong data-start=\"2124\" data-end=\"2148\">Coquille r\u00e9sistante aux coupures :<\/strong> Doublure en HPPE conforme \u00e0 la norme ANSI\/EN388 pour une r\u00e9sistance \u00e9lev\u00e9e \u00e0 la lame et \u00e0 la perforation<\/p>\n<\/li>\n<li class=\"\" data-start=\"2224\" data-end=\"2326\">\n<p class=\"\" data-start=\"2226\" data-end=\"2326\"><strong data-start=\"2226\" data-end=\"2248\">Protection contre les chocs :<\/strong> Armure TPR sur les articulations et les doigts pour une protection sup\u00e9rieure contre les chocs et l'\u00e9crasement.<\/p>\n<\/li>\n<li class=\"\" data-start=\"2327\" data-end=\"2437\">\n<p class=\"\" data-start=\"2329\" data-end=\"2437\"><strong data-start=\"2329\" data-end=\"2352\">Poign\u00e9e r\u00e9sistante \u00e0 l'huile :<\/strong> Enduction nitrile haute adh\u00e9rence sur la paume pour une excellente prise en main dans des conditions humides ou huileuses.<\/p>\n<\/li>\n<li class=\"\" data-start=\"2438\" data-end=\"2532\">\n<p class=\"\" data-start=\"2440\" data-end=\"2532\"><strong data-start=\"2440\" data-end=\"2458\">Construction durable :<\/strong> Le pouce et le bout des doigts renforc\u00e9s prolongent la dur\u00e9e de vie du gant en cas d'utilisation intensive.<\/p>\n<\/li>\n<li class=\"\" data-start=\"2533\" data-end=\"2634\">\n<p class=\"\" data-start=\"2535\" data-end=\"2634\"><strong data-start=\"2535\" data-end=\"2553\">Ajustement ergonomique :<\/strong> La coupe flexible, les doigts pr\u00e9-courb\u00e9s et la doublure respirante assurent un confort tout au long de la journ\u00e9e.<\/p>\n<\/li>\n<li class=\"\" data-start=\"2635\" data-end=\"2738\">\n<p class=\"\" data-start=\"2637\" data-end=\"2738\"><strong data-start=\"2637\" data-end=\"2652\">Ajustement s\u00fbr :<\/strong> La fermeture du poignet par bande auto-agrippante permet de l'ajuster et d'emp\u00eacher la salet\u00e9 et les d\u00e9bris d'y p\u00e9n\u00e9trer.<\/p>\n<\/li>\n<li class=\"\" data-start=\"2739\" data-end=\"2821\">\n<p class=\"\" data-start=\"2741\" data-end=\"2821\"><strong data-start=\"2741\" data-end=\"2766\">Manchette allong\u00e9e :<\/strong> Protection accrue du poignet et facilit\u00e9 d'habillage et de d\u00e9shabillage<\/p>\n<\/li>\n<li class=\"\" data-start=\"2822\" data-end=\"2908\">\n<p class=\"\" data-start=\"2824\" data-end=\"2908\"><strong data-start=\"2824\" data-end=\"2851\">R\u00e9sistance \u00e0 la chaleur et \u00e0 la d\u00e9chirure :<\/strong> La structure multicouche r\u00e9siste \u00e0 l'usure, \u00e0 la chaleur et au frottement<\/p>\n<\/li>\n<li class=\"\" data-start=\"2909\" data-end=\"2986\">\n<p class=\"\" data-start=\"2911\" data-end=\"2986\"><strong data-start=\"2911\" data-end=\"2932\">Lavable en machine :<\/strong> Conserve sa forme et ses performances apr\u00e8s plusieurs lavages<\/p>\n<\/li>\n<li class=\"\" data-start=\"2987\" data-end=\"3097\">\n<p class=\"\" data-start=\"2989\" data-end=\"3097\"><strong data-start=\"2989\" data-end=\"3019\">Applications polyvalentes :<\/strong> Id\u00e9al pour le p\u00e9trole et le gaz, la construction, l'\u00e9quipement lourd, l'exploitation mini\u00e8re et la m\u00e9tallurgie.<\/p>\n<\/li>\n<\/ul>\n<p class=\"\" data-start=\"3099\" data-end=\"3128\"><strong data-start=\"3099\" data-end=\"3128\">Recommandations de cas d'utilisation :<\/strong><\/p>\n<ul data-start=\"3130\" data-end=\"3360\">\n<li class=\"\" data-start=\"3130\" data-end=\"3164\">\n<p class=\"\" data-start=\"3132\" data-end=\"3164\">M\u00e9caniciens et techniciens automobiles<\/p>\n<\/li>\n<li class=\"\" data-start=\"3165\" data-end=\"3208\">\n<p class=\"\" data-start=\"3167\" data-end=\"3208\">Exploitants de plates-formes p\u00e9troli\u00e8res et forage en mer<\/p>\n<\/li>\n<li class=\"\" data-start=\"3209\" data-end=\"3238\">\n<p class=\"\" data-start=\"3211\" data-end=\"3238\">Op\u00e9rateurs d'\u00e9quipements lourds<\/p>\n<\/li>\n<li class=\"\" data-start=\"3239\" data-end=\"3269\">\n<p class=\"\" data-start=\"3241\" data-end=\"3269\">Travaux de d\u00e9molition et de sauvetage<\/p>\n<\/li>\n<li class=\"\" data-start=\"3270\" data-end=\"3306\">\n<p class=\"\" data-start=\"3272\" data-end=\"3306\">Industries mini\u00e8res et d'excavation<\/p>\n<\/li>\n<li class=\"\" data-start=\"3307\" data-end=\"3335\">\n<p class=\"\" data-start=\"3309\" data-end=\"3335\">Manutention de l'acier et du verre<\/p>\n<\/li>\n<li class=\"\" data-start=\"3336\" data-end=\"3360\">\n<p class=\"\" data-start=\"3338\" data-end=\"3360\">Usage industriel g\u00e9n\u00e9ral<\/p>\n<\/li>\n<\/ul>\n<p class=\"\" data-start=\"3362\" data-end=\"3389\"><strong data-start=\"3362\" data-end=\"3389\">Sp\u00e9cifications du produit :<\/strong><\/p>\n<ul data-start=\"3391\" data-end=\"3881\">\n<li class=\"\" data-start=\"3391\" data-end=\"3468\">\n<p class=\"\" data-start=\"3393\" data-end=\"3468\"><strong data-start=\"3393\" data-end=\"3406\">Mat\u00e9riau :<\/strong> Coquille r\u00e9sistante aux coupures en HPPE, paume en nitrile, protection dorsale en TPR<\/p>\n<\/li>\n<li class=\"\" data-start=\"3469\" data-end=\"3534\">\n<p class=\"\" data-start=\"3471\" data-end=\"3534\"><strong data-start=\"3471\" data-end=\"3486\">Gamme de tailles :<\/strong> S - XXL (tailles personnalis\u00e9es disponibles sur demande)<\/p>\n<\/li>\n<li class=\"\" data-start=\"3535\" data-end=\"3607\">\n<p class=\"\" data-start=\"3537\" data-end=\"3607\"><strong data-start=\"3537\" data-end=\"3555\">Options de couleur :<\/strong> Gris\/Orange\/Noir (couleurs personnalis\u00e9es pour les commandes en gros)<\/p>\n<\/li>\n<li class=\"\" data-start=\"3608\" data-end=\"3674\">\n<p class=\"\" data-start=\"3610\" data-end=\"3674\"><strong data-start=\"3610\" data-end=\"3625\">Conformit\u00e9 :<\/strong> Niveau de coupure EN388, certifi\u00e9 CE, conforme \u00e0 Reach<\/p>\n<\/li>\n<li class=\"\" data-start=\"3675\" data-end=\"3757\">\n<p class=\"\" data-start=\"3677\" data-end=\"3757\"><strong data-start=\"3677\" data-end=\"3703\">MOQ pour la personnalisation :<\/strong> 500 paires (avec logo, emballage ou couleur assortie)<\/p>\n<\/li>\n<li class=\"\" data-start=\"3758\" data-end=\"3826\">\n<p class=\"\" data-start=\"3760\" data-end=\"3826\"><strong data-start=\"3760\" data-end=\"3774\">Emballage :<\/strong> Emballage individuel ou personnalis\u00e9 disponible<\/p>\n<\/li>\n<li class=\"\" data-start=\"3827\" data-end=\"3881\">\n<p class=\"\" data-start=\"3829\" data-end=\"3881\"><strong data-start=\"3829\" data-end=\"3853\">Capacit\u00e9 de production :<\/strong> Jusqu'\u00e0 100 000 paires\/mois<\/p>\n<\/li>\n<\/ul>\n<p class=\"\" data-start=\"3883\" data-end=\"4293\"><strong data-start=\"3883\" data-end=\"3904\">Pourquoi choisir RYINZ ?<\/strong><br data-start=\"3904\" data-end=\"3907\" \/>Au <strong data-start=\"3910\" data-end=\"3919\">RYINZ<\/strong>, Nous r\u00e9unissons <strong data-start=\"3939\" data-end=\"3972\">Expertise en mati\u00e8re de fabrication en Asie<\/strong> avec <strong data-start=\"3978\" data-end=\"4009\">Normes europ\u00e9ennes d'approvisionnement<\/strong>, Nos gants sont fabriqu\u00e9s \u00e0 l'aide d'une technologie de pointe, garantissant la qualit\u00e9, la coh\u00e9rence et l'\u00e9volutivit\u00e9 pour vos besoins industriels. Nos gants sont rigoureusement test\u00e9s, \u00e9prouv\u00e9s sur le terrain et approuv\u00e9s par des professionnels dans 28 pays. Que vous ayez besoin de commandes en gros, d'un marquage personnalis\u00e9 ou d'un partenaire d'approvisionnement B2B fiable, RYINZ vous garantit l'excellence.<\/p>","protected":false},"excerpt":{"rendered":"<p><strong data-start=\"4350\" data-end=\"4394\">RYINZ Gants de m\u00e9canicien \u00e0 impact pour travaux lourds<\/strong> offrent une protection de premier ordre l\u00e0 o\u00f9 c'est le plus important : au travail. Con\u00e7us avec une coque en HPPE r\u00e9sistante aux coupures et des protections en TPR absorbant les chocs, ces gants assurent la s\u00e9curit\u00e9 des mains dans les environnements industriels les plus exigeants. Les paumes antid\u00e9rapantes en nitrile offrent une adh\u00e9rence imbattable dans les environnements huileux ou humides, tandis que les zones d'usure renforc\u00e9es augmentent la durabilit\u00e9. Leur coupe confortable, leur doublure respirante et leur forme ergonomique en font des gants id\u00e9aux pour une utilisation prolong\u00e9e. Con\u00e7us pour la construction, le p\u00e9trole et le gaz, l'automobile et les travaux de d\u00e9molition, ils constituent la solution de s\u00e9curit\u00e9 ultime.<\/p>","protected":false},"featured_media":8980,"comment_status":"closed","ping_status":"closed","template":"","meta":[],"product_brand":[35],"product_cat":[83],"product_tag":[86,87],"class_list":{"0":"post-8915","1":"product","2":"type-product","3":"status-publish","4":"has-post-thumbnail","6":"product_brand-ryinz","7":"product_cat-mechanics-gloves","8":"product_tag-heavy-duty-gloves","9":"product_tag-work-gloves","11":"first","12":"instock","13":"taxable","14":"shipping-taxable","15":"purchasable","16":"product-type-simple"},"_links":{"self":[{"href":"https:\/\/ryinz.cz\/velkoobchod\/fr\/wp-json\/wp\/v2\/product\/8915","targetHints":{"allow":["GET"]}}],"collection":[{"href":"https:\/\/ryinz.cz\/velkoobchod\/fr\/wp-json\/wp\/v2\/product"}],"about":[{"href":"https:\/\/ryinz.cz\/velkoobchod\/fr\/wp-json\/wp\/v2\/types\/product"}],"replies":[{"embeddable":true,"href":"https:\/\/ryinz.cz\/velkoobchod\/fr\/wp-json\/wp\/v2\/comments?post=8915"}],"wp:featuredmedia":[{"embeddable":true,"href":"https:\/\/ryinz.cz\/velkoobchod\/fr\/wp-json\/wp\/v2\/media\/8980"}],"wp:attachment":[{"href":"https:\/\/ryinz.cz\/velkoobchod\/fr\/wp-json\/wp\/v2\/media?parent=8915"}],"wp:term":[{"taxonomy":"product_brand","embeddable":true,"href":"https:\/\/ryinz.cz\/velkoobchod\/fr\/wp-json\/wp\/v2\/product_brand?post=8915"},{"taxonomy":"product_cat","embeddable":true,"href":"https:\/\/ryinz.cz\/velkoobchod\/fr\/wp-json\/wp\/v2\/product_cat?post=8915"},{"taxonomy":"product_tag","embeddable":true,"href":"https:\/\/ryinz.cz\/velkoobchod\/fr\/wp-json\/wp\/v2\/product_tag?post=8915"}],"curies":[{"name":"wp","href":"https:\/\/api.w.org\/{rel}","templated":true}]}}