{"id":8913,"date":"2025-06-22T15:21:05","date_gmt":"2025-06-22T15:21:05","guid":{"rendered":"https:\/\/ryinz.cz\/velkoobchod\/?post_type=product&#038;p=8913"},"modified":"2026-01-18T20:16:48","modified_gmt":"2026-01-18T20:16:48","slug":"ryinz-black-quilted-ski-snow-gloves-insulated-waterproof-winter-gloves-with-anti-slip-grip-for-snowboarding-alpine-use","status":"publish","type":"product","link":"https:\/\/ryinz.cz\/velkoobchod\/fr\/product\/ryinz-black-quilted-ski-snow-gloves-insulated-waterproof-winter-gloves-with-anti-slip-grip-for-snowboarding-alpine-use\/","title":{"rendered":"RYINZ Black Quilted Ski &amp; Snow Gloves - Gants d'hiver isol\u00e9s, imperm\u00e9ables et antid\u00e9rapants pour le snowboard et l'alpinisme"},"content":{"rendered":"<p class=\"\" data-start=\"344\" data-end=\"786\">Affrontez le froid extr\u00eame avec une protection et des performances sup\u00e9rieures dans le <strong data-start=\"413\" data-end=\"448\">RYINZ GMFG-32 Gants de ski et de neige<\/strong> - Con\u00e7us pour les snowboarders, les skieurs et les professionnels des activit\u00e9s de plein air qui exigent durabilit\u00e9, confort et style. Fabriqu\u00e9s avec un rev\u00eatement ext\u00e9rieur matelass\u00e9 et une construction cousue avec pr\u00e9cision, ces gants d'hiver combinent chaleur et protection coupe-vent avec un design \u00e9l\u00e9gant, noir sur noir, pr\u00eat pour la montagne, qui met en valeur \u00e0 la fois la forme et la fonction.<\/p>\n<p class=\"\" data-start=\"788\" data-end=\"1203\">L'ext\u00e9rieur du gant est con\u00e7u en utilisant <strong data-start=\"832\" data-end=\"869\">tissu avanc\u00e9 r\u00e9sistant aux intemp\u00e9ries<\/strong> qui repousse la neige, l'humidit\u00e9 et le vent. Le motif matelass\u00e9 noir mat n'ajoute pas seulement un \u00e9l\u00e9ment visuel \u00e9l\u00e9gant, mais am\u00e9liore la r\u00e9tention de la chaleur en r\u00e9duisant la p\u00e9n\u00e9tration de l'air froid. Ce tissu est associ\u00e9 \u00e0 un <strong data-start=\"1070\" data-end=\"1097\">int\u00e9rieur en polaire thermique<\/strong> pour offrir une chaleur et un confort constants tout au long de la journ\u00e9e, m\u00eame dans les environnements alpins inf\u00e9rieurs \u00e0 z\u00e9ro.<\/p>\n<p class=\"\" data-start=\"1205\" data-end=\"1585\">Plac\u00e9 strat\u00e9giquement <strong data-start=\"1226\" data-end=\"1261\">motifs antid\u00e9rapants en silicone<\/strong> sur la paume et les doigts am\u00e9liorent l'adh\u00e9rence et permettent de manipuler en toute confiance les b\u00e2tons de ski, les carres de snowboard ou les appareils mobiles. Que vous gravissiez la montagne ou que vous d\u00e9valiez les pentes, ces gants restent bien ajust\u00e9s, r\u00e9actifs et fiables. Les zones renforc\u00e9es aux points de frottement prolongent la dur\u00e9e de vie, m\u00eame en cas d'utilisation intensive et r\u00e9p\u00e9t\u00e9e.<\/p>\n<p class=\"\" data-start=\"1587\" data-end=\"2024\">La conception de la longue manchette de poignet comprend un <strong data-start=\"1626\" data-end=\"1656\">cordon de serrage r\u00e9glable<\/strong> pour emp\u00eacher la neige de p\u00e9n\u00e9trer et maintenir la chaleur corporelle. Une sangle de poignet \u00e9lastique facile \u00e0 tirer assure un ajustement s\u00fbr pour une utilisation tout au long de la journ\u00e9e, tandis que des clips int\u00e9gr\u00e9s maintiennent la paire ensemble pendant les moments de repos. Ces gants sont disponibles en plusieurs tailles et peuvent \u00eatre personnalis\u00e9s pour les marques, les distributeurs et les points de vente qui souhaitent \u00e9largir leur collection d'hiver gr\u00e2ce \u00e0 un label priv\u00e9.<\/p>\n<p class=\"\" data-start=\"2026\" data-end=\"2165\"><strong data-start=\"2026\" data-end=\"2035\">RYINZ<\/strong> est reconnu par les acheteurs europ\u00e9ens pour sa qualit\u00e9, son confort et son service B2B convivial. Ce mod\u00e8le GMFG-32 illustre cet engagement.<\/p>\n<hr class=\"\" data-start=\"2167\" data-end=\"2170\" \/>\n<p class=\"\" data-start=\"2172\" data-end=\"2195\"><strong data-start=\"2172\" data-end=\"2195\">Points forts du produit :<\/strong><\/p>\n<ul data-start=\"2197\" data-end=\"2611\">\n<li class=\"\" data-start=\"2197\" data-end=\"2233\">\n<p class=\"\" data-start=\"2199\" data-end=\"2233\">Coque ext\u00e9rieure matelass\u00e9e<\/p>\n<\/li>\n<li class=\"\" data-start=\"2234\" data-end=\"2272\">\n<p class=\"\" data-start=\"2236\" data-end=\"2272\">Isolation int\u00e9rieure en polaire pour plus de chaleur<\/p>\n<\/li>\n<li class=\"\" data-start=\"2273\" data-end=\"2314\">\n<p class=\"\" data-start=\"2275\" data-end=\"2314\">Mat\u00e9riaux imperm\u00e9ables et r\u00e9sistants au vent<\/p>\n<\/li>\n<li class=\"\" data-start=\"2315\" data-end=\"2348\">\n<p class=\"\" data-start=\"2317\" data-end=\"2348\">Zones palmaires antid\u00e9rapantes en silicone<\/p>\n<\/li>\n<li class=\"\" data-start=\"2349\" data-end=\"2379\">\n<p class=\"\" data-start=\"2351\" data-end=\"2379\">Zones d'usure renforc\u00e9es<\/p>\n<\/li>\n<li class=\"\" data-start=\"2380\" data-end=\"2420\">\n<p class=\"\" data-start=\"2382\" data-end=\"2420\">Cordon de serrage ajustable au poignet<\/p>\n<\/li>\n<li class=\"\" data-start=\"2421\" data-end=\"2461\">\n<p class=\"\" data-start=\"2423\" data-end=\"2461\">Manchette longue pour une meilleure couverture de l'avant-bras<\/p>\n<\/li>\n<li class=\"\" data-start=\"2462\" data-end=\"2502\">\n<p class=\"\" data-start=\"2464\" data-end=\"2502\">Poignet \u00e9lastique avec fermeture \u00e0 genouill\u00e8re<\/p>\n<\/li>\n<li class=\"\" data-start=\"2503\" data-end=\"2544\">\n<p class=\"\" data-start=\"2505\" data-end=\"2544\">Doigts pr\u00e9-courb\u00e9s pour une meilleure prise en main<\/p>\n<\/li>\n<li class=\"\" data-start=\"2545\" data-end=\"2581\">\n<p class=\"\" data-start=\"2547\" data-end=\"2581\">Clip de verrouillage pour la suspension ou l'appariement<\/p>\n<\/li>\n<li class=\"\" data-start=\"2582\" data-end=\"2611\">\n<p class=\"\" data-start=\"2584\" data-end=\"2611\">Lavable en machine et r\u00e9utilisable<\/p>\n<\/li>\n<\/ul>\n<hr class=\"\" data-start=\"2613\" data-end=\"2616\" \/>\n<p class=\"\" data-start=\"2618\" data-end=\"2635\"><strong data-start=\"2618\" data-end=\"2635\">Applications :<\/strong><\/p>\n<ul data-start=\"2637\" data-end=\"2918\">\n<li class=\"\" data-start=\"2637\" data-end=\"2671\">\n<p class=\"\" data-start=\"2639\" data-end=\"2671\">Ski alpin et snowboard<\/p>\n<\/li>\n<li class=\"\" data-start=\"2672\" data-end=\"2712\">\n<p class=\"\" data-start=\"2674\" data-end=\"2712\">Conduite de motoneige et courses en plein air<\/p>\n<\/li>\n<li class=\"\" data-start=\"2713\" data-end=\"2753\">\n<p class=\"\" data-start=\"2715\" data-end=\"2753\">Trekking, camping et randonn\u00e9e en hiver<\/p>\n<\/li>\n<li class=\"\" data-start=\"2754\" data-end=\"2789\">\n<p class=\"\" data-start=\"2756\" data-end=\"2789\">Trajets domicile-travail en climat froid<\/p>\n<\/li>\n<li class=\"\" data-start=\"2790\" data-end=\"2827\">\n<p class=\"\" data-start=\"2792\" data-end=\"2827\">Industrie des cong\u00e9lateurs et des entrep\u00f4ts frigorifiques<\/p>\n<\/li>\n<li class=\"\" data-start=\"2828\" data-end=\"2873\">\n<p class=\"\" data-start=\"2830\" data-end=\"2873\">P\u00eache sur glace ou comp\u00e9titions de sports d'hiver<\/p>\n<\/li>\n<li class=\"\" data-start=\"2874\" data-end=\"2918\">\n<p class=\"\" data-start=\"2876\" data-end=\"2918\">Op\u00e9rations de sauvetage d'urgence ou de patrouille des neiges<\/p>\n<\/li>\n<\/ul>\n<hr class=\"\" data-start=\"2920\" data-end=\"2923\" \/>\n<p class=\"\" data-start=\"2925\" data-end=\"2944\"><strong data-start=\"2925\" data-end=\"2944\">Sp\u00e9cifications :<\/strong><\/p>\n<ul data-start=\"2946\" data-end=\"3349\">\n<li class=\"\" data-start=\"2946\" data-end=\"2991\">\n<p class=\"\" data-start=\"2948\" data-end=\"2991\">Mati\u00e8re : Coquille en polyester + zones de pr\u00e9hension en PU<\/p>\n<\/li>\n<li class=\"\" data-start=\"2992\" data-end=\"3026\">\n<p class=\"\" data-start=\"2994\" data-end=\"3026\">Doublure : Polaire thermique bross\u00e9e<\/p>\n<\/li>\n<li class=\"\" data-start=\"3027\" data-end=\"3054\">\n<p class=\"\" data-start=\"3029\" data-end=\"3054\">Tailles : S, M, L, XL, XXL<\/p>\n<\/li>\n<li class=\"\" data-start=\"3055\" data-end=\"3100\">\n<p class=\"\" data-start=\"3057\" data-end=\"3100\">Fermeture : Poignet \u00e0 cordon de serrage + sangle \u00e9lastique<\/p>\n<\/li>\n<li class=\"\" data-start=\"3101\" data-end=\"3157\">\n<p class=\"\" data-start=\"3103\" data-end=\"3157\">Emballage : Sac en poly\u00e9thyl\u00e8ne, \u00e9tiquette suspendue ou options pr\u00eates \u00e0 l'emploi pour la vente au d\u00e9tail<\/p>\n<\/li>\n<li class=\"\" data-start=\"3158\" data-end=\"3216\">\n<p class=\"\" data-start=\"3160\" data-end=\"3216\">Couleurs : Noir en standard ; couleurs personnalis\u00e9es sur demande<\/p>\n<\/li>\n<li class=\"\" data-start=\"3217\" data-end=\"3255\">\n<p class=\"\" data-start=\"3219\" data-end=\"3255\">Certification : CE EN388, ISO 21420<\/p>\n<\/li>\n<li class=\"\" data-start=\"3256\" data-end=\"3289\">\n<p class=\"\" data-start=\"3258\" data-end=\"3289\">MOQ pour les commandes OEM : 500 paires<\/p>\n<\/li>\n<li class=\"\" data-start=\"3290\" data-end=\"3349\">\n<p class=\"\" data-start=\"3292\" data-end=\"3349\">Personnalisation : Marquage, emballage et taille sur demande<\/p>\n<\/li>\n<\/ul>","protected":false},"excerpt":{"rendered":"<p>Les gants de ski et de neige RYINZ GMFG-32 offrent une chaleur de qualit\u00e9 et une protection imperm\u00e9able pour les aventures hivernales extr\u00eames. Con\u00e7us avec une coque matelass\u00e9e noire, une isolation thermique et des paumes en silicone, ces gants sont id\u00e9aux pour les sports alpins, le snowboard et le travail en ext\u00e9rieur par temps froid. Les longs poignets avec cordons de serrage emp\u00eachent la neige de p\u00e9n\u00e9trer, tandis que les sangles de poignet \u00e9lastiques assurent un ajustement s\u00fbr et r\u00e9glable. Ces gants sont parfaits pour les acheteurs B2B qui recherchent des gants haute visibilit\u00e9 pr\u00eats pour l'UE et qui fonctionnent de mani\u00e8re fiable dans des environnements glacials. Avec des options de marque priv\u00e9e et des mat\u00e9riaux certifi\u00e9s, les gants RYINZ sont un excellent compl\u00e9ment \u00e0 tout portefeuille d'\u00e9quipement d'hiver ou kit de neige professionnel.<\/p>","protected":false},"featured_media":8953,"comment_status":"closed","ping_status":"closed","template":"","meta":[],"product_brand":[35],"product_cat":[57],"product_tag":[77,78],"class_list":{"0":"post-8913","1":"product","2":"type-product","3":"status-publish","4":"has-post-thumbnail","6":"product_brand-ryinz","7":"product_cat-ski-snowboarding-gloves","8":"product_tag-amara-fabric-gloves","9":"product_tag-insulated-snow-gloves","11":"first","12":"instock","13":"taxable","14":"shipping-taxable","15":"purchasable","16":"product-type-simple"},"_links":{"self":[{"href":"https:\/\/ryinz.cz\/velkoobchod\/fr\/wp-json\/wp\/v2\/product\/8913","targetHints":{"allow":["GET"]}}],"collection":[{"href":"https:\/\/ryinz.cz\/velkoobchod\/fr\/wp-json\/wp\/v2\/product"}],"about":[{"href":"https:\/\/ryinz.cz\/velkoobchod\/fr\/wp-json\/wp\/v2\/types\/product"}],"replies":[{"embeddable":true,"href":"https:\/\/ryinz.cz\/velkoobchod\/fr\/wp-json\/wp\/v2\/comments?post=8913"}],"wp:featuredmedia":[{"embeddable":true,"href":"https:\/\/ryinz.cz\/velkoobchod\/fr\/wp-json\/wp\/v2\/media\/8953"}],"wp:attachment":[{"href":"https:\/\/ryinz.cz\/velkoobchod\/fr\/wp-json\/wp\/v2\/media?parent=8913"}],"wp:term":[{"taxonomy":"product_brand","embeddable":true,"href":"https:\/\/ryinz.cz\/velkoobchod\/fr\/wp-json\/wp\/v2\/product_brand?post=8913"},{"taxonomy":"product_cat","embeddable":true,"href":"https:\/\/ryinz.cz\/velkoobchod\/fr\/wp-json\/wp\/v2\/product_cat?post=8913"},{"taxonomy":"product_tag","embeddable":true,"href":"https:\/\/ryinz.cz\/velkoobchod\/fr\/wp-json\/wp\/v2\/product_tag?post=8913"}],"curies":[{"name":"wp","href":"https:\/\/api.w.org\/{rel}","templated":true}]}}