{"id":8912,"date":"2025-06-22T15:21:05","date_gmt":"2025-06-22T15:21:05","guid":{"rendered":"https:\/\/ryinz.cz\/velkoobchod\/?post_type=product&#038;p=8912"},"modified":"2026-01-18T20:16:48","modified_gmt":"2026-01-18T20:16:48","slug":"ryinz-premium-waterproof-winter-sports-gloves-thermal-ski-snow-gloves-with-zipper-pocket-and-adjustable-strap","status":"publish","type":"product","link":"https:\/\/ryinz.cz\/velkoobchod\/fr\/product\/ryinz-premium-waterproof-winter-sports-gloves-thermal-ski-snow-gloves-with-zipper-pocket-and-adjustable-strap\/","title":{"rendered":"RYINZ Premium Waterproof Winter Sports Gloves - Gants de ski et de neige thermiques avec poche \u00e0 fermeture \u00e9clair et sangle r\u00e9glable"},"content":{"rendered":"<p class=\"\" data-start=\"362\" data-end=\"734\">Faites l'exp\u00e9rience d'un confort et d'une performance in\u00e9gal\u00e9s avec le <strong data-start=\"416\" data-end=\"465\">RYINZ Premium Waterproof Winter Sports Gloves (Gants de sport d'hiver imperm\u00e9ables)<\/strong>, Ces gants sont con\u00e7us pour les amateurs d'activit\u00e9s de plein air, les skieurs, les snowboarders et tous ceux qui travaillent ou jouent dans des conditions de froid extr\u00eame. Ces gants sont con\u00e7us pour offrir durabilit\u00e9, protection et chaleur tout au long de la journ\u00e9e, tout en pr\u00e9sentant une apparence tactique \u00e9l\u00e9gante qui allie style et fonctionnalit\u00e9.<\/p>\n<p class=\"\" data-start=\"736\" data-end=\"1161\">Construit avec <strong data-start=\"753\" data-end=\"798\">cuir de ch\u00e8vre v\u00e9ritable et nylon renforc\u00e9<\/strong>, Ces gants offrent une excellente r\u00e9sistance \u00e0 l'abrasion et une protection sans sacrifier la flexibilit\u00e9. La coque ext\u00e9rieure offre une r\u00e9sistance totale au vent et \u00e0 l'eau, prot\u00e9geant vos mains de la neige, de la glace et de la neige fondue. Que vous d\u00e9valiez les pentes ou que vous traversiez une temp\u00eate de neige, les gants RYINZ sont con\u00e7us pour suivre votre rythme et r\u00e9sister aux conditions les plus difficiles.<\/p>\n<p class=\"\" data-start=\"1163\" data-end=\"1469\">L'int\u00e9rieur du gant pr\u00e9sente les caract\u00e9ristiques suivantes <strong data-start=\"1193\" data-end=\"1219\">isolation multicouche<\/strong>, Le gant est compos\u00e9 d'une couche synth\u00e9tique \u00e0 haut pouvoir gonflant pour la chaleur et d'une doublure bross\u00e9e douce au contact de la peau. Ces mat\u00e9riaux travaillent en harmonie pour emprisonner la chaleur \u00e0 l'int\u00e9rieur du gant tout en \u00e9vacuant l'humidit\u00e9, ce qui permet de garder les mains au sec m\u00eame lors d'activit\u00e9s intenses.<\/p>\n<p class=\"\" data-start=\"1471\" data-end=\"1762\">L'une des caract\u00e9ristiques les plus remarquables est la <strong data-start=\"1507\" data-end=\"1546\">poche zipp\u00e9e pratique et \u00e9tanche<\/strong> situ\u00e9e sur le dos de la main. Cette poche est id\u00e9ale pour les petits objets essentiels comme les cl\u00e9s, l'argent ou les chauffe-mains. Elle est parfaite pour les longues sessions de ski ou les aventures hivernales, lorsque vous devez y acc\u00e9der facilement sans enlever vos gants.<\/p>\n<p class=\"\" data-start=\"1764\" data-end=\"2208\">Le <strong data-start=\"1768\" data-end=\"1794\">sangle de poignet r\u00e9glable<\/strong> et <strong data-start=\"1799\" data-end=\"1819\">cordon \u00e9lastique<\/strong> au niveau des poignets permettent de personnaliser l'ajustement et d'emp\u00eacher l'air froid et la neige de p\u00e9n\u00e9trer. Cette conception \u00e0 manchettes longues les rend \u00e9galement compatibles avec les vestes et \u00e9quipements d'hiver, emp\u00eachant la neige de s'infiltrer dans les descentes \u00e0 grande vitesse ou les randonn\u00e9es dans la poudreuse. Les zones de paume renforc\u00e9es avec des patchs d'adh\u00e9rence suppl\u00e9mentaires garantissent une manipulation fiable des b\u00e2tons, des outils et de l'\u00e9quipement, ce qui vous permet de garder le contr\u00f4le sans sacrifier la protection.<\/p>\n<p class=\"\" data-start=\"2210\" data-end=\"2547\">Con\u00e7u pour les deux <strong data-start=\"2228\" data-end=\"2245\">hommes et femmes<\/strong>, Ces gants combinent des mat\u00e9riaux r\u00e9sistants, des caract\u00e9ristiques modernes et une forme ergonomique pour offrir un \u00e9quilibre parfait entre confort et robustesse. Que vous fassiez du ski, du snowboard, de la motoneige ou que vous d\u00e9blayiez la neige, les <strong data-start=\"2464\" data-end=\"2495\">Gants d'hiver RYINZ Premium<\/strong> offrent des performances fiables lorsque vous en avez le plus besoin.<\/p>\n<hr class=\"\" data-start=\"2549\" data-end=\"2552\" \/>\n<h3 class=\"\" data-start=\"2554\" data-end=\"2581\"><strong data-start=\"2558\" data-end=\"2581\">Points forts du produit :<\/strong><\/h3>\n<ul data-start=\"2583\" data-end=\"3140\">\n<li class=\"\" data-start=\"2583\" data-end=\"2641\">\n<p class=\"\" data-start=\"2585\" data-end=\"2641\">Cuir de ch\u00e8vre de premi\u00e8re qualit\u00e9 et construction en nylon renforc\u00e9<\/p>\n<\/li>\n<li class=\"\" data-start=\"2642\" data-end=\"2687\">\n<p class=\"\" data-start=\"2644\" data-end=\"2687\">Coquille ext\u00e9rieure imperm\u00e9able et r\u00e9sistante au vent<\/p>\n<\/li>\n<li class=\"\" data-start=\"2688\" data-end=\"2758\">\n<p class=\"\" data-start=\"2690\" data-end=\"2758\">Isol\u00e9 avec un rembourrage synth\u00e9tique qui retient la chaleur et une doublure bross\u00e9e<\/p>\n<\/li>\n<li class=\"\" data-start=\"2759\" data-end=\"2808\">\n<p class=\"\" data-start=\"2761\" data-end=\"2808\">Poche zipp\u00e9e int\u00e9gr\u00e9e pour les petits objets essentiels<\/p>\n<\/li>\n<li class=\"\" data-start=\"2809\" data-end=\"2862\">\n<p class=\"\" data-start=\"2811\" data-end=\"2862\">Poignet r\u00e9glable pour un ajustement sur mesure<\/p>\n<\/li>\n<li class=\"\" data-start=\"2863\" data-end=\"2917\">\n<p class=\"\" data-start=\"2865\" data-end=\"2917\">Cordon de serrage aux poignets pour emp\u00eacher la neige et l'air froid d'entrer.<\/p>\n<\/li>\n<li class=\"\" data-start=\"2918\" data-end=\"2971\">\n<p class=\"\" data-start=\"2920\" data-end=\"2971\">Doigts ergonomiques pr\u00e9-courb\u00e9s pour un mouvement naturel<\/p>\n<\/li>\n<li class=\"\" data-start=\"2972\" data-end=\"3025\">\n<p class=\"\" data-start=\"2974\" data-end=\"3025\">Paumes renforc\u00e9es pour une meilleure adh\u00e9rence et une plus grande durabilit\u00e9<\/p>\n<\/li>\n<li class=\"\" data-start=\"3026\" data-end=\"3081\">\n<p class=\"\" data-start=\"3028\" data-end=\"3081\">Design \u00e9pur\u00e9 marron fonc\u00e9 et noir pour un attrait unisexe<\/p>\n<\/li>\n<li class=\"\" data-start=\"3082\" data-end=\"3140\">\n<p class=\"\" data-start=\"3084\" data-end=\"3140\">Id\u00e9al pour les sports, les op\u00e9rations de sauvetage ou les travaux d'hiver en plein air.<\/p>\n<\/li>\n<\/ul>\n<hr class=\"\" data-start=\"3142\" data-end=\"3145\" \/>\n<h3 class=\"\" data-start=\"3147\" data-end=\"3168\"><strong data-start=\"3151\" data-end=\"3168\">Applications :<\/strong><\/h3>\n<ul data-start=\"3170\" data-end=\"3418\">\n<li class=\"\" data-start=\"3170\" data-end=\"3197\">\n<p class=\"\" data-start=\"3172\" data-end=\"3197\">Ski et snowboard<\/p>\n<\/li>\n<li class=\"\" data-start=\"3198\" data-end=\"3241\">\n<p class=\"\" data-start=\"3200\" data-end=\"3241\">Raquettes, randonn\u00e9e et alpinisme<\/p>\n<\/li>\n<li class=\"\" data-start=\"3242\" data-end=\"3276\">\n<p class=\"\" data-start=\"3244\" data-end=\"3276\">Travail hivernal en ext\u00e9rieur et patrouille<\/p>\n<\/li>\n<li class=\"\" data-start=\"3277\" data-end=\"3308\">\n<p class=\"\" data-start=\"3279\" data-end=\"3308\">Motoneige et VTT<\/p>\n<\/li>\n<li class=\"\" data-start=\"3309\" data-end=\"3346\">\n<p class=\"\" data-start=\"3311\" data-end=\"3346\">Entreposage frigorifique et logistique alpine<\/p>\n<\/li>\n<li class=\"\" data-start=\"3347\" data-end=\"3383\">\n<p class=\"\" data-start=\"3349\" data-end=\"3383\">Utilisation militaire et tactique en hiver<\/p>\n<\/li>\n<li class=\"\" data-start=\"3384\" data-end=\"3418\">\n<p class=\"\" data-start=\"3386\" data-end=\"3418\">Mat\u00e9riel de sport de plein air et vente au d\u00e9tail<\/p>\n<\/li>\n<\/ul>\n<hr class=\"\" data-start=\"3420\" data-end=\"3423\" \/>\n<h3 class=\"\" data-start=\"3425\" data-end=\"3448\"><strong data-start=\"3429\" data-end=\"3448\">Sp\u00e9cifications :<\/strong><\/h3>\n<ul data-start=\"3450\" data-end=\"3822\">\n<li class=\"\" data-start=\"3450\" data-end=\"3490\">\n<p class=\"\" data-start=\"3452\" data-end=\"3490\">Mati\u00e8re : Cuir de ch\u00e8vre, tissu en nylon<\/p>\n<\/li>\n<li class=\"\" data-start=\"3491\" data-end=\"3532\">\n<p class=\"\" data-start=\"3493\" data-end=\"3532\">Isolation : Synth\u00e9tique + doublure polaire<\/p>\n<\/li>\n<li class=\"\" data-start=\"3533\" data-end=\"3560\">\n<p class=\"\" data-start=\"3535\" data-end=\"3560\">Tailles : S, M, L, XL, XXL<\/p>\n<\/li>\n<li class=\"\" data-start=\"3561\" data-end=\"3593\">\n<p class=\"\" data-start=\"3563\" data-end=\"3593\">Forme : Conception ergonomique unisexe<\/p>\n<\/li>\n<li class=\"\" data-start=\"3594\" data-end=\"3649\">\n<p class=\"\" data-start=\"3596\" data-end=\"3649\">Caract\u00e9ristiques : Poche zipp\u00e9e, sangle de poignet, poignet \u00e0 cordon de serrage<\/p>\n<\/li>\n<li class=\"\" data-start=\"3650\" data-end=\"3711\">\n<p class=\"\" data-start=\"3652\" data-end=\"3711\">Personnalisation : Label priv\u00e9, impression de logo, choix de couleur<\/p>\n<\/li>\n<li class=\"\" data-start=\"3712\" data-end=\"3730\">\n<p class=\"\" data-start=\"3714\" data-end=\"3730\">MOQ : 300 paires<\/p>\n<\/li>\n<li class=\"\" data-start=\"3731\" data-end=\"3779\">\n<p class=\"\" data-start=\"3733\" data-end=\"3779\">Certifications : CE, EN388\/EN511 (sur demande)<\/p>\n<\/li>\n<li class=\"\" data-start=\"3780\" data-end=\"3822\">\n<p class=\"\" data-start=\"3782\" data-end=\"3822\">Emballage : Bulk ou bo\u00eetes de vente au d\u00e9tail personnalis\u00e9es<\/p>\n<\/li>\n<\/ul>","protected":false},"excerpt":{"rendered":"<p class=\"\" data-start=\"3881\" data-end=\"4496\">Restez prot\u00e9g\u00e9, au chaud et pr\u00eat pour les aventures hivernales avec le <strong data-start=\"3944\" data-end=\"3983\">Gants de ski imperm\u00e9ables RYINZ Premium<\/strong>. Ces gants haute performance sont fabriqu\u00e9s en cuir de ch\u00e8vre et en nylon robuste pour garantir durabilit\u00e9 et style. Dot\u00e9s d'une manchette longue, d'un rev\u00eatement ext\u00e9rieur imperm\u00e9able et d'un int\u00e9rieur doubl\u00e9 de polaire, ils sont id\u00e9aux pour les sorties \u00e0 ski, le snowboard, l'alpinisme et les travaux d'hiver. Une poche zipp\u00e9e int\u00e9gr\u00e9e permet de garder les petits objets en s\u00e9curit\u00e9, tandis que la sangle de poignet r\u00e9glable et le cordon de manchette assurent un ajustement parfait. Con\u00e7ues dans un souci de confort et de performance, elles offrent une adh\u00e9rence, une isolation et une souplesse exceptionnelles pour tous les d\u00e9fis enneig\u00e9s.<\/p>","protected":false},"featured_media":8946,"comment_status":"closed","ping_status":"closed","template":"","meta":[],"product_brand":[35],"product_cat":[57],"product_tag":[75,76],"class_list":{"0":"post-8912","1":"product","2":"type-product","3":"status-publish","4":"has-post-thumbnail","6":"product_brand-ryinz","7":"product_cat-ski-snowboarding-gloves","8":"product_tag-custom-logo-winter-gloves","9":"product_tag-customizable-ski-gloves","11":"first","12":"instock","13":"taxable","14":"shipping-taxable","15":"purchasable","16":"product-type-simple"},"_links":{"self":[{"href":"https:\/\/ryinz.cz\/velkoobchod\/fr\/wp-json\/wp\/v2\/product\/8912","targetHints":{"allow":["GET"]}}],"collection":[{"href":"https:\/\/ryinz.cz\/velkoobchod\/fr\/wp-json\/wp\/v2\/product"}],"about":[{"href":"https:\/\/ryinz.cz\/velkoobchod\/fr\/wp-json\/wp\/v2\/types\/product"}],"replies":[{"embeddable":true,"href":"https:\/\/ryinz.cz\/velkoobchod\/fr\/wp-json\/wp\/v2\/comments?post=8912"}],"wp:featuredmedia":[{"embeddable":true,"href":"https:\/\/ryinz.cz\/velkoobchod\/fr\/wp-json\/wp\/v2\/media\/8946"}],"wp:attachment":[{"href":"https:\/\/ryinz.cz\/velkoobchod\/fr\/wp-json\/wp\/v2\/media?parent=8912"}],"wp:term":[{"taxonomy":"product_brand","embeddable":true,"href":"https:\/\/ryinz.cz\/velkoobchod\/fr\/wp-json\/wp\/v2\/product_brand?post=8912"},{"taxonomy":"product_cat","embeddable":true,"href":"https:\/\/ryinz.cz\/velkoobchod\/fr\/wp-json\/wp\/v2\/product_cat?post=8912"},{"taxonomy":"product_tag","embeddable":true,"href":"https:\/\/ryinz.cz\/velkoobchod\/fr\/wp-json\/wp\/v2\/product_tag?post=8912"}],"curies":[{"name":"wp","href":"https:\/\/api.w.org\/{rel}","templated":true}]}}