{"id":8911,"date":"2025-06-22T15:21:05","date_gmt":"2025-06-22T15:21:05","guid":{"rendered":"https:\/\/ryinz.cz\/velkoobchod\/?post_type=product&#038;p=8911"},"modified":"2026-01-18T20:16:47","modified_gmt":"2026-01-18T20:16:47","slug":"ryinz-waterproof-thermal-mittens-heavy-duty-insulated-snow-mitts-for-ski-snowboard-extreme-cold-weather","status":"publish","type":"product","link":"https:\/\/ryinz.cz\/velkoobchod\/fr\/product\/ryinz-waterproof-thermal-mittens-heavy-duty-insulated-snow-mitts-for-ski-snowboard-extreme-cold-weather\/","title":{"rendered":"RYINZ Moufles thermiques imperm\u00e9ables - Moufles \u00e0 neige isol\u00e9es et r\u00e9sistantes pour le ski, le snowboard et le froid extr\u00eame"},"content":{"rendered":"<p class=\"\" data-start=\"360\" data-end=\"732\">Pr\u00e9sentation de la <strong data-start=\"376\" data-end=\"412\">Moufles thermiques imperm\u00e9ables RYINZ<\/strong> - Con\u00e7ues pour offrir une chaleur, un confort et une protection exceptionnels dans des environnements extr\u00eamement froids. Ces moufles sont con\u00e7ues pour les conditions hivernales extr\u00eames, combinant des mat\u00e9riaux avanc\u00e9s et une conception intelligente pour garantir que vos mains restent s\u00e8ches et chaudes, que vous fassiez du ski, du snowboard, de la randonn\u00e9e ou des travaux d'ext\u00e9rieur difficiles.<\/p>\n<p class=\"\" data-start=\"734\" data-end=\"1169\">Les moufles sont naturellement plus chaudes que les gants, car elles emprisonnent plus efficacement la chaleur en gardant les doigts ensemble. Les <strong data-start=\"859\" data-end=\"899\">La conception de RYINZ renforce cet avantage<\/strong> avec un syst\u00e8me d'isolation multicouche comprenant un rev\u00eatement ext\u00e9rieur imperm\u00e9able, une doublure en polaire thermique et une couche barri\u00e8re retenant la chaleur pour une chaleur durable par temps de gel. Parfaite pour une utilisation sur les pistes, dans les champs de neige, ou pendant les voyages et les trajets en dessous de z\u00e9ro.<\/p>\n<p class=\"\" data-start=\"1171\" data-end=\"1576\">Fabriqu\u00e9 en <strong data-start=\"1184\" data-end=\"1238\">nylon et mat\u00e9riaux synth\u00e9tiques robustes et r\u00e9sistants aux intemp\u00e9ries<\/strong>, Ces moufles sont con\u00e7ues pour r\u00e9sister \u00e0 des conditions difficiles. L'enveloppe ext\u00e9rieure r\u00e9siste \u00e0 l'eau, \u00e0 la neige et au vent, tandis que la doublure int\u00e9rieure assure une sensation douce et agr\u00e9able pour la peau, qui garde vos mains au sec en \u00e9vacuant l'humidit\u00e9 interne. A <strong data-start=\"1458\" data-end=\"1483\">panneau de paume renforc\u00e9<\/strong> offre une grande durabilit\u00e9 et une bonne prise en main, ce qui facilite le maintien des b\u00e2tons de ski, des pelles ou des outils.<\/p>\n<p class=\"\" data-start=\"1578\" data-end=\"1998\">Pour plus de confort et de fonctionnalit\u00e9, les moufles RYINZ sont dot\u00e9es d'un <strong data-start=\"1636\" data-end=\"1680\">sangle \u00e0 boucle r\u00e9glable au niveau du poignet<\/strong> pour serrer le gant en toute s\u00e9curit\u00e9 et emp\u00eacher la neige de p\u00e9n\u00e9trer. La conception de la manchette allong\u00e9e avec un <strong data-start=\"1775\" data-end=\"1805\">cordon de serrage ajustable par un basculeur<\/strong> offre une protection suppl\u00e9mentaire et une compatibilit\u00e9 avec les vestes ou les combinaisons de neige. Que vous rouliez dans la poudreuse ou que vous travailliez \u00e0 l'ext\u00e9rieur dans la neige, ces moufles sont con\u00e7ues pour garder le froid \u00e0 l'ext\u00e9rieur et la chaleur \u00e0 l'int\u00e9rieur.<\/p>\n<p class=\"\" data-start=\"2000\" data-end=\"2203\">En plus de leurs avantages techniques, les moufles offrent <strong data-start=\"2057\" data-end=\"2098\">une esth\u00e9tique minimaliste noir sur noir<\/strong> avec la marque RYINZ - parfait pour les hommes et les femmes qui pr\u00e9f\u00e8rent les v\u00eatements d'hiver tactiques et \u00e9l\u00e9gants.<\/p>\n<hr class=\"\" data-start=\"2205\" data-end=\"2208\" \/>\n<h3 class=\"\" data-start=\"2210\" data-end=\"2237\"><strong data-start=\"2214\" data-end=\"2237\">Points forts du produit :<\/strong><\/h3>\n<ul data-start=\"2239\" data-end=\"2775\">\n<li class=\"\" data-start=\"2239\" data-end=\"2298\">\n<p class=\"\" data-start=\"2241\" data-end=\"2298\">Moufles d'hiver thermiques pour les sports de neige et le froid extr\u00eame<\/p>\n<\/li>\n<li class=\"\" data-start=\"2299\" data-end=\"2356\">\n<p class=\"\" data-start=\"2301\" data-end=\"2356\">Coquille ext\u00e9rieure coupe-vent, imperm\u00e9able et r\u00e9sistante \u00e0 la neige<\/p>\n<\/li>\n<li class=\"\" data-start=\"2357\" data-end=\"2428\">\n<p class=\"\" data-start=\"2359\" data-end=\"2428\">Isolation thermique multicouche avec int\u00e9rieur en polaire \u00e9vacuant l'humidit\u00e9<\/p>\n<\/li>\n<li class=\"\" data-start=\"2429\" data-end=\"2473\">\n<p class=\"\" data-start=\"2431\" data-end=\"2473\">Paume de main renforc\u00e9e pour une manipulation s\u00fbre<\/p>\n<\/li>\n<li class=\"\" data-start=\"2474\" data-end=\"2533\">\n<p class=\"\" data-start=\"2476\" data-end=\"2533\">Coupe ergonomique pour un mouvement naturel et une conservation de la chaleur<\/p>\n<\/li>\n<li class=\"\" data-start=\"2534\" data-end=\"2594\">\n<p class=\"\" data-start=\"2536\" data-end=\"2594\">Sangle \u00e0 boucle r\u00e9glable au poignet pour un ajustement s\u00fbr et personnalis\u00e9<\/p>\n<\/li>\n<li class=\"\" data-start=\"2595\" data-end=\"2646\">\n<p class=\"\" data-start=\"2597\" data-end=\"2646\">Fermeture des poignets par cordon de serrage pour emp\u00eacher la neige et le vent de p\u00e9n\u00e9trer.<\/p>\n<\/li>\n<li class=\"\" data-start=\"2647\" data-end=\"2693\">\n<p class=\"\" data-start=\"2649\" data-end=\"2693\">Poignets prolong\u00e9s pour une couverture suppl\u00e9mentaire<\/p>\n<\/li>\n<li class=\"\" data-start=\"2694\" data-end=\"2744\">\n<p class=\"\" data-start=\"2696\" data-end=\"2744\">Coutures durables et mat\u00e9riaux r\u00e9sistants \u00e0 l'usure<\/p>\n<\/li>\n<li class=\"\" data-start=\"2745\" data-end=\"2775\">\n<p class=\"\" data-start=\"2747\" data-end=\"2775\">Convient aux hommes et aux femmes<\/p>\n<\/li>\n<\/ul>\n<hr class=\"\" data-start=\"2777\" data-end=\"2780\" \/>\n<h3 class=\"\" data-start=\"2782\" data-end=\"2803\"><strong data-start=\"2786\" data-end=\"2803\">Applications :<\/strong><\/h3>\n<ul data-start=\"2805\" data-end=\"3115\">\n<li class=\"\" data-start=\"2805\" data-end=\"2842\">\n<p class=\"\" data-start=\"2807\" data-end=\"2842\">Ski alpin et ski de fond<\/p>\n<\/li>\n<li class=\"\" data-start=\"2843\" data-end=\"2876\">\n<p class=\"\" data-start=\"2845\" data-end=\"2876\">Snowboard et motoneige<\/p>\n<\/li>\n<li class=\"\" data-start=\"2877\" data-end=\"2919\">\n<p class=\"\" data-start=\"2879\" data-end=\"2919\">Alpinisme et randonn\u00e9e par temps froid<\/p>\n<\/li>\n<li class=\"\" data-start=\"2920\" data-end=\"2968\">\n<p class=\"\" data-start=\"2922\" data-end=\"2968\">Travaux d'hiver \u00e0 l'ext\u00e9rieur, y compris le d\u00e9neigement<\/p>\n<\/li>\n<li class=\"\" data-start=\"2969\" data-end=\"3005\">\n<p class=\"\" data-start=\"2971\" data-end=\"3005\">Utilisation par les militaires et les patrouilles de s\u00e9curit\u00e9<\/p>\n<\/li>\n<li class=\"\" data-start=\"3006\" data-end=\"3042\">\n<p class=\"\" data-start=\"3008\" data-end=\"3042\">Mat\u00e9riel de sauvetage alpin et d'urgence<\/p>\n<\/li>\n<li class=\"\" data-start=\"3043\" data-end=\"3089\">\n<p class=\"\" data-start=\"3045\" data-end=\"3089\">Trajets domicile-travail ou d\u00e9placements dans des conditions inf\u00e9rieures \u00e0 z\u00e9ro<\/p>\n<\/li>\n<li class=\"\" data-start=\"3090\" data-end=\"3115\">\n<p class=\"\" data-start=\"3092\" data-end=\"3115\">Manipulation des entrep\u00f4ts frigorifiques<\/p>\n<\/li>\n<\/ul>\n<hr class=\"\" data-start=\"3117\" data-end=\"3120\" \/>\n<h3 class=\"\" data-start=\"3122\" data-end=\"3145\"><strong data-start=\"3126\" data-end=\"3145\">Sp\u00e9cifications :<\/strong><\/h3>\n<ul data-start=\"3147\" data-end=\"3513\">\n<li class=\"\" data-start=\"3147\" data-end=\"3220\">\n<p class=\"\" data-start=\"3149\" data-end=\"3220\">Mat\u00e9riaux : Coquille en nylon imperm\u00e9able, doublure en polaire, isolation synth\u00e9tique<\/p>\n<\/li>\n<li class=\"\" data-start=\"3221\" data-end=\"3248\">\n<p class=\"\" data-start=\"3223\" data-end=\"3248\">Tailles : S, M, L, XL, XXL<\/p>\n<\/li>\n<li class=\"\" data-start=\"3249\" data-end=\"3271\">\n<p class=\"\" data-start=\"3251\" data-end=\"3271\">Couleur : noir mat<\/p>\n<\/li>\n<li class=\"\" data-start=\"3272\" data-end=\"3319\">\n<p class=\"\" data-start=\"3274\" data-end=\"3319\">Fermeture : Poignet \u00e0 boucle + poignet \u00e0 cordon de serrage<\/p>\n<\/li>\n<li class=\"\" data-start=\"3320\" data-end=\"3388\">\n<p class=\"\" data-start=\"3322\" data-end=\"3388\">Personnalisation : Label priv\u00e9, ajustement des couleurs, marquage personnalis\u00e9<\/p>\n<\/li>\n<li class=\"\" data-start=\"3389\" data-end=\"3451\">\n<p class=\"\" data-start=\"3391\" data-end=\"3451\">Emballage : Sac en poly\u00e9thyl\u00e8ne standard ou bo\u00eete de marque (sur demande)<\/p>\n<\/li>\n<li class=\"\" data-start=\"3452\" data-end=\"3494\">\n<p class=\"\" data-start=\"3454\" data-end=\"3494\">Certification : CE et EN 511 (sur demande)<\/p>\n<\/li>\n<li class=\"\" data-start=\"3495\" data-end=\"3513\">\n<p class=\"\" data-start=\"3497\" data-end=\"3513\">MOQ : 200 paires<\/p>\n<\/li>\n<\/ul>","protected":false},"excerpt":{"rendered":"<p>Les moufles thermiques imperm\u00e9ables de RYINZ offrent une chaleur et une d\u00e9fense exceptionnelles dans les conditions les plus rudes de l'hiver. Con\u00e7ues pour le ski, le snowboard et les randonn\u00e9es dans la neige, ces moufles sont dot\u00e9es d'une isolation multicouche et d'une coque imperm\u00e9able qui retiennent la chaleur et bloquent le vent, la neige et l'humidit\u00e9. La paume renforc\u00e9e ajoute \u00e0 la durabilit\u00e9 pour la pr\u00e9hension du mat\u00e9riel, tandis que les larges poignets et le double syst\u00e8me de fermeture (sangle et cordon) garantissent un ajustement serr\u00e9 et imperm\u00e9able \u00e0 la neige. Confortables et r\u00e9sistantes, ces moufles sont id\u00e9ales pour les sports alpins, les travaux de plein air dans la glace ou les voyages dans le froid. Elles conviennent aussi bien aux hommes qu'aux femmes et peuvent \u00eatre personnalis\u00e9es pour r\u00e9pondre aux besoins de votre marque.<\/p>","protected":false},"featured_media":8945,"comment_status":"closed","ping_status":"closed","template":"","meta":[],"product_brand":[35],"product_cat":[57],"product_tag":[73,74],"class_list":{"0":"post-8911","1":"product","2":"type-product","3":"status-publish","4":"has-post-thumbnail","6":"product_brand-ryinz","7":"product_cat-ski-snowboarding-gloves","8":"product_tag-adjustable-snow-mittens","9":"product_tag-fleece-lined-mittens","11":"first","12":"instock","13":"taxable","14":"shipping-taxable","15":"purchasable","16":"product-type-simple"},"_links":{"self":[{"href":"https:\/\/ryinz.cz\/velkoobchod\/fr\/wp-json\/wp\/v2\/product\/8911","targetHints":{"allow":["GET"]}}],"collection":[{"href":"https:\/\/ryinz.cz\/velkoobchod\/fr\/wp-json\/wp\/v2\/product"}],"about":[{"href":"https:\/\/ryinz.cz\/velkoobchod\/fr\/wp-json\/wp\/v2\/types\/product"}],"replies":[{"embeddable":true,"href":"https:\/\/ryinz.cz\/velkoobchod\/fr\/wp-json\/wp\/v2\/comments?post=8911"}],"wp:featuredmedia":[{"embeddable":true,"href":"https:\/\/ryinz.cz\/velkoobchod\/fr\/wp-json\/wp\/v2\/media\/8945"}],"wp:attachment":[{"href":"https:\/\/ryinz.cz\/velkoobchod\/fr\/wp-json\/wp\/v2\/media?parent=8911"}],"wp:term":[{"taxonomy":"product_brand","embeddable":true,"href":"https:\/\/ryinz.cz\/velkoobchod\/fr\/wp-json\/wp\/v2\/product_brand?post=8911"},{"taxonomy":"product_cat","embeddable":true,"href":"https:\/\/ryinz.cz\/velkoobchod\/fr\/wp-json\/wp\/v2\/product_cat?post=8911"},{"taxonomy":"product_tag","embeddable":true,"href":"https:\/\/ryinz.cz\/velkoobchod\/fr\/wp-json\/wp\/v2\/product_tag?post=8911"}],"curies":[{"name":"wp","href":"https:\/\/api.w.org\/{rel}","templated":true}]}}