{"id":8910,"date":"2025-06-22T15:21:05","date_gmt":"2025-06-22T15:21:05","guid":{"rendered":"https:\/\/ryinz.cz\/velkoobchod\/?post_type=product&#038;p=8910"},"modified":"2026-01-18T20:16:47","modified_gmt":"2026-01-18T20:16:47","slug":"ryinz-gsg-0501-gants-de-ski-impermeables-avec-sangle-ajustable-gants-isoles-multicolores-pour-sports-dhiver","status":"publish","type":"product","link":"https:\/\/ryinz.cz\/velkoobchod\/fr\/product\/ryinz-gsg-0501-waterproof-ski-snow-gloves-with-adjustable-strap-multicolor-insulated-gloves-for-winter-sports\/","title":{"rendered":"RYINZ GSG-0501 Gants de ski et de neige imperm\u00e9ables avec sangle r\u00e9glable - Gants isol\u00e9s multicolores pour les sports d'hiver"},"content":{"rendered":"<p class=\"\" data-start=\"330\" data-end=\"694\">Vaincre le froid dans un style vibrant avec la <strong data-start=\"373\" data-end=\"420\">RYINZ GSG-0501 Gants de ski et de neige imperm\u00e9ables<\/strong>, Ces gants ont \u00e9t\u00e9 m\u00e9ticuleusement con\u00e7us pour le ski, le snowboard et les sports d'hiver extr\u00eames. Ces gants combinent une isolation performante, une protection imperm\u00e9able et une esth\u00e9tique multicolore audacieuse, offrant \u00e0 la fois fonction et mode aux athl\u00e8tes d'hiver, aux travailleurs de plein air et aux aventuriers des montagnes.<\/p>\n<p class=\"\" data-start=\"696\" data-end=\"1067\">Fabriqu\u00e9s \u00e0 partir d'un tissu ext\u00e9rieur en polyester de haute qualit\u00e9 r\u00e9sistant aux intemp\u00e9ries et doubl\u00e9s d'une isolation chaude et respirante, ces gants sont parfaits pour une utilisation prolong\u00e9e dans des environnements froids, humides et venteux. La paume pr\u00e9sente des surfaces de pr\u00e9hension renforc\u00e9es avec des superpositions de cuir PU durable, offrant une adh\u00e9rence sup\u00e9rieure pour les b\u00e2tons de ski, les snowboards ou la manipulation d'\u00e9quipements, m\u00eame lorsqu'ils sont mouill\u00e9s.<\/p>\n<p class=\"\" data-start=\"1069\" data-end=\"1403\">Con\u00e7us pour un usage professionnel ou de loisir, les gants RYINZ GSG-0501 sont dot\u00e9s d'une doublure en cuir. <strong data-start=\"1153\" data-end=\"1180\">Panneau multicolore<\/strong> (blanc, orange, bleu, vert menthe et noir) avec un marquage haute visibilit\u00e9. Cette combinaison de couleurs audacieuses ne se contente pas d'ajouter de l'\u00e9l\u00e9gance, elle am\u00e9liore \u00e9galement la visibilit\u00e9 sur les pistes, renfor\u00e7ant ainsi la s\u00e9curit\u00e9 dans les environnements encombr\u00e9s ou \u00e0 faible visibilit\u00e9.<\/p>\n<p class=\"\" data-start=\"1405\" data-end=\"1672\">Ces gants sont \u00e9quip\u00e9s de <strong data-start=\"1436\" data-end=\"1469\">sangles de poignet enti\u00e8rement r\u00e9glables<\/strong> pour un ajustement personnalis\u00e9 et une protection accrue des poignets. Un syst\u00e8me d'attache fiable permet de garder les gants bien attach\u00e9s pendant les pauses, et une laisse \u00e9lastique \u00e9vite les chutes accidentelles sur les t\u00e9l\u00e9si\u00e8ges ou les pistes enneig\u00e9es.<\/p>\n<p class=\"\" data-start=\"1674\" data-end=\"1958\">Pour plus de commodit\u00e9, le mod\u00e8le GSG-0501 comprend un <strong data-start=\"1727\" data-end=\"1760\">poche lat\u00e9rale \u00e9tanche \u00e0 fermeture \u00e9clair<\/strong>-Id\u00e9al pour transporter des cl\u00e9s, des forfaits de remont\u00e9es m\u00e9caniques ou des packs de chaleur lors de s\u00e9ances prolong\u00e9es. L'int\u00e9rieur est doubl\u00e9 de polaire douce pour plus de confort, tandis que le rembourrage externe assure une protection contre les chocs et les abrasions.<\/p>\n<p class=\"\" data-start=\"1960\" data-end=\"2240\">Que vous fassiez du ski dans les Alpes ou de la randonn\u00e9e dans de fortes chutes de neige, ces gants offrent un haut niveau de dext\u00e9rit\u00e9, de chaleur et de r\u00e9sistance \u00e0 l'eau, ce qui leur vaut la confiance des acheteurs et des distributeurs europ\u00e9ens. RYINZ propose des services de marque priv\u00e9e et d'OEM avec un d\u00e9lai d'ex\u00e9cution rapide pour les commandes en gros.<\/p>\n<hr class=\"\" data-start=\"2242\" data-end=\"2245\" \/>\n<h3 class=\"\" data-start=\"2247\" data-end=\"2274\"><strong data-start=\"2251\" data-end=\"2274\">Points forts du produit :<\/strong><\/h3>\n<ul data-start=\"2276\" data-end=\"2770\">\n<li class=\"\" data-start=\"2276\" data-end=\"2333\">\n<p class=\"\" data-start=\"2278\" data-end=\"2333\">Coquille en polyester imperm\u00e9able avec paume renforc\u00e9e par une adh\u00e9rence en PU<\/p>\n<\/li>\n<li class=\"\" data-start=\"2334\" data-end=\"2399\">\n<p class=\"\" data-start=\"2336\" data-end=\"2399\">Design ext\u00e9rieur multicolore (blanc, orange, menthe, bleu, noir)<\/p>\n<\/li>\n<li class=\"\" data-start=\"2400\" data-end=\"2451\">\n<p class=\"\" data-start=\"2402\" data-end=\"2451\">Doublure int\u00e9rieure en polaire douce pour la chaleur et le confort<\/p>\n<\/li>\n<li class=\"\" data-start=\"2452\" data-end=\"2505\">\n<p class=\"\" data-start=\"2454\" data-end=\"2505\">Boucle de poignet r\u00e9glable + cordon de serrage pour un ajustement s\u00fbr<\/p>\n<\/li>\n<li class=\"\" data-start=\"2506\" data-end=\"2539\">\n<p class=\"\" data-start=\"2508\" data-end=\"2539\">Manchette longue pour la protection contre la neige<\/p>\n<\/li>\n<li class=\"\" data-start=\"2540\" data-end=\"2591\">\n<p class=\"\" data-start=\"2542\" data-end=\"2591\">Paume et bouts des doigts renforc\u00e9s pour une utilisation prolong\u00e9e<\/p>\n<\/li>\n<li class=\"\" data-start=\"2592\" data-end=\"2650\">\n<p class=\"\" data-start=\"2594\" data-end=\"2650\">Poche zipp\u00e9e sur le dos de la main (id\u00e9ale pour le laissez-passer ou les cl\u00e9s)<\/p>\n<\/li>\n<li class=\"\" data-start=\"2651\" data-end=\"2690\">\n<p class=\"\" data-start=\"2653\" data-end=\"2690\">Laisse \u00e9lastique au poignet pour la s\u00e9curit\u00e9 de la chute<\/p>\n<\/li>\n<li class=\"\" data-start=\"2691\" data-end=\"2718\">\n<p class=\"\" data-start=\"2693\" data-end=\"2718\">Doublure int\u00e9rieure respirante<\/p>\n<\/li>\n<li class=\"\" data-start=\"2719\" data-end=\"2770\">\n<p class=\"\" data-start=\"2721\" data-end=\"2770\">Convient aux hommes, aux femmes, aux adolescents et aux professionnels<\/p>\n<\/li>\n<\/ul>\n<hr class=\"\" data-start=\"2772\" data-end=\"2775\" \/>\n<h3 class=\"\" data-start=\"2777\" data-end=\"2798\"><strong data-start=\"2781\" data-end=\"2798\">Applications :<\/strong><\/h3>\n<ul data-start=\"2800\" data-end=\"3069\">\n<li class=\"\" data-start=\"2800\" data-end=\"2837\">\n<p class=\"\" data-start=\"2802\" data-end=\"2837\">Ski, snowboard, sports de neige<\/p>\n<\/li>\n<li class=\"\" data-start=\"2838\" data-end=\"2867\">\n<p class=\"\" data-start=\"2840\" data-end=\"2867\">Randonn\u00e9e en motoneige et en VTT<\/p>\n<\/li>\n<li class=\"\" data-start=\"2868\" data-end=\"2909\">\n<p class=\"\" data-start=\"2870\" data-end=\"2909\">Alpinisme de plein air, randonn\u00e9e dans la neige<\/p>\n<\/li>\n<li class=\"\" data-start=\"2910\" data-end=\"2936\">\n<p class=\"\" data-start=\"2912\" data-end=\"2936\">Les d\u00e9placements par temps froid<\/p>\n<\/li>\n<li class=\"\" data-start=\"2937\" data-end=\"2980\">\n<p class=\"\" data-start=\"2939\" data-end=\"2980\">Utilisation professionnelle en milieu alpin<\/p>\n<\/li>\n<li class=\"\" data-start=\"2981\" data-end=\"3031\">\n<p class=\"\" data-start=\"2983\" data-end=\"3031\">Utilisation militaire et de patrouille dans des conditions inf\u00e9rieures \u00e0 z\u00e9ro<\/p>\n<\/li>\n<li class=\"\" data-start=\"3032\" data-end=\"3069\">\n<p class=\"\" data-start=\"3034\" data-end=\"3069\">Travaux d'hiver en ext\u00e9rieur et entretien<\/p>\n<\/li>\n<\/ul>\n<hr class=\"\" data-start=\"3071\" data-end=\"3074\" \/>\n<h3 class=\"\" data-start=\"3076\" data-end=\"3099\"><strong data-start=\"3080\" data-end=\"3099\">Sp\u00e9cifications :<\/strong><\/h3>\n<ul data-start=\"3101\" data-end=\"3587\">\n<li class=\"\" data-start=\"3101\" data-end=\"3174\">\n<p class=\"\" data-start=\"3103\" data-end=\"3174\">Mat\u00e9riaux : Coque polyester imperm\u00e9able, paume en cuir PU, doublure polaire<\/p>\n<\/li>\n<li class=\"\" data-start=\"3175\" data-end=\"3207\">\n<p class=\"\" data-start=\"3177\" data-end=\"3207\">Tailles : XS-XXL (personnalisable)<\/p>\n<\/li>\n<li class=\"\" data-start=\"3208\" data-end=\"3226\">\n<p class=\"\" data-start=\"3210\" data-end=\"3226\">Genre : Unisexe<\/p>\n<\/li>\n<li class=\"\" data-start=\"3227\" data-end=\"3281\">\n<p class=\"\" data-start=\"3229\" data-end=\"3281\">Couleur : multicolore standard ou couleurs OEM disponibles<\/p>\n<\/li>\n<li class=\"\" data-start=\"3282\" data-end=\"3329\">\n<p class=\"\" data-start=\"3284\" data-end=\"3329\">Fermeture : sangle r\u00e9glable + cordon de serrage \u00e0 bascule<\/p>\n<\/li>\n<li class=\"\" data-start=\"3330\" data-end=\"3382\">\n<p class=\"\" data-start=\"3332\" data-end=\"3382\">Marque : Logo RYINZ (possibilit\u00e9 de personnalisation)<\/p>\n<\/li>\n<li class=\"\" data-start=\"3383\" data-end=\"3419\">\n<p class=\"\" data-start=\"3385\" data-end=\"3419\">Certifications : CE EN388 \/ EN511<\/p>\n<\/li>\n<li class=\"\" data-start=\"3420\" data-end=\"3464\">\n<p class=\"\" data-start=\"3422\" data-end=\"3464\">MOQ : 300-500 paires pour les commandes personnalis\u00e9es<\/p>\n<\/li>\n<li class=\"\" data-start=\"3465\" data-end=\"3524\">\n<p class=\"\" data-start=\"3467\" data-end=\"3524\">Emballage : Polybag avec code-barres ou emballage de d\u00e9tail OEM<\/p>\n<\/li>\n<li class=\"\" data-start=\"3525\" data-end=\"3587\">\n<p class=\"\" data-start=\"3527\" data-end=\"3587\">Extras : Embouts pour \u00e9cran tactile en option, compatibilit\u00e9 avec les poches thermiques<\/p>\n<\/li>\n<\/ul>","protected":false},"excerpt":{"rendered":"<p>Les gants de ski RYINZ GSG-0501 sont con\u00e7us pour des performances hivernales optimales gr\u00e2ce \u00e0 des mat\u00e9riaux imperm\u00e9ables, une doublure en polaire thermique et un design color\u00e9 am\u00e9liorant la s\u00e9curit\u00e9. Ces gants sont dot\u00e9s de sangles de poignet r\u00e9glables, de paumes en PU et de poignets allong\u00e9s pour une couverture totale de la neige. Une poche zipp\u00e9e imperm\u00e9able pratique au dos vous permet de ranger des objets essentiels tels qu'un forfait de ski ou un sac chauffant. Parfait pour le ski, le snowboard, la motoneige et les aventures par temps froid. Id\u00e9al pour les grossistes B2B, les d\u00e9taillants sportifs ou les fournisseurs d'\u00e9quipements de s\u00e9curit\u00e9. Disponible avec des services de personnalisation OEM et de marque priv\u00e9e pour les acheteurs europ\u00e9ens.<\/p>","protected":false},"featured_media":8952,"comment_status":"closed","ping_status":"closed","template":"","meta":[],"product_brand":[35],"product_cat":[57],"product_tag":[62,72],"class_list":{"0":"post-8910","1":"product","2":"type-product","3":"status-publish","4":"has-post-thumbnail","6":"product_brand-ryinz","7":"product_cat-ski-snowboarding-gloves","8":"product_tag-insulated-snowboarding-gloves","9":"product_tag-stretch-fabric-ski-gloves","11":"first","12":"instock","13":"taxable","14":"shipping-taxable","15":"purchasable","16":"product-type-simple"},"_links":{"self":[{"href":"https:\/\/ryinz.cz\/velkoobchod\/fr\/wp-json\/wp\/v2\/product\/8910","targetHints":{"allow":["GET"]}}],"collection":[{"href":"https:\/\/ryinz.cz\/velkoobchod\/fr\/wp-json\/wp\/v2\/product"}],"about":[{"href":"https:\/\/ryinz.cz\/velkoobchod\/fr\/wp-json\/wp\/v2\/types\/product"}],"replies":[{"embeddable":true,"href":"https:\/\/ryinz.cz\/velkoobchod\/fr\/wp-json\/wp\/v2\/comments?post=8910"}],"wp:featuredmedia":[{"embeddable":true,"href":"https:\/\/ryinz.cz\/velkoobchod\/fr\/wp-json\/wp\/v2\/media\/8952"}],"wp:attachment":[{"href":"https:\/\/ryinz.cz\/velkoobchod\/fr\/wp-json\/wp\/v2\/media?parent=8910"}],"wp:term":[{"taxonomy":"product_brand","embeddable":true,"href":"https:\/\/ryinz.cz\/velkoobchod\/fr\/wp-json\/wp\/v2\/product_brand?post=8910"},{"taxonomy":"product_cat","embeddable":true,"href":"https:\/\/ryinz.cz\/velkoobchod\/fr\/wp-json\/wp\/v2\/product_cat?post=8910"},{"taxonomy":"product_tag","embeddable":true,"href":"https:\/\/ryinz.cz\/velkoobchod\/fr\/wp-json\/wp\/v2\/product_tag?post=8910"}],"curies":[{"name":"wp","href":"https:\/\/api.w.org\/{rel}","templated":true}]}}