{"id":8909,"date":"2025-06-22T15:21:05","date_gmt":"2025-06-22T15:21:05","guid":{"rendered":"https:\/\/ryinz.cz\/velkoobchod\/?post_type=product&#038;p=8909"},"modified":"2026-01-18T20:16:46","modified_gmt":"2026-01-18T20:16:46","slug":"ryinz-split-finger-leather-ski-mittens-hybrid-warmth-dexterity-gloves-for-extreme-cold-snowboarding-skiing","status":"publish","type":"product","link":"https:\/\/ryinz.cz\/velkoobchod\/fr\/product\/ryinz-split-finger-leather-ski-mittens-hybrid-warmth-dexterity-gloves-for-extreme-cold-snowboarding-skiing\/","title":{"rendered":"RYINZ Split-Finger Leather Ski Mittens - Hybrid Warmth &amp; Dexterity Gloves for Extreme Cold Snowboarding &amp; Skiing"},"content":{"rendered":"<p class=\"\" data-start=\"432\" data-end=\"848\">D\u00e9couvrez la fusion id\u00e9ale de la chaleur et du contr\u00f4le avec <strong data-start=\"485\" data-end=\"527\">Moufles de ski en cuir \u00e0 doigts fendus RYINZ<\/strong>, Ces moufles sont con\u00e7ues pour les skieurs alpins, les snowboarders et les travailleurs de l'hiver qui recherchent la flexibilit\u00e9 sans compromettre l'isolation thermique. Ces moufles hybrides haute performance sont con\u00e7ues avec un syst\u00e8me unique d'isolation thermique. <strong data-start=\"727\" data-end=\"758\">pince de homard (doigt fendu)<\/strong> combinant la dext\u00e9rit\u00e9 des doigts des gants et la capacit\u00e9 de conservation de la chaleur des moufles.<\/p>\n<p class=\"\" data-start=\"850\" data-end=\"1226\">Fabriqu\u00e9 \u00e0 partir de <strong data-start=\"860\" data-end=\"890\">cuir pleine fleur durable<\/strong> Dans des tons contrast\u00e9s de noir, gris et marron, ces moufles offrent un style robuste et une r\u00e9sistance naturelle aux intemp\u00e9ries. L'ext\u00e9rieur en cuir est suffisamment r\u00e9sistant pour supporter les conditions difficiles de la montagne, l'\u00e9quipement abrasif et l'usure \u00e0 long terme, tout en \u00e9tant suffisamment souple pour permettre un mouvement agile de la main pour attacher les boucles, saisir les b\u00e2tons ou utiliser des appareils mobiles.<\/p>\n<p class=\"\" data-start=\"1228\" data-end=\"1597\">A l'int\u00e9rieur, ces gants sont con\u00e7us pour <strong data-start=\"1268\" data-end=\"1286\">chaleur maximale<\/strong> en utilisant <strong data-start=\"1293\" data-end=\"1319\">isolation multicouche<\/strong>. Une doublure int\u00e9rieure en polaire douce enveloppe la main dans le confort, tandis qu'une couche interm\u00e9diaire \u00e9paisse de rembourrage thermique conserve la chaleur lors d'une longue exposition \u00e0 des temp\u00e9ratures inf\u00e9rieures \u00e0 z\u00e9ro. Que ce soit sur des pistes glac\u00e9es ou dans la poudreuse, ces gants garantissent que vos mains restent s\u00e8ches, chaudes et r\u00e9actives.<\/p>\n<p class=\"\" data-start=\"1599\" data-end=\"1880\">Le <strong data-start=\"1603\" data-end=\"1632\">construction \u00e0 deux doigts<\/strong> permet \u00e0 l'index et au pouce de bouger ind\u00e9pendamment, offrant un meilleur contr\u00f4le de la prise et une plus grande pr\u00e9cision lorsque cela est n\u00e9cessaire - un avantage cl\u00e9 pour les snowboarders qui ajustent leurs fixations, les motoneigistes sur les acc\u00e9l\u00e9rateurs, ou les membres des \u00e9quipes de secours qui ont besoin d'une coordination rapide.<\/p>\n<p class=\"\" data-start=\"1882\" data-end=\"2207\">Les caract\u00e9ristiques de confort suppl\u00e9mentaires comprennent un <strong data-start=\"1915\" data-end=\"1943\">panneau d'articulation flex-ridge<\/strong> qui favorise le mouvement naturel de la main, un <strong data-start=\"1984\" data-end=\"2010\">sangle de poignet r\u00e9glable<\/strong> avec fermeture velcro pour un maintien s\u00fbr, et une <strong data-start=\"2056\" data-end=\"2082\">manchette int\u00e9rieure \u00e9lastiqu\u00e9e<\/strong> pour bloquer l'infiltration de la neige. Un patch d'essuyage doux sur le pouce et des zones de paume renforc\u00e9es am\u00e9liorent encore l'utilit\u00e9 et la durabilit\u00e9.<\/p>\n<p class=\"\" data-start=\"2209\" data-end=\"2510\">C'est le gant des professionnels, des aventuriers et des d\u00e9taillants alpins qui recherchent l'innovation et le confort dans un ensemble robuste. Assez \u00e9l\u00e9gant pour les skieurs de loisir et assez r\u00e9sistant pour les patrouilles de ski ou les organisateurs de randonn\u00e9es, le <strong data-start=\"2433\" data-end=\"2463\">Moufles \u00e0 doigts fendus RYINZ<\/strong> \u00e9tablissent une nouvelle norme en mati\u00e8re d'\u00e9quipement de performance hivernale.<\/p>\n<hr class=\"\" data-start=\"2512\" data-end=\"2515\" \/>\n<h3 class=\"\" data-start=\"2517\" data-end=\"2544\"><strong data-start=\"2521\" data-end=\"2544\">Points forts du produit :<\/strong><\/h3>\n<ul data-start=\"2546\" data-end=\"3195\">\n<li class=\"\" data-start=\"2546\" data-end=\"2620\">\n<p class=\"\" data-start=\"2548\" data-end=\"2620\">Conception hybride de type homard : combine chaleur et dext\u00e9rit\u00e9 des gants.<\/p>\n<\/li>\n<li class=\"\" data-start=\"2621\" data-end=\"2691\">\n<p class=\"\" data-start=\"2623\" data-end=\"2691\">Ext\u00e9rieur en cuir pleine fleur pour la durabilit\u00e9 et la r\u00e9sistance \u00e0 l'eau<\/p>\n<\/li>\n<li class=\"\" data-start=\"2692\" data-end=\"2770\">\n<p class=\"\" data-start=\"2694\" data-end=\"2770\">Int\u00e9rieur doubl\u00e9 de polaire avec noyau thermique isol\u00e9 pour une protection contre le froid extr\u00eame<\/p>\n<\/li>\n<li class=\"\" data-start=\"2771\" data-end=\"2828\">\n<p class=\"\" data-start=\"2773\" data-end=\"2828\">Mouvement ind\u00e9pendant de l'index et du pouce pour le contr\u00f4le de la pr\u00e9hension<\/p>\n<\/li>\n<li class=\"\" data-start=\"2829\" data-end=\"2878\">\n<p class=\"\" data-start=\"2831\" data-end=\"2878\">Paume et pouce renforc\u00e9s pour une utilisation intensive<\/p>\n<\/li>\n<li class=\"\" data-start=\"2879\" data-end=\"2937\">\n<p class=\"\" data-start=\"2881\" data-end=\"2937\">Conception des articulations en accord\u00e9on pour une meilleure flexibilit\u00e9<\/p>\n<\/li>\n<li class=\"\" data-start=\"2938\" data-end=\"2985\">\n<p class=\"\" data-start=\"2940\" data-end=\"2985\">Panneau de pouce souple pour essuyer les lunettes ou le visage<\/p>\n<\/li>\n<li class=\"\" data-start=\"2986\" data-end=\"3047\">\n<p class=\"\" data-start=\"2988\" data-end=\"3047\">Poignet en velcro avec ajustement s\u00fbr et manchette int\u00e9rieure \u00e9lastique<\/p>\n<\/li>\n<li class=\"\" data-start=\"3048\" data-end=\"3118\">\n<p class=\"\" data-start=\"3050\" data-end=\"3118\">M\u00e9lange attrayant de cuir marron\/noir\/gris pour un look premium et robuste<\/p>\n<\/li>\n<li class=\"\" data-start=\"3119\" data-end=\"3195\">\n<p class=\"\" data-start=\"3121\" data-end=\"3195\">Convient pour le ski, le snowboard, la motoneige et le sauvetage en montagne<\/p>\n<\/li>\n<\/ul>\n<hr class=\"\" data-start=\"3197\" data-end=\"3200\" \/>\n<h3 class=\"\" data-start=\"3202\" data-end=\"3223\"><strong data-start=\"3206\" data-end=\"3223\">Applications :<\/strong><\/h3>\n<ul data-start=\"3225\" data-end=\"3497\">\n<li class=\"\" data-start=\"3225\" data-end=\"3257\">\n<p class=\"\" data-start=\"3227\" data-end=\"3257\">Ski alpin et snowboard<\/p>\n<\/li>\n<li class=\"\" data-start=\"3258\" data-end=\"3289\">\n<p class=\"\" data-start=\"3260\" data-end=\"3289\">Motoneige et VTT<\/p>\n<\/li>\n<li class=\"\" data-start=\"3290\" data-end=\"3330\">\n<p class=\"\" data-start=\"3292\" data-end=\"3330\">Randonn\u00e9e en haute altitude, alpinisme<\/p>\n<\/li>\n<li class=\"\" data-start=\"3331\" data-end=\"3379\">\n<p class=\"\" data-start=\"3333\" data-end=\"3379\">Patrouilleurs de ski, guides et travailleurs des champs d'hiver<\/p>\n<\/li>\n<li class=\"\" data-start=\"3380\" data-end=\"3431\">\n<p class=\"\" data-start=\"3382\" data-end=\"3431\">Magasins de vill\u00e9giature, de location et de sports de plein air<\/p>\n<\/li>\n<li class=\"\" data-start=\"3432\" data-end=\"3497\">\n<p class=\"\" data-start=\"3434\" data-end=\"3497\">Formation en plein air, personnel de s\u00e9curit\u00e9 et fonctionnement des \u00e9coles de ski<\/p>\n<\/li>\n<\/ul>\n<hr class=\"\" data-start=\"3499\" data-end=\"3502\" \/>\n<h3 class=\"\" data-start=\"3504\" data-end=\"3527\"><strong data-start=\"3508\" data-end=\"3527\">Sp\u00e9cifications :<\/strong><\/h3>\n<ul data-start=\"3529\" data-end=\"4047\">\n<li class=\"\" data-start=\"3529\" data-end=\"3580\">\n<p class=\"\" data-start=\"3531\" data-end=\"3580\">Ext\u00e9rieur : Cuir pleine fleur de premi\u00e8re qualit\u00e9 (multicolore)<\/p>\n<\/li>\n<li class=\"\" data-start=\"3581\" data-end=\"3633\">\n<p class=\"\" data-start=\"3583\" data-end=\"3633\">Int\u00e9rieur : Doublure en polaire douce + isolation thermique<\/p>\n<\/li>\n<li class=\"\" data-start=\"3634\" data-end=\"3670\">\n<p class=\"\" data-start=\"3636\" data-end=\"3670\">Forme : Moufles \u00e0 doigts fendus en forme de homard<\/p>\n<\/li>\n<li class=\"\" data-start=\"3671\" data-end=\"3740\">\n<p class=\"\" data-start=\"3673\" data-end=\"3740\">Tailles : S, M, L, XL, XXL (taille personnalis\u00e9e disponible pour les commandes en gros)<\/p>\n<\/li>\n<li class=\"\" data-start=\"3741\" data-end=\"3796\">\n<p class=\"\" data-start=\"3743\" data-end=\"3796\">Marque : RYINZ avec service optionnel de marque priv\u00e9e<\/p>\n<\/li>\n<li class=\"\" data-start=\"3797\" data-end=\"3844\">\n<p class=\"\" data-start=\"3799\" data-end=\"3844\">Manchette : N\u00e9opr\u00e8ne renforc\u00e9 avec bande Velcro<\/p>\n<\/li>\n<li class=\"\" data-start=\"3845\" data-end=\"3896\">\n<p class=\"\" data-start=\"3847\" data-end=\"3896\">Emballage : Polybag individuel ou bo\u00eete OEM personnalis\u00e9e<\/p>\n<\/li>\n<li class=\"\" data-start=\"3897\" data-end=\"3915\">\n<p class=\"\" data-start=\"3899\" data-end=\"3915\">MOQ : 300 paires<\/p>\n<\/li>\n<li class=\"\" data-start=\"3916\" data-end=\"3978\">\n<p class=\"\" data-start=\"3918\" data-end=\"3978\">Personnalisation : Logo, couleur, rev\u00eatement et emballage disponibles.<\/p>\n<\/li>\n<li class=\"\" data-start=\"3979\" data-end=\"4047\">\n<p class=\"\" data-start=\"3981\" data-end=\"4047\">Certification : CE EN388 et normes de r\u00e9sistance au froid sur demande<\/p>\n<\/li>\n<\/ul>","protected":false},"excerpt":{"rendered":"<p>Restez au chaud tout en gardant le contr\u00f4le gr\u00e2ce \u00e0 l'innovante <strong data-start=\"4161\" data-end=\"4195\">Moufles de ski RYINZ \u00e0 doigts fendus<\/strong> - Une conception hybride r\u00e9volutionnaire pour ceux qui recherchent \u00e0 la fois la performance et la chaleur. Ces gants combinent les avantages naturels de r\u00e9tention de la chaleur des moufles avec la dext\u00e9rit\u00e9 des gants gr\u00e2ce \u00e0 une construction intelligente \u00e0 doigts s\u00e9par\u00e9s, offrant une meilleure adh\u00e9rence et un meilleur mouvement dans des temp\u00e9ratures glaciales. Fabriqu\u00e9s en cuir de premi\u00e8re qualit\u00e9 et dot\u00e9s d'un rembourrage souple au niveau des articulations, d'une isolation thermique et de zones d'usure renforc\u00e9es, ils sont con\u00e7us pour tout affronter, des descentes dans l'arri\u00e8re-pays aux descentes glac\u00e9es. Que vous soyez un guide professionnel, un passionn\u00e9 d'alpinisme ou un d\u00e9taillant d'hiver, ces gants sont un choix de premier ordre pour une fonctionnalit\u00e9 robuste avec une touche de modernit\u00e9.<\/p>","protected":false},"featured_media":8948,"comment_status":"closed","ping_status":"closed","template":"","meta":[],"product_brand":[35],"product_cat":[57],"product_tag":[70,71],"class_list":{"0":"post-8909","1":"product","2":"type-product","3":"status-publish","4":"has-post-thumbnail","6":"product_brand-ryinz","7":"product_cat-ski-snowboarding-gloves","8":"product_tag-amara-patch-gloves","9":"product_tag-amara-patch-snow-gloves","11":"first","12":"instock","13":"taxable","14":"shipping-taxable","15":"purchasable","16":"product-type-simple"},"_links":{"self":[{"href":"https:\/\/ryinz.cz\/velkoobchod\/fr\/wp-json\/wp\/v2\/product\/8909","targetHints":{"allow":["GET"]}}],"collection":[{"href":"https:\/\/ryinz.cz\/velkoobchod\/fr\/wp-json\/wp\/v2\/product"}],"about":[{"href":"https:\/\/ryinz.cz\/velkoobchod\/fr\/wp-json\/wp\/v2\/types\/product"}],"replies":[{"embeddable":true,"href":"https:\/\/ryinz.cz\/velkoobchod\/fr\/wp-json\/wp\/v2\/comments?post=8909"}],"wp:featuredmedia":[{"embeddable":true,"href":"https:\/\/ryinz.cz\/velkoobchod\/fr\/wp-json\/wp\/v2\/media\/8948"}],"wp:attachment":[{"href":"https:\/\/ryinz.cz\/velkoobchod\/fr\/wp-json\/wp\/v2\/media?parent=8909"}],"wp:term":[{"taxonomy":"product_brand","embeddable":true,"href":"https:\/\/ryinz.cz\/velkoobchod\/fr\/wp-json\/wp\/v2\/product_brand?post=8909"},{"taxonomy":"product_cat","embeddable":true,"href":"https:\/\/ryinz.cz\/velkoobchod\/fr\/wp-json\/wp\/v2\/product_cat?post=8909"},{"taxonomy":"product_tag","embeddable":true,"href":"https:\/\/ryinz.cz\/velkoobchod\/fr\/wp-json\/wp\/v2\/product_tag?post=8909"}],"curies":[{"name":"wp","href":"https:\/\/api.w.org\/{rel}","templated":true}]}}