{"id":8908,"date":"2025-06-22T15:21:04","date_gmt":"2025-06-22T15:21:04","guid":{"rendered":"https:\/\/ryinz.cz\/velkoobchod\/?post_type=product&#038;p=8908"},"modified":"2026-01-18T20:16:45","modified_gmt":"2026-01-18T20:16:45","slug":"ryinz-art-print-waterproof-ski-snowboard-gloves-adjustable-strap-winter-gloves-with-stylish-graphic-design","status":"publish","type":"product","link":"https:\/\/ryinz.cz\/velkoobchod\/fr\/product\/ryinz-art-print-waterproof-ski-snowboard-gloves-adjustable-strap-winter-gloves-with-stylish-graphic-design\/","title":{"rendered":"RYINZ Art-Print Gants de ski et de snowboard imperm\u00e9ables - Gants d'hiver \u00e0 courroie ajustable avec design graphique stylis\u00e9"},"content":{"rendered":"<p class=\"\" data-start=\"326\" data-end=\"639\">Restez au chaud, \u00e9l\u00e9gant et prot\u00e9g\u00e9 sur les pistes avec le <strong data-start=\"383\" data-end=\"424\">RYINZ GSG-0502 Gants de ski et de snowboard<\/strong>, Ces gants sont con\u00e7us pour les sports d'hiver de haute performance et les aventures alpines. Ces gants sont plus qu'une simple protection - ils sont une affirmation de la personnalit\u00e9, avec des motifs uniques imprim\u00e9s qui vous distinguent en montagne.<\/p>\n<p class=\"\" data-start=\"641\" data-end=\"940\">Fabriqu\u00e9 \u00e0 partir de <strong data-start=\"655\" data-end=\"698\">coque en polyester durable et r\u00e9sistant \u00e0 l'eau<\/strong> Avec une paume en cuir PU renforc\u00e9, ces gants sont con\u00e7us pour r\u00e9sister au froid intense, \u00e0 la neige mouill\u00e9e et au vent. La doublure int\u00e9rieure est en polaire douce pour une r\u00e9tention thermique optimale et un confort tout au long de la journ\u00e9e dans des temp\u00e9ratures glaciales.<\/p>\n<p class=\"\" data-start=\"942\" data-end=\"1247\">Le point fort du mod\u00e8le GSG-0502 est son <strong data-start=\"985\" data-end=\"1021\">ext\u00e9rieur exclusif \u00e0 motifs multiples<\/strong>, Les gilets pare-balles sont disponibles dans diff\u00e9rents mod\u00e8les imprim\u00e9s num\u00e9riquement et inspir\u00e9s de l'art. Ces motifs visuels frappants refl\u00e8tent non seulement un style personnel, mais augmentent \u00e9galement la visibilit\u00e9 lors de la pratique du snowboard, du ski, de la motoneige et de la randonn\u00e9e en terrain enneig\u00e9.<\/p>\n<p class=\"\" data-start=\"1249\" data-end=\"1667\"><strong data-start=\"1249\" data-end=\"1277\">La performance au service du design<\/strong> avec une coupe ergonomique, des doigts pr\u00e9-courb\u00e9s et une sangle de poignet ferme et ajustable qui assure un bon maintien. Les gants sont dot\u00e9s d'un <strong data-start=\"1423\" data-end=\"1472\">sangle auto-agrippante avec boucle \u00e0 d\u00e9clenchement rapide<\/strong> pour maintenir les gants en place et r\u00e9duire le risque de p\u00e9n\u00e9tration de la neige. Un clip de verrouillage maintient la paire ensemble lorsqu'elle n'est pas utilis\u00e9e, et une dragonne optionnelle permet de ne jamais les faire tomber des remont\u00e9es m\u00e9caniques.<\/p>\n<p class=\"\" data-start=\"1669\" data-end=\"1947\">A l'int\u00e9rieur, les gants sont dot\u00e9s d'un <strong data-start=\"1702\" data-end=\"1742\">membrane respirante qui \u00e9vacue l'humidit\u00e9<\/strong> qui emp\u00eache la transpiration de s'accumuler pendant les activit\u00e9s intenses, tout en emp\u00eachant l'humidit\u00e9 ext\u00e9rieure de p\u00e9n\u00e9trer. Ils conviennent donc aux utilisateurs de sports d'hiver actifs en haute altitude qui exigent \u00e0 la fois confort et performance.<\/p>\n<p class=\"\" data-start=\"1949\" data-end=\"2224\">Ces gants sont id\u00e9aux pour un usage unisexe (hommes et femmes) et sont disponibles dans les tailles XS \u00e0 XXL. Que vous pr\u00e9pariez votre prochain voyage de ski dans les Alpes ou que vous recherchiez des gants fonctionnels et \u00e0 la mode pour votre magasin, <strong data-start=\"2169\" data-end=\"2187\">RYINZ GSG-0502<\/strong> offre une solution intelligente et originale.<\/p>\n<hr class=\"\" data-start=\"2226\" data-end=\"2229\" \/>\n<h3 class=\"\" data-start=\"2231\" data-end=\"2258\"><strong data-start=\"2235\" data-end=\"2258\">Points forts du produit :<\/strong><\/h3>\n<ul data-start=\"2260\" data-end=\"2823\">\n<li class=\"\" data-start=\"2260\" data-end=\"2325\">\n<p class=\"\" data-start=\"2262\" data-end=\"2325\">Coquille en polyester imperm\u00e9able et coupe-vent avec paume en cuir PU<\/p>\n<\/li>\n<li class=\"\" data-start=\"2326\" data-end=\"2396\">\n<p class=\"\" data-start=\"2328\" data-end=\"2396\">Ext\u00e9rieur multicolore imprim\u00e9 num\u00e9riquement avec de multiples options de design<\/p>\n<\/li>\n<li class=\"\" data-start=\"2397\" data-end=\"2442\">\n<p class=\"\" data-start=\"2399\" data-end=\"2442\">Doublure en polaire douce pour l'isolation thermique<\/p>\n<\/li>\n<li class=\"\" data-start=\"2443\" data-end=\"2493\">\n<p class=\"\" data-start=\"2445\" data-end=\"2493\">Sangle r\u00e9glable + syst\u00e8me de boucle \u00e0 d\u00e9gagement rapide<\/p>\n<\/li>\n<li class=\"\" data-start=\"2494\" data-end=\"2544\">\n<p class=\"\" data-start=\"2496\" data-end=\"2544\">Paume renforc\u00e9e pour une meilleure adh\u00e9rence et une plus grande durabilit\u00e9<\/p>\n<\/li>\n<li class=\"\" data-start=\"2545\" data-end=\"2591\">\n<p class=\"\" data-start=\"2547\" data-end=\"2591\">Membrane int\u00e9rieure respirante qui \u00e9vacue l'humidit\u00e9<\/p>\n<\/li>\n<li class=\"\" data-start=\"2592\" data-end=\"2633\">\n<p class=\"\" data-start=\"2594\" data-end=\"2633\">Clip de verrouillage et laisse de poignet en option<\/p>\n<\/li>\n<li class=\"\" data-start=\"2634\" data-end=\"2704\">\n<p class=\"\" data-start=\"2636\" data-end=\"2704\">Disponible en plusieurs versions graphiques (illustr\u00e9es sous l'image principale)<\/p>\n<\/li>\n<li class=\"\" data-start=\"2705\" data-end=\"2772\">\n<p class=\"\" data-start=\"2707\" data-end=\"2772\">Id\u00e9al pour le ski, le snowboard, la randonn\u00e9e hivernale et la motoneige<\/p>\n<\/li>\n<li class=\"\" data-start=\"2773\" data-end=\"2823\">\n<p class=\"\" data-start=\"2775\" data-end=\"2823\">Service de marquage OEM et de label priv\u00e9 disponible<\/p>\n<\/li>\n<\/ul>\n<hr class=\"\" data-start=\"2825\" data-end=\"2828\" \/>\n<h3 class=\"\" data-start=\"2830\" data-end=\"2851\"><strong data-start=\"2834\" data-end=\"2851\">Applications :<\/strong><\/h3>\n<ul data-start=\"2853\" data-end=\"3100\">\n<li class=\"\" data-start=\"2853\" data-end=\"2893\">\n<p class=\"\" data-start=\"2855\" data-end=\"2893\">Ski et snowboard de loisir<\/p>\n<\/li>\n<li class=\"\" data-start=\"2894\" data-end=\"2924\">\n<p class=\"\" data-start=\"2896\" data-end=\"2924\">Sports alpins professionnels<\/p>\n<\/li>\n<li class=\"\" data-start=\"2925\" data-end=\"2946\">\n<p class=\"\" data-start=\"2927\" data-end=\"2946\">Randonn\u00e9e en motoneige<\/p>\n<\/li>\n<li class=\"\" data-start=\"2947\" data-end=\"2978\">\n<p class=\"\" data-start=\"2949\" data-end=\"2978\">Trajets et voyages en hiver<\/p>\n<\/li>\n<li class=\"\" data-start=\"2979\" data-end=\"3015\">\n<p class=\"\" data-start=\"2981\" data-end=\"3015\">Exploration en plein air et trekking<\/p>\n<\/li>\n<li class=\"\" data-start=\"3016\" data-end=\"3059\">\n<p class=\"\" data-start=\"3018\" data-end=\"3059\">Moniteurs de ski et travailleurs des stations de sports d'hiver<\/p>\n<\/li>\n<li class=\"\" data-start=\"3060\" data-end=\"3100\">\n<p class=\"\" data-start=\"3062\" data-end=\"3100\">Des collections de v\u00eatements d'hiver \u00e0 la pointe de la mode<\/p>\n<\/li>\n<\/ul>\n<hr class=\"\" data-start=\"3102\" data-end=\"3105\" \/>\n<h3 class=\"\" data-start=\"3107\" data-end=\"3130\"><strong data-start=\"3111\" data-end=\"3130\">Sp\u00e9cifications :<\/strong><\/h3>\n<ul data-start=\"3132\" data-end=\"3608\">\n<li class=\"\" data-start=\"3132\" data-end=\"3193\">\n<p class=\"\" data-start=\"3134\" data-end=\"3193\">Mati\u00e8re : Polyester imperm\u00e9able, cuir PU, doublure polaire<\/p>\n<\/li>\n<li class=\"\" data-start=\"3194\" data-end=\"3264\">\n<p class=\"\" data-start=\"3196\" data-end=\"3264\">Tailles : XS, S, M, L, XL, XXL (taille personnalis\u00e9e disponible pour les commandes en gros)<\/p>\n<\/li>\n<li class=\"\" data-start=\"3265\" data-end=\"3330\">\n<p class=\"\" data-start=\"3267\" data-end=\"3330\">Couleurs\/dessins : Impressions graphiques modernes assorties (OEM disponible)<\/p>\n<\/li>\n<li class=\"\" data-start=\"3331\" data-end=\"3384\">\n<p class=\"\" data-start=\"3333\" data-end=\"3384\">Fermeture : sangle auto-agrippante avec boucle r\u00e9glable<\/p>\n<\/li>\n<li class=\"\" data-start=\"3385\" data-end=\"3437\">\n<p class=\"\" data-start=\"3387\" data-end=\"3437\">Marquage : Logo RYINZ standard ou personnalis\u00e9<\/p>\n<\/li>\n<li class=\"\" data-start=\"3438\" data-end=\"3473\">\n<p class=\"\" data-start=\"3440\" data-end=\"3473\">Certifications : CE EN388, EN511<\/p>\n<\/li>\n<li class=\"\" data-start=\"3474\" data-end=\"3514\">\n<p class=\"\" data-start=\"3476\" data-end=\"3514\">Emballage : Polybag ou bo\u00eete de vente au d\u00e9tail OEM<\/p>\n<\/li>\n<li class=\"\" data-start=\"3515\" data-end=\"3537\">\n<p class=\"\" data-start=\"3517\" data-end=\"3537\">MOQ : 300-500 paires<\/p>\n<\/li>\n<li class=\"\" data-start=\"3538\" data-end=\"3608\">\n<p class=\"\" data-start=\"3540\" data-end=\"3608\">Compl\u00e9ments optionnels : Index \u00e0 \u00e9cran tactile, poche thermique, dragonne<\/p>\n<\/li>\n<\/ul>","protected":false},"excerpt":{"rendered":"<p>Les gants RYINZ GSG-0502 sont votre compagnon d'hiver id\u00e9al, alliant chaleur, imperm\u00e9abilit\u00e9 et attrait visuel. Con\u00e7us pour les amateurs de sports d'hiver, ces gants sont dot\u00e9s d'une doublure en polaire respirante, d'une paume en cuir PU et d'une tige imprim\u00e9e num\u00e9riquement. La sangle \u00e0 boucle r\u00e9glable assure un ajustement parfait, tandis que le design graphique distingue votre look sur les pistes. Parfaites pour le ski, le snowboard ou les explorations par temps froid. Disponible en plusieurs mod\u00e8les et tailles, avec un support OEM complet pour les acheteurs d'Europe et d'ailleurs.<\/p>","protected":false},"featured_media":8951,"comment_status":"closed","ping_status":"closed","template":"","meta":[],"product_brand":[35],"product_cat":[57],"product_tag":[66,58,67],"class_list":{"0":"post-8908","1":"product","2":"type-product","3":"status-publish","4":"has-post-thumbnail","6":"product_brand-ryinz","7":"product_cat-ski-snowboarding-gloves","8":"product_tag-adjustable-winter-gloves","9":"product_tag-cowhide-leather-gloves","10":"product_tag-stretch-fabric-gloves","12":"first","13":"instock","14":"taxable","15":"shipping-taxable","16":"purchasable","17":"product-type-simple"},"_links":{"self":[{"href":"https:\/\/ryinz.cz\/velkoobchod\/fr\/wp-json\/wp\/v2\/product\/8908","targetHints":{"allow":["GET"]}}],"collection":[{"href":"https:\/\/ryinz.cz\/velkoobchod\/fr\/wp-json\/wp\/v2\/product"}],"about":[{"href":"https:\/\/ryinz.cz\/velkoobchod\/fr\/wp-json\/wp\/v2\/types\/product"}],"replies":[{"embeddable":true,"href":"https:\/\/ryinz.cz\/velkoobchod\/fr\/wp-json\/wp\/v2\/comments?post=8908"}],"wp:featuredmedia":[{"embeddable":true,"href":"https:\/\/ryinz.cz\/velkoobchod\/fr\/wp-json\/wp\/v2\/media\/8951"}],"wp:attachment":[{"href":"https:\/\/ryinz.cz\/velkoobchod\/fr\/wp-json\/wp\/v2\/media?parent=8908"}],"wp:term":[{"taxonomy":"product_brand","embeddable":true,"href":"https:\/\/ryinz.cz\/velkoobchod\/fr\/wp-json\/wp\/v2\/product_brand?post=8908"},{"taxonomy":"product_cat","embeddable":true,"href":"https:\/\/ryinz.cz\/velkoobchod\/fr\/wp-json\/wp\/v2\/product_cat?post=8908"},{"taxonomy":"product_tag","embeddable":true,"href":"https:\/\/ryinz.cz\/velkoobchod\/fr\/wp-json\/wp\/v2\/product_tag?post=8908"}],"curies":[{"name":"wp","href":"https:\/\/api.w.org\/{rel}","templated":true}]}}