{"id":8907,"date":"2025-06-22T15:21:04","date_gmt":"2025-06-22T15:21:04","guid":{"rendered":"https:\/\/ryinz.cz\/velkoobchod\/?post_type=product&#038;p=8907"},"modified":"2026-01-18T20:16:45","modified_gmt":"2026-01-18T20:16:45","slug":"ryinz-all-weather-snow-ski-gloves-reinforced-thermal-winter-gloves-with-adjustable-cuffs-for-men-women","status":"publish","type":"product","link":"https:\/\/ryinz.cz\/velkoobchod\/fr\/product\/ryinz-all-weather-snow-ski-gloves-reinforced-thermal-winter-gloves-with-adjustable-cuffs-for-men-women\/","title":{"rendered":"RYINZ All-Weather Snow &amp; Ski Gloves - Gants d'hiver thermiques renforc\u00e9s avec poignets ajustables pour hommes et femmes"},"content":{"rendered":"<p class=\"\" data-start=\"325\" data-end=\"664\">Con\u00e7ue pour ceux qui vivent de la montagne, la <strong data-start=\"376\" data-end=\"415\">Gants de ski et de neige tous temps RYINZ<\/strong> offrent le nec plus ultra en mati\u00e8re de protection, de confort et de performance par temps froid. Que ce soit pour d\u00e9valer les pistes, faire de la raquette sur des sentiers glac\u00e9s ou travailler \u00e0 l'ext\u00e9rieur dans le froid, ces gants sont con\u00e7us pour vous garder au sec, au chaud et en pleine possession de vos moyens.<\/p>\n<p class=\"\" data-start=\"666\" data-end=\"1135\">Fabriqu\u00e9 en <strong data-start=\"679\" data-end=\"733\">cuir synth\u00e9tique renforc\u00e9 et tissu r\u00e9sistant<\/strong>, Ces gants offrent une durabilit\u00e9 et une r\u00e9sistance \u00e0 l'abrasion exceptionnelles, m\u00eame dans les conditions hivernales les plus rudes. La coque ext\u00e9rieure r\u00e9siste au vent et \u00e0 l'humidit\u00e9, tandis que la paume et le bout des doigts sont renforc\u00e9s par des mat\u00e9riaux r\u00e9sistants \u00e0 l'usure, pour une meilleure adh\u00e9rence et une plus grande long\u00e9vit\u00e9. Leur design \u00e9l\u00e9gant et moderne, en deux tons de gris, est \u00e0 la fois styl\u00e9 et robuste, ce qui en fait la solution id\u00e9ale pour les amateurs de sport et les professionnels des activit\u00e9s de plein air.<\/p>\n<p class=\"\" data-start=\"1137\" data-end=\"1547\">L'int\u00e9rieur du gant pr\u00e9sente les caract\u00e9ristiques suivantes <strong data-start=\"1172\" data-end=\"1214\">un syst\u00e8me d'isolation thermique multicouche<\/strong>, L'isolation en couche interm\u00e9diaire cr\u00e9e une barri\u00e8re thermique contre les vents glac\u00e9s et la neige mouill\u00e9e. Une doublure douce au toucher assure un confort tout au long de la journ\u00e9e, tandis que l'isolation interm\u00e9diaire cr\u00e9e une barri\u00e8re thermique contre les vents glac\u00e9s et la neige mouill\u00e9e. Ces gants retiennent la chaleur et \u00e9vacuent l'humidit\u00e9, emp\u00eachant la transpiration de s'accumuler et gardant vos mains confortablement au sec pendant les longues journ\u00e9es de neige.<\/p>\n<p class=\"\" data-start=\"1549\" data-end=\"2017\">Un <strong data-start=\"1552\" data-end=\"1578\">sangle de poignet r\u00e9glable<\/strong> et <strong data-start=\"1583\" data-end=\"1605\">cordon \u00e9lastique<\/strong> au niveau de la manchette vous permettent de personnaliser l'ajustement et d'emp\u00eacher la neige, la glace et le vent de p\u00e9n\u00e9trer. Ces gants s'adaptent parfaitement aux manches des vestes, ce qui les rend id\u00e9aux pour le snowboard, le ski, la randonn\u00e9e ou la motoneige. Les gants <strong data-start=\"1812\" data-end=\"1840\">conception pr\u00e9-courb\u00e9e des doigts<\/strong> imite les mouvements naturels de la main pour une prise en main sans fatigue et une meilleure dext\u00e9rit\u00e9, que vous utilisiez des b\u00e2tons, du mat\u00e9riel ou des t\u00e9l\u00e9phones avec une option d'embout sensible \u00e0 l'\u00e9cran tactile (personnalis\u00e9 disponible).<\/p>\n<p class=\"\" data-start=\"2019\" data-end=\"2330\">En outre, le dos de la main pr\u00e9sente les caract\u00e9ristiques suivantes <strong data-start=\"2063\" data-end=\"2103\">panneaux renforc\u00e9s et zones rembourr\u00e9es<\/strong>, La manchette pleine longueur est con\u00e7ue pour passer par-dessus les manches afin d'assurer une protection maximale contre les intemp\u00e9ries. La manchette pleine longueur est con\u00e7ue pour passer par-dessus les manches pour une protection maximale contre les intemp\u00e9ries, et la construction l\u00e9g\u00e8re \u00e9vite les mouvements encombrants et rigides tout en pr\u00e9servant la structure.<\/p>\n<p class=\"\" data-start=\"2332\" data-end=\"2536\">Id\u00e9al pour <strong data-start=\"2342\" data-end=\"2359\">hommes et femmes<\/strong>, le <strong data-start=\"2365\" data-end=\"2404\">Gants de ski et de neige tous temps RYINZ<\/strong> sont la combinaison parfaite de performance, de protection et de confort - con\u00e7ues \u00e0 la fois pour les loisirs et le travail professionnel en hiver.<\/p>\n<hr class=\"\" data-start=\"2538\" data-end=\"2541\" \/>\n<h3 class=\"\" data-start=\"2543\" data-end=\"2570\"><strong data-start=\"2547\" data-end=\"2570\">Points forts du produit :<\/strong><\/h3>\n<ul data-start=\"2572\" data-end=\"3128\">\n<li class=\"\" data-start=\"2572\" data-end=\"2625\">\n<p class=\"\" data-start=\"2574\" data-end=\"2625\">Tissu ext\u00e9rieur r\u00e9sistant \u00e0 l'eau et au vent<\/p>\n<\/li>\n<li class=\"\" data-start=\"2626\" data-end=\"2687\">\n<p class=\"\" data-start=\"2628\" data-end=\"2687\">Paume en cuir synth\u00e9tique durable avec zones d'usure renforc\u00e9es<\/p>\n<\/li>\n<li class=\"\" data-start=\"2688\" data-end=\"2743\">\n<p class=\"\" data-start=\"2690\" data-end=\"2743\">Isolation multicouche pour la chaleur et la respirabilit\u00e9<\/p>\n<\/li>\n<li class=\"\" data-start=\"2744\" data-end=\"2779\">\n<p class=\"\" data-start=\"2746\" data-end=\"2779\">Doublure bross\u00e9e douce pour le confort<\/p>\n<\/li>\n<li class=\"\" data-start=\"2780\" data-end=\"2839\">\n<p class=\"\" data-start=\"2782\" data-end=\"2839\">Sangle de poignet r\u00e9glable + cordon de serrage pour une bonne \u00e9tanch\u00e9it\u00e9 \u00e0 la neige<\/p>\n<\/li>\n<li class=\"\" data-start=\"2840\" data-end=\"2897\">\n<p class=\"\" data-start=\"2842\" data-end=\"2897\">La manchette prolong\u00e9e de type gantelet s'adapte aux manches de la veste.<\/p>\n<\/li>\n<li class=\"\" data-start=\"2898\" data-end=\"2946\">\n<p class=\"\" data-start=\"2900\" data-end=\"2946\">Doigts pr\u00e9-courb\u00e9s pour un mouvement naturel de la main<\/p>\n<\/li>\n<li class=\"\" data-start=\"2947\" data-end=\"3011\">\n<p class=\"\" data-start=\"2949\" data-end=\"3011\">Design moderne bicolore (gris clair\/gris fonc\u00e9) pour un attrait unisexe<\/p>\n<\/li>\n<li class=\"\" data-start=\"3012\" data-end=\"3072\">\n<p class=\"\" data-start=\"3014\" data-end=\"3072\">Assez r\u00e9sistant pour l'arri\u00e8re-pays, assez \u00e9l\u00e9gant pour les stations de sports d'hiver<\/p>\n<\/li>\n<li class=\"\" data-start=\"3073\" data-end=\"3128\">\n<p class=\"\" data-start=\"3075\" data-end=\"3128\">Convient pour le sport, le sauvetage et le travail par temps froid<\/p>\n<\/li>\n<\/ul>\n<hr class=\"\" data-start=\"3130\" data-end=\"3133\" \/>\n<h3 class=\"\" data-start=\"3135\" data-end=\"3156\"><strong data-start=\"3139\" data-end=\"3156\">Applications :<\/strong><\/h3>\n<ul data-start=\"3158\" data-end=\"3415\">\n<li class=\"\" data-start=\"3158\" data-end=\"3185\">\n<p class=\"\" data-start=\"3160\" data-end=\"3185\">Ski et snowboard<\/p>\n<\/li>\n<li class=\"\" data-start=\"3186\" data-end=\"3218\">\n<p class=\"\" data-start=\"3188\" data-end=\"3218\">Trekking sur glace, alpinisme<\/p>\n<\/li>\n<li class=\"\" data-start=\"3219\" data-end=\"3253\">\n<p class=\"\" data-start=\"3221\" data-end=\"3253\">Motoneige et v\u00e9lo d'hiver<\/p>\n<\/li>\n<li class=\"\" data-start=\"3254\" data-end=\"3293\">\n<p class=\"\" data-start=\"3256\" data-end=\"3293\">Entreposage frigorifique ou travaux d'hiver en plein air<\/p>\n<\/li>\n<li class=\"\" data-start=\"3294\" data-end=\"3326\">\n<p class=\"\" data-start=\"3296\" data-end=\"3326\">Sauvetage alpin et patrouille \u00e0 ski<\/p>\n<\/li>\n<li class=\"\" data-start=\"3327\" data-end=\"3369\">\n<p class=\"\" data-start=\"3329\" data-end=\"3369\">Manipulation d'\u00e9quipements dans des environnements glac\u00e9s<\/p>\n<\/li>\n<li class=\"\" data-start=\"3370\" data-end=\"3415\">\n<p class=\"\" data-start=\"3372\" data-end=\"3415\">Vente au d\u00e9tail de v\u00eatements de sport d'ext\u00e9rieur et location de mat\u00e9riel<\/p>\n<\/li>\n<\/ul>\n<hr class=\"\" data-start=\"3417\" data-end=\"3420\" \/>\n<h3 class=\"\" data-start=\"3422\" data-end=\"3445\"><strong data-start=\"3426\" data-end=\"3445\">Sp\u00e9cifications :<\/strong><\/h3>\n<ul data-start=\"3447\" data-end=\"3911\">\n<li class=\"\" data-start=\"3447\" data-end=\"3489\">\n<p class=\"\" data-start=\"3449\" data-end=\"3489\">Mati\u00e8re : Polyester, cuir synth\u00e9tique<\/p>\n<\/li>\n<li class=\"\" data-start=\"3490\" data-end=\"3540\">\n<p class=\"\" data-start=\"3492\" data-end=\"3540\">Isolation : Doublure bross\u00e9e + couche interm\u00e9diaire thermique<\/p>\n<\/li>\n<li class=\"\" data-start=\"3541\" data-end=\"3594\">\n<p class=\"\" data-start=\"3543\" data-end=\"3594\">Tailles : S, M, L, XL, XXL (taille personnalis\u00e9e disponible)<\/p>\n<\/li>\n<li class=\"\" data-start=\"3595\" data-end=\"3624\">\n<p class=\"\" data-start=\"3597\" data-end=\"3624\">Forme : Coupe ergonomique unisexe<\/p>\n<\/li>\n<li class=\"\" data-start=\"3625\" data-end=\"3682\">\n<p class=\"\" data-start=\"3627\" data-end=\"3682\">Fermeture : Sangle velcro r\u00e9glable + poignet \u00e0 fermoir \u00e0 bascule<\/p>\n<\/li>\n<li class=\"\" data-start=\"3683\" data-end=\"3738\">\n<p class=\"\" data-start=\"3685\" data-end=\"3738\">Marquage : RYINZ standard ou marque priv\u00e9e disponible<\/p>\n<\/li>\n<li class=\"\" data-start=\"3739\" data-end=\"3788\">\n<p class=\"\" data-start=\"3741\" data-end=\"3788\">Personnalisation : Logo, sch\u00e9ma de couleurs, type de doublure<\/p>\n<\/li>\n<li class=\"\" data-start=\"3789\" data-end=\"3807\">\n<p class=\"\" data-start=\"3791\" data-end=\"3807\">MOQ : 300 paires<\/p>\n<\/li>\n<li class=\"\" data-start=\"3808\" data-end=\"3859\">\n<p class=\"\" data-start=\"3810\" data-end=\"3859\">Certification : Disponible sur demande (CE, EN388)<\/p>\n<\/li>\n<li class=\"\" data-start=\"3860\" data-end=\"3911\">\n<p class=\"\" data-start=\"3862\" data-end=\"3911\">Emballage : Polybag individuel ou bo\u00eete personnalis\u00e9e<\/p>\n<\/li>\n<\/ul>","protected":false},"excerpt":{"rendered":"<p>Restez \u00e0 l'aise et confiant sur la neige avec <strong data-start=\"4018\" data-end=\"4057\">Gants de ski et de neige tous temps RYINZ<\/strong> - Des gants pr\u00eats pour l'hiver, con\u00e7us pour des performances s\u00e9rieuses dans des conditions extr\u00eames. Ces gants combinent une coque ext\u00e9rieure r\u00e9sistante avec une isolation thermique et une doublure confort, assurant une protection fiable contre le vent, la neige et l'humidit\u00e9. Leur manchette longue offre une couverture suppl\u00e9mentaire, tandis que la sangle ajustable et le serrage au poignet les maintiennent bien en place. La paume renforc\u00e9e am\u00e9liore l'adh\u00e9rence, tandis que les zones rembourr\u00e9es et les doigts pr\u00e9-courb\u00e9s augmentent la flexibilit\u00e9 et la protection. Id\u00e9aux pour le ski, le snowboard, la motoneige et les travaux par temps froid, ces gants sont con\u00e7us pour les hommes et les femmes qui recherchent \u00e0 la fois style et performance.<\/p>","protected":false},"featured_media":8947,"comment_status":"closed","ping_status":"closed","template":"","meta":[],"product_brand":[35],"product_cat":[57],"product_tag":[63,65],"class_list":{"0":"post-8907","1":"product","2":"type-product","3":"status-publish","4":"has-post-thumbnail","6":"product_brand-ryinz","7":"product_cat-ski-snowboarding-gloves","8":"product_tag-adjustable-snowboarding-gloves","9":"product_tag-cordura-ski-gloves","11":"first","12":"instock","13":"taxable","14":"shipping-taxable","15":"purchasable","16":"product-type-simple"},"_links":{"self":[{"href":"https:\/\/ryinz.cz\/velkoobchod\/fr\/wp-json\/wp\/v2\/product\/8907","targetHints":{"allow":["GET"]}}],"collection":[{"href":"https:\/\/ryinz.cz\/velkoobchod\/fr\/wp-json\/wp\/v2\/product"}],"about":[{"href":"https:\/\/ryinz.cz\/velkoobchod\/fr\/wp-json\/wp\/v2\/types\/product"}],"replies":[{"embeddable":true,"href":"https:\/\/ryinz.cz\/velkoobchod\/fr\/wp-json\/wp\/v2\/comments?post=8907"}],"wp:featuredmedia":[{"embeddable":true,"href":"https:\/\/ryinz.cz\/velkoobchod\/fr\/wp-json\/wp\/v2\/media\/8947"}],"wp:attachment":[{"href":"https:\/\/ryinz.cz\/velkoobchod\/fr\/wp-json\/wp\/v2\/media?parent=8907"}],"wp:term":[{"taxonomy":"product_brand","embeddable":true,"href":"https:\/\/ryinz.cz\/velkoobchod\/fr\/wp-json\/wp\/v2\/product_brand?post=8907"},{"taxonomy":"product_cat","embeddable":true,"href":"https:\/\/ryinz.cz\/velkoobchod\/fr\/wp-json\/wp\/v2\/product_cat?post=8907"},{"taxonomy":"product_tag","embeddable":true,"href":"https:\/\/ryinz.cz\/velkoobchod\/fr\/wp-json\/wp\/v2\/product_tag?post=8907"}],"curies":[{"name":"wp","href":"https:\/\/api.w.org\/{rel}","templated":true}]}}