{"id":8906,"date":"2025-06-22T15:21:04","date_gmt":"2025-06-22T15:21:04","guid":{"rendered":"https:\/\/ryinz.cz\/velkoobchod\/?post_type=product&#038;p=8906"},"modified":"2026-01-18T20:16:44","modified_gmt":"2026-01-18T20:16:44","slug":"ryinz-extreme-cold-weather-ski-snowboarding-gloves-windproof-waterproof-insulated-winter-gloves-with-wrist-strap","status":"publish","type":"product","link":"https:\/\/ryinz.cz\/velkoobchod\/fr\/product\/ryinz-extreme-cold-weather-ski-snowboarding-gloves-windproof-waterproof-insulated-winter-gloves-with-wrist-strap\/","title":{"rendered":"RYINZ Extreme Cold Weather Ski &amp; Snowboarding Gloves - Gants d'hiver coupe-vent, imperm\u00e9ables et isol\u00e9s avec dragonne"},"content":{"rendered":"<p class=\"\" data-start=\"346\" data-end=\"701\">B\u00e9n\u00e9ficiez de performances optimales et d'une protection exceptionnelle dans les environnements hivernaux difficiles avec le <strong data-start=\"439\" data-end=\"504\">RYINZ MSG-0064 Gants de ski et de snowboard pour temps froid extr\u00eame<\/strong>. Ces gants sont con\u00e7us pour les athl\u00e8tes, les travailleurs en ext\u00e9rieur, les amateurs de sports de neige et les voyageurs alpins qui exigent chaleur, fonctionnalit\u00e9 et durabilit\u00e9 \u00e0 long terme par des temp\u00e9ratures inf\u00e9rieures \u00e0 z\u00e9ro.<\/p>\n<p class=\"\" data-start=\"703\" data-end=\"1106\">Construit avec un <strong data-start=\"722\" data-end=\"744\">syst\u00e8me \u00e0 trois couches<\/strong>, Ces gants sont dot\u00e9s d'un <strong data-start=\"769\" data-end=\"807\">enveloppe ext\u00e9rieure en nylon r\u00e9sistant et imperm\u00e9able<\/strong>, a <strong data-start=\"811\" data-end=\"848\">paume en cuir synth\u00e9tique renforc\u00e9<\/strong>, et un <strong data-start=\"856\" data-end=\"894\">doublure int\u00e9rieure en polaire isol\u00e9e<\/strong> pour une protection maximale contre le vent, l'humidit\u00e9 et le froid glacial. Que vous fassiez du ski, du snowboard, du pelletage de neige ou de la randonn\u00e9e en montagne, le MSG-0064 offre une fiabilit\u00e9 et une chaleur in\u00e9branlables.<\/p>\n<p class=\"\" data-start=\"1108\" data-end=\"1434\">La zone de la paume de la main est orn\u00e9e de <strong data-start=\"1138\" data-end=\"1162\">cuir PU \u00e0 forte adh\u00e9rence<\/strong>, Les renforts strat\u00e9giques \u00e0 la base de la paume et au bout des doigts renforcent les zones d'usure, ce qui conf\u00e8re \u00e0 ces gants une long\u00e9vit\u00e9 exceptionnelle dans des conditions d'utilisation difficiles. Des renforts strat\u00e9giques \u00e0 la base de la paume et au bout des doigts renforcent les zones d'usure, ce qui rend ces gants exceptionnellement durables pour une utilisation active dans des conditions difficiles.<\/p>\n<p class=\"\" data-start=\"1436\" data-end=\"1770\">En interne, les gants comprennent un <strong data-start=\"1469\" data-end=\"1511\">membrane respirante et thermor\u00e9tractable<\/strong>, L'air chaud est emprisonn\u00e9 \u00e0 l'int\u00e9rieur, ce qui permet \u00e0 l'humidit\u00e9 de s'\u00e9chapper. Cela cr\u00e9e un microclimat optimal pour vos mains, m\u00eame en cas d'exposition prolong\u00e9e \u00e0 l'ext\u00e9rieur. Les <strong data-start=\"1672\" data-end=\"1695\">doublure douce et bross\u00e9e<\/strong> offre une sensation de confort et pr\u00e9vient les frottements ou les irritations lors d'une utilisation prolong\u00e9e.<\/p>\n<p class=\"\" data-start=\"1772\" data-end=\"2067\">Les gants MSG-0064 pr\u00e9sentent \u00e9galement les caract\u00e9ristiques suivantes <strong data-start=\"1805\" data-end=\"1847\">Poignets allong\u00e9s avec fermetures \u00e0 cordon de serrage<\/strong> et <strong data-start=\"1852\" data-end=\"1879\">sangles de poignet r\u00e9glables<\/strong>, Le syst\u00e8me d'\u00e9tanch\u00e9it\u00e9 \u00e0 la neige et au vent est tr\u00e8s efficace. Un syst\u00e8me de <strong data-start=\"1947\" data-end=\"1991\">sangle \u00e0 boucle r\u00e9glable au niveau du poignet<\/strong> assure un maintien s\u00fbr et emp\u00eache le glissement, m\u00eame en cas d'activit\u00e9 rapide.<\/p>\n<p class=\"\" data-start=\"2069\" data-end=\"2305\">En outre, les gants sont fournis avec <strong data-start=\"2104\" data-end=\"2144\">des clips de verrouillage pour maintenir les paires ensemble<\/strong> et sont compatibles avec les laisses de poignet pour une s\u00e9curit\u00e9 accrue sur les remont\u00e9es m\u00e9caniques. Le logo r\u00e9fl\u00e9chissant augmente la visibilit\u00e9 dans des conditions de faible luminosit\u00e9 pour une s\u00e9curit\u00e9 accrue.<\/p>\n<p class=\"\" data-start=\"2307\" data-end=\"2603\">Con\u00e7ue dans un souci de performance, la forme ergonomique de ces gants garantit souplesse et dext\u00e9rit\u00e9 tout en assurant l'isolation. Ils sont id\u00e9aux pour <strong data-start=\"2463\" data-end=\"2526\">skieurs, snowboarders, travailleurs en climat froid, randonneurs en montagne<\/strong>, et tous ceux qui ont besoin de gants thermiques fiables pour les environnements les plus froids.<\/p>\n<p class=\"\" data-start=\"2605\" data-end=\"2795\">Avec un design unisexe et une disponibilit\u00e9 en plusieurs tailles, le <strong data-start=\"2666\" data-end=\"2684\">RYINZ MSG-0064<\/strong> est un choix de premier ordre pour les revendeurs de mat\u00e9riel de sports d'hiver, les pourvoyeurs de montagne ou les personnes qui souhaitent am\u00e9liorer leur \u00e9quipement personnel pour les temps froids.<\/p>\n<hr class=\"\" data-start=\"2797\" data-end=\"2800\" \/>\n<h3 class=\"\" data-start=\"2802\" data-end=\"2829\"><strong data-start=\"2806\" data-end=\"2829\">Points forts du produit :<\/strong><\/h3>\n<ul data-start=\"2831\" data-end=\"3515\">\n<li class=\"\" data-start=\"2831\" data-end=\"2929\">\n<p class=\"\" data-start=\"2833\" data-end=\"2929\">Protection triple couche : Coque ext\u00e9rieure imperm\u00e9able, isolation chaude et doublure int\u00e9rieure en polaire douce<\/p>\n<\/li>\n<li class=\"\" data-start=\"2930\" data-end=\"2989\">\n<p class=\"\" data-start=\"2932\" data-end=\"2989\">Paume en cuir PU \u00e0 forte adh\u00e9rence avec zones de contact renforc\u00e9es<\/p>\n<\/li>\n<li class=\"\" data-start=\"2990\" data-end=\"3065\">\n<p class=\"\" data-start=\"2992\" data-end=\"3065\">Coupe-vent et \u00e9tanch\u00e9it\u00e9 \u00e0 la neige avec poignet r\u00e9glable et manchette allong\u00e9e<\/p>\n<\/li>\n<li class=\"\" data-start=\"3066\" data-end=\"3136\">\n<p class=\"\" data-start=\"3068\" data-end=\"3136\">Membrane int\u00e9rieure respirante et \u00e9vacuant l'humidit\u00e9 pour plus de s\u00e9cheresse et de confort<\/p>\n<\/li>\n<li class=\"\" data-start=\"3137\" data-end=\"3224\">\n<p class=\"\" data-start=\"3139\" data-end=\"3224\">Sangle \u00e0 boucle de poignet s\u00e9curis\u00e9e + clips de verrouillage + cordon de serrage pour une protection compl\u00e8te<\/p>\n<\/li>\n<li class=\"\" data-start=\"3225\" data-end=\"3281\">\n<p class=\"\" data-start=\"3227\" data-end=\"3281\">Conception ergonomique pour la flexibilit\u00e9 et le mouvement des doigts<\/p>\n<\/li>\n<li class=\"\" data-start=\"3282\" data-end=\"3349\">\n<p class=\"\" data-start=\"3284\" data-end=\"3349\">Logo RYINZ r\u00e9fl\u00e9chissant pour une meilleure visibilit\u00e9 la nuit ou en cas de temp\u00eate de neige<\/p>\n<\/li>\n<li class=\"\" data-start=\"3350\" data-end=\"3448\">\n<p class=\"\" data-start=\"3352\" data-end=\"3448\">Convient pour le snowboard, le ski, la randonn\u00e9e hivernale, le pelletage de neige ou le travail par temps froid en g\u00e9n\u00e9ral.<\/p>\n<\/li>\n<li class=\"\" data-start=\"3449\" data-end=\"3515\">\n<p class=\"\" data-start=\"3451\" data-end=\"3515\">Disponible en noir\/gris et personnalisable avec un \u00e9tiquetage priv\u00e9<\/p>\n<\/li>\n<\/ul>\n<hr class=\"\" data-start=\"3517\" data-end=\"3520\" \/>\n<h3 class=\"\" data-start=\"3522\" data-end=\"3543\"><strong data-start=\"3526\" data-end=\"3543\">Applications :<\/strong><\/h3>\n<ul data-start=\"3545\" data-end=\"3891\">\n<li class=\"\" data-start=\"3545\" data-end=\"3583\">\n<p class=\"\" data-start=\"3547\" data-end=\"3583\">Ski et snowboard de loisir<\/p>\n<\/li>\n<li class=\"\" data-start=\"3584\" data-end=\"3632\">\n<p class=\"\" data-start=\"3586\" data-end=\"3632\">Sports d'hiver en plein air et exp\u00e9ditions alpines<\/p>\n<\/li>\n<li class=\"\" data-start=\"3633\" data-end=\"3677\">\n<p class=\"\" data-start=\"3635\" data-end=\"3677\">Travaux industriels et ext\u00e9rieurs en climat froid<\/p>\n<\/li>\n<li class=\"\" data-start=\"3678\" data-end=\"3721\">\n<p class=\"\" data-start=\"3680\" data-end=\"3721\">Op\u00e9rations militaires et tactiques en hiver<\/p>\n<\/li>\n<li class=\"\" data-start=\"3722\" data-end=\"3760\">\n<p class=\"\" data-start=\"3724\" data-end=\"3760\">Randonn\u00e9e en motoneige et tra\u00eeneau \u00e0 chiens<\/p>\n<\/li>\n<li class=\"\" data-start=\"3761\" data-end=\"3801\">\n<p class=\"\" data-start=\"3763\" data-end=\"3801\">Randonn\u00e9e, trekking et alpinisme<\/p>\n<\/li>\n<li class=\"\" data-start=\"3802\" data-end=\"3849\">\n<p class=\"\" data-start=\"3804\" data-end=\"3849\">Utilisation d'entrep\u00f4ts frigorifiques<\/p>\n<\/li>\n<li class=\"\" data-start=\"3850\" data-end=\"3891\">\n<p class=\"\" data-start=\"3852\" data-end=\"3891\">Police, sauvetage et personnel d'urgence<\/p>\n<\/li>\n<\/ul>\n<hr class=\"\" data-start=\"3893\" data-end=\"3896\" \/>\n<h3 class=\"\" data-start=\"3898\" data-end=\"3921\"><strong data-start=\"3902\" data-end=\"3921\">Sp\u00e9cifications :<\/strong><\/h3>\n<ul data-start=\"3923\" data-end=\"4431\">\n<li class=\"\" data-start=\"3923\" data-end=\"3942\">\n<p class=\"\" data-start=\"3925\" data-end=\"3942\">Mod\u00e8le : MSG-0064<\/p>\n<\/li>\n<li class=\"\" data-start=\"3943\" data-end=\"4017\">\n<p class=\"\" data-start=\"3945\" data-end=\"4017\">Mat\u00e9riaux : Nylon imperm\u00e9able, cuir synth\u00e9tique PU, polaire bross\u00e9e douce<\/p>\n<\/li>\n<li class=\"\" data-start=\"4018\" data-end=\"4049\">\n<p class=\"\" data-start=\"4020\" data-end=\"4049\">Tailles : XS, S, M, L, XL, XXL<\/p>\n<\/li>\n<li class=\"\" data-start=\"4050\" data-end=\"4122\">\n<p class=\"\" data-start=\"4052\" data-end=\"4122\">Type de fermeture : Bracelet r\u00e9glable avec bande auto-agrippante et cordon de serrage au poignet<\/p>\n<\/li>\n<li class=\"\" data-start=\"4123\" data-end=\"4175\">\n<p class=\"\" data-start=\"4125\" data-end=\"4175\">Couleur : Noir\/Gris (personnalisable pour les commandes en gros)<\/p>\n<\/li>\n<li class=\"\" data-start=\"4176\" data-end=\"4220\">\n<p class=\"\" data-start=\"4178\" data-end=\"4220\">Logo : RYINZ (possibilit\u00e9 d'impression de logo OEM)<\/p>\n<\/li>\n<li class=\"\" data-start=\"4221\" data-end=\"4285\">\n<p class=\"\" data-start=\"4223\" data-end=\"4285\">Temp\u00e9rature nominale : Convient aux environnements de -25\u00b0C \u00e0 -30\u00b0C<\/p>\n<\/li>\n<li class=\"\" data-start=\"4286\" data-end=\"4344\">\n<p class=\"\" data-start=\"4288\" data-end=\"4344\">Certification : CE EN388 \/ EN511 disponible sur demande<\/p>\n<\/li>\n<li class=\"\" data-start=\"4345\" data-end=\"4385\">\n<p class=\"\" data-start=\"4347\" data-end=\"4385\">MOQ : 300-500 paires pour les commandes personnalis\u00e9es<\/p>\n<\/li>\n<li class=\"\" data-start=\"4386\" data-end=\"4431\">\n<p class=\"\" data-start=\"4388\" data-end=\"4431\">Emballage : Polybag, bo\u00eete de vente au d\u00e9tail OEM en option<\/p>\n<\/li>\n<\/ul>","protected":false},"excerpt":{"rendered":"<p>Affrontez les conditions les plus froides en toute confiance en portant le <strong data-start=\"4549\" data-end=\"4593\">RYINZ MSG-0064 Gants de ski et de snowboard<\/strong>. Con\u00e7us pour des performances extr\u00eames, ces gants combinent un tissu ext\u00e9rieur imperm\u00e9able, une isolation doubl\u00e9e en polaire et des paumes en PU \u00e0 forte adh\u00e9rence pour une chaleur et une utilisation sup\u00e9rieures dans la neige. Avec des poignets allong\u00e9s, des fermetures \u00e0 cordon et des sangles de poignet r\u00e9glables, ils offrent un ajustement s\u00fbr et une protection totale contre le vent et la neige. Renforc\u00e9s aux points de tension et respirants \u00e0 l'int\u00e9rieur, ils sont id\u00e9aux pour le snowboard, le ski, la randonn\u00e9e hivernale ou le travail par temps froid. Con\u00e7us pour r\u00e9sister \u00e0 des climats inf\u00e9rieurs \u00e0 z\u00e9ro et garantis par la qualit\u00e9 RYINZ, ces gants sont disponibles en plusieurs tailles et offrent des possibilit\u00e9s de marquage OEM pour les acheteurs professionnels en Europe et au-del\u00e0.<\/p>","protected":false},"featured_media":8950,"comment_status":"closed","ping_status":"closed","template":"","meta":[],"product_brand":[35],"product_cat":[57],"product_tag":[63,64],"class_list":{"0":"post-8906","1":"product","2":"type-product","3":"status-publish","4":"has-post-thumbnail","6":"product_brand-ryinz","7":"product_cat-ski-snowboarding-gloves","8":"product_tag-adjustable-snowboarding-gloves","9":"product_tag-fleece-lined-snowboarding-gloves","11":"first","12":"instock","13":"taxable","14":"shipping-taxable","15":"purchasable","16":"product-type-simple"},"_links":{"self":[{"href":"https:\/\/ryinz.cz\/velkoobchod\/fr\/wp-json\/wp\/v2\/product\/8906","targetHints":{"allow":["GET"]}}],"collection":[{"href":"https:\/\/ryinz.cz\/velkoobchod\/fr\/wp-json\/wp\/v2\/product"}],"about":[{"href":"https:\/\/ryinz.cz\/velkoobchod\/fr\/wp-json\/wp\/v2\/types\/product"}],"replies":[{"embeddable":true,"href":"https:\/\/ryinz.cz\/velkoobchod\/fr\/wp-json\/wp\/v2\/comments?post=8906"}],"wp:featuredmedia":[{"embeddable":true,"href":"https:\/\/ryinz.cz\/velkoobchod\/fr\/wp-json\/wp\/v2\/media\/8950"}],"wp:attachment":[{"href":"https:\/\/ryinz.cz\/velkoobchod\/fr\/wp-json\/wp\/v2\/media?parent=8906"}],"wp:term":[{"taxonomy":"product_brand","embeddable":true,"href":"https:\/\/ryinz.cz\/velkoobchod\/fr\/wp-json\/wp\/v2\/product_brand?post=8906"},{"taxonomy":"product_cat","embeddable":true,"href":"https:\/\/ryinz.cz\/velkoobchod\/fr\/wp-json\/wp\/v2\/product_cat?post=8906"},{"taxonomy":"product_tag","embeddable":true,"href":"https:\/\/ryinz.cz\/velkoobchod\/fr\/wp-json\/wp\/v2\/product_tag?post=8906"}],"curies":[{"name":"wp","href":"https:\/\/api.w.org\/{rel}","templated":true}]}}