{"id":8905,"date":"2025-06-22T15:21:04","date_gmt":"2025-06-22T15:21:04","guid":{"rendered":"https:\/\/ryinz.cz\/velkoobchod\/?post_type=product&#038;p=8905"},"modified":"2026-01-18T20:16:44","modified_gmt":"2026-01-18T20:16:44","slug":"ryinz-gants-de-ski-snowboard-impermeables-avec-paume-en-cuir-doublure-chaude-protection-coupe-vent-pour-les-sports-par-temps-froid","status":"publish","type":"product","link":"https:\/\/ryinz.cz\/velkoobchod\/fr\/product\/ryinz-waterproof-ski-snowboarding-gloves-with-leather-palm-warm-lining-windproof-protection-for-cold-weather-sports\/","title":{"rendered":"RYINZ Gants de ski et de snowboard imperm\u00e9ables avec paume en cuir, doublure chaude et protection coupe-vent pour les sports par temps froid"},"content":{"rendered":"<p class=\"\" data-start=\"320\" data-end=\"635\">Restez au chaud, prot\u00e9g\u00e9 et styl\u00e9 sur les pistes avec le <strong data-start=\"377\" data-end=\"412\">Gants de ski et de snowboard RYINZ<\/strong>, Ce gant a \u00e9t\u00e9 con\u00e7u pour les sports d'hiver de haute performance et les travaux d'ext\u00e9rieur en dessous de z\u00e9ro. Ce mod\u00e8le de gant allie un design fonctionnel, des mat\u00e9riaux durables et une esth\u00e9tique moderne pour r\u00e9pondre aux attentes des professionnels et des passionn\u00e9s.<\/p>\n<p class=\"\" data-start=\"637\" data-end=\"1050\">Construit avec un <strong data-start=\"656\" data-end=\"689\">coque ext\u00e9rieure r\u00e9sistante aux intemp\u00e9ries<\/strong>, Ces gants prot\u00e8gent vos mains de la neige, de la neige fondue et du vent mordant. La combinaison de couleurs orange-gris-noir offre une grande visibilit\u00e9 sur les terrains enneig\u00e9s tout en conservant un look \u00e9l\u00e9gant et sportif. La paume est renforc\u00e9e par des <strong data-start=\"912\" data-end=\"931\">cuir v\u00e9ritable<\/strong>, Les chaussures de sport de la s\u00e9rie \" B \" offrent une adh\u00e9rence sup\u00e9rieure et une durabilit\u00e9 \u00e0 long terme, m\u00eame dans des conditions d'utilisation difficiles comme le ski, le snowboard et la motoneige.<\/p>\n<p class=\"\" data-start=\"1052\" data-end=\"1461\">\u00c0 l'int\u00e9rieur, vous trouverez un <strong data-start=\"1074\" data-end=\"1097\">doublure thermique douce<\/strong> qui emprisonne la chaleur corporelle et isole vos mains pour une chaleur prolong\u00e9e sans provoquer de surchauffe. L'int\u00e9rieur est respirant, \u00e9vacuant l'humidit\u00e9 de votre peau tout en emp\u00eachant l'air froid de p\u00e9n\u00e9trer. Un panneau rembourr\u00e9 au niveau des articulations ajoute une protection contre les chocs et les conditions m\u00e9t\u00e9orologiques difficiles, et la construction pr\u00e9-courb\u00e9e des doigts assure un ajustement naturel et un confort accru lors d'une utilisation prolong\u00e9e.<\/p>\n<p class=\"\" data-start=\"1463\" data-end=\"1806\">La zone du poignet est \u00e9quip\u00e9e d'un <strong data-start=\"1504\" data-end=\"1536\">syst\u00e8me de fermeture \u00e0 boucles et \u00e0 crochets<\/strong> pour une coupe ajust\u00e9e et personnalisable. Les fronces \u00e9lastiques au poignet emp\u00eachent la neige de p\u00e9n\u00e9trer et aident \u00e0 conserver la chaleur interne. Que vous saisissiez des b\u00e2tons de ski, que vous naviguiez sur un terrain glac\u00e9 ou que vous d\u00e9valiez des pentes, les zones de pr\u00e9hension ergonomiques offrent une meilleure tenue et r\u00e9duisent la fatigue.<\/p>\n<p class=\"\" data-start=\"1808\" data-end=\"2049\">Ces gants sont con\u00e7us pour fonctionner sous pression. Ils ont \u00e9t\u00e9 test\u00e9s par des athl\u00e8tes et des professionnels de l'hiver pour garantir une utilisation durable dans des environnements froids et exigeants. Du sommet des montagnes aux chantiers industriels, <strong data-start=\"2011\" data-end=\"2048\">Les gants RYINZ sont con\u00e7us pour prot\u00e9ger<\/strong>.<\/p>\n<p class=\"\" data-start=\"2051\" data-end=\"2074\"><strong data-start=\"2051\" data-end=\"2074\">Points forts du produit :<\/strong><\/p>\n<ul data-start=\"2076\" data-end=\"3000\">\n<li class=\"\" data-start=\"2076\" data-end=\"2176\">\n<p class=\"\" data-start=\"2078\" data-end=\"2176\"><strong data-start=\"2078\" data-end=\"2103\">Construction durable :<\/strong> Coque ext\u00e9rieure coupe-vent et r\u00e9sistante \u00e0 l'eau avec paume en cuir renforc\u00e9<\/p>\n<\/li>\n<li class=\"\" data-start=\"2177\" data-end=\"2270\">\n<p class=\"\" data-start=\"2179\" data-end=\"2270\"><strong data-start=\"2179\" data-end=\"2202\">Chaud et confortable :<\/strong> Int\u00e9rieur doubl\u00e9 d'un mat\u00e9riau thermo-isolant pour garder les mains au chaud<\/p>\n<\/li>\n<li class=\"\" data-start=\"2271\" data-end=\"2356\">\n<p class=\"\" data-start=\"2273\" data-end=\"2356\"><strong data-start=\"2273\" data-end=\"2295\">Conception respirante :<\/strong> R\u00e9duit la transpiration et am\u00e9liore la ventilation en cas d'utilisation intensive<\/p>\n<\/li>\n<li class=\"\" data-start=\"2357\" data-end=\"2428\">\n<p class=\"\" data-start=\"2359\" data-end=\"2428\"><strong data-start=\"2359\" data-end=\"2386\">Paume en cuir antid\u00e9rapante :<\/strong> Excellente adh\u00e9rence sur sol mouill\u00e9 ou verglac\u00e9<\/p>\n<\/li>\n<li class=\"\" data-start=\"2429\" data-end=\"2506\">\n<p class=\"\" data-start=\"2431\" data-end=\"2506\"><strong data-start=\"2431\" data-end=\"2446\">Ajustement s\u00fbr :<\/strong> Poignet r\u00e9glable et manchette extensible pour une couverture compl\u00e8te<\/p>\n<\/li>\n<li class=\"\" data-start=\"2507\" data-end=\"2580\">\n<p class=\"\" data-start=\"2509\" data-end=\"2580\"><strong data-start=\"2509\" data-end=\"2529\">Haute visibilit\u00e9 :<\/strong> Design orange vif-gris-noir pour plus de s\u00e9curit\u00e9<\/p>\n<\/li>\n<li class=\"\" data-start=\"2581\" data-end=\"2672\">\n<p class=\"\" data-start=\"2583\" data-end=\"2672\"><strong data-start=\"2583\" data-end=\"2606\">Doigts pr\u00e9-courb\u00e9s :<\/strong> Une coupe naturelle pour moins de fatigue des mains pendant le ski ou le snowboard<\/p>\n<\/li>\n<li class=\"\" data-start=\"2673\" data-end=\"2756\">\n<p class=\"\" data-start=\"2675\" data-end=\"2756\"><strong data-start=\"2675\" data-end=\"2697\">Protection contre les chocs :<\/strong> Zone des articulations renforc\u00e9e pour la s\u00e9curit\u00e9 en cas de chute ou d'obstacle<\/p>\n<\/li>\n<li class=\"\" data-start=\"2757\" data-end=\"2848\">\n<p class=\"\" data-start=\"2759\" data-end=\"2848\"><strong data-start=\"2759\" data-end=\"2780\">Utilisation polyvalente :<\/strong> Convient pour le sport, le d\u00e9neigement, la randonn\u00e9e et les d\u00e9placements en hiver.<\/p>\n<\/li>\n<li class=\"\" data-start=\"2849\" data-end=\"2922\">\n<p class=\"\" data-start=\"2851\" data-end=\"2922\"><strong data-start=\"2851\" data-end=\"2871\">Tailles disponibles :<\/strong> S, M, L, XL, XXL (taille personnalis\u00e9e pour les commandes en gros)<\/p>\n<\/li>\n<li class=\"\" data-start=\"2923\" data-end=\"3000\">\n<p class=\"\" data-start=\"2925\" data-end=\"3000\"><strong data-start=\"2925\" data-end=\"2945\">Marquage personnalis\u00e9 :<\/strong> Options de marque priv\u00e9e avec logo imprim\u00e9 ou brod\u00e9<\/p>\n<\/li>\n<\/ul>\n<p class=\"\" data-start=\"3002\" data-end=\"3019\"><strong data-start=\"3002\" data-end=\"3019\">Applications :<\/strong><\/p>\n<ul data-start=\"3021\" data-end=\"3314\">\n<li class=\"\" data-start=\"3021\" data-end=\"3057\">\n<p class=\"\" data-start=\"3023\" data-end=\"3057\">Ski alpin et snowboard<\/p>\n<\/li>\n<li class=\"\" data-start=\"3058\" data-end=\"3106\">\n<p class=\"\" data-start=\"3060\" data-end=\"3106\">Ski de fond ou randonn\u00e9e dans l'arri\u00e8re-pays<\/p>\n<\/li>\n<li class=\"\" data-start=\"3107\" data-end=\"3137\">\n<p class=\"\" data-start=\"3109\" data-end=\"3137\">Motoneige ou VTT<\/p>\n<\/li>\n<li class=\"\" data-start=\"3138\" data-end=\"3171\">\n<p class=\"\" data-start=\"3140\" data-end=\"3171\">T\u00e2ches industrielles par temps froid<\/p>\n<\/li>\n<li class=\"\" data-start=\"3172\" data-end=\"3202\">\n<p class=\"\" data-start=\"3174\" data-end=\"3202\">Travail dans les cong\u00e9lateurs et les entrep\u00f4ts<\/p>\n<\/li>\n<li class=\"\" data-start=\"3203\" data-end=\"3247\">\n<p class=\"\" data-start=\"3205\" data-end=\"3247\">Utilisation par les \u00e9quipes de construction et de voirie en hiver<\/p>\n<\/li>\n<li class=\"\" data-start=\"3248\" data-end=\"3288\">\n<p class=\"\" data-start=\"3250\" data-end=\"3288\">Trajets domicile-travail dans des climats extr\u00eamement froids<\/p>\n<\/li>\n<li class=\"\" data-start=\"3289\" data-end=\"3314\">\n<p class=\"\" data-start=\"3291\" data-end=\"3314\">Escalade de glace et randonn\u00e9e<\/p>\n<\/li>\n<\/ul>\n<p class=\"\" data-start=\"3316\" data-end=\"3338\"><strong data-start=\"3316\" data-end=\"3338\">Options d'emballage :<\/strong><\/p>\n<ul data-start=\"3340\" data-end=\"3526\">\n<li class=\"\" data-start=\"3340\" data-end=\"3388\">\n<p class=\"\" data-start=\"3342\" data-end=\"3388\">Emballage standard en polybag ou emballage personnalis\u00e9<\/p>\n<\/li>\n<li class=\"\" data-start=\"3389\" data-end=\"3431\">\n<p class=\"\" data-start=\"3391\" data-end=\"3431\">\u00c9tiquettes \u00e0 code-barres pour les unit\u00e9s pr\u00eates \u00e0 la vente<\/p>\n<\/li>\n<li class=\"\" data-start=\"3432\" data-end=\"3473\">\n<p class=\"\" data-start=\"3434\" data-end=\"3473\">Emballage en vrac disponible pour les acheteurs B2B<\/p>\n<\/li>\n<li class=\"\" data-start=\"3474\" data-end=\"3526\">\n<p class=\"\" data-start=\"3476\" data-end=\"3526\">\u00c9tiquette de suspension et emballage de pr\u00e9sentation en option pour la vente au d\u00e9tail<\/p>\n<\/li>\n<\/ul>\n<p class=\"\" data-start=\"3528\" data-end=\"3547\"><strong data-start=\"3528\" data-end=\"3547\">Certifications :<\/strong><\/p>\n<ul data-start=\"3549\" data-end=\"3734\">\n<li class=\"\" data-start=\"3549\" data-end=\"3565\">\n<p class=\"\" data-start=\"3551\" data-end=\"3565\">Certifi\u00e9 CE<\/p>\n<\/li>\n<li class=\"\" data-start=\"3566\" data-end=\"3610\">\n<p class=\"\" data-start=\"3568\" data-end=\"3610\">Protection contre le froid Conforme \u00e0 la norme EN 511<\/p>\n<\/li>\n<li class=\"\" data-start=\"3611\" data-end=\"3640\">\n<p class=\"\" data-start=\"3613\" data-end=\"3640\">Mat\u00e9riaux conformes \u00e0 REACH<\/p>\n<\/li>\n<li class=\"\" data-start=\"3641\" data-end=\"3695\">\n<p class=\"\" data-start=\"3643\" data-end=\"3695\">Con\u00e7u conform\u00e9ment aux directives de s\u00e9curit\u00e9 de l'UE pour les EPI<\/p>\n<\/li>\n<li class=\"\" data-start=\"3696\" data-end=\"3734\">\n<p class=\"\" data-start=\"3698\" data-end=\"3734\">Respect des normes de fabrication ISO<\/p>\n<\/li>\n<\/ul>\n<p class=\"\" data-start=\"3736\" data-end=\"3763\"><strong data-start=\"3736\" data-end=\"3763\">Services de personnalisation :<\/strong><\/p>\n<p class=\"\" data-start=\"3765\" data-end=\"4074\">En tant que fournisseur europ\u00e9en de <strong data-start=\"3791\" data-end=\"3800\">RYINZ<\/strong>, Nous proposons des services OEM\/ODM flexibles. Les clients peuvent demander des tailles personnalis\u00e9es, des logos de marque, des combinaisons de couleurs imprim\u00e9es et des emballages sp\u00e9cialis\u00e9s pour la vente au d\u00e9tail, les \u00e9quipes ou les v\u00eatements de travail. Nous sommes sp\u00e9cialis\u00e9s dans <strong data-start=\"3996\" data-end=\"4041\">commandes group\u00e9es avec une assistance client\u00e8le de premier ordre<\/strong> pour les acheteurs de l'UE et des \u00c9tats-Unis.<\/p>","protected":false},"excerpt":{"rendered":"<p>Les gants de ski et de snowboard multicouches de RYINZ sont dot\u00e9s d'une coque imperm\u00e9able, d'une doublure int\u00e9rieure chaude et d'une paume en cuir durable, con\u00e7us pour les conditions alpines. Les doigts pr\u00e9-courb\u00e9s, la fermeture s\u00e9curis\u00e9e du poignet et la construction \u00e9tanche gardent les mains au chaud et au sec tout en offrant une protection contre le vent et l'humidit\u00e9. Con\u00e7us pour le ski, le snowboard, la motoneige et les travaux de plein air, ces gants offrent un confort tout au long de la journ\u00e9e et une durabilit\u00e9 \u00e0 toute \u00e9preuve, avec des options de marquage personnalis\u00e9es pour les d\u00e9taillants et les \u00e9quipes.<\/p>","protected":false},"featured_media":8955,"comment_status":"closed","ping_status":"closed","template":"","meta":[],"product_brand":[35],"product_cat":[57],"product_tag":[61,62],"class_list":{"0":"post-8905","1":"product","2":"type-product","3":"status-publish","4":"has-post-thumbnail","6":"product_brand-ryinz","7":"product_cat-ski-snowboarding-gloves","8":"product_tag-cowhide-leather-ski-gloves","9":"product_tag-insulated-snowboarding-gloves","11":"first","12":"instock","13":"taxable","14":"shipping-taxable","15":"purchasable","16":"product-type-simple"},"_links":{"self":[{"href":"https:\/\/ryinz.cz\/velkoobchod\/fr\/wp-json\/wp\/v2\/product\/8905","targetHints":{"allow":["GET"]}}],"collection":[{"href":"https:\/\/ryinz.cz\/velkoobchod\/fr\/wp-json\/wp\/v2\/product"}],"about":[{"href":"https:\/\/ryinz.cz\/velkoobchod\/fr\/wp-json\/wp\/v2\/types\/product"}],"replies":[{"embeddable":true,"href":"https:\/\/ryinz.cz\/velkoobchod\/fr\/wp-json\/wp\/v2\/comments?post=8905"}],"wp:featuredmedia":[{"embeddable":true,"href":"https:\/\/ryinz.cz\/velkoobchod\/fr\/wp-json\/wp\/v2\/media\/8955"}],"wp:attachment":[{"href":"https:\/\/ryinz.cz\/velkoobchod\/fr\/wp-json\/wp\/v2\/media?parent=8905"}],"wp:term":[{"taxonomy":"product_brand","embeddable":true,"href":"https:\/\/ryinz.cz\/velkoobchod\/fr\/wp-json\/wp\/v2\/product_brand?post=8905"},{"taxonomy":"product_cat","embeddable":true,"href":"https:\/\/ryinz.cz\/velkoobchod\/fr\/wp-json\/wp\/v2\/product_cat?post=8905"},{"taxonomy":"product_tag","embeddable":true,"href":"https:\/\/ryinz.cz\/velkoobchod\/fr\/wp-json\/wp\/v2\/product_tag?post=8905"}],"curies":[{"name":"wp","href":"https:\/\/api.w.org\/{rel}","templated":true}]}}