{"id":8903,"date":"2025-06-22T15:21:03","date_gmt":"2025-06-22T15:21:03","guid":{"rendered":"https:\/\/ryinz.cz\/velkoobchod\/?post_type=product&#038;p=8903"},"modified":"2026-01-18T20:16:42","modified_gmt":"2026-01-18T20:16:42","slug":"gants-de-ski-et-de-snowboard-chauffants-ryinz-avec-coque-impermeable-batterie-rechargeable-et-ecran-tactile","status":"publish","type":"product","link":"https:\/\/ryinz.cz\/velkoobchod\/fr\/product\/ryinz-heated-ski-snowboarding-gloves-with-waterproof-shell-rechargeable-battery-and-touchscreen-capability\/","title":{"rendered":"Gants de ski et de snowboard chauffants RYINZ avec coque imperm\u00e9able, batterie rechargeable et \u00e9cran tactile"},"content":{"rendered":"<p class=\"\" data-start=\"351\" data-end=\"761\">Vivez les sensations des sports d'hiver sans sacrifier le confort ou la chaleur gr\u00e2ce \u00e0 <strong data-start=\"433\" data-end=\"475\">Gants de ski et de snowboard chauffants RYINZ<\/strong>, Ces gants sont con\u00e7us pour les conditions climatiques extr\u00eames et les activit\u00e9s de plein air de haute performance. Ces gants combinent une technologie de chauffage avanc\u00e9e, une construction durable et des caract\u00e9ristiques conviviales pour r\u00e9pondre aux besoins des skieurs, des snowboarders, des motoneigistes et des personnes travaillant en ext\u00e9rieur dans des climats froids.<\/p>\n<p class=\"\" data-start=\"763\" data-end=\"1206\">Fabriqu\u00e9 \u00e0 partir d'un mat\u00e9riau de haute performance <strong data-start=\"795\" data-end=\"829\">coque imperm\u00e9able et coupe-vent<\/strong>, Ces gants sont con\u00e7us pour garder vos mains au sec et les prot\u00e9ger en cas de neige, de pluie ou de blizzard. La couche ext\u00e9rieure est compos\u00e9e d'une combinaison de textiles synth\u00e9tiques et de renforts en cuir pour une durabilit\u00e9 et une flexibilit\u00e9 optimales. \u00c0 l'int\u00e9rieur, une doublure isol\u00e9e ultra-douce et des gants de protection int\u00e9gr\u00e9s sont disponibles. <strong data-start=\"1113\" data-end=\"1146\">\u00e9l\u00e9ments chauffants en fibre de carbone<\/strong> fournissent une chaleur continue \u00e0 vos doigts et au dos de la main.<\/p>\n<p class=\"\" data-start=\"1208\" data-end=\"1564\">En appuyant sur un bouton, les utilisateurs peuvent activer l'une des options suivantes <strong data-start=\"1261\" data-end=\"1285\">trois niveaux de chauffage<\/strong>, La chaleur est distribu\u00e9e instantan\u00e9ment l\u00e0 o\u00f9 elle est le plus n\u00e9cessaire. Les gants sont aliment\u00e9s par <strong data-start=\"1365\" data-end=\"1403\">batteries rechargeables au lithium-ion<\/strong>, Il offre jusqu'\u00e0 6 \u00e0 8 heures de chaleur \u00e0 basse temp\u00e9rature, 4 \u00e0 5 heures \u00e0 temp\u00e9rature moyenne et 2 \u00e0 3 heures \u00e0 temp\u00e9rature \u00e9lev\u00e9e, ce qui est parfait pour les longues journ\u00e9es sur les pistes ou dans des conditions de travail glaciales.<\/p>\n<p class=\"\" data-start=\"1566\" data-end=\"1982\">La conception ergonomique comprend <strong data-start=\"1596\" data-end=\"1615\">poings am\u00e9ricains rembourr\u00e9s<\/strong>, Les doigts pr\u00e9-courb\u00e9s et les paumes en cuir PU antid\u00e9rapant offrent une meilleure prise sur les b\u00e2tons de ski, les snowboards ou les outils. La conception de la manchette allong\u00e9e avec cordon de serrage r\u00e9glable et poignet \u00e9lastique garantit un ajustement s\u00fbr, tout en emp\u00eachant la neige et l'air froid de p\u00e9n\u00e9trer. M\u00eame avec des gants, la manchette int\u00e9gr\u00e9e <strong data-start=\"1885\" data-end=\"1922\">bouts de doigts compatibles avec l'\u00e9cran tactile<\/strong> permettent aux utilisateurs d'utiliser des smartphones ou des appareils GPS sans effort.<\/p>\n<p class=\"\" data-start=\"1984\" data-end=\"2001\"><strong data-start=\"1984\" data-end=\"2001\">Caract\u00e9ristiques principales :<\/strong><\/p>\n<ul data-start=\"2003\" data-end=\"2974\">\n<li class=\"\" data-start=\"2003\" data-end=\"2116\">\n<p class=\"\" data-start=\"2005\" data-end=\"2116\"><strong data-start=\"2005\" data-end=\"2037\">Syst\u00e8me de chauffage rechargeable :<\/strong> Trois niveaux de temp\u00e9rature (bas\/moyen\/haut) avec une autonomie de 8 heures.<\/p>\n<\/li>\n<li class=\"\" data-start=\"2117\" data-end=\"2208\">\n<p class=\"\" data-start=\"2119\" data-end=\"2208\"><strong data-start=\"2119\" data-end=\"2150\">Fibre de carbone Zones de chauffage :<\/strong> Chaleur uniform\u00e9ment r\u00e9partie sur le dos de la main et les doigts<\/p>\n<\/li>\n<li class=\"\" data-start=\"2209\" data-end=\"2301\">\n<p class=\"\" data-start=\"2211\" data-end=\"2301\"><strong data-start=\"2211\" data-end=\"2229\">Construction durable :<\/strong> Imperm\u00e9able, coupe-vent et renforc\u00e9 par du cuir dans les zones les plus sollicit\u00e9es<\/p>\n<\/li>\n<li class=\"\" data-start=\"2302\" data-end=\"2377\">\n<p class=\"\" data-start=\"2304\" data-end=\"2377\"><strong data-start=\"2304\" data-end=\"2328\">Les doigts sur l'\u00e9cran tactile :<\/strong> Utiliser des appareils mobiles sans enlever les gants<\/p>\n<\/li>\n<li class=\"\" data-start=\"2378\" data-end=\"2452\">\n<p class=\"\" data-start=\"2380\" data-end=\"2452\"><strong data-start=\"2380\" data-end=\"2395\">Ajustement s\u00fbr :<\/strong> Poignet r\u00e9glable et manchette \u00e9lastique avec cordon de serrage<\/p>\n<\/li>\n<li class=\"\" data-start=\"2453\" data-end=\"2528\">\n<p class=\"\" data-start=\"2455\" data-end=\"2528\"><strong data-start=\"2455\" data-end=\"2478\">Paume am\u00e9lior\u00e9e :<\/strong> PU antid\u00e9rapant pour un meilleur contr\u00f4le et une plus grande pr\u00e9cision<\/p>\n<\/li>\n<li class=\"\" data-start=\"2529\" data-end=\"2622\">\n<p class=\"\" data-start=\"2531\" data-end=\"2622\"><strong data-start=\"2531\" data-end=\"2553\">Protection rembourr\u00e9e :<\/strong> Couche suppl\u00e9mentaire sur les articulations et la paume pour la s\u00e9curit\u00e9 en cas de chute ou d'impact<\/p>\n<\/li>\n<li class=\"\" data-start=\"2623\" data-end=\"2711\">\n<p class=\"\" data-start=\"2625\" data-end=\"2711\"><strong data-start=\"2625\" data-end=\"2657\">Batterie \u00e0 chargement rapide :<\/strong> Deux piles incluses avec chargeur mural et c\u00e2ble<\/p>\n<\/li>\n<li class=\"\" data-start=\"2712\" data-end=\"2775\">\n<p class=\"\" data-start=\"2714\" data-end=\"2775\"><strong data-start=\"2714\" data-end=\"2740\">Isolation respirante :<\/strong> Maintient la chaleur \u00e0 l'int\u00e9rieur et l'humidit\u00e9 \u00e0 l'ext\u00e9rieur<\/p>\n<\/li>\n<li class=\"\" data-start=\"2776\" data-end=\"2858\">\n<p class=\"\" data-start=\"2778\" data-end=\"2858\"><strong data-start=\"2778\" data-end=\"2801\">Personnalisation du logo :<\/strong> Disponible pour une marque priv\u00e9e ou une marque d'entreprise en vrac<\/p>\n<\/li>\n<li class=\"\" data-start=\"2859\" data-end=\"2913\">\n<p class=\"\" data-start=\"2861\" data-end=\"2913\"><strong data-start=\"2861\" data-end=\"2871\">Tailles :<\/strong> M, L, XL, XXL (tailles personnalis\u00e9es sur demande)<\/p>\n<\/li>\n<li class=\"\" data-start=\"2914\" data-end=\"2974\">\n<p class=\"\" data-start=\"2916\" data-end=\"2974\"><strong data-start=\"2916\" data-end=\"2926\">Couleur :<\/strong> Noir avec des accents rouges (couleurs personnalis\u00e9es sur commande)<\/p>\n<\/li>\n<\/ul>\n<p class=\"\" data-start=\"2976\" data-end=\"2993\"><strong data-start=\"2976\" data-end=\"2993\">Applications :<\/strong><\/p>\n<ul data-start=\"2995\" data-end=\"3309\">\n<li class=\"\" data-start=\"2995\" data-end=\"3040\">\n<p class=\"\" data-start=\"2997\" data-end=\"3040\">Ski alpin, snowboard, motoneige<\/p>\n<\/li>\n<li class=\"\" data-start=\"3041\" data-end=\"3070\">\n<p class=\"\" data-start=\"3043\" data-end=\"3070\">Randonn\u00e9e et camping d'hiver<\/p>\n<\/li>\n<li class=\"\" data-start=\"3071\" data-end=\"3104\">\n<p class=\"\" data-start=\"3073\" data-end=\"3104\">Entreposage frigorifique et travaux de cong\u00e9lation<\/p>\n<\/li>\n<li class=\"\" data-start=\"3105\" data-end=\"3132\">\n<p class=\"\" data-start=\"3107\" data-end=\"3132\">P\u00eache et chasse sur glace<\/p>\n<\/li>\n<li class=\"\" data-start=\"3133\" data-end=\"3162\">\n<p class=\"\" data-start=\"3135\" data-end=\"3162\">Sauvetage en montagne ou patrouille<\/p>\n<\/li>\n<li class=\"\" data-start=\"3163\" data-end=\"3204\">\n<p class=\"\" data-start=\"3165\" data-end=\"3204\">Conduite d'une moto ou d'un v\u00e9lo \u00e9lectrique en hiver<\/p>\n<\/li>\n<li class=\"\" data-start=\"3205\" data-end=\"3255\">\n<p class=\"\" data-start=\"3207\" data-end=\"3255\">Manifestations sportives en plein air par temps de gel<\/p>\n<\/li>\n<li class=\"\" data-start=\"3256\" data-end=\"3309\">\n<p class=\"\" data-start=\"3258\" data-end=\"3309\">Construction et entretien dans des conditions inf\u00e9rieures \u00e0 z\u00e9ro<\/p>\n<\/li>\n<\/ul>\n<p class=\"\" data-start=\"3311\" data-end=\"3335\"><strong data-start=\"3311\" data-end=\"3335\">Inclus dans le paquet :<\/strong><\/p>\n<ul data-start=\"3337\" data-end=\"3563\">\n<li class=\"\" data-start=\"3337\" data-end=\"3364\">\n<p class=\"\" data-start=\"3339\" data-end=\"3364\">1 paire de gants chauffants<\/p>\n<\/li>\n<li class=\"\" data-start=\"3365\" data-end=\"3414\">\n<p class=\"\" data-start=\"3367\" data-end=\"3414\">2 piles rechargeables (une pour chaque gant)<\/p>\n<\/li>\n<li class=\"\" data-start=\"3415\" data-end=\"3456\">\n<p class=\"\" data-start=\"3417\" data-end=\"3456\">1 C\u00e2ble de chargement double ou adaptateur mural<\/p>\n<\/li>\n<li class=\"\" data-start=\"3457\" data-end=\"3503\">\n<p class=\"\" data-start=\"3459\" data-end=\"3503\">Manuel de l'utilisateur avec instructions multilingues<\/p>\n<\/li>\n<li class=\"\" data-start=\"3504\" data-end=\"3563\">\n<p class=\"\" data-start=\"3506\" data-end=\"3563\">Pochette de rangement imperm\u00e9able en option pour les sacs de voyage ou d'\u00e9quipement<\/p>\n<\/li>\n<\/ul>\n<p class=\"\" data-start=\"3565\" data-end=\"3597\"><strong data-start=\"3565\" data-end=\"3597\">Conformit\u00e9 et certifications :<\/strong><\/p>\n<ul data-start=\"3599\" data-end=\"3781\">\n<li class=\"\" data-start=\"3599\" data-end=\"3630\">\n<p class=\"\" data-start=\"3601\" data-end=\"3630\">Certifi\u00e9 CE - Pr\u00eat pour l'Europe<\/p>\n<\/li>\n<li class=\"\" data-start=\"3631\" data-end=\"3660\">\n<p class=\"\" data-start=\"3633\" data-end=\"3660\">Composants conformes \u00e0 la directive RoHS<\/p>\n<\/li>\n<li class=\"\" data-start=\"3661\" data-end=\"3699\">\n<p class=\"\" data-start=\"3663\" data-end=\"3699\">Normes de s\u00e9curit\u00e9 des batteries certifi\u00e9es<\/p>\n<\/li>\n<li class=\"\" data-start=\"3700\" data-end=\"3727\">\n<p class=\"\" data-start=\"3702\" data-end=\"3727\">R\u00e9sistance \u00e0 l'eau : IPX4<\/p>\n<\/li>\n<li class=\"\" data-start=\"3728\" data-end=\"3781\">\n<p class=\"\" data-start=\"3730\" data-end=\"3781\">Sans danger pour la peau - Doublure int\u00e9rieure hypoallerg\u00e9nique<\/p>\n<\/li>\n<\/ul>\n<p class=\"\" data-start=\"3783\" data-end=\"3813\"><strong data-start=\"3783\" data-end=\"3813\">Label priv\u00e9 et vente en gros :<\/strong><\/p>\n<p class=\"\" data-start=\"3815\" data-end=\"4141\">RYINZ offre un support OEM et ODM complet pour les grossistes, les distributeurs et les d\u00e9taillants en Europe, en Am\u00e9rique du Nord et en Asie. Que vous souhaitiez ajouter votre logo, modifier les couleurs ou inclure un emballage personnalis\u00e9, nos \u00e9quipes de conception et de production sont pr\u00eates \u00e0 r\u00e9pondre aux exigences sp\u00e9cifiques de votre marque dans des d\u00e9lais rapides et \u00e0 des prix comp\u00e9titifs.<\/p>","protected":false},"excerpt":{"rendered":"<p>Le <strong data-start=\"4200\" data-end=\"4242\">Gants de ski et de snowboard chauffants RYINZ<\/strong> offrent une combinaison parfaite de technologie thermique avanc\u00e9e et de protection robuste pour les amateurs de sports d'hiver et les professionnels. Dot\u00e9s d'une coque imperm\u00e9able, d'un syst\u00e8me de chauffage rechargeable, d'une poign\u00e9e antid\u00e9rapante et de doigts \u00e0 \u00e9cran tactile, ces gants gardent vos mains au chaud, au sec et fonctionnelles, m\u00eame dans les conditions les plus froides. Ils sont id\u00e9aux pour le ski, le snowboard, la motoneige ou le travail en ext\u00e9rieur pendant l'hiver. Trois niveaux de chaleur r\u00e9glables, aliment\u00e9s par des piles int\u00e9gr\u00e9es, garantissent une chaleur constante. Disponibles en plusieurs tailles et avec un marquage personnalis\u00e9 pour les acheteurs en gros.<\/p>","protected":false},"featured_media":8944,"comment_status":"closed","ping_status":"closed","template":"","meta":[],"product_brand":[35],"product_cat":[57],"product_tag":[55,56],"class_list":{"0":"post-8903","1":"product","2":"type-product","3":"status-publish","4":"has-post-thumbnail","6":"product_brand-ryinz","7":"product_cat-ski-snowboarding-gloves","8":"product_tag-heated-ski-gloves","9":"product_tag-heated-snowboarding-gloves","11":"first","12":"instock","13":"taxable","14":"shipping-taxable","15":"purchasable","16":"product-type-simple"},"_links":{"self":[{"href":"https:\/\/ryinz.cz\/velkoobchod\/fr\/wp-json\/wp\/v2\/product\/8903","targetHints":{"allow":["GET"]}}],"collection":[{"href":"https:\/\/ryinz.cz\/velkoobchod\/fr\/wp-json\/wp\/v2\/product"}],"about":[{"href":"https:\/\/ryinz.cz\/velkoobchod\/fr\/wp-json\/wp\/v2\/types\/product"}],"replies":[{"embeddable":true,"href":"https:\/\/ryinz.cz\/velkoobchod\/fr\/wp-json\/wp\/v2\/comments?post=8903"}],"wp:featuredmedia":[{"embeddable":true,"href":"https:\/\/ryinz.cz\/velkoobchod\/fr\/wp-json\/wp\/v2\/media\/8944"}],"wp:attachment":[{"href":"https:\/\/ryinz.cz\/velkoobchod\/fr\/wp-json\/wp\/v2\/media?parent=8903"}],"wp:term":[{"taxonomy":"product_brand","embeddable":true,"href":"https:\/\/ryinz.cz\/velkoobchod\/fr\/wp-json\/wp\/v2\/product_brand?post=8903"},{"taxonomy":"product_cat","embeddable":true,"href":"https:\/\/ryinz.cz\/velkoobchod\/fr\/wp-json\/wp\/v2\/product_cat?post=8903"},{"taxonomy":"product_tag","embeddable":true,"href":"https:\/\/ryinz.cz\/velkoobchod\/fr\/wp-json\/wp\/v2\/product_tag?post=8903"}],"curies":[{"name":"wp","href":"https:\/\/api.w.org\/{rel}","templated":true}]}}