{"id":8902,"date":"2025-06-22T15:21:03","date_gmt":"2025-06-22T15:21:03","guid":{"rendered":"https:\/\/ryinz.cz\/velkoobchod\/?post_type=product&#038;p=8902"},"modified":"2026-01-18T20:16:42","modified_gmt":"2026-01-18T20:16:42","slug":"ryinz-professional-mountain-bike-gloves-full-finger-durable-mtb-gloves-for-men-and-women-anti-slip-breathable-stylish","status":"publish","type":"product","link":"https:\/\/ryinz.cz\/velkoobchod\/fr\/product\/ryinz-professional-mountain-bike-gloves-full-finger-durable-mtb-gloves-for-men-and-women-anti-slip-breathable-stylish\/","title":{"rendered":"RYINZ Professional Mountain Bike Gloves - Gants MTB durables pour hommes et femmes - antid\u00e9rapants, respirants, \u00e9l\u00e9gants"},"content":{"rendered":"<p class=\"\" data-start=\"298\" data-end=\"823\">D\u00e9couvrez des performances de haut niveau avec les gants de VTT professionnels RYINZ, con\u00e7us pour red\u00e9finir votre aventure cycliste sur des terrains difficiles. Con\u00e7us avec passion et pr\u00e9cision, ces gants repr\u00e9sentent un \u00e9quilibre parfait entre durabilit\u00e9, style, confort et s\u00e9curit\u00e9. Ils sont indispensables \u00e0 tout cycliste de montagne, BMX ou tout-terrain. Qu'il s'agisse de conqu\u00e9rir des sentiers de montagne accident\u00e9s ou de participer \u00e0 des courses de descente rapides, ces gants sont con\u00e7us pour offrir un contr\u00f4le et une confiance exceptionnels.<\/p>\n<p class=\"\" data-start=\"825\" data-end=\"1283\">Fabriqu\u00e9s \u00e0 partir d'un m\u00e9lange de cuir synth\u00e9tique et de tissu extensible respirant, ces gants offrent une protection sup\u00e9rieure sans compromettre la flexibilit\u00e9 ou la ventilation. La construction l\u00e9g\u00e8re garantit que vos mains restent fra\u00eeches et s\u00e8ches, \u00e9vitant ainsi la surchauffe, m\u00eame lors des sorties les plus intenses. Le cuir perfor\u00e9 sur les zones cl\u00e9s maximise la circulation de l'air, cr\u00e9ant une exp\u00e9rience de conduite sans transpiration, id\u00e9ale pour le printemps, l'\u00e9t\u00e9 et le d\u00e9but de l'automne.<\/p>\n<p class=\"\" data-start=\"1285\" data-end=\"1622\">Le design ergonomique de l'ensemble des doigts refl\u00e8te la forme naturelle de la main, garantissant un ajustement de seconde peau qui am\u00e9liore la dext\u00e9rit\u00e9 et pr\u00e9vient la fatigue sur les longs trajets. Gr\u00e2ce \u00e0 la construction innovante des doigts pr\u00e9-courb\u00e9s, les cyclistes b\u00e9n\u00e9ficient d'une prise en main naturelle du guidon, ce qui am\u00e9liore la maniabilit\u00e9 du v\u00e9lo tout en r\u00e9duisant le risque d'ampoules et de tensions.<\/p>\n<p class=\"\" data-start=\"1624\" data-end=\"2153\">La s\u00e9curit\u00e9 accrue est l'une des principales caract\u00e9ristiques de ces gants. La zone de la paume est renforc\u00e9e par un rembourrage en cuir synth\u00e9tique extra-fort qui absorbe les chocs et r\u00e9duit les vibrations sur les terrains accident\u00e9s. Des bandes antid\u00e9rapantes int\u00e9gr\u00e9es sur les doigts et la paume assurent une prise s\u00fbre et confiante sur le guidon et les leviers de vitesse, m\u00eame dans des conditions humides. Les zones d'impact renforc\u00e9es sur le dos de la main et les articulations ajoutent une couche de protection contre les chutes inattendues, les branches ou les pierres, rendant votre conduite plus s\u00fbre sans ajouter d'encombrement inutile.<\/p>\n<p class=\"\" data-start=\"2155\" data-end=\"2492\">Une autre caract\u00e9ristique cl\u00e9 est la fermeture velcro souple et durable du poignet, qui permet de l'enfiler et de l'enlever facilement et de l'ajuster compl\u00e8tement. Que vous portiez un maillot l\u00e9ger ou une veste \u00e9paisse, ces gants s'adaptent parfaitement sans limiter les mouvements du poignet. La coupe ajust\u00e9e emp\u00eache la poussi\u00e8re, la salet\u00e9 et les d\u00e9bris de p\u00e9n\u00e9trer, tout en pr\u00e9servant l'amplitude des mouvements.<\/p>\n<p class=\"\" data-start=\"2494\" data-end=\"2931\">Ces gants de VTT RYINZ ne sont pas seulement fonctionnels, ils apportent \u00e9galement un style moderne et agressif \u00e0 votre \u00e9quipement. Avec une combinaison dynamique de tons blancs, bruns et noirs, et des bandes r\u00e9fl\u00e9chissantes minimalistes pour une meilleure visibilit\u00e9 dans des conditions de faible luminosit\u00e9, ces gants vous assurent d'\u00eatre aussi beau que vous roulez. Le logo iconique de RYINZ, plac\u00e9 en \u00e9vidence sur le dos, signale la qualit\u00e9 et le professionnalisme, o\u00f9 que votre voyage vous m\u00e8ne.<\/p>\n<p class=\"\" data-start=\"2933\" data-end=\"3212\">Parfaits pour de multiples disciplines, ces gants sont id\u00e9aux pour le VTT, le BMX, le dirt bike, le trail, le cross-country, la course de descente, le freeride et m\u00eame la moto. Leur polyvalence en fait un \u00e9quipement indispensable pour les coureurs de tous niveaux, des d\u00e9butants aux professionnels.<\/p>\n<p class=\"\" data-start=\"3214\" data-end=\"3541\">L'entretien se fait sans probl\u00e8me - les gants sont faciles \u00e0 nettoyer avec un lavage \u00e0 la main \u00e0 l'eau froide et s\u00e8chent rapidement \u00e0 l'air sans perdre leur forme ou leur \u00e9lasticit\u00e9. Con\u00e7us pour r\u00e9sister aux exigences de l'entra\u00eenement quotidien et de la comp\u00e9tition, les gants RYINZ MTB sont le choix ultime pour les cyclistes qui refusent de faire des compromis sur les performances.<\/p>\n<p class=\"\" data-start=\"3543\" data-end=\"3738\">Disponible en plusieurs tailles (S, M, L, XL, XXL) pour garantir un ajustement parfait \u00e0 chaque cycliste. Veuillez consulter notre tableau des tailles d\u00e9taill\u00e9 pour obtenir des mesures pr\u00e9cises afin de maximiser le confort et l'efficacit\u00e9.<\/p>\n<p class=\"\" data-start=\"3740\" data-end=\"4005\">Am\u00e9liorez votre exp\u00e9rience de conduite avec des gants qui sont aussi r\u00e9sistants et aventureux que vous. Avec RYINZ, chaque sortie est une sortie gagnante. Pr\u00e9parez-vous \u00e0 rouler plus fort, plus vite et de mani\u00e8re plus s\u00fbre, en b\u00e9n\u00e9ficiant de l'innovation et de la qualit\u00e9 de fabrication de RYINZ Professional Gear.<\/p>","protected":false},"excerpt":{"rendered":"<p>Partez \u00e0 la conqu\u00eate de chaque sentier avec les gants de VTT professionnels RYINZ. Con\u00e7us pour des performances optimales, ces gants de VTT \u00e0 doigts complets sont dot\u00e9s d'un tissu respirant et extensible avec un renfort en cuir synth\u00e9tique pour une durabilit\u00e9 et une ventilation exceptionnelles. Les doigts pr\u00e9-courb\u00e9s, le rembourrage de la paume absorbant les chocs et les bandes antid\u00e9rapantes am\u00e9liorent votre adh\u00e9rence, votre confort et votre contr\u00f4le. Avec des fermetures Velcro r\u00e9glables, des accents r\u00e9fl\u00e9chissants \u00e9l\u00e9gants et plusieurs options de taille, ces gants sont le compagnon id\u00e9al pour le VTT, le BMX, le trail et les aventures tout-terrain. Con\u00e7us pour les cyclistes s\u00e9rieux qui exigent du style, de la protection et des performances sup\u00e9rieures de leur \u00e9quipement cycliste.<\/p>","protected":false},"featured_media":8934,"comment_status":"closed","ping_status":"closed","template":"","meta":[],"product_brand":[35],"product_cat":[31,50],"product_tag":[49,54,40],"class_list":{"0":"post-8902","1":"product","2":"type-product","3":"status-publish","4":"has-post-thumbnail","6":"product_brand-ryinz","7":"product_cat-cycling-mountain-gloves","8":"product_cat-mountain-bike-gloves","9":"product_tag-full-finger-cycling-gloves","10":"product_tag-microfiber-palm-gloves","11":"product_tag-performance-cycling-gear","13":"first","14":"instock","15":"sold-individually","16":"taxable","17":"shipping-taxable","18":"purchasable","19":"product-type-simple"},"_links":{"self":[{"href":"https:\/\/ryinz.cz\/velkoobchod\/fr\/wp-json\/wp\/v2\/product\/8902","targetHints":{"allow":["GET"]}}],"collection":[{"href":"https:\/\/ryinz.cz\/velkoobchod\/fr\/wp-json\/wp\/v2\/product"}],"about":[{"href":"https:\/\/ryinz.cz\/velkoobchod\/fr\/wp-json\/wp\/v2\/types\/product"}],"replies":[{"embeddable":true,"href":"https:\/\/ryinz.cz\/velkoobchod\/fr\/wp-json\/wp\/v2\/comments?post=8902"}],"wp:featuredmedia":[{"embeddable":true,"href":"https:\/\/ryinz.cz\/velkoobchod\/fr\/wp-json\/wp\/v2\/media\/8934"}],"wp:attachment":[{"href":"https:\/\/ryinz.cz\/velkoobchod\/fr\/wp-json\/wp\/v2\/media?parent=8902"}],"wp:term":[{"taxonomy":"product_brand","embeddable":true,"href":"https:\/\/ryinz.cz\/velkoobchod\/fr\/wp-json\/wp\/v2\/product_brand?post=8902"},{"taxonomy":"product_cat","embeddable":true,"href":"https:\/\/ryinz.cz\/velkoobchod\/fr\/wp-json\/wp\/v2\/product_cat?post=8902"},{"taxonomy":"product_tag","embeddable":true,"href":"https:\/\/ryinz.cz\/velkoobchod\/fr\/wp-json\/wp\/v2\/product_tag?post=8902"}],"curies":[{"name":"wp","href":"https:\/\/api.w.org\/{rel}","templated":true}]}}