{"id":8901,"date":"2025-06-22T15:21:03","date_gmt":"2025-06-22T15:21:03","guid":{"rendered":"https:\/\/ryinz.cz\/velkoobchod\/?post_type=product&#038;p=8901"},"modified":"2026-01-18T20:16:41","modified_gmt":"2026-01-18T20:16:41","slug":"ryinz-all-terrain-full-finger-mountain-bike-gloves-breathable-lightweight-shockproof-mtb-gloves-for-men-and-women","status":"publish","type":"product","link":"https:\/\/ryinz.cz\/velkoobchod\/fr\/product\/ryinz-all-terrain-full-finger-mountain-bike-gloves-breathable-lightweight-shockproof-mtb-gloves-for-men-and-women\/","title":{"rendered":"RYINZ All-Terrain Full Finger Mountain Bike Gloves - Gants de VTT respirants, l\u00e9gers et r\u00e9sistants aux chocs pour hommes et femmes"},"content":{"rendered":"<p class=\"\" data-start=\"280\" data-end=\"723\">Voici les gants de VTT RYINZ All-Terrain Full Finger Mountain Bike Gloves - une perc\u00e9e dans l'\u00e9quipement cycliste professionnel con\u00e7u pour les cyclistes passionn\u00e9s. Que vous vous attaquiez aux pistes de montagne, que vous fassiez de la descente, que vous parcouriez des terrains accident\u00e9s ou que vous fassiez simplement la navette, ces gants vous garantissent des performances, une protection et un confort in\u00e9gal\u00e9s. Fabriqu\u00e9s avec des mat\u00e9riaux avanc\u00e9s et une ing\u00e9nierie ergonomique, ils sont con\u00e7us pour accompagner vos sorties les plus ambitieuses.<\/p>\n<p class=\"\" data-start=\"725\" data-end=\"1163\">L'empeigne est compos\u00e9e d'un tissu 3D mesh robuste et ultra-respirant, qui assure une circulation optimale de l'air pour garder les mains au frais et au sec, m\u00eame lors d'efforts intenses. La chaleur et l'humidit\u00e9 sont \u00e9vacu\u00e9es efficacement, ce qui \u00e9vite tout inconfort li\u00e9 \u00e0 la transpiration des paumes. Associ\u00e9s \u00e0 des panneaux \u00e9lastiques en spandex, les gants offrent une coupe adaptative et ajust\u00e9e qui ressemble \u00e0 une seconde peau, am\u00e9liorant les mouvements naturels et la flexibilit\u00e9 sans sacrifier la durabilit\u00e9.<\/p>\n<p class=\"\" data-start=\"1165\" data-end=\"1659\">La zone de la paume est un v\u00e9ritable chef-d'\u0153uvre de conception technique. Fabriqu\u00e9e en cuir synth\u00e9tique r\u00e9sistant \u00e0 l'abrasion, elle offre un \u00e9quilibre extraordinaire entre durabilit\u00e9, adh\u00e9rence et protection. Le rembourrage en gel renforc\u00e9 dans les zones de pression critiques absorbe les chocs et r\u00e9duit les vibrations transmises par le guidon, prot\u00e9geant ainsi vos nerfs et vos articulations de la tension et de la fatigue. Que ce soit dans les descentes rocheuses ou dans les racines et les orni\u00e8res, ces gants minimisent l'engourdissement des mains et maximisent le contr\u00f4le.<\/p>\n<p class=\"\" data-start=\"1661\" data-end=\"2032\">Les empreintes en silicone int\u00e9gr\u00e9es au bout des doigts offrent une excellente adh\u00e9rence, ce qui est particuli\u00e8rement important pour maintenir un contr\u00f4le pr\u00e9cis des leviers de frein et de vitesse dans des conditions humides, boueuses ou poussi\u00e9reuses. En outre, les gants sont compatibles avec les \u00e9crans tactiles, ce qui permet une interaction transparente avec les smartphones ou les GPS sans avoir \u00e0 les retirer - une caract\u00e9ristique essentielle pour les cyclistes modernes.<\/p>\n<p class=\"\" data-start=\"2034\" data-end=\"2396\">La s\u00e9curit\u00e9 et l'ajustement sont encore renforc\u00e9s par une sangle de poignet r\u00e9glable avec un syst\u00e8me de fermeture Velcro solide. Ce syst\u00e8me permet non seulement de s'adapter aux diff\u00e9rentes tailles de poignet, mais aussi d'\u00e9viter que les gants ne glissent lors des sorties agressives. Le bracelet est fabriqu\u00e9 dans un tissu doux et extensible pour faciliter les mouvements et prolonger le confort pendant les randonn\u00e9es de longue dur\u00e9e.<\/p>\n<p class=\"\" data-start=\"2398\" data-end=\"2757\">La s\u00e9curit\u00e9 est un \u00e9l\u00e9ment essentiel de la conception. Les d\u00e9tails r\u00e9fl\u00e9chissants sont plac\u00e9s strat\u00e9giquement pour am\u00e9liorer la visibilit\u00e9 dans les environnements peu \u00e9clair\u00e9s, offrant une couche de protection suppl\u00e9mentaire pour les randonn\u00e9es en soir\u00e9e ou t\u00f4t le matin. Les panneaux renforc\u00e9s au niveau des articulations offrent une protection mod\u00e9r\u00e9e contre les branches, les d\u00e9bris ou les impacts inattendus sans ajouter de rigidit\u00e9 ni r\u00e9duire la flexibilit\u00e9.<\/p>\n<p class=\"\" data-start=\"2759\" data-end=\"3098\">Ces gants RYINZ sont incroyablement polyvalents, id\u00e9aux non seulement pour le VTT, mais aussi pour le gravel riding, le motocross, le trail running, l'escalade, les courses d'aventure et m\u00eame les s\u00e9ances d'entra\u00eenement en salle o\u00f9 la protection des mains est vitale. Ils sont con\u00e7us pour fonctionner en toute saison - des matin\u00e9es fra\u00eeches du printemps aux apr\u00e8s-midi chaudes de l'\u00e9t\u00e9, en passant par les douces soir\u00e9es d'automne.<\/p>\n<p class=\"\" data-start=\"3100\" data-end=\"3360\">L'entretien de vos gants se fait sans effort : ils sont enti\u00e8rement lavables \u00e0 la main avec un savon doux et de l'eau froide. Leurs couleurs r\u00e9sistantes \u00e0 la d\u00e9coloration et leurs coutures durables leur permettent de conserver leur aspect professionnel et leurs performances, m\u00eame apr\u00e8s des lavages r\u00e9p\u00e9t\u00e9s et une utilisation prolong\u00e9e.<\/p>\n<p class=\"\" data-start=\"3362\" data-end=\"3630\">Disponibles en diff\u00e9rentes tailles allant de S \u00e0 XXL, ces gants sont con\u00e7us pour s'adapter parfaitement \u00e0 chaque motard. Leur esth\u00e9tique \u00e9l\u00e9gante et agressive, combinant des tons bleus, noirs et gris avec un marquage RYINZ audacieux, est s\u00fbre de faire une d\u00e9claration puissante sur n'importe quel sentier ou dans n'importe quelle rue.<\/p>\n<p class=\"\" data-start=\"3632\" data-end=\"3843\">Les gants All-Terrain Full Finger MTB Gloves de RYINZ sont plus que de simples gants - ils sont une extension de votre corps qui am\u00e9liore vos performances. Roulez plus fort, accrochez-vous mieux et sentez la diff\u00e9rence que fait un \u00e9quipement de qualit\u00e9 professionnelle.<\/p>","protected":false},"excerpt":{"rendered":"<p>Dominez chaque sortie avec les gants de VTT RYINZ All-Terrain Full Finger. Ces gants de cyclisme haute performance sont dot\u00e9s d'une construction en maille respirante pour une circulation maximale de l'air et d'un tissu extensible pour une adaptation \u00e0 la peau. La paume est renforc\u00e9e par un cuir synth\u00e9tique r\u00e9sistant \u00e0 l'abrasion et des coussinets en gel absorbant les chocs pour amortir les impacts et r\u00e9duire la fatigue sur les terrains accident\u00e9s. Les am\u00e9liorations apport\u00e9es \u00e0 l'adh\u00e9rence par la silicone garantissent une bonne prise en main des leviers de frein et des changements de vitesse, m\u00eame dans des conditions difficiles. Compatibles avec les \u00e9crans tactiles, dot\u00e9s de poignets r\u00e9glables en Velcro, d'accents de s\u00e9curit\u00e9 r\u00e9fl\u00e9chissants et d'une protection renforc\u00e9e des articulations, ces gants offrent tout ce dont un pilote tout-terrain a besoin : confort, adh\u00e9rence, flexibilit\u00e9 et s\u00e9curit\u00e9. Id\u00e9al pour le VTT, le trail, les aventures sur le gravier, le motocross et les missions cyclistes de tous les jours. Les gants RYINZ prot\u00e8gent vos mains, vous donnent confiance et vous permettent de garder le contr\u00f4le, kilom\u00e8tre apr\u00e8s kilom\u00e8tre.<\/p>","protected":false},"featured_media":8933,"comment_status":"closed","ping_status":"closed","template":"","meta":[],"product_brand":[35],"product_cat":[31,50],"product_tag":[52,49,53],"class_list":{"0":"post-8901","1":"product","2":"type-product","3":"status-publish","4":"has-post-thumbnail","6":"product_brand-ryinz","7":"product_cat-cycling-mountain-gloves","8":"product_cat-mountain-bike-gloves","9":"product_tag-breathable-neoprene-gloves","10":"product_tag-full-finger-cycling-gloves","11":"product_tag-professional-cycling-gloves","13":"first","14":"instock","15":"sold-individually","16":"taxable","17":"shipping-taxable","18":"purchasable","19":"product-type-simple"},"_links":{"self":[{"href":"https:\/\/ryinz.cz\/velkoobchod\/fr\/wp-json\/wp\/v2\/product\/8901","targetHints":{"allow":["GET"]}}],"collection":[{"href":"https:\/\/ryinz.cz\/velkoobchod\/fr\/wp-json\/wp\/v2\/product"}],"about":[{"href":"https:\/\/ryinz.cz\/velkoobchod\/fr\/wp-json\/wp\/v2\/types\/product"}],"replies":[{"embeddable":true,"href":"https:\/\/ryinz.cz\/velkoobchod\/fr\/wp-json\/wp\/v2\/comments?post=8901"}],"wp:featuredmedia":[{"embeddable":true,"href":"https:\/\/ryinz.cz\/velkoobchod\/fr\/wp-json\/wp\/v2\/media\/8933"}],"wp:attachment":[{"href":"https:\/\/ryinz.cz\/velkoobchod\/fr\/wp-json\/wp\/v2\/media?parent=8901"}],"wp:term":[{"taxonomy":"product_brand","embeddable":true,"href":"https:\/\/ryinz.cz\/velkoobchod\/fr\/wp-json\/wp\/v2\/product_brand?post=8901"},{"taxonomy":"product_cat","embeddable":true,"href":"https:\/\/ryinz.cz\/velkoobchod\/fr\/wp-json\/wp\/v2\/product_cat?post=8901"},{"taxonomy":"product_tag","embeddable":true,"href":"https:\/\/ryinz.cz\/velkoobchod\/fr\/wp-json\/wp\/v2\/product_tag?post=8901"}],"curies":[{"name":"wp","href":"https:\/\/api.w.org\/{rel}","templated":true}]}}