{"id":8900,"date":"2025-06-22T15:21:03","date_gmt":"2025-06-22T15:21:03","guid":{"rendered":"https:\/\/ryinz.cz\/velkoobchod\/?post_type=product&#038;p=8900"},"modified":"2026-01-18T20:16:41","modified_gmt":"2026-01-18T20:16:41","slug":"gants-professionnels-de-velo-de-montagne-mtb-a-doigts-entiers-antiderapants-et-respirants-compatibles-avec-les-ecrans-tactiles-par-ryinz","status":"publish","type":"product","link":"https:\/\/ryinz.cz\/velkoobchod\/fr\/product\/professional-full-finger-mtb-mountain-bike-gloves-non-slip-breathable-touchscreen-compatible-by-ryinz\/","title":{"rendered":"Gants de VTT professionnels \u00e0 doigts complets - antid\u00e9rapants, respirants, compatibles avec les \u00e9crans tactiles par RYINZ"},"content":{"rendered":"<p class=\"\" data-start=\"304\" data-end=\"759\">RYINZ Professional Full Finger MTB Mountain Bike Gloves est une solution haut de gamme con\u00e7ue sp\u00e9cialement pour les cyclistes s\u00e9rieux, les v\u00e9t\u00e9tistes et les amateurs d'aventure. Ces gants combinent durabilit\u00e9, confort et fonctionnalit\u00e9s avanc\u00e9es pour \u00e9lever votre exp\u00e9rience du v\u00e9lo \u00e0 un niveau sup\u00e9rieur. Que vous vous attaquiez \u00e0 des sentiers de montagne accident\u00e9s, \u00e0 des trajets en ville ou \u00e0 de longues randonn\u00e9es sur route, ces gants vous offrent une protection, une adh\u00e9rence et un contr\u00f4le in\u00e9gal\u00e9s pour chaque trajet.<\/p>\n<p class=\"\" data-start=\"761\" data-end=\"1188\">Fabriqu\u00e9s \u00e0 partir d'un m\u00e9lange sup\u00e9rieur de polyester respirant, de cuir synth\u00e9tique et d'\u00e9lasthanne, ces gants assurent une circulation optimale de l'air tout en offrant une durabilit\u00e9 robuste. Le tissu hautement ventil\u00e9 garde vos mains s\u00e8ches et exemptes de transpiration, m\u00eame lors de randonn\u00e9es intenses sous le soleil. Les propri\u00e9t\u00e9s d'\u00e9vacuation de l'humidit\u00e9 des mat\u00e9riaux assurent un confort tout au long de la journ\u00e9e, faisant de ces gants le compagnon id\u00e9al des coureurs professionnels et des cyclistes occasionnels.<\/p>\n<p class=\"\" data-start=\"1190\" data-end=\"1649\">Les gants sont dot\u00e9s d'une conception ergonomique \u00e0 doigts entiers, adapt\u00e9e \u00e0 la courbure naturelle de vos mains. Cela garantit un ajustement serr\u00e9 mais flexible qui ne limite pas vos mouvements. La construction pr\u00e9-courb\u00e9e r\u00e9duit la fatigue des mains, ce qui vous permet de mieux contr\u00f4ler le guidon dans les mont\u00e9es raides et les descentes rapides. Les coutures renforc\u00e9es le long des zones critiques garantissent que les gants peuvent r\u00e9sister \u00e0 l'usure quotidienne, m\u00eame dans des conditions extr\u00eames.<\/p>\n<p class=\"\" data-start=\"1651\" data-end=\"2028\">L'un des points forts de ces gants est la paume antid\u00e9rapante en cuir synth\u00e9tique de premi\u00e8re qualit\u00e9, rehauss\u00e9e de motifs d'adh\u00e9rence en silicone. Elle assure un meilleur contr\u00f4le du guidon, en particulier lors de man\u0153uvres brusques ou sur sol mouill\u00e9. Les coussinets d'absorption des chocs strat\u00e9giquement plac\u00e9s r\u00e9duisent les vibrations des terrains accident\u00e9s, prot\u00e9geant ainsi vos mains des engourdissements, des douleurs et de la fatigue \u00e0 long terme.<\/p>\n<p class=\"\" data-start=\"2030\" data-end=\"2443\">La s\u00e9curit\u00e9 et la commodit\u00e9 vont de pair avec la compatibilit\u00e9 de l'\u00e9cran tactile int\u00e9gr\u00e9 sur le pouce et l'index. Vous pouvez facilement utiliser votre smartphone, votre GPS ou votre compteur de v\u00e9lo sans avoir \u00e0 retirer vos gants, ce qui facilite la navigation ou la communication pendant les randonn\u00e9es. Les extr\u00e9mit\u00e9s renforc\u00e9es des doigts offrent une durabilit\u00e9 accrue sans compromettre la sensibilit\u00e9, garantissant une performance durable de l'\u00e9cran tactile.<\/p>\n<p class=\"\" data-start=\"2445\" data-end=\"2718\">Les gants sont dot\u00e9s d'une bande Velcro r\u00e9glable au niveau du poignet, offrant un ajustement s\u00fbr et personnalisable pour diff\u00e9rentes tailles de poignet. Cela \u00e9vite que les gants ne glissent pendant les activit\u00e9s de haute intensit\u00e9 et garantit qu'ils restent confortablement en place pendant toute la dur\u00e9e de l'activit\u00e9.<\/p>\n<p class=\"\" data-start=\"2720\" data-end=\"3084\">En termes d'esth\u00e9tique, les gants RYINZ Professional Full Finger MTB Gloves se distinguent par un design \u00e9l\u00e9gant et dynamique combinant des \u00e9l\u00e9ments bleu marine, noirs et dor\u00e9s. Les lignes graphiques gaufr\u00e9es am\u00e9liorent non seulement l'attrait visuel, mais ajoutent \u00e9galement une texture subtile pour une meilleure adh\u00e9rence. Cette apparence \u00e9l\u00e9gante convient aussi bien aux hommes qu'aux femmes qui privil\u00e9gient la performance et l'esth\u00e9tique.<\/p>\n<p class=\"\" data-start=\"3086\" data-end=\"3370\">Ces gants sont id\u00e9aux pour un large \u00e9ventail d'activit\u00e9s au-del\u00e0 du v\u00e9lo de montagne, notamment le BMX, le motocross, le dirt bike, la randonn\u00e9e, les s\u00e9ances d'entra\u00eenement en salle de sport et m\u00eame les aventures en plein air. Ils sont parfaits pour le printemps, l'\u00e9t\u00e9 et l'automne, et s'adaptent facilement aux diff\u00e9rentes conditions m\u00e9t\u00e9orologiques.<\/p>\n<p class=\"\" data-start=\"3372\" data-end=\"3714\">Les gants RYINZ Professional Full Finger MTB Gloves sont disponibles en plusieurs tailles, offrant un ajustement sur mesure pour les petites, moyennes, grandes et tr\u00e8s grandes mains. Veuillez vous r\u00e9f\u00e9rer \u00e0 notre tableau des tailles d\u00e9taill\u00e9 pour un ajustement parfait. De plus, ces gants sont faciles \u00e0 entretenir : il suffit de les laver \u00e0 la main \u00e0 l'eau froide et de les s\u00e9cher \u00e0 l'air libre pour qu'ils conservent leur forme et leurs performances.<\/p>\n<p class=\"\" data-start=\"3716\" data-end=\"4046\">Tout cycliste s\u00e9rieux sait qu'il est important de prot\u00e9ger ses mains. Avec RYINZ, vous investissez dans la qualit\u00e9, la s\u00e9curit\u00e9 et le confort \u00e0 long terme. Nous sommes fiers de proposer des \u00e9quipements de cyclisme de haute performance auxquels les athl\u00e8tes du monde entier font confiance. D\u00e9couvrez la diff\u00e9rence d\u00e8s aujourd'hui avec RYINZ - votre partenaire ultime en mati\u00e8re d'excellence cycliste.<\/p>\n<p class=\"\" data-start=\"4048\" data-end=\"4277\">Que vous vous pr\u00e9pariez \u00e0 une course de montagne intense ou que vous planifiez un week-end de randonn\u00e9e, les gants RYINZ MTB Gloves sont l'\u00e9quipement qu'il vous faut. Commandez les v\u00f4tres d\u00e8s aujourd'hui et roulez avec confiance, style et des performances sup\u00e9rieures \u00e0 chaque kilom\u00e8tre !<\/p>","protected":false},"excerpt":{"rendered":"<p><strong>Am\u00e9liorez votre exp\u00e9rience cycliste avec les gants de VTT RYINZ Professional Full Finger MTB. Con\u00e7us pour la performance et la durabilit\u00e9, ces gants offrent une respirabilit\u00e9, un confort et un contr\u00f4le exceptionnels. Dot\u00e9s d'une paume antid\u00e9rapante avec coussinets d'absorption des chocs, d'une compatibilit\u00e9 avec les \u00e9crans tactiles, d'un design ergonomique et d'une fermeture Velcro r\u00e9glable, ils sont parfaits pour le VTT, le BMX, le motocross et bien plus encore. Elles sont id\u00e9ales pour les hommes et les femmes \u00e0 la recherche d'un m\u00e9lange parfait de style, de protection et de fonctionnalit\u00e9. Disponibles en bleu marine, noir et or avec des coutures renforc\u00e9es pour une meilleure long\u00e9vit\u00e9. Restez \u00e0 l'aise et confiant sur tous les sentiers avec RYINZ !<\/strong><\/p>","protected":false},"featured_media":8932,"comment_status":"closed","ping_status":"closed","template":"","meta":[],"product_brand":[35],"product_cat":[31,50],"product_tag":[49,51],"class_list":{"0":"post-8900","1":"product","2":"type-product","3":"status-publish","4":"has-post-thumbnail","6":"product_brand-ryinz","7":"product_cat-cycling-mountain-gloves","8":"product_cat-mountain-bike-gloves","9":"product_tag-full-finger-cycling-gloves","10":"product_tag-neoprene-cycling-gloves","12":"first","13":"instock","14":"sold-individually","15":"taxable","16":"shipping-taxable","17":"purchasable","18":"product-type-simple"},"_links":{"self":[{"href":"https:\/\/ryinz.cz\/velkoobchod\/fr\/wp-json\/wp\/v2\/product\/8900","targetHints":{"allow":["GET"]}}],"collection":[{"href":"https:\/\/ryinz.cz\/velkoobchod\/fr\/wp-json\/wp\/v2\/product"}],"about":[{"href":"https:\/\/ryinz.cz\/velkoobchod\/fr\/wp-json\/wp\/v2\/types\/product"}],"replies":[{"embeddable":true,"href":"https:\/\/ryinz.cz\/velkoobchod\/fr\/wp-json\/wp\/v2\/comments?post=8900"}],"wp:featuredmedia":[{"embeddable":true,"href":"https:\/\/ryinz.cz\/velkoobchod\/fr\/wp-json\/wp\/v2\/media\/8932"}],"wp:attachment":[{"href":"https:\/\/ryinz.cz\/velkoobchod\/fr\/wp-json\/wp\/v2\/media?parent=8900"}],"wp:term":[{"taxonomy":"product_brand","embeddable":true,"href":"https:\/\/ryinz.cz\/velkoobchod\/fr\/wp-json\/wp\/v2\/product_brand?post=8900"},{"taxonomy":"product_cat","embeddable":true,"href":"https:\/\/ryinz.cz\/velkoobchod\/fr\/wp-json\/wp\/v2\/product_cat?post=8900"},{"taxonomy":"product_tag","embeddable":true,"href":"https:\/\/ryinz.cz\/velkoobchod\/fr\/wp-json\/wp\/v2\/product_tag?post=8900"}],"curies":[{"name":"wp","href":"https:\/\/api.w.org\/{rel}","templated":true}]}}