{"id":8899,"date":"2025-06-22T15:21:02","date_gmt":"2025-06-22T15:21:02","guid":{"rendered":"https:\/\/ryinz.cz\/velkoobchod\/?post_type=product&#038;p=8899"},"modified":"2026-01-18T20:16:40","modified_gmt":"2026-01-18T20:16:40","slug":"ryinz-mountain-bike-gloves-full-finger-breathable-mtb-enduro-cross-country-downhill-gloves-for-men-and-women","status":"publish","type":"product","link":"https:\/\/ryinz.cz\/velkoobchod\/fr\/product\/ryinz-mountain-bike-gloves-full-finger-breathable-mtb-enduro-cross-country-downhill-gloves-for-men-and-women\/","title":{"rendered":"RYINZ Mountain Bike Gloves Full Finger - Gants respirants pour VTT, Enduro, Cross-Country, Downhill pour hommes et femmes"},"content":{"rendered":"<p class=\"\" data-start=\"285\" data-end=\"734\">Lib\u00e9rez votre esprit de randonneur avec les gants de VTT RYINZ Full Finger, con\u00e7us pour offrir un contr\u00f4le, un confort et une protection ultimes aux cyclistes s\u00e9rieux. Que vous partiez \u00e0 la conqu\u00eate de sentiers de montagne accident\u00e9s, que vous ma\u00eetrisiez les d\u00e9fis de l'enduro, que vous fassiez de la descente ou que vous viviez des aventures de cross-country, ces gants offrent la combinaison parfaite d'adh\u00e9rence, de respirabilit\u00e9 et de durabilit\u00e9 pour s'adapter \u00e0 votre intensit\u00e9.<\/p>\n<p class=\"\" data-start=\"736\" data-end=\"1151\">Les gants de VTT RYINZ sont dot\u00e9s d'un dos en maille l\u00e9g\u00e8re et respirante qui garde vos mains au frais pendant les sorties les plus exigeantes. M\u00eame en cas d'effort intense ou par temps chaud, le syst\u00e8me de ventilation avanc\u00e9 assure l'\u00e9vacuation de l'humidit\u00e9 pour \u00e9viter les paumes moites et am\u00e9liorer le contr\u00f4le de l'adh\u00e9rence. Con\u00e7us sp\u00e9cifiquement pour les disciplines de VTT, ces gants excellent sur les terrains difficiles et dans des conditions m\u00e9t\u00e9orologiques extr\u00eames.<\/p>\n<p class=\"\" data-start=\"1153\" data-end=\"1624\">Les paumes sont fabriqu\u00e9es en daim synth\u00e9tique renforc\u00e9 de haute qualit\u00e9, offrant une adh\u00e9rence et une r\u00e9sistance \u00e0 l'abrasion sup\u00e9rieures sans sacrifier la flexibilit\u00e9. Les bandes de silicone antid\u00e9rapantes sur les doigts maximisent votre contr\u00f4le sur le guidon, les freins et les manettes, vous donnant l'avantage n\u00e9cessaire pour les descentes techniques et les virages serr\u00e9s. Le rembourrage absorbant les chocs, strat\u00e9giquement plac\u00e9 sur les paumes, r\u00e9duit les vibrations, minimise la fatigue et prot\u00e8ge les zones sensibles pendant les sorties prolong\u00e9es.<\/p>\n<p class=\"\" data-start=\"1626\" data-end=\"2011\">Con\u00e7us pour les styles de conduite agressifs, ces gants offrent une protection compl\u00e8te des doigts tout en conservant une l\u00e9g\u00e8ret\u00e9 et une r\u00e9activit\u00e9 exceptionnelles. La fermeture s\u00e9curis\u00e9e du poignet par bande auto-agrippante vous permet d'ajuster le serrage pour un ajustement personnalis\u00e9, garantissant que les gants restent en place m\u00eame lors des sorties \u00e0 haute intensit\u00e9. Les panneaux renforc\u00e9s au niveau du pouce offrent une durabilit\u00e9 suppl\u00e9mentaire dans les zones les plus sollicit\u00e9es.<\/p>\n<p class=\"\" data-start=\"2013\" data-end=\"2332\">Les gants de VTT RYINZ sont \u00e9galement compatibles avec les \u00e9crans tactiles, ce qui permet d'utiliser facilement votre smartphone, votre GPS ou votre cam\u00e9ra d'action sans avoir \u00e0 retirer vos gants. Disponibles dans des couleurs audacieuses et attrayantes, dont une combinaison rouge, blanche et bleue frappante, ces gants vous permettent d'avoir l'air aussi puissant que vous roulez.<\/p>\n<p class=\"\" data-start=\"2334\" data-end=\"2523\">Parfaits pour tous les types de VTT - du trail au all-mountain en passant par la descente et le cross-country - ces gants sont indispensables pour les cyclistes qui exigent performance, protection et style.<\/p>\n<p class=\"\" data-start=\"2525\" data-end=\"2546\"><strong data-start=\"2525\" data-end=\"2544\">Sp\u00e9cifications :<\/strong><\/p>\n<ul data-start=\"2547\" data-end=\"3025\">\n<li class=\"\" data-start=\"2547\" data-end=\"2579\">\n<p class=\"\" data-start=\"2549\" data-end=\"2579\">Genre : Unisexe (hommes et femmes)<\/p>\n<\/li>\n<li class=\"\" data-start=\"2580\" data-end=\"2622\">\n<p class=\"\" data-start=\"2582\" data-end=\"2622\">Type : Gants de v\u00e9lo de montagne \u00e0 doigts complets<\/p>\n<\/li>\n<li class=\"\" data-start=\"2623\" data-end=\"2669\">\n<p class=\"\" data-start=\"2625\" data-end=\"2669\">Couleurs : Rouge, blanc et bleu (multicolore)<\/p>\n<\/li>\n<li class=\"\" data-start=\"2670\" data-end=\"2707\">\n<p class=\"\" data-start=\"2672\" data-end=\"2707\">Tailles disponibles : S, M, L, XL, XXL<\/p>\n<\/li>\n<li class=\"\" data-start=\"2708\" data-end=\"2765\">\n<p class=\"\" data-start=\"2710\" data-end=\"2765\">Mati\u00e8re : Dos en maille respirante, paume en daim renforc\u00e9e<\/p>\n<\/li>\n<li class=\"\" data-start=\"2766\" data-end=\"2882\">\n<p class=\"\" data-start=\"2768\" data-end=\"2882\">Caract\u00e9ristiques : Poign\u00e9e antid\u00e9rapante en silicone, rembourrage de la paume absorbant les chocs, filet respirant, fermeture r\u00e9glable par crochets et boucles.<\/p>\n<\/li>\n<li class=\"\" data-start=\"2883\" data-end=\"2936\">\n<p class=\"\" data-start=\"2885\" data-end=\"2936\">Ajouts sp\u00e9ciaux : Doigts compatibles avec l'\u00e9cran tactile<\/p>\n<\/li>\n<li class=\"\" data-start=\"2937\" data-end=\"3025\">\n<p class=\"\" data-start=\"2939\" data-end=\"3025\">Id\u00e9al pour : VTT, Enduro, Cross-Country, Descente, Trail Riding, Fitness, Cyclisme occasionnel<\/p>\n<\/li>\n<\/ul>\n<p class=\"\" data-start=\"3027\" data-end=\"3046\"><strong data-start=\"3027\" data-end=\"3044\">Caract\u00e9ristiques principales :<\/strong><\/p>\n<ul data-start=\"3047\" data-end=\"3849\">\n<li class=\"\" data-start=\"3047\" data-end=\"3104\">\n<p class=\"\" data-start=\"3049\" data-end=\"3104\">Maille l\u00e9g\u00e8re et respirante pour une meilleure ventilation<\/p>\n<\/li>\n<li class=\"\" data-start=\"3105\" data-end=\"3157\">\n<p class=\"\" data-start=\"3107\" data-end=\"3157\">Paume renforc\u00e9e en daim antid\u00e9rapant pour une prise en main maximale<\/p>\n<\/li>\n<li class=\"\" data-start=\"3158\" data-end=\"3211\">\n<p class=\"\" data-start=\"3160\" data-end=\"3211\">Rembourrage anti-vibration pour le confort et la protection<\/p>\n<\/li>\n<li class=\"\" data-start=\"3212\" data-end=\"3255\">\n<p class=\"\" data-start=\"3214\" data-end=\"3255\">La compatibilit\u00e9 avec les \u00e9crans tactiles au bout des doigts<\/p>\n<\/li>\n<li class=\"\" data-start=\"3256\" data-end=\"3312\">\n<p class=\"\" data-start=\"3258\" data-end=\"3312\">Conception souple et l\u00e9g\u00e8re pour plus d'agilit\u00e9 et de confort<\/p>\n<\/li>\n<li class=\"\" data-start=\"3313\" data-end=\"3357\">\n<p class=\"\" data-start=\"3315\" data-end=\"3357\">Bracelet r\u00e9glable pour un ajustement parfait<\/p>\n<\/li>\n<li class=\"\" data-start=\"3358\" data-end=\"3405\">\n<p class=\"\" data-start=\"3360\" data-end=\"3405\">Absorption des chocs dans les zones de pression critique<\/p>\n<\/li>\n<li class=\"\" data-start=\"3406\" data-end=\"3463\">\n<p class=\"\" data-start=\"3408\" data-end=\"3463\">Design \u00e9l\u00e9gant rouge-blanc-bleu pour une meilleure visibilit\u00e9<\/p>\n<\/li>\n<li class=\"\" data-start=\"3464\" data-end=\"3509\">\n<p class=\"\" data-start=\"3466\" data-end=\"3509\">Coutures durables et construction robuste<\/p>\n<\/li>\n<li class=\"\" data-start=\"3510\" data-end=\"3556\">\n<p class=\"\" data-start=\"3512\" data-end=\"3556\">Id\u00e9al pour les randonn\u00e9es de printemps, d'\u00e9t\u00e9 et d'automne<\/p>\n<\/li>\n<li class=\"\" data-start=\"3557\" data-end=\"3615\">\n<p class=\"\" data-start=\"3559\" data-end=\"3615\">Parfait pour les courses de comp\u00e9tition et le cyclisme de loisir<\/p>\n<\/li>\n<li class=\"\" data-start=\"3616\" data-end=\"3662\">\n<p class=\"\" data-start=\"3618\" data-end=\"3662\">Construit pour r\u00e9sister aux terrains montagneux difficiles<\/p>\n<\/li>\n<li class=\"\" data-start=\"3663\" data-end=\"3727\">\n<p class=\"\" data-start=\"3665\" data-end=\"3727\">Con\u00e7u pour r\u00e9duire la fatigue des mains et am\u00e9liorer l'endurance de la conduite<\/p>\n<\/li>\n<li class=\"\" data-start=\"3728\" data-end=\"3798\">\n<p class=\"\" data-start=\"3730\" data-end=\"3798\">Convient aux d\u00e9butants, aux passionn\u00e9s et aux cavaliers professionnels<\/p>\n<\/li>\n<li class=\"\" data-start=\"3799\" data-end=\"3849\">\n<p class=\"\" data-start=\"3801\" data-end=\"3849\">Entretien facile : lavable \u00e0 la main et s\u00e9chage rapide<\/p>\n<\/li>\n<\/ul>\n<p class=\"\" data-start=\"3851\" data-end=\"4023\">Pr\u00e9parez-vous pour votre prochaine sortie avec les gants de VTT RYINZ Full Finger - votre partenaire ultime pour conqu\u00e9rir les sentiers les plus difficiles et offrir des performances de pointe \u00e0 chaque kilom\u00e8tre.<\/p>","protected":false},"excerpt":{"rendered":"<p>Partez \u00e0 la conqu\u00eate de chaque sentier avec les gants de v\u00e9lo de montagne RYINZ Full Finger. Con\u00e7us pour le VTT, l'enduro, le cross-country et la descente, ces gants sont dot\u00e9s d'une maille respirante, de paumes antid\u00e9rapantes, d'un rembourrage absorbant les chocs et d'une compatibilit\u00e9 avec les \u00e9crans tactiles. L\u00e9gers, flexibles et durables, ils garantissent un contr\u00f4le, un confort et une protection maximums \u00e0 chaque sortie. Roulez plus intelligemment et plus fort avec les gants RYINZ con\u00e7us pour les champions.<\/p>\n<ul data-start=\"3047\" data-end=\"3849\">\n<li class=\"\" data-start=\"3256\" data-end=\"3312\">\n<p class=\"\" data-start=\"3258\" data-end=\"3312\">Conception souple et l\u00e9g\u00e8re pour plus d'agilit\u00e9 et de confort<\/p>\n<\/li>\n<li class=\"\" data-start=\"3313\" data-end=\"3357\">\n<p class=\"\" data-start=\"3315\" data-end=\"3357\">Bracelet r\u00e9glable pour un ajustement parfait<\/p>\n<\/li>\n<li class=\"\" data-start=\"3358\" data-end=\"3405\">\n<p class=\"\" data-start=\"3360\" data-end=\"3405\">Absorption des chocs dans les zones de pression critique<\/p>\n<\/li>\n<li class=\"\" data-start=\"3406\" data-end=\"3463\">\n<p class=\"\" data-start=\"3408\" data-end=\"3463\">Design \u00e9l\u00e9gant rouge-blanc-bleu pour une meilleure visibilit\u00e9<\/p>\n<\/li>\n<li class=\"\" data-start=\"3464\" data-end=\"3509\">\n<p class=\"\" data-start=\"3466\" data-end=\"3509\">Coutures durables et construction robuste<\/p>\n<\/li>\n<li class=\"\" data-start=\"3510\" data-end=\"3556\">\n<p class=\"\" data-start=\"3512\" data-end=\"3556\">Id\u00e9al pour les randonn\u00e9es de printemps, d'\u00e9t\u00e9 et d'automne<\/p>\n<\/li>\n<\/ul>","protected":false},"featured_media":8931,"comment_status":"closed","ping_status":"closed","template":"","meta":[],"product_brand":[35],"product_cat":[31,50],"product_tag":[49,34],"class_list":{"0":"post-8899","1":"product","2":"type-product","3":"status-publish","4":"has-post-thumbnail","6":"product_brand-ryinz","7":"product_cat-cycling-mountain-gloves","8":"product_cat-mountain-bike-gloves","9":"product_tag-full-finger-cycling-gloves","10":"product_tag-mountain-bike-gloves","12":"first","13":"instock","14":"sold-individually","15":"taxable","16":"shipping-taxable","17":"purchasable","18":"product-type-simple"},"_links":{"self":[{"href":"https:\/\/ryinz.cz\/velkoobchod\/fr\/wp-json\/wp\/v2\/product\/8899","targetHints":{"allow":["GET"]}}],"collection":[{"href":"https:\/\/ryinz.cz\/velkoobchod\/fr\/wp-json\/wp\/v2\/product"}],"about":[{"href":"https:\/\/ryinz.cz\/velkoobchod\/fr\/wp-json\/wp\/v2\/types\/product"}],"replies":[{"embeddable":true,"href":"https:\/\/ryinz.cz\/velkoobchod\/fr\/wp-json\/wp\/v2\/comments?post=8899"}],"wp:featuredmedia":[{"embeddable":true,"href":"https:\/\/ryinz.cz\/velkoobchod\/fr\/wp-json\/wp\/v2\/media\/8931"}],"wp:attachment":[{"href":"https:\/\/ryinz.cz\/velkoobchod\/fr\/wp-json\/wp\/v2\/media?parent=8899"}],"wp:term":[{"taxonomy":"product_brand","embeddable":true,"href":"https:\/\/ryinz.cz\/velkoobchod\/fr\/wp-json\/wp\/v2\/product_brand?post=8899"},{"taxonomy":"product_cat","embeddable":true,"href":"https:\/\/ryinz.cz\/velkoobchod\/fr\/wp-json\/wp\/v2\/product_cat?post=8899"},{"taxonomy":"product_tag","embeddable":true,"href":"https:\/\/ryinz.cz\/velkoobchod\/fr\/wp-json\/wp\/v2\/product_tag?post=8899"}],"curies":[{"name":"wp","href":"https:\/\/api.w.org\/{rel}","templated":true}]}}