{"id":8891,"date":"2025-06-22T15:21:01","date_gmt":"2025-06-22T15:21:01","guid":{"rendered":"https:\/\/ryinz.cz\/velkoobchod\/?post_type=product&#038;p=8891"},"modified":"2026-01-18T20:16:36","modified_gmt":"2026-01-18T20:16:36","slug":"ryinz-breathable-half-finger-cycling-gloves-lightweight-anti-slip-padded-sport-bike-gloves-for-men-and-women","status":"publish","type":"product","link":"https:\/\/ryinz.cz\/velkoobchod\/fr\/product\/ryinz-breathable-half-finger-cycling-gloves-lightweight-anti-slip-padded-sport-bike-gloves-for-men-and-women\/","title":{"rendered":"RYINZ Gants de cyclisme demi-doigts respirants - Gants de v\u00e9lo de sport l\u00e9gers, antid\u00e9rapants et rembourr\u00e9s pour hommes et femmes"},"content":{"rendered":"<p class=\"\" data-start=\"254\" data-end=\"755\">D\u00e9couvrez un confort, une adh\u00e9rence et une protection sup\u00e9rieurs avec les gants de cyclisme RYINZ Breathable Half Finger, con\u00e7us sp\u00e9cialement pour les cyclistes passionn\u00e9s qui appr\u00e9cient la performance et la durabilit\u00e9. Fabriqu\u00e9s dans un tissu respirant de haute qualit\u00e9, ces gants assurent une ventilation maximale, gardant vos mains au frais et sans transpiration, m\u00eame pendant les longues sorties par forte chaleur. Le mat\u00e9riau l\u00e9ger offre une sensation de seconde peau, permettant une mobilit\u00e9 totale de la main sans sacrifier la protection.<\/p>\n<p class=\"\" data-start=\"757\" data-end=\"1106\">La zone de la paume est renforc\u00e9e par un rembourrage antid\u00e9rapant et absorbant les chocs, strat\u00e9giquement plac\u00e9 pour minimiser les vibrations des terrains accident\u00e9s, prot\u00e9ger la main contre la fatigue et am\u00e9liorer la stabilit\u00e9 de l'adh\u00e9rence. Qu'il s'agisse de naviguer sur des sentiers accident\u00e9s, de sprinter sur la route ou de rouler dans les rues de la ville, les gants RYINZ offrent un contr\u00f4le constant et un confort sup\u00e9rieur.<\/p>\n<p class=\"\" data-start=\"1109\" data-end=\"1446\">La conception \u00e0 demi-doigts favorise une meilleure sensibilit\u00e9 tactile, ce qui facilite l'utilisation des freins, des vitesses et d'autres fonctions du guidon sans perdre la sensation naturelle du v\u00e9lo. Les fermetures de poignet r\u00e9glables vous permettent de personnaliser l'ajustement, garantissant que les gants restent bien en place sans restreindre la circulation sanguine ou causer de l'inconfort.<\/p>\n<p class=\"\" data-start=\"1448\" data-end=\"1792\">Le design noir minimaliste et \u00e9l\u00e9gant, avec la marque RYINZ subtile, assure un look \u00e9l\u00e9gant et professionnel, adapt\u00e9 aux cyclistes hommes et femmes. Que vous fassiez de la comp\u00e9tition ou du fitness, ces gants concilient parfaitement performance et style. Les doubles coutures durables garantissent une longue dur\u00e9e de vie, m\u00eame apr\u00e8s une utilisation r\u00e9p\u00e9t\u00e9e et de nombreux cycles de lavage.<\/p>\n<p class=\"\" data-start=\"1795\" data-end=\"2150\">Les languettes \u00e0 retrait rapide sur les doigts permettent d'enlever les gants sans effort, m\u00eame lorsqu'ils sont mouill\u00e9s par la sueur. Un patch de pouce doux et absorbant est int\u00e9gr\u00e9 pour essuyer la sueur, maintenir une vue claire et une concentration ininterrompue pendant la conduite. La conception ergonomique de la paume et la doublure int\u00e9rieure douce garantissent un confort maximal des mains sur les longs trajets, en r\u00e9duisant les points chauds et les points de pression.<\/p>\n<p class=\"\" data-start=\"2153\" data-end=\"2494\">Ils sont parfaits pour diverses disciplines cyclistes, notamment le VTT, le cyclisme sur route, le gravel riding, le BMX, les cours de spinning et m\u00eame les activit\u00e9s de remise en forme g\u00e9n\u00e9rale comme les entra\u00eenements en salle, l'halt\u00e9rophilie ou l'aviron. Gr\u00e2ce \u00e0 leur conception polyvalente, les gants RYINZ peuvent \u00e9galement servir de gants de scooter, de gants de v\u00e9lo \u00e9lectrique et de gants pour les activit\u00e9s de plein air.<\/p>\n<p class=\"\" data-start=\"2496\" data-end=\"2831\">Les gants de cyclisme RYINZ Breathable Half Finger sont con\u00e7us pour tous ceux qui attachent de l'importance au confort, au contr\u00f4le et \u00e0 la durabilit\u00e9. Am\u00e9liorez votre exp\u00e9rience de conduite avec des gants qui ont la confiance des cyclistes professionnels et des cyclistes de tous les jours. Roulez plus loin, plus vite et en toute s\u00e9curit\u00e9 gr\u00e2ce \u00e0 la protection et \u00e0 l'ergonomie des gants de cyclisme RYINZ.<\/p>\n<p class=\"\" data-start=\"2833\" data-end=\"3022\">Des ascensions difficiles aux descentes palpitantes, des trajets quotidiens aux aventures du week-end, les gants RYINZ garantissent que vos mains restent prot\u00e9g\u00e9es, soutenues et confortables \u00e0 chaque kilom\u00e8tre du voyage.<\/p>","protected":false},"excerpt":{"rendered":"<p>Restez au frais, \u00e0 l'aise et en contr\u00f4le avec les gants de cyclisme RYINZ Breathable Half Finger. Con\u00e7us avec un tissu respirant haute performance, une paume antid\u00e9rapante absorbant les chocs et une construction ergonomique \u00e0 demi-doigts, ces gants offrent une adh\u00e9rence optimale et r\u00e9duisent la fatigue. Parfaits pour le VTT, le cyclisme sur route, l'entra\u00eenement physique et la conduite d'un scooter, ils sont dot\u00e9s d'une fermeture r\u00e9glable au poignet et de languettes faciles \u00e0 retirer. Id\u00e9al pour les hommes et les femmes qui exigent qualit\u00e9, style et confort \u00e0 chaque fois qu'ils roulent. Les gants RYINZ sont l'am\u00e9lioration essentielle que vos mains m\u00e9ritent.<\/p>","protected":false},"featured_media":8927,"comment_status":"closed","ping_status":"closed","template":"","meta":[],"product_brand":[35],"product_cat":[31,33],"product_tag":[32,34],"class_list":{"0":"post-8891","1":"product","2":"type-product","3":"status-publish","4":"has-post-thumbnail","6":"product_brand-ryinz","7":"product_cat-cycling-mountain-gloves","8":"product_cat-cycling-gloves","9":"product_tag-cycling-mountain-gloves","10":"product_tag-mountain-bike-gloves","12":"first","13":"instock","14":"taxable","15":"shipping-taxable","16":"purchasable","17":"product-type-simple"},"_links":{"self":[{"href":"https:\/\/ryinz.cz\/velkoobchod\/fr\/wp-json\/wp\/v2\/product\/8891","targetHints":{"allow":["GET"]}}],"collection":[{"href":"https:\/\/ryinz.cz\/velkoobchod\/fr\/wp-json\/wp\/v2\/product"}],"about":[{"href":"https:\/\/ryinz.cz\/velkoobchod\/fr\/wp-json\/wp\/v2\/types\/product"}],"replies":[{"embeddable":true,"href":"https:\/\/ryinz.cz\/velkoobchod\/fr\/wp-json\/wp\/v2\/comments?post=8891"}],"wp:featuredmedia":[{"embeddable":true,"href":"https:\/\/ryinz.cz\/velkoobchod\/fr\/wp-json\/wp\/v2\/media\/8927"}],"wp:attachment":[{"href":"https:\/\/ryinz.cz\/velkoobchod\/fr\/wp-json\/wp\/v2\/media?parent=8891"}],"wp:term":[{"taxonomy":"product_brand","embeddable":true,"href":"https:\/\/ryinz.cz\/velkoobchod\/fr\/wp-json\/wp\/v2\/product_brand?post=8891"},{"taxonomy":"product_cat","embeddable":true,"href":"https:\/\/ryinz.cz\/velkoobchod\/fr\/wp-json\/wp\/v2\/product_cat?post=8891"},{"taxonomy":"product_tag","embeddable":true,"href":"https:\/\/ryinz.cz\/velkoobchod\/fr\/wp-json\/wp\/v2\/product_tag?post=8891"}],"curies":[{"name":"wp","href":"https:\/\/api.w.org\/{rel}","templated":true}]}}