{"id":8890,"date":"2025-06-22T15:21:00","date_gmt":"2025-06-22T15:21:00","guid":{"rendered":"https:\/\/ryinz.cz\/velkoobchod\/?post_type=product&#038;p=8890"},"modified":"2026-01-18T20:16:35","modified_gmt":"2026-01-18T20:16:35","slug":"ryinz-gants-de-velo-demi-doigts-respirants-et-rembourres-pour-hommes-et-femmes-absorption-des-chocs-anti-derapant-gants-dequitation-legers-pour-lete","status":"publish","type":"product","link":"https:\/\/ryinz.cz\/velkoobchod\/fr\/product\/ryinz-breathable-padded-half-finger-cycling-gloves-for-men-and-women-shock-absorption-anti-slip-lightweight-summer-riding-gloves\/","title":{"rendered":"RYINZ Gants de cyclisme demi-doigts respirants et rembourr\u00e9s pour hommes et femmes - Absorption des chocs, antid\u00e9rapants, gants d'\u00e9quitation l\u00e9gers pour l'\u00e9t\u00e9"},"content":{"rendered":"<p class=\"\" data-start=\"535\" data-end=\"942\">Les gants de cyclisme RYINZ Breathable Padded Half Finger sont le choix id\u00e9al pour les cyclistes qui exigent \u00e0 la fois des performances \u00e9lev\u00e9es et un confort \u00e9l\u00e9gant. Con\u00e7us pour les hommes et les femmes, ces gants demi-doigts offrent une respirabilit\u00e9 in\u00e9gal\u00e9e, un soutien ergonomique et une meilleure adh\u00e9rence pour tous les types de parcours - des trajets en ville aux sentiers de montagne en passant par les longues distances sur route.<\/p>\n<p class=\"\" data-start=\"944\" data-end=\"1286\">Fabriqu\u00e9s \u00e0 partir de mat\u00e9riaux l\u00e9gers de premi\u00e8re qualit\u00e9, ces gants sont dot\u00e9s d'un tissu en maille respirante \u00e0 l'arri\u00e8re pour assurer une circulation maximale de l'air, ce qui permet de garder les mains au frais et \u00e0 l'abri de la transpiration, m\u00eame pendant les randonn\u00e9es les plus intenses. Le design moderne et \u00e9l\u00e9gant dans des tons naturels fait de ces gants un compagnon polyvalent, s'adaptant facilement aux v\u00eatements sportifs et d\u00e9contract\u00e9s.<\/p>\n<p class=\"\" data-start=\"1288\" data-end=\"1610\">Les paumes strat\u00e9giquement rembourr\u00e9es int\u00e8grent des inserts en mousse absorbant les chocs qui minimisent les vibrations de la route et la fatigue des mains, ce qui permet de rouler plus longtemps et plus confortablement. Que vous empruntiez des sentiers cahoteux ou des autoroutes tranquilles, ces gants r\u00e9duisent le stress sur vos mains et vos poignets, am\u00e9liorant ainsi le contr\u00f4le de votre v\u00e9lo.<\/p>\n<p class=\"\" data-start=\"1612\" data-end=\"1978\">L'impression antid\u00e9rapante en silicone sur la paume offre une adh\u00e9rence sup\u00e9rieure dans toutes les conditions m\u00e9t\u00e9orologiques, vous donnant un contr\u00f4le total sur votre guidon m\u00eame en cas de pluie ou d'humidit\u00e9 \u00e9lev\u00e9e. De plus, la construction durable avec des coutures renforc\u00e9es permet aux gants de r\u00e9sister \u00e0 un usage quotidien, aux s\u00e9ances d'entra\u00eenement et aux comp\u00e9titions sans perdre leur forme ou leur confort.<\/p>\n<p class=\"\" data-start=\"1980\" data-end=\"2281\">Une sangle de poignet facile \u00e0 ajuster avec une fermeture Velcro s\u00e9curis\u00e9e vous permet d'adapter parfaitement le gant \u00e0 la taille de votre poignet, \u00e9vitant ainsi tout glissement et offrant une fonctionnalit\u00e9 de mise en place et d'enl\u00e8vement rapide. De plus, les passants pour les doigts permettent d'enlever rapidement les gants apr\u00e8s une s\u00e9ance d'entra\u00eenement ou une randonn\u00e9e sans les fatiguer.<\/p>\n<p class=\"\" data-start=\"2283\" data-end=\"2671\">La coupe ergonomique du demi-doigt permet un mouvement naturel et un excellent retour tactile, ce qui vous permet de manipuler les vitesses, les freins et les smartphones facilement sans enlever les gants. Que vous fassiez du v\u00e9lo de montagne, de la course sur route, du v\u00e9lo de banlieue ou que vous utilisiez ces gants pour des s\u00e9ances de gymnastique, d'halt\u00e9rophilie ou d'entra\u00eenement physique, RYINZ vous garantit un excellent soutien et une bonne fonctionnalit\u00e9.<\/p>\n<p class=\"\" data-start=\"2673\" data-end=\"2863\">Outre le cyclisme, ces gants sont \u00e9galement id\u00e9aux pour les cours de spinning, les machines \u00e0 ramer, les randonn\u00e9es avec b\u00e2tons ou le fitness en plein air en g\u00e9n\u00e9ral, ce qui en fait un outil polyvalent essentiel pour les modes de vie actifs.<\/p>\n<p class=\"\" data-start=\"2865\" data-end=\"2886\"><strong data-start=\"2865\" data-end=\"2884\">Sp\u00e9cifications :<\/strong><\/p>\n<ul data-start=\"2887\" data-end=\"3210\">\n<li class=\"\" data-start=\"2887\" data-end=\"2919\">\n<p class=\"\" data-start=\"2889\" data-end=\"2919\">Genre : Unisexe (hommes et femmes)<\/p>\n<\/li>\n<li class=\"\" data-start=\"2920\" data-end=\"2942\">\n<p class=\"\" data-start=\"2922\" data-end=\"2942\">Style : Demi-doigt<\/p>\n<\/li>\n<li class=\"\" data-start=\"2943\" data-end=\"2979\">\n<p class=\"\" data-start=\"2945\" data-end=\"2979\">Couleurs : Blanc de terre, Gris, Marron<\/p>\n<\/li>\n<li class=\"\" data-start=\"2980\" data-end=\"3012\">\n<p class=\"\" data-start=\"2982\" data-end=\"3012\">Tailles disponibles : S, M, L, XL<\/p>\n<\/li>\n<li class=\"\" data-start=\"3013\" data-end=\"3080\">\n<p class=\"\" data-start=\"3015\" data-end=\"3080\">Mat\u00e9riaux : Maille respirante, mousse rembourr\u00e9e, paume en cuir synth\u00e9tique<\/p>\n<\/li>\n<li class=\"\" data-start=\"3081\" data-end=\"3117\">\n<p class=\"\" data-start=\"3083\" data-end=\"3117\">Fermeture : Bande Velcro ajustable<\/p>\n<\/li>\n<li class=\"\" data-start=\"3118\" data-end=\"3210\">\n<p class=\"\" data-start=\"3120\" data-end=\"3210\">Id\u00e9al pour : Cyclisme sur route, VTT, d\u00e9placements quotidiens, spinning en salle, exercices de fitness, conduite de scooter<\/p>\n<\/li>\n<\/ul>\n<p class=\"\" data-start=\"3212\" data-end=\"3452\">Les gants RYINZ sont con\u00e7us pour les champions qui appr\u00e9cient chaque d\u00e9tail - confort, performance et praticit\u00e9 \u00e9l\u00e9gante. Choisissez les gants de cyclisme mi-doigts respirants RYINZ pour profiter chaque jour de trajets plus longs, d'une meilleure adh\u00e9rence et d'une protection de premier ordre.<\/p>","protected":false},"excerpt":{"rendered":"<p class=\"\" data-start=\"3459\" data-end=\"4029\">Faites passer votre exp\u00e9rience du cyclisme au niveau sup\u00e9rieur avec les gants de cyclisme RYINZ Breathable Padded Half Finger. Con\u00e7us pour une ventilation maximale et une meilleure adh\u00e9rence, ces gants sont dot\u00e9s d'un rembourrage de paume absorbant les chocs, d'empreintes en silicone antid\u00e9rapantes et d'une sangle de poignet facile \u00e0 ajuster pour un ajustement parfait. L'\u00e9l\u00e9gante combinaison de couleurs blanc-gris-marron s'adapte \u00e0 la garde-robe de tous les cyclistes. Id\u00e9al pour le cyclisme sur route, le VTT, le spinning, le fitness et le sport en g\u00e9n\u00e9ral. Roulez plus loin, plus fort et avec plus de confiance gr\u00e2ce aux gants de performance RYINZ.<\/p>","protected":false},"featured_media":8920,"comment_status":"closed","ping_status":"closed","template":"","meta":[],"product_brand":[35],"product_cat":[31,33],"product_tag":[30,32],"class_list":{"0":"post-8890","1":"product","2":"type-product","3":"status-publish","4":"has-post-thumbnail","6":"product_brand-ryinz","7":"product_cat-cycling-mountain-gloves","8":"product_cat-cycling-gloves","9":"product_tag-cycling","10":"product_tag-cycling-mountain-gloves","12":"first","13":"instock","14":"virtual","15":"taxable","16":"purchasable","17":"product-type-simple"},"_links":{"self":[{"href":"https:\/\/ryinz.cz\/velkoobchod\/fr\/wp-json\/wp\/v2\/product\/8890","targetHints":{"allow":["GET"]}}],"collection":[{"href":"https:\/\/ryinz.cz\/velkoobchod\/fr\/wp-json\/wp\/v2\/product"}],"about":[{"href":"https:\/\/ryinz.cz\/velkoobchod\/fr\/wp-json\/wp\/v2\/types\/product"}],"replies":[{"embeddable":true,"href":"https:\/\/ryinz.cz\/velkoobchod\/fr\/wp-json\/wp\/v2\/comments?post=8890"}],"wp:featuredmedia":[{"embeddable":true,"href":"https:\/\/ryinz.cz\/velkoobchod\/fr\/wp-json\/wp\/v2\/media\/8920"}],"wp:attachment":[{"href":"https:\/\/ryinz.cz\/velkoobchod\/fr\/wp-json\/wp\/v2\/media?parent=8890"}],"wp:term":[{"taxonomy":"product_brand","embeddable":true,"href":"https:\/\/ryinz.cz\/velkoobchod\/fr\/wp-json\/wp\/v2\/product_brand?post=8890"},{"taxonomy":"product_cat","embeddable":true,"href":"https:\/\/ryinz.cz\/velkoobchod\/fr\/wp-json\/wp\/v2\/product_cat?post=8890"},{"taxonomy":"product_tag","embeddable":true,"href":"https:\/\/ryinz.cz\/velkoobchod\/fr\/wp-json\/wp\/v2\/product_tag?post=8890"}],"curies":[{"name":"wp","href":"https:\/\/api.w.org\/{rel}","templated":true}]}}