{"id":10416,"date":"2025-11-02T12:21:48","date_gmt":"2025-11-02T12:21:48","guid":{"rendered":"https:\/\/ryinz.cz\/velkoobchod\/?post_type=product&#038;p=10416"},"modified":"2026-01-18T20:23:21","modified_gmt":"2026-01-18T20:23:21","slug":"ryinz-streetrider-black-ce-armored-motorcycle-jeans-urban-protection-in-style","status":"publish","type":"product","link":"https:\/\/ryinz.cz\/velkoobchod\/fr\/product\/ryinz-streetrider-black-ce-armored-motorcycle-jeans-urban-protection-in-style\/","title":{"rendered":"RYINZ StreetRider Black CE-Armored Motorcycle Jeans - La protection urbaine dans le style"},"content":{"rendered":"<p data-start=\"108\" data-end=\"490\">Le <strong data-start=\"161\" data-end=\"216\">RYINZ StreetRider Black CE-Armored Motorcycle Jeans<\/strong> r\u00e9unissent le meilleur de deux mondes : un design streetwear moderne et une protection avanc\u00e9e pour les motards. Con\u00e7us pour les motards qui vivent vite et se d\u00e9placent librement, ces jeans associent des mat\u00e9riaux de premi\u00e8re qualit\u00e9, un savoir-faire europ\u00e9en et l'approche \u00e9thique de la fabrication propre \u00e0 Ryinz.<\/p>\n<p data-start=\"492\" data-end=\"843\">Fabriqu\u00e9 en <strong data-start=\"505\" data-end=\"573\">denim extensible tr\u00e8s r\u00e9sistant, renforc\u00e9 par des fibres d'aramide<\/strong>, Les jeans StreetRider offrent une r\u00e9sistance exceptionnelle \u00e0 l'abrasion tout en conservant un toucher denim naturel. Id\u00e9al pour les trajets en ville et les balades du week-end, il offre la protection d'un pantalon de moto de qualit\u00e9 professionnelle sans compromettre le style d'un jean d\u00e9contract\u00e9.<\/p>\n<p data-start=\"845\" data-end=\"1287\">Les jeans pr\u00e9sentent les caract\u00e9ristiques suivantes <strong data-start=\"863\" data-end=\"893\">Armure de niveau 1 certifi\u00e9e CE<\/strong> aux genoux et aux hanches, discr\u00e8tement int\u00e9gr\u00e9s et amovibles pour \u00eatre port\u00e9s en dehors du v\u00e9lo. Des panneaux renforc\u00e9s en fibre aramide dans les zones critiques - y compris le si\u00e8ge, les genoux et les cuisses - prot\u00e8gent le cycliste de l'abrasion et de la chaleur lors d'une glissade. La doublure protectrice en maille assure la respirabilit\u00e9 et le contr\u00f4le de l'humidit\u00e9, tandis que l'extensibilit\u00e9 naturelle du tissu permet une libert\u00e9 de mouvement totale dans toutes les positions de conduite.<\/p>\n<p data-start=\"1289\" data-end=\"1632\">Distinctif <strong data-start=\"1301\" data-end=\"1342\">panneaux extensibles c\u00f4tel\u00e9s au-dessus des genoux<\/strong> La coupe \u00e0 la taille am\u00e9liore la flexibilit\u00e9, ce qui rend les longues promenades ou les arr\u00eats et les d\u00e9placements en ville plus confortables. La coupe ajust\u00e9e \u00e9pouse les contours du corps sans entraver les mouvements, tandis que le <strong data-start=\"1510\" data-end=\"1545\">Design strat\u00e9giquement d\u00e9grad\u00e9<\/strong> ajoute une touche de robustesse et d'authenticit\u00e9 qui compl\u00e8te parfaitement le style de vie du cycliste urbain.<\/p>\n<p data-start=\"1634\" data-end=\"1915\">Fini dans un d\u00e9lavage noir anthracite profond avec un marquage RYINZ minimal, ce jean est aussi \u00e9l\u00e9gant en dehors du v\u00e9lo qu'il est fonctionnel sur le v\u00e9lo. Les triples coutures renforc\u00e9es sur toutes les coutures principales am\u00e9liorent la r\u00e9sistance, tandis que les fermetures \u00e0 glissi\u00e8re YKK et les rivets durables compl\u00e8tent la construction haut de gamme.<\/p>\n<p data-start=\"1917\" data-end=\"2351\">Chaque paire de StreetRider Jeans fait partie de l'engagement de Ryinz \u00e0 <strong data-start=\"1981\" data-end=\"2032\">fabrication \u00e9thique et d\u00e9fense des droits de l'homme<\/strong>. Fabriqu\u00e9s dans des usines certifi\u00e9es au Pakistan et au Bangladesh, ils garantissent un environnement de travail s\u00fbr, l'\u00e9galit\u00e9 des salaires et des possibilit\u00e9s d'autonomisation pour les femmes. Une partie de chaque achat permet de financer des programmes multilingues de soutien \u00e9motionnel et d'\u00e9ducation pour les femmes, 24 heures sur 24 et 7 jours sur 7, dans plus de 110 langues - une caract\u00e9ristique de la mission de Ryinz.<\/p>\n<p data-start=\"2353\" data-end=\"2562\">Le <strong data-start=\"2357\" data-end=\"2401\">RYINZ StreetRider Black CE-Armored Jeans<\/strong> ne sont pas de simples pantalons d'\u00e9quitation - ils sont une d\u00e9claration de r\u00e9silience, d'individualit\u00e9 et de responsabilit\u00e9. Con\u00e7u pour les cavaliers qui veulent \u00eatre aussi beaux qu'ils se sentent en s\u00e9curit\u00e9.<\/p>\n<p data-start=\"2564\" data-end=\"2583\"><strong data-start=\"2564\" data-end=\"2581\">Caract\u00e9ristiques principales :<\/strong><\/p>\n<ul data-start=\"2584\" data-end=\"3227\">\n<li data-start=\"2584\" data-end=\"2669\">\n<p data-start=\"2586\" data-end=\"2669\">Denim extensible tr\u00e8s r\u00e9sistant avec renforcement en fibres aramides pour une meilleure r\u00e9sistance \u00e0 l'abrasion.<\/p>\n<\/li>\n<li data-start=\"2670\" data-end=\"2741\">\n<p data-start=\"2672\" data-end=\"2741\">Armure amovible CE de niveau 1 aux genoux et aux hanches (certifi\u00e9e EN 1621-1).<\/p>\n<\/li>\n<li data-start=\"2742\" data-end=\"2797\">\n<p data-start=\"2744\" data-end=\"2797\">Doublure en maille respirante pour le confort et la ventilation.<\/p>\n<\/li>\n<li data-start=\"2798\" data-end=\"2857\">\n<p data-start=\"2800\" data-end=\"2857\">Panneaux c\u00f4tel\u00e9s extensibles pour la flexibilit\u00e9 et le confort du genou.<\/p>\n<\/li>\n<li data-start=\"2858\" data-end=\"2924\">\n<p data-start=\"2860\" data-end=\"2924\">Coutures triples dans les zones de stress pour une durabilit\u00e9 sup\u00e9rieure.<\/p>\n<\/li>\n<li data-start=\"2925\" data-end=\"2978\">\n<p data-start=\"2927\" data-end=\"2978\">Le design us\u00e9 conf\u00e8re une esth\u00e9tique urbaine et robuste.<\/p>\n<\/li>\n<li data-start=\"2979\" data-end=\"3040\">\n<p data-start=\"2981\" data-end=\"3040\">Coupe ajust\u00e9e pour un style moderne et une mobilit\u00e9 optimale.<\/p>\n<\/li>\n<li data-start=\"3041\" data-end=\"3099\">\n<p data-start=\"3043\" data-end=\"3099\">Les zones du si\u00e8ge et des cuisses sont renforc\u00e9es pour une utilisation durable.<\/p>\n<\/li>\n<li data-start=\"3100\" data-end=\"3148\">\n<p data-start=\"3102\" data-end=\"3148\">Fermetures \u00e0 glissi\u00e8re YKK durables et rivets m\u00e9talliques.<\/p>\n<\/li>\n<li data-start=\"3149\" data-end=\"3227\">\n<p data-start=\"3151\" data-end=\"3227\">Produit de mani\u00e8re \u00e9thique dans le cadre de la mission d'autonomisation des femmes et de travail \u00e9quitable de Ryinz.<\/p>\n<\/li>\n<\/ul>\n<p data-start=\"3229\" data-end=\"3369\">Lorsque vous portez <strong data-start=\"3243\" data-end=\"3264\">RYINZ StreetRider<\/strong>, Dans le cadre de l'initiative de l'Union europ\u00e9enne, vous portez plus qu'une protection - vous portez le progr\u00e8s, la confiance et la compassion, le tout cousu en une seule pi\u00e8ce.<\/p>","protected":false},"excerpt":{"rendered":"<p>Le StreetRider Black CE-Armored Jeans de RYINZ associe le style streetwear \u00e0 une protection s\u00e9rieuse. Fabriqu\u00e9 en denim extensible avec des renforts en aramide et un blindage CE de niveau 1 aux genoux et aux hanches, il offre durabilit\u00e9, confort et flexibilit\u00e9 pour les sorties quotidiennes. Dot\u00e9s d'empi\u00e8cements c\u00f4tel\u00e9s, d'une coupe ajust\u00e9e et de d\u00e9tails us\u00e9s, ils sont parfaits pour \u00eatre port\u00e9s sur ou en dehors de la moto. Con\u00e7us en Europe et fabriqu\u00e9s de mani\u00e8re \u00e9thique dans le cadre de l'initiative d'autonomisation des femmes de Ryinz, chaque commande soutient les droits de l'homme, les emplois s\u00fbrs et les salaires \u00e9quitables.<\/p>","protected":false},"featured_media":10418,"comment_status":"closed","ping_status":"closed","template":"","meta":[],"product_brand":[35],"product_cat":[1111,1109],"product_tag":[1185,1183,1163,1182,1184,1189,1073,1190,1158,1162,1165,1188,1187,1186,1091],"class_list":{"0":"post-10416","1":"product","2":"type-product","3":"status-publish","4":"has-post-thumbnail","6":"product_brand-ryinz","7":"product_cat-motorbike","8":"product_cat-motorbike-apparel","9":"product_tag-aramid-reinforced-jeans","10":"product_tag-armored-denim","11":"product_tag-biker-jeans","12":"product_tag-black-riding-jeans","13":"product_tag-ce-certified-jeans","14":"product_tag-durable-denim","15":"product_tag-ethical-manufacturing","16":"product_tag-european-design-riding-jeans","17":"product_tag-motorcycle-jeans","18":"product_tag-protective-riding-pants","19":"product_tag-ryinz-jeans","20":"product_tag-slim-fit-motorcycle-jeans","21":"product_tag-streetwear-motorcycle-gear","22":"product_tag-urban-motorcycle-wear","23":"product_tag-women-empowerment","25":"first","26":"instock","27":"taxable","28":"shipping-taxable","29":"purchasable","30":"product-type-simple"},"_links":{"self":[{"href":"https:\/\/ryinz.cz\/velkoobchod\/fr\/wp-json\/wp\/v2\/product\/10416","targetHints":{"allow":["GET"]}}],"collection":[{"href":"https:\/\/ryinz.cz\/velkoobchod\/fr\/wp-json\/wp\/v2\/product"}],"about":[{"href":"https:\/\/ryinz.cz\/velkoobchod\/fr\/wp-json\/wp\/v2\/types\/product"}],"replies":[{"embeddable":true,"href":"https:\/\/ryinz.cz\/velkoobchod\/fr\/wp-json\/wp\/v2\/comments?post=10416"}],"wp:featuredmedia":[{"embeddable":true,"href":"https:\/\/ryinz.cz\/velkoobchod\/fr\/wp-json\/wp\/v2\/media\/10418"}],"wp:attachment":[{"href":"https:\/\/ryinz.cz\/velkoobchod\/fr\/wp-json\/wp\/v2\/media?parent=10416"}],"wp:term":[{"taxonomy":"product_brand","embeddable":true,"href":"https:\/\/ryinz.cz\/velkoobchod\/fr\/wp-json\/wp\/v2\/product_brand?post=10416"},{"taxonomy":"product_cat","embeddable":true,"href":"https:\/\/ryinz.cz\/velkoobchod\/fr\/wp-json\/wp\/v2\/product_cat?post=10416"},{"taxonomy":"product_tag","embeddable":true,"href":"https:\/\/ryinz.cz\/velkoobchod\/fr\/wp-json\/wp\/v2\/product_tag?post=10416"}],"curies":[{"name":"wp","href":"https:\/\/api.w.org\/{rel}","templated":true}]}}