{"id":10196,"date":"2025-10-19T10:42:40","date_gmt":"2025-10-19T10:42:40","guid":{"rendered":"https:\/\/ryinz.cz\/velkoobchod\/?post_type=product&#038;p=10196"},"modified":"2026-01-18T20:20:36","modified_gmt":"2026-01-18T20:20:36","slug":"ryinz-brown-leather-motorcycle-gloves-premium-cowhide-reinforced-protection-touring-comfort-ce-certified","status":"publish","type":"product","link":"https:\/\/ryinz.cz\/velkoobchod\/fr\/product\/ryinz-brown-leather-motorcycle-gloves-premium-cowhide-reinforced-protection-touring-comfort-ce-certified\/","title":{"rendered":"RYINZ Gants de moto en cuir marron - Cuir de vache de premi\u00e8re qualit\u00e9, protection renforc\u00e9e et confort de randonn\u00e9e - Certifi\u00e9 CE"},"content":{"rendered":"<p data-start=\"1019\" data-end=\"1335\">Le <strong data-start=\"1023\" data-end=\"1064\">RYINZ Gants de moto en cuir marron<\/strong> sont le point de rencontre entre l'artisanat classique et la protection moderne. Con\u00e7u pour ceux qui appr\u00e9cient \u00e0 la fois <strong data-start=\"1163\" data-end=\"1183\">style et s\u00e9curit\u00e9<\/strong>, Ces gants sont fabriqu\u00e9s en <strong data-start=\"1212\" data-end=\"1244\">100% cuir de vachette de qualit\u00e9 sup\u00e9rieure<\/strong>, Les chaussures de sport de la gamme B sont des chaussures de sport de qualit\u00e9 sup\u00e9rieure, offrant durabilit\u00e9, confort et une sensation de douceur naturelle qui s'am\u00e9liore au fil des kilom\u00e8tres.<\/p>\n<p data-start=\"1337\" data-end=\"1657\">Con\u00e7us pour les vrais coureurs, les gants comprennent <strong data-start=\"1384\" data-end=\"1414\">rembourrage renforc\u00e9 des articulations<\/strong> qui absorbe les chocs et r\u00e9duit les tensions pendant les longues randonn\u00e9es. Les <strong data-start=\"1477\" data-end=\"1527\">la zone de la paume comporte des panneaux en cuir double couche<\/strong> pour une protection suppl\u00e9mentaire et un meilleur contr\u00f4le de la prise en main, tandis que <strong data-start=\"1573\" data-end=\"1602\">sections micro-perfor\u00e9es<\/strong> La ventilation est am\u00e9lior\u00e9e pour garder les mains au frais et au sec.<\/p>\n<p data-start=\"1659\" data-end=\"1940\">Le <strong data-start=\"1663\" data-end=\"1694\">conception ergonomique pr\u00e9-courb\u00e9e<\/strong> assure un ajustement naturel parfait, r\u00e9duisant la fatigue de la main et offrant une flexibilit\u00e9 sup\u00e9rieure. Avec un <strong data-start=\"1791\" data-end=\"1818\">sangle velcro r\u00e9glable<\/strong> au poignet, les gants s'ajustent fermement et confortablement, emp\u00eachant le vent et la poussi\u00e8re de p\u00e9n\u00e9trer tout en conservant une totale libert\u00e9 de mouvement du poignet.<\/p>\n<p data-start=\"1942\" data-end=\"2255\">Visuellement, le riche <strong data-start=\"1961\" data-end=\"2022\">finition en cuir marron combin\u00e9e \u00e0 des d\u00e9tails contrast\u00e9s noirs<\/strong> conf\u00e8re \u00e0 ces gants un look \u00e9l\u00e9gant, d'inspiration vintage - \u00e0 la fois \u00e9l\u00e9gant et robuste, assorti \u00e0 n'importe quelle veste de tourisme ou tenue d'\u00e9quitation d\u00e9contract\u00e9e. Les gants <strong data-start=\"2150\" data-end=\"2174\">surpiq\u00fbres rouges subtiles<\/strong> ajoute une touche de d\u00e9tail haut de gamme qui refl\u00e8te la volont\u00e9 d'excellence de RYINZ.<\/p>\n<p data-start=\"2257\" data-end=\"2624\">Convient pour <strong data-start=\"2270\" data-end=\"2326\">le tourisme \u00e0 moto, les d\u00e9placements urbains et les balades occasionnelles<\/strong>, Ces gants sont un choix polyvalent pour chaque saison. Con\u00e7us pour durer et performer, ils incarnent la philosophie de RYINZ, qui privil\u00e9gie la qualit\u00e9 par la responsabilit\u00e9 - chaque paire est produite dans le cadre d'un programme d'assurance de la qualit\u00e9 de l'entreprise. <strong data-start=\"2501\" data-end=\"2531\">conditions de travail \u00e9thiques<\/strong>, en soutenant <strong data-start=\"2544\" data-end=\"2592\">l'autonomisation des femmes et les pratiques de travail \u00e9quitables<\/strong> dans l'ensemble des installations de production.<\/p>\n<p data-start=\"2626\" data-end=\"2729\">Chaque trajet devient plus significatif avec RYINZ - une marque qui fusionne la protection, la passion et l'objectif.<\/p>\n<p data-start=\"2731\" data-end=\"2813\"><strong data-start=\"2731\" data-end=\"2773\">RYINZ - Inspir\u00e9 par des valeurs depuis 1975.<\/strong><br data-start=\"2773\" data-end=\"2776\" \/>Roulez avec fiert\u00e9. Roulez avec d\u00e9termination.<\/p>\n<hr data-start=\"2815\" data-end=\"2818\" \/>\n<h2 data-start=\"2820\" data-end=\"2857\">\u2699\ufe0f <strong data-start=\"2826\" data-end=\"2855\">Sp\u00e9cifications techniques :<\/strong><\/h2>\n<ul data-start=\"2858\" data-end=\"3344\">\n<li data-start=\"2858\" data-end=\"2904\">\n<p data-start=\"2860\" data-end=\"2904\"><strong data-start=\"2860\" data-end=\"2873\">Mat\u00e9riau :<\/strong> 100% Cuir de vachette de premi\u00e8re qualit\u00e9<\/p>\n<\/li>\n<li data-start=\"2905\" data-end=\"2982\">\n<p data-start=\"2907\" data-end=\"2982\"><strong data-start=\"2907\" data-end=\"2922\">Protection :<\/strong> Rembourrage renforc\u00e9 des articulations + protection double couche de la paume<\/p>\n<\/li>\n<li data-start=\"2983\" data-end=\"3035\">\n<p data-start=\"2985\" data-end=\"3035\"><strong data-start=\"2985\" data-end=\"3001\">Ventilation :<\/strong> Panneaux en cuir microperfor\u00e9<\/p>\n<\/li>\n<li data-start=\"3036\" data-end=\"3099\">\n<p data-start=\"3038\" data-end=\"3099\"><strong data-start=\"3038\" data-end=\"3046\">En forme :<\/strong> Doigts pr\u00e9-courb\u00e9s + sangle de poignet ajustable en velcro<\/p>\n<\/li>\n<li data-start=\"3100\" data-end=\"3145\">\n<p data-start=\"3102\" data-end=\"3145\"><strong data-start=\"3102\" data-end=\"3111\">Poign\u00e9e :<\/strong> Zones de la paume renforc\u00e9es antid\u00e9rapantes<\/p>\n<\/li>\n<li data-start=\"3146\" data-end=\"3202\">\n<p data-start=\"3148\" data-end=\"3202\"><strong data-start=\"3148\" data-end=\"3159\">Conception :<\/strong> Marron avec accents noirs et surpiq\u00fbres rouges<\/p>\n<\/li>\n<li data-start=\"3203\" data-end=\"3262\">\n<p data-start=\"3205\" data-end=\"3262\"><strong data-start=\"3205\" data-end=\"3213\">Utiliser :<\/strong> Id\u00e9al pour le tourisme, les trajets quotidiens et la conduite de tous les jours<\/p>\n<\/li>\n<li data-start=\"3263\" data-end=\"3344\">\n<p data-start=\"3265\" data-end=\"3344\"><strong data-start=\"3265\" data-end=\"3275\">Marque :<\/strong> RYINZ - Qualit\u00e9 europ\u00e9enne, fabrication \u00e9thique, promotion des femmes<\/p>\n<\/li>\n<\/ul>","protected":false},"excerpt":{"rendered":"<p>Le <strong data-start=\"401\" data-end=\"442\">RYINZ Gants de moto en cuir marron<\/strong> associent un design intemporel \u00e0 une protection professionnelle. Fabriqu\u00e9 en <strong data-start=\"510\" data-end=\"542\">100% cuir de vachette de qualit\u00e9 sup\u00e9rieure<\/strong>, Ils sont caract\u00e9ris\u00e9s par <strong data-start=\"557\" data-end=\"590\">protection renforc\u00e9e des articulations<\/strong>, <strong data-start=\"592\" data-end=\"608\">paumes rembourr\u00e9es<\/strong>, et <strong data-start=\"614\" data-end=\"638\">zones d'adh\u00e9rence antid\u00e9rapantes<\/strong> pour un contr\u00f4le et un confort complets. Les sections perfor\u00e9es garantissent la respirabilit\u00e9, tandis que la <strong data-start=\"725\" data-end=\"747\">Bracelet en velcro<\/strong> garantit un ajustement s\u00fbr et r\u00e9glable. Parfait pour <strong data-start=\"797\" data-end=\"827\">Touring et conduite de tous les jours<\/strong>, Ces gants allient une esth\u00e9tique luxueuse \u00e0 l'engagement de RYINZ en faveur de la s\u00e9curit\u00e9, de la qualit\u00e9 et d'une fabrication responsable.<\/p>","protected":false},"featured_media":10197,"comment_status":"closed","ping_status":"closed","template":"","meta":[],"product_brand":[35],"product_cat":[1111,380,122],"product_tag":[937,934,408,938,912,923,915,928,909,936,862,940,935,939,866],"class_list":{"0":"post-10196","1":"product","2":"type-product","3":"status-publish","4":"has-post-thumbnail","6":"product_brand-ryinz","7":"product_cat-motorbike","8":"product_cat-motorbike-gloves","9":"product_cat-motorbike-racing-gloves","11":"product_tag-brown-biker-gloves","12":"product_tag-ce-certified-gloves","13":"product_tag-classic-motorcycle-gloves","14":"product_tag-durable-touring-gloves","15":"product_tag-ethical-motorcycle-apparel","16":"product_tag-motorcycle-leather-gloves","17":"product_tag-premium-cowhide-gloves","18":"product_tag-protective-biker-gloves","19":"product_tag-reinforced-riding-gloves","20":"product_tag-ryinz-motorcycle-gear","21":"product_tag-stylish-motorbike-accessories","22":"product_tag-touring-motorcycle-gloves","23":"product_tag-ventilated-leather-gloves","24":"product_tag-women-empowerment-brand","26":"first","27":"instock","28":"taxable","29":"shipping-taxable","30":"purchasable","31":"product-type-simple"},"_links":{"self":[{"href":"https:\/\/ryinz.cz\/velkoobchod\/fr\/wp-json\/wp\/v2\/product\/10196","targetHints":{"allow":["GET"]}}],"collection":[{"href":"https:\/\/ryinz.cz\/velkoobchod\/fr\/wp-json\/wp\/v2\/product"}],"about":[{"href":"https:\/\/ryinz.cz\/velkoobchod\/fr\/wp-json\/wp\/v2\/types\/product"}],"replies":[{"embeddable":true,"href":"https:\/\/ryinz.cz\/velkoobchod\/fr\/wp-json\/wp\/v2\/comments?post=10196"}],"wp:featuredmedia":[{"embeddable":true,"href":"https:\/\/ryinz.cz\/velkoobchod\/fr\/wp-json\/wp\/v2\/media\/10197"}],"wp:attachment":[{"href":"https:\/\/ryinz.cz\/velkoobchod\/fr\/wp-json\/wp\/v2\/media?parent=10196"}],"wp:term":[{"taxonomy":"product_brand","embeddable":true,"href":"https:\/\/ryinz.cz\/velkoobchod\/fr\/wp-json\/wp\/v2\/product_brand?post=10196"},{"taxonomy":"product_cat","embeddable":true,"href":"https:\/\/ryinz.cz\/velkoobchod\/fr\/wp-json\/wp\/v2\/product_cat?post=10196"},{"taxonomy":"product_tag","embeddable":true,"href":"https:\/\/ryinz.cz\/velkoobchod\/fr\/wp-json\/wp\/v2\/product_tag?post=10196"}],"curies":[{"name":"wp","href":"https:\/\/api.w.org\/{rel}","templated":true}]}}