{"id":10194,"date":"2025-10-19T10:39:40","date_gmt":"2025-10-19T10:39:40","guid":{"rendered":"https:\/\/ryinz.cz\/velkoobchod\/?post_type=product&#038;p=10194"},"modified":"2026-01-18T20:20:24","modified_gmt":"2026-01-18T20:20:24","slug":"ryinz-blue-red-leather-motorcycle-gloves-ce-protection-sport-riding-touring-gloves","status":"publish","type":"product","link":"https:\/\/ryinz.cz\/velkoobchod\/fr\/product\/ryinz-blue-red-leather-motorcycle-gloves-ce-protection-sport-riding-touring-gloves\/","title":{"rendered":"RYINZ Gants de moto en cuir bleu-rouge - Protection CE - Gants de sport et de randonn\u00e9e"},"content":{"rendered":"<p data-start=\"953\" data-end=\"1286\">Le <strong data-start=\"957\" data-end=\"1001\">RYINZ Gants de moto en cuir bleu-rouge<\/strong> sont con\u00e7ues pour les coureurs qui veulent \u00e0 la fois <strong data-start=\"1037\" data-end=\"1078\">un style dynamique et une protection fiable<\/strong> sur chaque trajet. Con\u00e7ue avec le souci du d\u00e9tail et fabriqu\u00e9e en <strong data-start=\"1142\" data-end=\"1169\">cuir de vachette de premi\u00e8re qualit\u00e9<\/strong>, Ils offrent durabilit\u00e9, adh\u00e9rence et flexibilit\u00e9 pour r\u00e9pondre aux exigences des cyclistes professionnels et amateurs.<\/p>\n<p data-start=\"1288\" data-end=\"1595\">Con\u00e7ue avec <strong data-start=\"1304\" data-end=\"1339\">protections des articulations \u00e0 haute densit\u00e9<\/strong> et <strong data-start=\"1344\" data-end=\"1370\">Inserts TPR sur les doigts<\/strong>, Ces gants assurent la s\u00e9curit\u00e9 en cas d'impact tout en conservant un confort exceptionnel. Les gants <strong data-start=\"1456\" data-end=\"1483\">paume en cuir renforc\u00e9<\/strong> offre une r\u00e9sistance sup\u00e9rieure \u00e0 l'abrasion et une bonne prise en main du guidon, m\u00eame lors de longues randonn\u00e9es.<\/p>\n<p data-start=\"1597\" data-end=\"1889\">Pour am\u00e9liorer le confort par temps chaud, le <strong data-start=\"1639\" data-end=\"1668\">panneaux en cuir perfor\u00e9<\/strong> sur le devant permettent une circulation naturelle de l'air, emp\u00eachant l'accumulation de sueur tout en maintenant un bon ajustement. Les <strong data-start=\"1764\" data-end=\"1786\">Bracelet en velcro<\/strong> assure un r\u00e9glage rapide, et le <strong data-start=\"1821\" data-end=\"1837\">manchette \u00e9lastique<\/strong> maintient le gant en place pendant les trajets \u00e0 grande vitesse.<\/p>\n<p data-start=\"1891\" data-end=\"2153\">La combinaison de <strong data-start=\"1910\" data-end=\"1949\">des accents rouges, bleus, noirs et blancs<\/strong> conf\u00e8re \u00e0 ces gants un look racing moderne - audacieux, \u00e9nergique et ind\u00e9niablement RYINZ. Les gants <strong data-start=\"2037\" data-end=\"2065\">conception pr\u00e9-courb\u00e9e des doigts<\/strong> r\u00e9duit la fatigue des mains, permettant aux pilotes de maintenir une prise naturelle pour un contr\u00f4le maximal.<\/p>\n<p data-start=\"2155\" data-end=\"2469\">Chaque gant RYINZ est produit sous <strong data-start=\"2191\" data-end=\"2221\">conditions de travail \u00e9thiques<\/strong>, en soutenant <strong data-start=\"2234\" data-end=\"2282\">normes de travail \u00e9quitables et autonomisation des femmes<\/strong> dans tous les sites de production. Choisir RYINZ, c'est soutenir les droits de l'homme, les pratiques durables et une marque qui estime que chaque produit doit avoir une raison d'\u00eatre et une valeur au-del\u00e0 du profit.<\/p>\n<p data-start=\"2471\" data-end=\"2643\">Id\u00e9al pour <strong data-start=\"2481\" data-end=\"2543\">les motards sportifs, les amateurs de tourisme et les navetteurs urbains<\/strong>, Les gants RYINZ bleu-rouge repr\u00e9sentent la performance, la personnalit\u00e9 et la protection dans un \u00e9quilibre parfait.<\/p>\n<p data-start=\"2645\" data-end=\"2732\"><strong data-start=\"2645\" data-end=\"2687\">RYINZ - Inspir\u00e9 par des valeurs depuis 1975.<\/strong><br data-start=\"2687\" data-end=\"2690\" \/>Rouler en toute s\u00e9curit\u00e9. Rouler avec audace. Roulez avec du sens.<\/p>\n<hr data-start=\"2734\" data-end=\"2737\" \/>\n<h2 data-start=\"2739\" data-end=\"2774\">\u2699\ufe0f <strong data-start=\"2745\" data-end=\"2774\">Sp\u00e9cifications techniques :<\/strong><\/h2>\n<ul data-start=\"2775\" data-end=\"3260\">\n<li data-start=\"2775\" data-end=\"2844\">\n<p data-start=\"2777\" data-end=\"2844\"><strong data-start=\"2777\" data-end=\"2790\">Mat\u00e9riau :<\/strong> 100% Cuir de vachette de premi\u00e8re qualit\u00e9 avec panneaux perfor\u00e9s<\/p>\n<\/li>\n<li data-start=\"2845\" data-end=\"2903\">\n<p data-start=\"2847\" data-end=\"2903\"><strong data-start=\"2847\" data-end=\"2862\">Protection :<\/strong> Armure dure pour les articulations + prot\u00e8ge-doigts en TPR<\/p>\n<\/li>\n<li data-start=\"2904\" data-end=\"2959\">\n<p data-start=\"2906\" data-end=\"2959\"><strong data-start=\"2906\" data-end=\"2915\">Palme :<\/strong> Cuir renforc\u00e9 avec rembourrage antid\u00e9rapant<\/p>\n<\/li>\n<li data-start=\"2960\" data-end=\"3021\">\n<p data-start=\"2962\" data-end=\"3021\"><strong data-start=\"2962\" data-end=\"2978\">Ventilation :<\/strong> Zones perfor\u00e9es pour la circulation de l'air et le confort<\/p>\n<\/li>\n<li data-start=\"3022\" data-end=\"3068\">\n<p data-start=\"3024\" data-end=\"3068\"><strong data-start=\"3024\" data-end=\"3036\">Fermeture :<\/strong> Sangle de poignet ajustable en velcro<\/p>\n<\/li>\n<li data-start=\"3069\" data-end=\"3121\">\n<p data-start=\"3071\" data-end=\"3121\"><strong data-start=\"3071\" data-end=\"3082\">Conception :<\/strong> Doigts pr\u00e9-courb\u00e9s pour un ajustement ergonomique<\/p>\n<\/li>\n<li data-start=\"3122\" data-end=\"3178\">\n<p data-start=\"3124\" data-end=\"3178\"><strong data-start=\"3124\" data-end=\"3132\">Utiliser :<\/strong> Id\u00e9al pour les motards de sport, de tourisme et de route<\/p>\n<\/li>\n<li data-start=\"3179\" data-end=\"3260\">\n<p data-start=\"3181\" data-end=\"3260\"><strong data-start=\"3181\" data-end=\"3191\">Marque :<\/strong> RYINZ - Qualit\u00e9 europ\u00e9enne, fabrication \u00e9thique, promotion des femmes<\/p>\n<\/li>\n<\/ul>","protected":false},"excerpt":{"rendered":"<p>Ajoutez de la couleur et de la protection \u00e0 votre v\u00e9hicule avec le <strong data-start=\"392\" data-end=\"428\">Gants de moto RYINZ bleu-rouge<\/strong>, fabriqu\u00e9 \u00e0 partir de <strong data-start=\"440\" data-end=\"467\">cuir de vachette de premi\u00e8re qualit\u00e9<\/strong> avec <strong data-start=\"473\" data-end=\"501\">armure renforc\u00e9e pour les articulations<\/strong> et <strong data-start=\"506\" data-end=\"527\">Prot\u00e8ge-doigts en TPR<\/strong> pour une s\u00e9curit\u00e9 sup\u00e9rieure. Les <strong data-start=\"553\" data-end=\"586\">cuir perfor\u00e9 ventil\u00e9<\/strong> assure la circulation de l'air, tandis que le <strong data-start=\"614\" data-end=\"631\">ajustement ergonomique<\/strong> et <strong data-start=\"636\" data-end=\"662\">rembourrage antid\u00e9rapant de la paume de la main<\/strong> offrent un contr\u00f4le total et un grand confort. Con\u00e7u pour <strong data-start=\"710\" data-end=\"738\">cavaliers sportifs et cyclotouristes<\/strong>, Ces gants combinent un design vibrant, une protection moderne et le savoir-faire de confiance de la marque. <strong data-start=\"829\" data-end=\"838\">RYINZ<\/strong> - pour ceux qui roulent avec confiance et passion.<\/p>","protected":false},"featured_media":10195,"comment_status":"closed","ping_status":"closed","template":"","meta":[],"product_brand":[35],"product_cat":[1111,380],"product_tag":[932,933,927,926,924,923,914,915,928,930,931,862,925,929,866],"class_list":{"0":"post-10194","1":"product","2":"type-product","3":"status-publish","4":"has-post-thumbnail","6":"product_brand-ryinz","7":"product_cat-motorbike","8":"product_cat-motorbike-gloves","9":"product_tag-all-season-biker-gloves","10":"product_tag-anti-slip-palm-gloves","11":"product_tag-blue-red-biker-gloves","12":"product_tag-ce-protective-gloves","13":"product_tag-durable-motorbike-gloves","14":"product_tag-ethical-motorcycle-apparel","15":"product_tag-european-motorcycle-accessories","16":"product_tag-motorcycle-leather-gloves","17":"product_tag-premium-cowhide-gloves","18":"product_tag-protective-touring-gloves","19":"product_tag-racing-style-gloves","20":"product_tag-ryinz-motorcycle-gear","21":"product_tag-sport-bike-gloves","22":"product_tag-ventilated-riding-gloves","23":"product_tag-women-empowerment-brand","25":"first","26":"instock","27":"taxable","28":"shipping-taxable","29":"purchasable","30":"product-type-simple"},"_links":{"self":[{"href":"https:\/\/ryinz.cz\/velkoobchod\/fr\/wp-json\/wp\/v2\/product\/10194","targetHints":{"allow":["GET"]}}],"collection":[{"href":"https:\/\/ryinz.cz\/velkoobchod\/fr\/wp-json\/wp\/v2\/product"}],"about":[{"href":"https:\/\/ryinz.cz\/velkoobchod\/fr\/wp-json\/wp\/v2\/types\/product"}],"replies":[{"embeddable":true,"href":"https:\/\/ryinz.cz\/velkoobchod\/fr\/wp-json\/wp\/v2\/comments?post=10194"}],"wp:featuredmedia":[{"embeddable":true,"href":"https:\/\/ryinz.cz\/velkoobchod\/fr\/wp-json\/wp\/v2\/media\/10195"}],"wp:attachment":[{"href":"https:\/\/ryinz.cz\/velkoobchod\/fr\/wp-json\/wp\/v2\/media?parent=10194"}],"wp:term":[{"taxonomy":"product_brand","embeddable":true,"href":"https:\/\/ryinz.cz\/velkoobchod\/fr\/wp-json\/wp\/v2\/product_brand?post=10194"},{"taxonomy":"product_cat","embeddable":true,"href":"https:\/\/ryinz.cz\/velkoobchod\/fr\/wp-json\/wp\/v2\/product_cat?post=10194"},{"taxonomy":"product_tag","embeddable":true,"href":"https:\/\/ryinz.cz\/velkoobchod\/fr\/wp-json\/wp\/v2\/product_tag?post=10194"}],"curies":[{"name":"wp","href":"https:\/\/api.w.org\/{rel}","templated":true}]}}