{"id":9336,"date":"2025-06-22T15:41:32","date_gmt":"2025-06-22T15:41:32","guid":{"rendered":"https:\/\/ryinz.cz\/velkoobchod\/?post_type=product&#038;p=9336"},"modified":"2026-01-18T20:19:06","modified_gmt":"2026-01-18T20:19:06","slug":"thermische-taktische-sturmhauben-vollgesichtsmasken-fur-wintersport-militarische-radfahren-paintball-outdoor-aktivitaten-b2b","status":"publish","type":"product","link":"https:\/\/ryinz.cz\/velkoobchod\/de\/product\/thermal-tactical-balaclavas-full-face-masks-for-winter-sports-military-biking-paintball-outdoor-activities-b2b\/","title":{"rendered":"Thermische &amp; taktische Sturmhauben - Vollgesichtsmasken f\u00fcr Wintersport, Milit\u00e4r, Biking, Paintball &amp; Outdoor-Aktivit\u00e4ten (B2B)"},"content":{"rendered":"<p data-start=\"1149\" data-end=\"1432\">Unser Angebot an Sturmhauben wurde f\u00fcr W\u00e4rmeschutz, taktische Anwendungen und ganzt\u00e4gigen Komfort unter extremen Bedingungen entwickelt. Egal, ob Sie auf der Piste unterwegs sind, im Freien arbeiten oder im Gel\u00e4nde trainieren, unsere Vollkopfhauben bieten entscheidenden Schutz vor Wind, Schnee und Staub.<\/p>\n<p data-start=\"1434\" data-end=\"1450\">Verf\u00fcgbare Typen:<\/p>\n<ul data-start=\"1451\" data-end=\"1770\">\n<li data-start=\"1451\" data-end=\"1501\">\n<p data-start=\"1453\" data-end=\"1501\">Leichte Lycra-Kapuzenhauben f\u00fcr Atmungsaktivit\u00e4t<\/p>\n<\/li>\n<li data-start=\"1502\" data-end=\"1554\">\n<p data-start=\"1504\" data-end=\"1554\">Mit Fleece gef\u00fctterte Wintersturmhauben f\u00fcr kalte Klimazonen<\/p>\n<\/li>\n<li data-start=\"1555\" data-end=\"1602\">\n<p data-start=\"1557\" data-end=\"1602\">Taktische Sturmhauben mit Augen- oder Mundl\u00f6chern<\/p>\n<\/li>\n<li data-start=\"1603\" data-end=\"1664\">\n<p data-start=\"1605\" data-end=\"1664\">Mesh-Styles mit Totenkopfaufdruck oder Tarnmuster f\u00fcr mehr Wirkung und Identit\u00e4t<\/p>\n<\/li>\n<li data-start=\"1665\" data-end=\"1718\">\n<p data-start=\"1667\" data-end=\"1718\">Gestrickte Vollgesichtshauben mit offenen oder geschlossenen Seiten<\/p>\n<\/li>\n<li data-start=\"1719\" data-end=\"1770\">\n<p data-start=\"1721\" data-end=\"1770\">Ninja-Hauben mit Stretch-Passform f\u00fcr Sportler und Biker<\/p>\n<\/li>\n<\/ul>\n<p data-start=\"1772\" data-end=\"1786\">Wesentliche Merkmale:<\/p>\n<ul data-start=\"1787\" data-end=\"2126\">\n<li data-start=\"1787\" data-end=\"1834\">\n<p data-start=\"1789\" data-end=\"1834\">Vollst\u00e4ndige Abdeckung von Kopf, Hals, Gesicht und Kinn<\/p>\n<\/li>\n<li data-start=\"1835\" data-end=\"1877\">\n<p data-start=\"1837\" data-end=\"1877\">2-Wege- oder 4-Wege-Stretch-Passform f\u00fcr mehr Komfort<\/p>\n<\/li>\n<li data-start=\"1878\" data-end=\"1930\">\n<p data-start=\"1880\" data-end=\"1930\">W\u00e4rmed\u00e4mmung oder atmungsaktive k\u00fchlende Stoffe<\/p>\n<\/li>\n<li data-start=\"1931\" data-end=\"1981\">\n<p data-start=\"1933\" data-end=\"1981\">Winddichte Materialien mit geb\u00fcrstetem Innenfutter<\/p>\n<\/li>\n<li data-start=\"1982\" data-end=\"2028\">\n<p data-start=\"1984\" data-end=\"2028\">Kompatibel mit Helmen, M\u00fctzen und Schutzbrillen<\/p>\n<\/li>\n<li data-start=\"2029\" data-end=\"2084\">\n<p data-start=\"2031\" data-end=\"2084\">Flache N\u00e4hte oder nahtlose Optionen zur Verringerung von Reizungen<\/p>\n<\/li>\n<li data-start=\"2085\" data-end=\"2126\">\n<p data-start=\"2087\" data-end=\"2126\">Unisex-Gr\u00f6\u00dfen f\u00fcr Jugendliche und Erwachsene<\/p>\n<\/li>\n<\/ul>\n<p data-start=\"2128\" data-end=\"2138\">Ideal f\u00fcr:<\/p>\n<ul data-start=\"2139\" data-end=\"2409\">\n<li data-start=\"2139\" data-end=\"2171\">\n<p data-start=\"2141\" data-end=\"2171\">Ski- und Snowboardausr\u00fcstung<\/p>\n<\/li>\n<li data-start=\"2172\" data-end=\"2206\">\n<p data-start=\"2174\" data-end=\"2206\">Radsport- und Motorrad-Bekleidung<\/p>\n<\/li>\n<li data-start=\"2207\" data-end=\"2254\">\n<p data-start=\"2209\" data-end=\"2254\">Airsoft, Paintball und taktische Simulation<\/p>\n<\/li>\n<li data-start=\"2255\" data-end=\"2294\">\n<p data-start=\"2257\" data-end=\"2294\">Milit\u00e4rische oder polizeiliche Ausbildung im Freien<\/p>\n<\/li>\n<li data-start=\"2295\" data-end=\"2332\">\n<p data-start=\"2297\" data-end=\"2332\">Bergrettungs- und \u00dcberlebenskleidung<\/p>\n<\/li>\n<li data-start=\"2333\" data-end=\"2373\">\n<p data-start=\"2335\" data-end=\"2373\">Lieferung bei kaltem Wetter und Feldarbeit<\/p>\n<\/li>\n<li data-start=\"2374\" data-end=\"2409\">\n<p data-start=\"2376\" data-end=\"2409\">Mode- und Cosplay-Accessoires<\/p>\n<\/li>\n<\/ul>\n<p data-start=\"2411\" data-end=\"2435\">Individuelle Branding-Optionen:<\/p>\n<ul data-start=\"2436\" data-end=\"2605\">\n<li data-start=\"2436\" data-end=\"2485\">\n<p data-start=\"2438\" data-end=\"2485\">Vollsublimationsdruck (z. B. Totenkopf, Muster)<\/p>\n<\/li>\n<li data-start=\"2486\" data-end=\"2518\">\n<p data-start=\"2488\" data-end=\"2518\">Aufgestickte Logos oder Aufn\u00e4her<\/p>\n<\/li>\n<li data-start=\"2519\" data-end=\"2556\">\n<p data-start=\"2521\" data-end=\"2556\">Bedruckte Innenetiketten oder Hangtags<\/p>\n<\/li>\n<li data-start=\"2557\" data-end=\"2605\">\n<p data-start=\"2559\" data-end=\"2605\">Ma\u00dfgeschneiderte Verpackungen f\u00fcr den Einzelhandel oder taktische Kits<\/p>\n<\/li>\n<\/ul>\n<p data-start=\"2607\" data-end=\"2625\">Die Materialien umfassen:<\/p>\n<ul data-start=\"2626\" data-end=\"2770\">\n<li data-start=\"2626\" data-end=\"2661\">\n<p data-start=\"2628\" data-end=\"2661\">Polyester, Lycra, Baumwollmischungen<\/p>\n<\/li>\n<li data-start=\"2662\" data-end=\"2693\">\n<p data-start=\"2664\" data-end=\"2693\">Mit Fleece gef\u00fcttertes Thermomaterial<\/p>\n<\/li>\n<li data-start=\"2694\" data-end=\"2725\">\n<p data-start=\"2696\" data-end=\"2725\">Leichtes, perforiertes Mesh<\/p>\n<\/li>\n<li data-start=\"2726\" data-end=\"2770\">\n<p data-start=\"2728\" data-end=\"2770\">Acrylstrick (f\u00fcr schwere Winterversionen)<\/p>\n<\/li>\n<\/ul>\n<p data-start=\"2772\" data-end=\"2967\">Erh\u00e4ltlich in verschiedenen Farben: Schwarz, Olivgr\u00fcn, Military Camo, Grau, Violett, Orange und mehr. Ausgefallene Aufdrucke wie Totenkopfgesichter oder 3D-Grafiken ziehen Sportmarken und Fans von Extremsportarten an.<\/p>\n<p data-start=\"2969\" data-end=\"3233\">Produziert von <strong data-start=\"2981\" data-end=\"3003\">Ryinz spol. s.r.o.<\/strong>, sind diese Sturmhauben mit EU-Mehrwertsteuerabrechnung, CE-konformen Materialien und schneller Lieferung in ganz Europa erh\u00e4ltlich. Wir unterst\u00fctzen Kleinserientests, schnelle Bemusterung und skalierbare Produktion f\u00fcr Marken, Sicherheitsdienste und Einzelh\u00e4ndler.<\/p>","protected":false},"excerpt":{"rendered":"<p data-start=\"302\" data-end=\"699\">Unsere Sturmhauben sind f\u00fcr extremen Wetterschutz, taktische Eins\u00e4tze und Hochleistungs-Outdoorsportarten konzipiert. Sie sind so konzipiert, dass sie Kopf, Hals und Gesicht vollst\u00e4ndig bedecken, und sind daher f\u00fcr Skifahren, Snowboarden, Motorradfahren, Airsoft, Paintball und milit\u00e4risches Training unerl\u00e4sslich. Erh\u00e4ltlich in einer Vielzahl von Materialien - Fleece, Lycra, Baumwolle und Mesh - bieten sie W\u00e4rmeisolierung, Feuchtigkeitsmanagement und Atmungsaktivit\u00e4t.<\/p>\n<p data-start=\"701\" data-end=\"937\">Sie haben die Wahl zwischen Modellen mit einem, zwei oder drei L\u00f6chern, darunter taktische, sportliche und ausgefallene Versionen mit Totenkopf oder Tarnmuster. Mehrere Modelle bieten eine Stretch-Passform, verl\u00e4ngerte Nackenklappen oder Fleece-Futter f\u00fcr optimalen Winterschutz.<\/p>\n<p data-start=\"939\" data-end=\"1095\">Produziert von Ryinz mit niedrigen MOQs und vollem Private-Label-Support, sind unsere Balaclavas bereit f\u00fcr Branding und B2B-Vertrieb in der EU und auf den globalen M\u00e4rkten.<\/p>","protected":false},"featured_media":10150,"comment_status":"closed","ping_status":"closed","template":"","meta":[],"product_brand":[35],"product_cat":[68,715],"product_tag":[703,704,705,706,707,708,709,710,711,712,713,714,716,717,718],"class_list":{"0":"post-9336","1":"product","2":"type-product","3":"status-publish","4":"has-post-thumbnail","6":"product_brand-ryinz","7":"product_cat-ryinz","8":"product_cat-thermal-tactical-balaclavas","9":"product_tag-b2b-face-masks-for-tactical-teams","10":"product_tag-breathable-outdoor-full-head-covers-eu","11":"product_tag-custom-skull-print-face-covers-supplier","12":"product_tag-cycling-and-ski-balaclava-manufacturer","13":"product_tag-fleece-lined-balaclavas-for-cold-weather","14":"product_tag-full-face-lycra-balaclavas-wholesale-eu","15":"product_tag-helmet-compatible-face-mask-supplier","16":"product_tag-military-balaclava-ce-certified-supplier","17":"product_tag-motorbike-balaclava-with-windproof-lining","18":"product_tag-paintball-and-airsoft-balaclavas-europe","19":"product_tag-stretch-balaclavas-for-sports-brands","20":"product_tag-tactical-face-masks-for-military-use","21":"product_tag-thermal-balaclavas-for-winter-sports","22":"product_tag-three-hole-tactical-face-masks-for-bulk","23":"product_tag-winter-thermal-balaclavas-czech-supplier","25":"first","26":"instock","27":"taxable","28":"shipping-taxable","29":"purchasable","30":"product-type-simple"},"_links":{"self":[{"href":"https:\/\/ryinz.cz\/velkoobchod\/de\/wp-json\/wp\/v2\/product\/9336","targetHints":{"allow":["GET"]}}],"collection":[{"href":"https:\/\/ryinz.cz\/velkoobchod\/de\/wp-json\/wp\/v2\/product"}],"about":[{"href":"https:\/\/ryinz.cz\/velkoobchod\/de\/wp-json\/wp\/v2\/types\/product"}],"replies":[{"embeddable":true,"href":"https:\/\/ryinz.cz\/velkoobchod\/de\/wp-json\/wp\/v2\/comments?post=9336"}],"wp:featuredmedia":[{"embeddable":true,"href":"https:\/\/ryinz.cz\/velkoobchod\/de\/wp-json\/wp\/v2\/media\/10150"}],"wp:attachment":[{"href":"https:\/\/ryinz.cz\/velkoobchod\/de\/wp-json\/wp\/v2\/media?parent=9336"}],"wp:term":[{"taxonomy":"product_brand","embeddable":true,"href":"https:\/\/ryinz.cz\/velkoobchod\/de\/wp-json\/wp\/v2\/product_brand?post=9336"},{"taxonomy":"product_cat","embeddable":true,"href":"https:\/\/ryinz.cz\/velkoobchod\/de\/wp-json\/wp\/v2\/product_cat?post=9336"},{"taxonomy":"product_tag","embeddable":true,"href":"https:\/\/ryinz.cz\/velkoobchod\/de\/wp-json\/wp\/v2\/product_tag?post=9336"}],"curies":[{"name":"wp","href":"https:\/\/api.w.org\/{rel}","templated":true}]}}