{"id":9335,"date":"2025-06-22T15:41:32","date_gmt":"2025-06-22T15:41:32","guid":{"rendered":"https:\/\/ryinz.cz\/velkoobchod\/?post_type=product&#038;p=9335"},"modified":"2026-01-18T20:19:02","modified_gmt":"2026-01-18T20:19:02","slug":"bedruckte-halswarmer-dehnbare-mikrofaser-thermo-gamaschen-fur-outdoor-sport-radfahren-wandern-werbe-branding","status":"publish","type":"product","link":"https:\/\/ryinz.cz\/velkoobchod\/de\/product\/printed-neck-warmers-stretchable-microfiber-thermal-gaiters-for-outdoor-sports-biking-hiking-promotional-branding\/","title":{"rendered":"Bedruckte Nackenw\u00e4rmer - dehnbare Mikrofaser- und Thermogamaschen f\u00fcr Outdoor-Sport, Radfahren, Wandern und Werbeartikel"},"content":{"rendered":"<p data-start=\"1208\" data-end=\"1569\">Unsere Nackenw\u00e4rmer sind die perfekte Mischung aus Leistung, Pers\u00f6nlichkeit und Schutz. Sie wurden f\u00fcr den Einsatz im Freien entwickelt und werden von Radfahrern, L\u00e4ufern, Skifahrern, Wanderern und allen, die Wind, Staub oder Sonne ausgesetzt sind, getragen. Sie sind aus elastischem Mikrofasergewebe oder leichten Polyestermischungen gefertigt und bieten eine atmungsaktive, ganzj\u00e4hrige Alternative zu herk\u00f6mmlichen Schals.<\/p>\n<p data-start=\"1571\" data-end=\"1686\">Jede Einheit ist als nahtlose R\u00f6hre f\u00fcr maximalen Komfort und stilistische Vielseitigkeit gebaut. Die Benutzer k\u00f6nnen sie auf \u00fcber 10 Arten tragen:<\/p>\n<ul data-start=\"1687\" data-end=\"1798\">\n<li data-start=\"1687\" data-end=\"1702\">\n<p data-start=\"1689\" data-end=\"1702\">Halsmanschette<\/p>\n<\/li>\n<li data-start=\"1703\" data-end=\"1717\">\n<p data-start=\"1705\" data-end=\"1717\">Deckblatt<\/p>\n<\/li>\n<li data-start=\"1718\" data-end=\"1731\">\n<p data-start=\"1720\" data-end=\"1731\">Balaclava<\/p>\n<\/li>\n<li data-start=\"1732\" data-end=\"1742\">\n<p data-start=\"1734\" data-end=\"1742\">Beanie<\/p>\n<\/li>\n<li data-start=\"1743\" data-end=\"1755\">\n<p data-start=\"1745\" data-end=\"1755\">Stirnband<\/p>\n<\/li>\n<li data-start=\"1756\" data-end=\"1769\">\n<p data-start=\"1758\" data-end=\"1769\">Armband<\/p>\n<\/li>\n<li data-start=\"1770\" data-end=\"1783\">\n<p data-start=\"1772\" data-end=\"1783\">Hutablage<\/p>\n<\/li>\n<li data-start=\"1784\" data-end=\"1798\">\n<p data-start=\"1786\" data-end=\"1798\">Staubschutz<\/p>\n<\/li>\n<\/ul>\n<p data-start=\"1800\" data-end=\"1817\">Produktmerkmale:<\/p>\n<ul data-start=\"1818\" data-end=\"2136\">\n<li data-start=\"1818\" data-end=\"1876\">\n<p data-start=\"1820\" data-end=\"1876\">Nahtlose, schlauchf\u00f6rmige Konstruktion f\u00fcr reizfreies Tragen<\/p>\n<\/li>\n<li data-start=\"1877\" data-end=\"1928\">\n<p data-start=\"1879\" data-end=\"1928\">4-Wege-Stretchmaterial aus Mikrofaser oder Poly-Elasthan<\/p>\n<\/li>\n<li data-start=\"1929\" data-end=\"1956\">\n<p data-start=\"1931\" data-end=\"1956\">UV-Schutz (UPF 30+)<\/p>\n<\/li>\n<li data-start=\"1957\" data-end=\"1993\">\n<p data-start=\"1959\" data-end=\"1993\">Leicht und feuchtigkeitstransportierend<\/p>\n<\/li>\n<li data-start=\"1994\" data-end=\"2046\">\n<p data-start=\"1996\" data-end=\"2046\">Gedruckt in hochaufl\u00f6sender, verblassungsresistenter Farbe<\/p>\n<\/li>\n<li data-start=\"2047\" data-end=\"2089\">\n<p data-start=\"2049\" data-end=\"2089\">Einheitsgr\u00f6\u00dfe f\u00fcr die meisten (M\u00e4nner, Frauen, Jugendliche)<\/p>\n<\/li>\n<li data-start=\"2090\" data-end=\"2136\">\n<p data-start=\"2092\" data-end=\"2136\">Schnell trocknend und leicht in jede Tasche zu falten<\/p>\n<\/li>\n<\/ul>\n<p data-start=\"2138\" data-end=\"2165\">Folgende Muster sind verf\u00fcgbar:<\/p>\n<ul data-start=\"2166\" data-end=\"2306\">\n<li data-start=\"2166\" data-end=\"2183\">\n<p data-start=\"2168\" data-end=\"2183\">Milit\u00e4risches Tarnmuster<\/p>\n<\/li>\n<li data-start=\"2184\" data-end=\"2205\">\n<p data-start=\"2186\" data-end=\"2205\">K\u00fcnstlerische Graffiti<\/p>\n<\/li>\n<li data-start=\"2206\" data-end=\"2232\">\n<p data-start=\"2208\" data-end=\"2232\">Tribal- oder Tiermuster<\/p>\n<\/li>\n<li data-start=\"2233\" data-end=\"2252\">\n<p data-start=\"2235\" data-end=\"2252\">Tropisch blumig<\/p>\n<\/li>\n<li data-start=\"2253\" data-end=\"2275\">\n<p data-start=\"2255\" data-end=\"2275\">Urbane sportliche T\u00f6ne<\/p>\n<\/li>\n<li data-start=\"2276\" data-end=\"2306\">\n<p data-start=\"2278\" data-end=\"2306\">Natur und saisonale Themen<\/p>\n<\/li>\n<\/ul>\n<p data-start=\"2308\" data-end=\"2324\">Ideale Anwendungsf\u00e4lle:<\/p>\n<ul data-start=\"2325\" data-end=\"2559\">\n<li data-start=\"2325\" data-end=\"2364\">\n<p data-start=\"2327\" data-end=\"2364\">Marken f\u00fcr Outdoor-Sport und Abenteuer<\/p>\n<\/li>\n<li data-start=\"2365\" data-end=\"2405\">\n<p data-start=\"2367\" data-end=\"2405\">Ausr\u00fcstung f\u00fcr Winter- und Bergsport<\/p>\n<\/li>\n<li data-start=\"2406\" data-end=\"2443\">\n<p data-start=\"2408\" data-end=\"2443\">Werbeartikel f\u00fcr Unternehmen<\/p>\n<\/li>\n<li data-start=\"2444\" data-end=\"2488\">\n<p data-start=\"2446\" data-end=\"2488\">Individuelle Werbegeschenke bei Rennen oder Messen<\/p>\n<\/li>\n<li data-start=\"2489\" data-end=\"2526\">\n<p data-start=\"2491\" data-end=\"2526\">NRO-Sicherheitskits und Fahrradclubs<\/p>\n<\/li>\n<li data-start=\"2527\" data-end=\"2559\">\n<p data-start=\"2529\" data-end=\"2559\">Taktische Spiele und Paintball<\/p>\n<\/li>\n<\/ul>\n<p data-start=\"2561\" data-end=\"2584\">Anpassungsdienste:<\/p>\n<ul data-start=\"2585\" data-end=\"2776\">\n<li data-start=\"2585\" data-end=\"2618\">\n<p data-start=\"2587\" data-end=\"2618\">Ganzfl\u00e4chiger Sublimationsdruck<\/p>\n<\/li>\n<li data-start=\"2619\" data-end=\"2648\">\n<p data-start=\"2621\" data-end=\"2648\">Verpackungsh\u00fcllen mit Markenzeichen<\/p>\n<\/li>\n<li data-start=\"2649\" data-end=\"2689\">\n<p data-start=\"2651\" data-end=\"2689\">Bedruckte Anh\u00e4nger oder eingen\u00e4hte Markenetiketten<\/p>\n<\/li>\n<li data-start=\"2690\" data-end=\"2725\">\n<p data-start=\"2692\" data-end=\"2725\">Einzelhandelsfertige Multipack-Sets<\/p>\n<\/li>\n<li data-start=\"2726\" data-end=\"2776\">\n<p data-start=\"2728\" data-end=\"2776\">Pantone-angepasste Produktion f\u00fcr einzigartige Identit\u00e4t<\/p>\n<\/li>\n<\/ul>\n<p data-start=\"2778\" data-end=\"3020\">Produziert von <strong data-start=\"2790\" data-end=\"2812\">Ryinz spol. s.r.o.<\/strong>, Diese Nackenw\u00e4rmer werden mit EU-Mehrwertsteuerabrechnung und -konformit\u00e4t, schnellem Versand aus der Tschechischen Republik und vollem OEM-Support f\u00fcr Ihre Eigenmarke oder Ihr Outdoor-Sortiment geliefert. MOQ beginnt bei 100 St\u00fcck\/Design.<\/p>\n<p data-start=\"3022\" data-end=\"3137\">Lassen Sie Ihre Kunden bequem fahren, laufen und erkunden - mit kr\u00e4ftigen Farben, die durch Leistung und Schutz auffallen.<\/p>","protected":false},"excerpt":{"rendered":"<p data-start=\"304\" data-end=\"684\">Unsere Halsw\u00e4rmer sind farbenfroh, vielseitig und ideal f\u00fcr kalte und wechselhafte Wetterbedingungen. Diese multifunktionalen Gamaschen dienen als Halsschutz, Gesichtsmaske und modisches Outdoor-Accessoire. Sie bestehen aus dehnbarer Mikrofaser oder atmungsaktivem Polyester und bieten Windschutz, Feuchtigkeitstransport und UV-Schutz bei Aktivit\u00e4ten wie Radfahren, Wandern, Skifahren oder Laufen.<\/p>\n<p data-start=\"686\" data-end=\"976\">Erh\u00e4ltlich in einer Vielzahl lebendiger Druckdesigns - von Camouflage und Blumen bis hin zu grafischen und abstrakten Motiven - sind diese r\u00f6hrenf\u00f6rmigen Hals\u00fcberz\u00fcge ultraleicht, schnell trocknend und weich auf der Haut. Ihre nahtlose Konstruktion erm\u00f6glicht verschiedene Tragem\u00f6glichkeiten: als Sturmhaube, M\u00fctze, Stirnband oder Schal.<\/p>\n<p data-start=\"978\" data-end=\"1154\">Ryinz ist ideal f\u00fcr Sportbekleidungsmarken, Outdoor-Events, Werbegeschenke und Sportfachh\u00e4ndler. Ryinz bietet individuellen Druck und niedrige Mindestbestellmengen mit vollem B2B-Service aus der Tschechischen Republik.<\/p>","protected":false},"featured_media":10151,"comment_status":"closed","ping_status":"closed","template":"","meta":[],"product_brand":[35],"product_cat":[68],"product_tag":[688,689,690,691,692,693,694,695,696,697,698,699,700,701,702],"class_list":{"0":"post-9335","1":"product","2":"type-product","3":"status-publish","4":"has-post-thumbnail","6":"product_brand-ryinz","7":"product_cat-ryinz","8":"product_tag-all-over-print-gaiters-for-promotion","9":"product_tag-breathable-face-and-neck-protectors","10":"product_tag-custom-event-scarves-outdoor-use","11":"product_tag-custom-logo-neck-gaiters-europe","12":"product_tag-cycling-and-hiking-neck-warmers-czechia","13":"product_tag-multifunctional-neck-scarves-wholesale","14":"product_tag-neck-warmers-for-travel-and-ski-brands","15":"product_tag-outdoor-headwear-accessories-exporter","16":"product_tag-printed-neck-warmers-for-sports-brands","17":"product_tag-quick-dry-tube-scarves-for-runners","18":"product_tag-seamless-outdoor-gaiters-for-winter","19":"product_tag-sportswear-neck-wraps-b2b-supplier","20":"product_tag-stretchable-microfiber-neck-covers-eu","21":"product_tag-tactical-camo-neck-gaiters-supplier","22":"product_tag-uv-protective-printed-neck-tubes-eu","24":"first","25":"instock","26":"taxable","27":"shipping-taxable","28":"purchasable","29":"product-type-simple"},"_links":{"self":[{"href":"https:\/\/ryinz.cz\/velkoobchod\/de\/wp-json\/wp\/v2\/product\/9335","targetHints":{"allow":["GET"]}}],"collection":[{"href":"https:\/\/ryinz.cz\/velkoobchod\/de\/wp-json\/wp\/v2\/product"}],"about":[{"href":"https:\/\/ryinz.cz\/velkoobchod\/de\/wp-json\/wp\/v2\/types\/product"}],"replies":[{"embeddable":true,"href":"https:\/\/ryinz.cz\/velkoobchod\/de\/wp-json\/wp\/v2\/comments?post=9335"}],"wp:featuredmedia":[{"embeddable":true,"href":"https:\/\/ryinz.cz\/velkoobchod\/de\/wp-json\/wp\/v2\/media\/10151"}],"wp:attachment":[{"href":"https:\/\/ryinz.cz\/velkoobchod\/de\/wp-json\/wp\/v2\/media?parent=9335"}],"wp:term":[{"taxonomy":"product_brand","embeddable":true,"href":"https:\/\/ryinz.cz\/velkoobchod\/de\/wp-json\/wp\/v2\/product_brand?post=9335"},{"taxonomy":"product_cat","embeddable":true,"href":"https:\/\/ryinz.cz\/velkoobchod\/de\/wp-json\/wp\/v2\/product_cat?post=9335"},{"taxonomy":"product_tag","embeddable":true,"href":"https:\/\/ryinz.cz\/velkoobchod\/de\/wp-json\/wp\/v2\/product_tag?post=9335"}],"curies":[{"name":"wp","href":"https:\/\/api.w.org\/{rel}","templated":true}]}}