{"id":9333,"date":"2025-06-22T15:41:31","date_gmt":"2025-06-22T15:41:31","guid":{"rendered":"https:\/\/ryinz.cz\/velkoobchod\/?post_type=product&#038;p=9333"},"modified":"2026-01-18T20:18:58","modified_gmt":"2026-01-18T20:18:58","slug":"hochsichtbare-reflektierende-sicherheitswesten-en-iso-20471-konforme-arbeitsbekleidung-fur-verkehrsveranstaltungen-logistik","status":"publish","type":"product","link":"https:\/\/ryinz.cz\/velkoobchod\/de\/product\/high-visibility-reflective-safety-vests-en-iso-20471-compliant-workwear-for-construction-traffic-events-logistics\/","title":{"rendered":"Reflektierende Sicherheitswesten mit hoher Sichtbarkeit - EN ISO 20471-konforme Arbeitskleidung f\u00fcr Bau, Verkehr, Veranstaltungen und Logistik"},"content":{"rendered":"<p data-start=\"1321\" data-end=\"1692\">Unsere reflektierenden Sicherheitswesten dienen dem Schutz der Arbeiter und der Verbesserung der Sichtbarkeit in allen Umgebungen - von Baustellen und Stra\u00dfenmeistereien bis hin zu Logistiklagern, Outdoor-Veranstaltungen und Radfahren in der Stadt. Diese Westen aus strapazierf\u00e4higem Polyestergewebe oder -gewebe sind zertifiziert und erf\u00fcllen <strong data-start=\"1617\" data-end=\"1633\">EN ISO 20471<\/strong> und bieten eine hervorragende Reflektivit\u00e4t f\u00fcr Sicherheit bei Tag und Nacht.<\/p>\n<p data-start=\"1694\" data-end=\"1763\">Jede Weste ist so gestaltet, dass sie die Sichtbarkeit aus allen Richtungen verbessert:<\/p>\n<ul data-start=\"1764\" data-end=\"1917\">\n<li data-start=\"1764\" data-end=\"1807\">\n<p data-start=\"1766\" data-end=\"1807\">Zwei oder drei 360\u00b0 reflektierende B\u00e4nder<\/p>\n<\/li>\n<li data-start=\"1808\" data-end=\"1864\">\n<p data-start=\"1810\" data-end=\"1864\">Fluoreszierende gelbe, orange, rosa oder rote Grundfarben<\/p>\n<\/li>\n<li data-start=\"1865\" data-end=\"1917\">\n<p data-start=\"1867\" data-end=\"1917\">Optionale reflektierende Paspeln, Schultern und Abschl\u00fcsse<\/p>\n<\/li>\n<\/ul>\n<p data-start=\"1919\" data-end=\"1979\">Je nach Anwendungsfall bieten wir mehrere Westenmodelle an:<\/p>\n<ul data-start=\"1980\" data-end=\"2309\">\n<li data-start=\"1980\" data-end=\"2023\">\n<p data-start=\"1982\" data-end=\"2023\">Einfache Sparwesten mit Klettverschluss<\/p>\n<\/li>\n<li data-start=\"2024\" data-end=\"2084\">\n<p data-start=\"2026\" data-end=\"2084\">Professionelle Westen mit Rei\u00dfverschluss, Ausweishaltern und Stifttaschen<\/p>\n<\/li>\n<li data-start=\"2085\" data-end=\"2146\">\n<p data-start=\"2087\" data-end=\"2146\">Vermessungswesten mit mehreren Taschen f\u00fcr Ingenieure oder Bauarbeiter<\/p>\n<\/li>\n<li data-start=\"2147\" data-end=\"2208\">\n<p data-start=\"2149\" data-end=\"2208\">Warnwesten f\u00fcr F\u00fchrungskr\u00e4fte mit Mikrofonschlaufen und Brusttaschen<\/p>\n<\/li>\n<li data-start=\"2209\" data-end=\"2256\">\n<p data-start=\"2211\" data-end=\"2256\">Frauenspezifische Sicherheitswesten in taillierten Schnitten<\/p>\n<\/li>\n<li data-start=\"2257\" data-end=\"2309\">\n<p data-start=\"2259\" data-end=\"2309\">Westen f\u00fcr das Veranstaltungspersonal in rosa, blau oder anderen Farben<\/p>\n<\/li>\n<\/ul>\n<p data-start=\"2311\" data-end=\"2324\">Wesentliche Merkmale:<\/p>\n<ul data-start=\"2325\" data-end=\"2544\">\n<li data-start=\"2325\" data-end=\"2360\">\n<p data-start=\"2327\" data-end=\"2360\">Leichtes, atmungsaktives Material<\/p>\n<\/li>\n<li data-start=\"2361\" data-end=\"2404\">\n<p data-start=\"2363\" data-end=\"2404\">Strapazierf\u00e4higer Rei\u00dfverschluss oder Haken- und \u00d6senverschluss<\/p>\n<\/li>\n<li data-start=\"2405\" data-end=\"2473\">\n<p data-start=\"2407\" data-end=\"2473\">Individuelle Logoplatzierung (Siebdruck, Transferdruck, Stickerei)<\/p>\n<\/li>\n<li data-start=\"2474\" data-end=\"2512\">\n<p data-start=\"2476\" data-end=\"2512\">Wahlweise Netz- oder Massivr\u00fcckenausf\u00fchrung<\/p>\n<\/li>\n<li data-start=\"2513\" data-end=\"2544\">\n<p data-start=\"2515\" data-end=\"2544\">Erweiterter Gr\u00f6\u00dfenbereich (S-5XL)<\/p>\n<\/li>\n<\/ul>\n<p data-start=\"2546\" data-end=\"2583\">Wir bieten einen umfassenden Anpassungsservice:<\/p>\n<ul data-start=\"2584\" data-end=\"2812\">\n<li data-start=\"2584\" data-end=\"2631\">\n<p data-start=\"2586\" data-end=\"2631\">Private Labeling (Innenetiketten, Etiketten)<\/p>\n<\/li>\n<li data-start=\"2632\" data-end=\"2668\">\n<p data-start=\"2634\" data-end=\"2668\">Druck des Firmen- oder Projektlogos<\/p>\n<\/li>\n<li data-start=\"2669\" data-end=\"2714\">\n<p data-start=\"2671\" data-end=\"2714\">Individuelle Farbstreifen und Kontrastpaneele<\/p>\n<\/li>\n<li data-start=\"2715\" data-end=\"2761\">\n<p data-start=\"2717\" data-end=\"2761\">Zus\u00e4tzliche Taschen f\u00fcr Werkzeuge, Funkger\u00e4te, Notebooks<\/p>\n<\/li>\n<li data-start=\"2762\" data-end=\"2812\">\n<p data-start=\"2764\" data-end=\"2812\">EN20471 reflektierende Zertifizierungsdokumentation<\/p>\n<\/li>\n<\/ul>\n<p data-start=\"2814\" data-end=\"2835\">Die Anwendungen umfassen:<\/p>\n<ul data-start=\"2836\" data-end=\"3102\">\n<li data-start=\"2836\" data-end=\"2880\">\n<p data-start=\"2838\" data-end=\"2880\">Bau- und Infrastrukturprojekte<\/p>\n<\/li>\n<li data-start=\"2881\" data-end=\"2925\">\n<p data-start=\"2883\" data-end=\"2925\">Verkehrssteuerung und logistische Abl\u00e4ufe<\/p>\n<\/li>\n<li data-start=\"2926\" data-end=\"2967\">\n<p data-start=\"2928\" data-end=\"2967\">Personal f\u00fcr Veranstaltungen im Freien und Freiwillige<\/p>\n<\/li>\n<li data-start=\"2968\" data-end=\"3015\">\n<p data-start=\"2970\" data-end=\"3015\">Schul\u00fcberg\u00e4nge und Sicherheitspatrouillen f\u00fcr Sch\u00fcler<\/p>\n<\/li>\n<li data-start=\"3016\" data-end=\"3056\">\n<p data-start=\"3018\" data-end=\"3056\">Nachtzustellung und Postpersonal<\/p>\n<\/li>\n<li data-start=\"3057\" data-end=\"3102\">\n<p data-start=\"3059\" data-end=\"3102\">Radfahren, Joggen und die Rolle der \u00f6ffentlichen Sicherheit<\/p>\n<\/li>\n<\/ul>\n<p data-start=\"3104\" data-end=\"3126\">Unsere Westen werden verwendet von:<\/p>\n<ul data-start=\"3127\" data-end=\"3318\">\n<li data-start=\"3127\" data-end=\"3160\">\n<p data-start=\"3129\" data-end=\"3160\">Tiefbauunternehmen<\/p>\n<\/li>\n<li data-start=\"3161\" data-end=\"3190\">\n<p data-start=\"3163\" data-end=\"3190\">Stra\u00dfen- und Autobahn\u00e4mter<\/p>\n<\/li>\n<li data-start=\"3191\" data-end=\"3232\">\n<p data-start=\"3193\" data-end=\"3232\">Versorgungsdienste und Elektroteams<\/p>\n<\/li>\n<li data-start=\"3233\" data-end=\"3271\">\n<p data-start=\"3235\" data-end=\"3271\">Kommunale und Notfallhelfer<\/p>\n<\/li>\n<li data-start=\"3272\" data-end=\"3318\">\n<p data-start=\"3274\" data-end=\"3318\">Organisatoren von Sportveranstaltungen und Freiwillige von NGOs<\/p>\n<\/li>\n<\/ul>\n<p data-start=\"3320\" data-end=\"3600\">Produziert unter <strong data-start=\"3335\" data-end=\"3357\">Ryinz spol. s.r.o.<\/strong> in der Tschechischen Republik, unterst\u00fctzen wir B2B-Gro\u00dfbestellungen mit EU-Mehrwertsteuerabrechnung und schnellem Versand in ganz Europa. Die Mindestbestellmenge beginnt bei 100 St\u00fcck pro Modell, und wir bieten Lagerfarben an oder k\u00f6nnen vollst\u00e4ndig auf Ihre organisatorischen Anforderungen zugeschnittene Kleidungsst\u00fccke entwickeln.<\/p>","protected":false},"excerpt":{"rendered":"<p data-start=\"318\" data-end=\"643\">Unsere reflektierenden Sicherheitswesten sind unverzichtbar f\u00fcr Arbeiter, Radfahrer, Freiwillige und Sicherheitsteams, die in schwach beleuchteten oder risikoreichen Umgebungen arbeiten. Diese Warnwesten entsprechen den europ\u00e4ischen Sicherheitsnormen EN ISO 20471 und sind in einer Vielzahl von fluoreszierenden Farben erh\u00e4ltlich, darunter neongelb, orange, rot, pink und blau.<\/p>\n<p data-start=\"645\" data-end=\"997\">Die aus leichtem Polyestergewebe oder festem Stoff gefertigten Westen verf\u00fcgen \u00fcber breite Reflexstreifen auf Brust, R\u00fccken und Schultern, um die Sichtbarkeit bei Nacht oder schlechtem Wetter zu erh\u00f6hen. Einige Modelle verf\u00fcgen \u00fcber Rei\u00dfverschl\u00fcsse, Multifunktionstaschen, Funkger\u00e4teschlaufen oder Ausweisfenster f\u00fcr den praktischen Einsatz auf Baustellen, in Verkehrszonen oder bei Veranstaltungen.<\/p>\n<p data-start=\"999\" data-end=\"1267\">Wir bieten ein komplettes Private Labeling, Logodruck und eine individuelle Taschenkonfiguration an, um Ihren Anforderungen an Markenbildung und Betrieb gerecht zu werden. Gr\u00f6\u00dfen von S bis 5XL sind f\u00fcr M\u00e4nner und Frauen erh\u00e4ltlich. Ryinz unterst\u00fctzt B2B-Gro\u00dfbestellungen aus der EU mit Mehrwertsteuerabrechnung und schneller Lieferung in 28 L\u00e4nder.<\/p>","protected":false},"featured_media":10156,"comment_status":"closed","ping_status":"closed","template":"","meta":[],"product_brand":[35],"product_cat":[68],"product_tag":[658,659,660,661,662,663,664,665,666,667,668,669,670,671,672],"class_list":{"0":"post-9333","1":"product","2":"type-product","3":"status-publish","4":"has-post-thumbnail","6":"product_brand-ryinz","7":"product_cat-ryinz","8":"product_tag-custom-logo-reflective-vest-eu-ready","9":"product_tag-custom-printed-safety-vests-wholesale-eu","10":"product_tag-en20471-reflective-safety-vest-supplier","11":"product_tag-event-staff-fluorescent-safety-wear-eu","12":"product_tag-executive-safety-vests-b2b-czechia","13":"product_tag-fluorescent-yellow-vest-for-roadside-work","14":"product_tag-hi-vis-vest-for-cycling-and-runners","15":"product_tag-high-visibility-construction-vest-europe","16":"product_tag-mesh-reflective-vest-with-zipper-supplier","17":"product_tag-night-visibility-vest-for-delivery-workers","18":"product_tag-reflective-ppe-clothing-for-work-zones","19":"product_tag-safety-vests-for-construction-companies","20":"product_tag-surveyor-vest-with-pockets-and-id-holder","21":"product_tag-traffic-control-reflective-clothing-ce","22":"product_tag-workwear-with-reflective-tape-manufacturer","24":"first","25":"instock","26":"taxable","27":"shipping-taxable","28":"purchasable","29":"product-type-simple"},"_links":{"self":[{"href":"https:\/\/ryinz.cz\/velkoobchod\/de\/wp-json\/wp\/v2\/product\/9333","targetHints":{"allow":["GET"]}}],"collection":[{"href":"https:\/\/ryinz.cz\/velkoobchod\/de\/wp-json\/wp\/v2\/product"}],"about":[{"href":"https:\/\/ryinz.cz\/velkoobchod\/de\/wp-json\/wp\/v2\/types\/product"}],"replies":[{"embeddable":true,"href":"https:\/\/ryinz.cz\/velkoobchod\/de\/wp-json\/wp\/v2\/comments?post=9333"}],"wp:featuredmedia":[{"embeddable":true,"href":"https:\/\/ryinz.cz\/velkoobchod\/de\/wp-json\/wp\/v2\/media\/10156"}],"wp:attachment":[{"href":"https:\/\/ryinz.cz\/velkoobchod\/de\/wp-json\/wp\/v2\/media?parent=9333"}],"wp:term":[{"taxonomy":"product_brand","embeddable":true,"href":"https:\/\/ryinz.cz\/velkoobchod\/de\/wp-json\/wp\/v2\/product_brand?post=9333"},{"taxonomy":"product_cat","embeddable":true,"href":"https:\/\/ryinz.cz\/velkoobchod\/de\/wp-json\/wp\/v2\/product_cat?post=9333"},{"taxonomy":"product_tag","embeddable":true,"href":"https:\/\/ryinz.cz\/velkoobchod\/de\/wp-json\/wp\/v2\/product_tag?post=9333"}],"curies":[{"name":"wp","href":"https:\/\/api.w.org\/{rel}","templated":true}]}}