{"id":9332,"date":"2025-06-22T15:41:31","date_gmt":"2025-06-22T15:41:31","guid":{"rendered":"https:\/\/ryinz.cz\/velkoobchod\/?post_type=product&#038;p=9332"},"modified":"2026-01-18T20:18:57","modified_gmt":"2026-01-18T20:18:57","slug":"leichte-wasserdichte-regen-jacken-atmungsaktiv-winddicht-outdoor-shells-fur-radfahren-wandern-stadtischen-pendler-b2b","status":"publish","type":"product","link":"https:\/\/ryinz.cz\/velkoobchod\/de\/product\/lightweight-waterproof-rain-jackets-breathable-windproof-outdoor-shells-for-cycling-hiking-urban-commuting-b2b\/","title":{"rendered":"Leichte, wasserdichte Regenjacken - Atmungsaktive, winddichte Outdoor-Shells zum Radfahren, Wandern und f\u00fcr den Stadtverkehr (B2B)"},"content":{"rendered":"<p data-start=\"1292\" data-end=\"1542\">Bleiben Sie trocken und gut sichtbar mit unserem Angebot an professionellen Regenjacken - perfekt f\u00fcr Sportler, Pendler, Outdoor-Arbeiter und Stadtforscher. Diese wasserdichten Jacken sind leicht, atmungsaktiv und vollst\u00e4ndig anpassbar an Ihre Marke oder Organisation.<\/p>\n<p data-start=\"1544\" data-end=\"1569\">Jedes Modell wird unter Verwendung von:<\/p>\n<ul data-start=\"1570\" data-end=\"1770\">\n<li data-start=\"1570\" data-end=\"1610\">\n<p data-start=\"1572\" data-end=\"1610\">Wasserdichtes Polyester- oder Nylongewebe<\/p>\n<\/li>\n<li data-start=\"1611\" data-end=\"1677\">\n<p data-start=\"1613\" data-end=\"1677\">Innere PU- oder TPU-Beschichtungen f\u00fcr Wasserfestigkeit (bis zu 10.000 mm)<\/p>\n<\/li>\n<li data-start=\"1678\" data-end=\"1722\">\n<p data-start=\"1680\" data-end=\"1722\">Geschwei\u00dfte oder abgeklebte N\u00e4hte zur Vermeidung von Leckagen<\/p>\n<\/li>\n<li data-start=\"1723\" data-end=\"1770\">\n<p data-start=\"1725\" data-end=\"1770\">Gut sichtbare Farben und Kontrastrei\u00dfverschl\u00fcsse<\/p>\n<\/li>\n<\/ul>\n<p data-start=\"1772\" data-end=\"1819\">Unsere Regenjacken sind speziell f\u00fcr:<\/p>\n<ul data-start=\"1820\" data-end=\"1965\">\n<li data-start=\"1820\" data-end=\"1847\">\n<p data-start=\"1822\" data-end=\"1847\">Radfahren und Motorradfahren<\/p>\n<\/li>\n<li data-start=\"1848\" data-end=\"1870\">\n<p data-start=\"1850\" data-end=\"1870\">Laufen und Wandern<\/p>\n<\/li>\n<li data-start=\"1871\" data-end=\"1906\">\n<p data-start=\"1873\" data-end=\"1906\">Bau- oder Versorgungsarbeiter<\/p>\n<\/li>\n<li data-start=\"1907\" data-end=\"1941\">\n<p data-start=\"1909\" data-end=\"1941\">Zustellung im Freien und Pendeln<\/p>\n<\/li>\n<li data-start=\"1942\" data-end=\"1965\">\n<p data-start=\"1944\" data-end=\"1965\">Veranstaltungen und Teamkleidung<\/p>\n<\/li>\n<\/ul>\n<p data-start=\"1967\" data-end=\"1984\">Die Merkmale umfassen:<\/p>\n<ul data-start=\"1985\" data-end=\"2272\">\n<li data-start=\"1985\" data-end=\"2039\">\n<p data-start=\"1987\" data-end=\"2039\">Verstellbare Kapuzen mit Knebelverschl\u00fcssen oder elastischen Kordelz\u00fcgen<\/p>\n<\/li>\n<li data-start=\"2040\" data-end=\"2090\">\n<p data-start=\"2042\" data-end=\"2090\">Durchgehender Rei\u00dfverschluss oder halber Rei\u00dfverschluss mit Sturmklappe<\/p>\n<\/li>\n<li data-start=\"2091\" data-end=\"2134\">\n<p data-start=\"2093\" data-end=\"2134\">Verl\u00e4ngerte R\u00fcckens\u00e4ume f\u00fcr Radfahrerschutz<\/p>\n<\/li>\n<li data-start=\"2135\" data-end=\"2182\">\n<p data-start=\"2137\" data-end=\"2182\">Elastische oder mit Klettverschluss versehene Manschetten, die das Eindringen von Regen verhindern<\/p>\n<\/li>\n<li data-start=\"2183\" data-end=\"2226\">\n<p data-start=\"2185\" data-end=\"2226\">Leichte, packbare Designs f\u00fcr unterwegs<\/p>\n<\/li>\n<li data-start=\"2227\" data-end=\"2272\">\n<p data-start=\"2229\" data-end=\"2272\">Reflektierende Paspeln oder aufgedruckte Sicherheitszonen<\/p>\n<\/li>\n<\/ul>\n<p data-start=\"2274\" data-end=\"2492\">Einige Jacken sind mit atmungsaktivem Mesh-Futter oder Bel\u00fcftungseins\u00e4tzen unter den Armen ausgestattet, um \u00dcberhitzung zu vermeiden. Die ergonomische Passform sorgt f\u00fcr optimale Bewegungsfreiheit beim \u00dcberziehen von Sportbekleidung, Uniformen oder Basisschichten.<\/p>\n<p data-start=\"2494\" data-end=\"2539\">Wir bieten umfassende OEM\/ODM-Anpassungsdienste:<\/p>\n<ul data-start=\"2540\" data-end=\"2730\">\n<li data-start=\"2540\" data-end=\"2577\">\n<p data-start=\"2542\" data-end=\"2577\">Pantone-Farbabstimmung f\u00fcr Stoffe<\/p>\n<\/li>\n<li data-start=\"2578\" data-end=\"2626\">\n<p data-start=\"2580\" data-end=\"2626\">Gedruckte oder \u00fcbertragene Firmen- oder Vereinslogos<\/p>\n<\/li>\n<li data-start=\"2627\" data-end=\"2659\">\n<p data-start=\"2629\" data-end=\"2659\">Gedruckte Pflege- und Gr\u00f6\u00dfenetiketten<\/p>\n<\/li>\n<li data-start=\"2660\" data-end=\"2702\">\n<p data-start=\"2662\" data-end=\"2702\">Zip-Pouch-Verpackung mit Ihrem Branding<\/p>\n<\/li>\n<li data-start=\"2703\" data-end=\"2730\">\n<p data-start=\"2705\" data-end=\"2730\">Anh\u00e4ngeetiketten und Strichkodierung<\/p>\n<\/li>\n<\/ul>\n<p data-start=\"2732\" data-end=\"2897\">Die Gr\u00f6\u00dfen reichen von XS bis 3XL, und es sind geschlechtsspezifische Schnitte (M\u00e4nner, Frauen, Unisex) erh\u00e4ltlich. Auch Sondergr\u00f6\u00dfen f\u00fcr Kinder oder \u00dcbergr\u00f6\u00dfen k\u00f6nnen auf Anfrage entwickelt werden.<\/p>\n<p data-start=\"2899\" data-end=\"2909\">Ideal f\u00fcr:<\/p>\n<ul data-start=\"2910\" data-end=\"3086\">\n<li data-start=\"2910\" data-end=\"2939\">\n<p data-start=\"2912\" data-end=\"2939\">Radsportbekleidungsunternehmen<\/p>\n<\/li>\n<li data-start=\"2940\" data-end=\"2977\">\n<p data-start=\"2942\" data-end=\"2977\">Marken f\u00fcr Outdoor-Abenteuer und Ausr\u00fcstung<\/p>\n<\/li>\n<li data-start=\"2978\" data-end=\"3010\">\n<p data-start=\"2980\" data-end=\"3010\">NGOs und Ausr\u00fcstung f\u00fcr Freiwillige<\/p>\n<\/li>\n<li data-start=\"3011\" data-end=\"3042\">\n<p data-start=\"3013\" data-end=\"3042\">Trikots f\u00fcr Sportvereine und Veranstaltungen<\/p>\n<\/li>\n<li data-start=\"3043\" data-end=\"3086\">\n<p data-start=\"3045\" data-end=\"3086\">Uniformen f\u00fcr staatliches und kommunales Personal<\/p>\n<\/li>\n<\/ul>\n<p data-start=\"3088\" data-end=\"3408\">Ryinz produziert und liefert alle Kleidungsst\u00fccke unter <strong data-start=\"3135\" data-end=\"3157\">Ryinz spol. s.r.o.<\/strong> (Tschechische Republik) mit voller EU-Mehrwertsteuer-Konformit\u00e4t, Zollerkl\u00e4rungen und schneller Lieferung in alle 28 EU-L\u00e4nder. Mit wettbewerbsf\u00e4higen B2B-Preisen und niedrigen Mindestbestellmengen ab 100 St\u00fcck\/Design helfen wir Ihnen, Ihre Regenbekleidungslinie mit Leichtigkeit zu starten oder zu erweitern.<\/p>","protected":false},"excerpt":{"rendered":"<p data-start=\"297\" data-end=\"649\">Unsere wasserdichten Regenjacken sind f\u00fcr den aktiven Einsatz im Freien und f\u00fcr den st\u00e4dtischen Pendlerverkehr konzipiert. Sie sind leicht, verstaubar und atmungsaktiv und bieten umfassenden Schutz vor Wind und Regen, ohne die Bewegungsfreiheit einzuschr\u00e4nken. Die Jacken sind aus strapazierf\u00e4higem Polyester oder Nylon mit PU- oder TPU-Beschichtung gefertigt und eignen sich perfekt f\u00fcr Radfahrer, L\u00e4ufer, Wanderer und Lieferfahrer.<\/p>\n<p data-start=\"651\" data-end=\"978\">Diese Jacken sind in leuchtenden Sicherheitsfarben wie Neongr\u00fcn, Orange, Rot, Gelb und Blau erh\u00e4ltlich und verf\u00fcgen \u00fcber verschwei\u00dfte N\u00e4hte, verstellbare Kapuzen, elastische \u00c4rmelb\u00fcndchen und ein langes R\u00fcckenteil, damit der R\u00fccken beim Fahren oder in Bewegung trocken bleibt. Einige Modelle verf\u00fcgen \u00fcber Unterarmbel\u00fcftung, Mesh-Futter und reflektierende Details f\u00fcr mehr Komfort und Sicherheit.<\/p>\n<p data-start=\"980\" data-end=\"1238\">Wir bieten B2B-Anpassung mit Logodruck, Gr\u00f6\u00dfentabellen, Privatverpackungen und EU-Mehrwertsteuerabrechnung. Unser tschechischer Export-Support macht Ryinz zu einem zuverl\u00e4ssigen Lieferanten von technischer Regenbekleidung f\u00fcr Marken, Sportvereine und Outdoor-Ausr\u00fcster in ganz Europa.<\/p>","protected":false},"featured_media":10155,"comment_status":"closed","ping_status":"closed","template":"","meta":[],"product_brand":[35],"product_cat":[68],"product_tag":[643,644,645,646,647,648,649,650,651,652,653,654,655,656,657],"class_list":{"0":"post-9332","1":"product","2":"type-product","3":"status-publish","4":"has-post-thumbnail","6":"product_brand-ryinz","7":"product_cat-ryinz","8":"product_tag-b2b-custom-rain-jackets-for-brands","9":"product_tag-custom-printed-outdoor-jackets-europe","10":"product_tag-cycling-rainwear-breathable-waterproof","11":"product_tag-high-visibility-rain-jackets-for-safety","12":"product_tag-lightweight-waterproof-rain-jackets-eu","13":"product_tag-packable-windproof-jackets-for-biking","14":"product_tag-polyester-waterproof-jackets-ce-approved","15":"product_tag-rain-jackets-for-hiking-and-commuting","16":"product_tag-rain-jackets-with-hood-and-vents-eu","17":"product_tag-reflective-outdoor-shell-jackets-czechia","18":"product_tag-safety-color-waterproof-jackets-for-teams-let-me-know-when-youre-ready-to-continue-with-the-next-item","19":"product_tag-technical-shell-jackets-for-outdoor-use","20":"product_tag-tpu-coated-waterproof-jackets-supplier","21":"product_tag-urban-commuter-rain-jackets-manufacturer","22":"product_tag-waterproof-windbreakers-for-events","24":"first","25":"instock","26":"taxable","27":"shipping-taxable","28":"purchasable","29":"product-type-simple"},"_links":{"self":[{"href":"https:\/\/ryinz.cz\/velkoobchod\/de\/wp-json\/wp\/v2\/product\/9332","targetHints":{"allow":["GET"]}}],"collection":[{"href":"https:\/\/ryinz.cz\/velkoobchod\/de\/wp-json\/wp\/v2\/product"}],"about":[{"href":"https:\/\/ryinz.cz\/velkoobchod\/de\/wp-json\/wp\/v2\/types\/product"}],"replies":[{"embeddable":true,"href":"https:\/\/ryinz.cz\/velkoobchod\/de\/wp-json\/wp\/v2\/comments?post=9332"}],"wp:featuredmedia":[{"embeddable":true,"href":"https:\/\/ryinz.cz\/velkoobchod\/de\/wp-json\/wp\/v2\/media\/10155"}],"wp:attachment":[{"href":"https:\/\/ryinz.cz\/velkoobchod\/de\/wp-json\/wp\/v2\/media?parent=9332"}],"wp:term":[{"taxonomy":"product_brand","embeddable":true,"href":"https:\/\/ryinz.cz\/velkoobchod\/de\/wp-json\/wp\/v2\/product_brand?post=9332"},{"taxonomy":"product_cat","embeddable":true,"href":"https:\/\/ryinz.cz\/velkoobchod\/de\/wp-json\/wp\/v2\/product_cat?post=9332"},{"taxonomy":"product_tag","embeddable":true,"href":"https:\/\/ryinz.cz\/velkoobchod\/de\/wp-json\/wp\/v2\/product_tag?post=9332"}],"curies":[{"name":"wp","href":"https:\/\/api.w.org\/{rel}","templated":true}]}}