{"id":9330,"date":"2025-06-22T15:41:31","date_gmt":"2025-06-22T15:41:31","guid":{"rendered":"https:\/\/ryinz.cz\/velkoobchod\/?post_type=product&#038;p=9330"},"modified":"2026-01-18T20:18:54","modified_gmt":"2026-01-18T20:18:54","slug":"kundenspezifische-marken-poloshirts-premium-baumwoll-poloshirts-fur-firmensportuniformen-und-mode-b2b-groshandel","status":"publish","type":"product","link":"https:\/\/ryinz.cz\/velkoobchod\/de\/product\/custom-branded-polo-shirts-premium-cotton-poly-polo-tees-for-corporate-sports-uniforms-and-fashion-b2b-wholesale\/","title":{"rendered":"Custom Branded Polo Shirts - Premium Baumwolle\/Poly Polo Tees f\u00fcr Unternehmen, Sport, Uniformen, und Mode B2B Gro\u00dfhandel"},"content":{"rendered":"<p data-start=\"1347\" data-end=\"1723\">Unsere bedruckten T-Shirts sind die perfekte Leinwand f\u00fcr Marken, Vereine, Designer und Unternehmen, die ihre Identit\u00e4t zum Ausdruck bringen, eine Botschaft verbreiten oder ein gewagtes modisches Statement abgeben m\u00f6chten. Diese kurz\u00e4rmeligen T-Shirts werden aus weicher, atmungsaktiver und vorgeschrumpfter Baumwolle oder hochwertigen Baumwoll-Polyester-Mischungen hergestellt und bieten eine leichte, den ganzen Tag tragbare L\u00f6sung f\u00fcr M\u00e4nner und Frauen.<\/p>\n<p data-start=\"1725\" data-end=\"1792\">Die Passform ist modern und entspannt und f\u00fcr die breite Masse geeignet:<\/p>\n<ul data-start=\"1793\" data-end=\"1913\">\n<li data-start=\"1793\" data-end=\"1816\">\n<p data-start=\"1795\" data-end=\"1816\">Gerippte Rundhalsausschnitte<\/p>\n<\/li>\n<li data-start=\"1817\" data-end=\"1839\">\n<p data-start=\"1819\" data-end=\"1839\">Doppelt gen\u00e4hte S\u00e4ume<\/p>\n<\/li>\n<li data-start=\"1840\" data-end=\"1877\">\n<p data-start=\"1842\" data-end=\"1877\">Geklebte Schultern f\u00fcr Formbest\u00e4ndigkeit<\/p>\n<\/li>\n<li data-start=\"1878\" data-end=\"1913\">\n<p data-start=\"1880\" data-end=\"1913\">Soft-Touch-Etiketten oder pers\u00f6nliche Etiketten<\/p>\n<\/li>\n<\/ul>\n<p data-start=\"1915\" data-end=\"2197\">Alle Designs werden mit dauerhaften Drucktechniken hergestellt, darunter <strong data-start=\"1984\" data-end=\"2003\">Siebdruck<\/strong>, <strong data-start=\"2005\" data-end=\"2032\">DTG (Direct to Garment)<\/strong>, oder <strong data-start=\"2037\" data-end=\"2054\">W\u00e4rme\u00fcbertragung<\/strong>, abh\u00e4ngig von Ihrer Grafik und der Bestellmenge. Die Farben sind umweltzertifiziert und leuchtend und halten auch nach mehrmaligem Waschen noch lange an.<\/p>\n<p data-start=\"2199\" data-end=\"2408\">Erh\u00e4ltlich in beiden <strong data-start=\"2217\" data-end=\"2232\">einseitig<\/strong> und <strong data-start=\"2237\" data-end=\"2251\">Vorderseite-R\u00fcckseite<\/strong> Drucke k\u00f6nnen Sie aus sportlichen Grafiken, motivierenden Zitaten, Comic-Illustrationen, Logos oder minimalem Branding w\u00e4hlen. Zu den vorgestellten Stilen geh\u00f6ren Themen wie:<\/p>\n<ul data-start=\"2409\" data-end=\"2610\">\n<li data-start=\"2409\" data-end=\"2442\">\n<p data-start=\"2411\" data-end=\"2442\">Von Reitern inspirierte Sportgrafiken<\/p>\n<\/li>\n<li data-start=\"2443\" data-end=\"2470\">\n<p data-start=\"2445\" data-end=\"2470\">Fettgedruckte Logos (z. B. Naska)<\/p>\n<\/li>\n<li data-start=\"2471\" data-end=\"2510\">\n<p data-start=\"2473\" data-end=\"2510\">Grafische Explosionen und abstrakte Kunst<\/p>\n<\/li>\n<li data-start=\"2511\" data-end=\"2564\">\n<p data-start=\"2513\" data-end=\"2564\">Motivationsdrucke (\u201cNiemand wird es f\u00fcr dich tun\u201d)<\/p>\n<\/li>\n<li data-start=\"2565\" data-end=\"2610\">\n<p data-start=\"2567\" data-end=\"2610\">Popkultur-Mashups und Statement-Designs<\/p>\n<\/li>\n<\/ul>\n<p data-start=\"2612\" data-end=\"2853\">Alle T-Shirts sind individuell gestaltbar - schicken Sie uns Ihr Design oder Markenkonzept und wir k\u00fcmmern uns um den Rest. Unsere Mindestbestellmenge f\u00fcr individuell bedruckte T-Shirts beginnt bei nur 100 St\u00fcck pro Farbe\/Design, was sie f\u00fcr Veranstaltungen, Start-ups und saisonale Kollektionen erschwinglich macht.<\/p>\n<p data-start=\"2855\" data-end=\"2868\">Ryinz bietet:<\/p>\n<ul data-start=\"2869\" data-end=\"3033\">\n<li data-start=\"2869\" data-end=\"2894\">\n<p data-start=\"2871\" data-end=\"2894\">B2B-Gro\u00dfhandelspreise<\/p>\n<\/li>\n<li data-start=\"2895\" data-end=\"2915\">\n<p data-start=\"2897\" data-end=\"2915\">EU-Mehrwertsteuer-Rechnungsstellung<\/p>\n<\/li>\n<li data-start=\"2916\" data-end=\"2942\">\n<p data-start=\"2918\" data-end=\"2942\">Exportf\u00e4hige Verpackung<\/p>\n<\/li>\n<li data-start=\"2943\" data-end=\"2973\">\n<p data-start=\"2945\" data-end=\"2973\">Gro\u00dfe Gr\u00f6\u00dfen von XS bis 3XL<\/p>\n<\/li>\n<li data-start=\"2974\" data-end=\"2999\">\n<p data-start=\"2976\" data-end=\"2999\">Individuelle Farbanpassung<\/p>\n<\/li>\n<li data-start=\"3000\" data-end=\"3033\">\n<p data-start=\"3002\" data-end=\"3033\">Individuelle Halsetiketten und Barcodes<\/p>\n<\/li>\n<\/ul>\n<p data-start=\"3035\" data-end=\"3056\">Die Anwendungen umfassen:<\/p>\n<ul data-start=\"3057\" data-end=\"3220\">\n<li data-start=\"3057\" data-end=\"3078\">\n<p data-start=\"3059\" data-end=\"3078\">Streetwear-Marken<\/p>\n<\/li>\n<li data-start=\"3079\" data-end=\"3099\">\n<p data-start=\"3081\" data-end=\"3099\">Fitness-Teamkleidung<\/p>\n<\/li>\n<li data-start=\"3100\" data-end=\"3126\">\n<p data-start=\"3102\" data-end=\"3126\">Musik- und Tanzveranstaltungen<\/p>\n<\/li>\n<li data-start=\"3127\" data-end=\"3156\">\n<p data-start=\"3129\" data-end=\"3156\">Kampagnen zur Markenbekanntheit<\/p>\n<\/li>\n<li data-start=\"3157\" data-end=\"3187\">\n<p data-start=\"3159\" data-end=\"3187\">Fachmessen oder Ausstellungen<\/p>\n<\/li>\n<li data-start=\"3188\" data-end=\"3220\">\n<p data-start=\"3190\" data-end=\"3220\">Firmengeschenke und Einzelhandel<\/p>\n<\/li>\n<\/ul>\n<p data-start=\"3222\" data-end=\"3536\">Unsere Produktion wird abgewickelt durch <strong data-start=\"3256\" data-end=\"3278\">Ryinz spol. s.r.o.<\/strong>, mit Sitz in der Tschechischen Republik. Dies gew\u00e4hrleistet eine reibungslose Logistik, Mehrwertsteuerabrechnung und Lieferung in alle 28 EU-L\u00e4nder. Einzelh\u00e4ndler und Vertriebsh\u00e4ndler in Deutschland, Italien, Frankreich, Polen, \u00d6sterreich und den Niederlanden profitieren bereits von unserer Qualit\u00e4t und unseren niedrigen Mindestbestellmengen.<\/p>\n<p data-start=\"3538\" data-end=\"3838\">Mit unserer hausinternen Designunterst\u00fctzung, schnellen Bemusterung und zuverl\u00e4ssigen Produktion kann Ihre Marke mit minimalem Aufwand eine optisch ansprechende und komfortable Kollektion auf den Markt bringen. Egal, ob Sie plakative Prints f\u00fcr Festivals oder minimalistisches Branding f\u00fcr Streetwear ben\u00f6tigen, Ryinz hat die Kapazit\u00e4t und Kreativit\u00e4t, um zu liefern.<\/p>","protected":false},"excerpt":{"rendered":"<p data-start=\"312\" data-end=\"586\">Unsere ma\u00dfgefertigten Polohemden vereinen l\u00e4ssigen Stil mit intelligenten Branding-M\u00f6glichkeiten. Diese Hemden aus hochwertiger Baumwolle, Baumwoll-Polyester-Mischgewebe oder Performance-Piqu\u00e9-Stoff sind ideal f\u00fcr Unternehmensteams, Sportuniformen, Marken-Merchandising und Lifestyle-Einzelhandelskollektionen.<\/p>\n<p data-start=\"588\" data-end=\"911\">Mit strukturiertem Kragen, Knopfleiste und Rippenb\u00fcndchen bieten diese Polos eine klare Silhouette mit Atmungsaktivit\u00e4t und Komfort. Ob f\u00fcr Corporate Identity, Golfclubs, Arbeitskleidung oder Veranstaltungen, diese Polos sind in einer Vielzahl von Farben erh\u00e4ltlich - wei\u00df, marineblau, bordeauxrot, gelb, hellblau und mehrfarbig gestreift.<\/p>\n<p data-start=\"913\" data-end=\"1185\">Wir unterst\u00fctzen das Branding von Eigenmarken mit Stickereien, gedruckten Logos, Halsanh\u00e4ngern und Verpackungsl\u00f6sungen. Alle Gr\u00f6\u00dfen von XS bis 3XL sind in M\u00e4nner-, Frauen- oder Unisex-Schnitten erh\u00e4ltlich. Einige Modelle sind mit Kontrastbes\u00e4tzen, Seitenschlitzen und Stretch-Materialien f\u00fcr bessere Passform und Bewegungsfreiheit ausgestattet.<\/p>\n<p data-start=\"1187\" data-end=\"1366\">Ryinz bietet umfassende B2B-Dienstleistungen aus Tschechien mit Mehrwertsteuerabrechnung, niedrigen Mindestbestellmengen und schnellen Lieferzeiten. Ideal f\u00fcr Modemarken, Werbeagenturen oder H\u00e4ndler, die EU-M\u00e4rkte bedienen.<\/p>","protected":false},"featured_media":10153,"comment_status":"closed","ping_status":"closed","template":"","meta":[],"product_brand":[35],"product_cat":[438,68,467],"product_tag":[613,614,615,616,617,618,619,620,621,622,623,624,625,626,627],"class_list":{"0":"post-9330","1":"product","2":"type-product","3":"status-publish","4":"has-post-thumbnail","6":"product_brand-ryinz","7":"product_cat-leather-motorbike-pants","8":"product_cat-ryinz","9":"product_cat-textile-motorbike-jackets","10":"product_tag-b2b-fashion-polo-t-shirt-exporter","11":"product_tag-branded-cotton-polo-t-shirts-wholesale","12":"product_tag-corporate-logo-polo-shirt-supplier","13":"product_tag-custom-polo-shirts-for-branding-eu","14":"product_tag-embroidery-polo-shirt-manufacturer-czech","15":"product_tag-golf-and-casual-polo-shirts-supplier","16":"product_tag-moisture-wicking-polo-shirts-supplier","17":"product_tag-oem-polo-shirts-for-eu-brands","18":"product_tag-polo-shirts-for-promotional-events-b2b","19":"product_tag-premium-cotton-polos-private-label","20":"product_tag-sports-team-polo-shirts-eu-wholesale","21":"product_tag-striped-and-contrast-collar-polo-europe","22":"product_tag-tailored-fit-cotton-poly-polo-europe","23":"product_tag-uniform-polo-shirts-with-logo-print","24":"product_tag-workwear-polos-for-staff-uniforms","26":"first","27":"instock","28":"taxable","29":"shipping-taxable","30":"purchasable","31":"product-type-simple"},"_links":{"self":[{"href":"https:\/\/ryinz.cz\/velkoobchod\/de\/wp-json\/wp\/v2\/product\/9330","targetHints":{"allow":["GET"]}}],"collection":[{"href":"https:\/\/ryinz.cz\/velkoobchod\/de\/wp-json\/wp\/v2\/product"}],"about":[{"href":"https:\/\/ryinz.cz\/velkoobchod\/de\/wp-json\/wp\/v2\/types\/product"}],"replies":[{"embeddable":true,"href":"https:\/\/ryinz.cz\/velkoobchod\/de\/wp-json\/wp\/v2\/comments?post=9330"}],"wp:featuredmedia":[{"embeddable":true,"href":"https:\/\/ryinz.cz\/velkoobchod\/de\/wp-json\/wp\/v2\/media\/10153"}],"wp:attachment":[{"href":"https:\/\/ryinz.cz\/velkoobchod\/de\/wp-json\/wp\/v2\/media?parent=9330"}],"wp:term":[{"taxonomy":"product_brand","embeddable":true,"href":"https:\/\/ryinz.cz\/velkoobchod\/de\/wp-json\/wp\/v2\/product_brand?post=9330"},{"taxonomy":"product_cat","embeddable":true,"href":"https:\/\/ryinz.cz\/velkoobchod\/de\/wp-json\/wp\/v2\/product_cat?post=9330"},{"taxonomy":"product_tag","embeddable":true,"href":"https:\/\/ryinz.cz\/velkoobchod\/de\/wp-json\/wp\/v2\/product_tag?post=9330"}],"curies":[{"name":"wp","href":"https:\/\/api.w.org\/{rel}","templated":true}]}}