{"id":9326,"date":"2025-06-22T15:41:30","date_gmt":"2025-06-22T15:41:30","guid":{"rendered":"https:\/\/ryinz.cz\/velkoobchod\/?post_type=product&#038;p=9326"},"modified":"2026-01-18T20:18:50","modified_gmt":"2026-01-18T20:18:50","slug":"thermische-wasserdichte-winterhandschuhe-winddicht-touchscreen-bereit-outdoor-handschuhe-fur-radfahren-wandern-und-kaltes-wetter-verwenden","status":"publish","type":"product","link":"https:\/\/ryinz.cz\/velkoobchod\/de\/product\/thermal-waterproof-winter-gloves-windproof-touchscreen-ready-outdoor-gloves-for-biking-hiking-and-cold-weather-use\/","title":{"rendered":"Wasserdichte Thermo-Winterhandschuhe - Winddichte, Touchscreen-f\u00e4hige Outdoor-Handschuhe zum Radfahren, Wandern und f\u00fcr den Einsatz bei kaltem Wetter"},"content":{"rendered":"<p data-start=\"1508\" data-end=\"1854\">Unsere Winterhandschuhe wurden speziell f\u00fcr die k\u00e4ltesten Monate des Jahres entwickelt und bieten W\u00e4rmeschutz, Winddichtigkeit, Wasserabweisung und flexiblen Einsatz in rauen Umgebungen. Egal, ob Ihre Kunden Radfahrer, L\u00e4ufer, Bergwanderer, Winterpendler oder Lieferfahrer sind, diese Handschuhe sorgen f\u00fcr W\u00e4rme, Sichtbarkeit und Benutzerfreundlichkeit.<\/p>\n<p data-start=\"1856\" data-end=\"2204\">Die \u00e4u\u00dfere Schicht aus hochwertigem Polyester oder Softshell-Gewebe weist leichten Regen und Schnee ab. Die Innenseite besteht aus einem Thermofleece oder einem isolierten Futter, das W\u00e4rme speichert, ohne \u00fcberm\u00e4\u00dfig dick aufzutragen. Dadurch sind die Handschuhe ideal f\u00fcr den aktiven Einsatz, denn sie erm\u00f6glichen es dem Tr\u00e4ger, den Lenker zu greifen, das Telefon zu bedienen oder allt\u00e4gliche Aufgaben bei eisigen Temperaturen zu erledigen.<\/p>\n<p data-start=\"2206\" data-end=\"2559\">Die Handfl\u00e4chen sind mit rutschfesten Silikon- oder Gummimustern versehen, die bei N\u00e4sse oder Eis einen guten Halt bieten. Dies verbessert die Kontrolle f\u00fcr Biker und bietet zus\u00e4tzliche Sicherheit beim Wintersport. Die Finger sind vorgekr\u00fcmmt f\u00fcr Komfort und verbessert mit <strong data-start=\"2451\" data-end=\"2482\">Touchscreen-kompatible Spitzen<\/strong> So k\u00f6nnen die Benutzer Smartphones oder GPS-Ger\u00e4te bedienen, ohne die Handschuhe ausziehen zu m\u00fcssen.<\/p>\n<p data-start=\"2561\" data-end=\"2582\">Die wichtigsten Merkmale sind:<\/p>\n<ul data-start=\"2583\" data-end=\"2831\">\n<li data-start=\"2583\" data-end=\"2621\">\n<p data-start=\"2585\" data-end=\"2621\">Elastische Handgelenksb\u00fcndchen zur Windabdichtung<\/p>\n<\/li>\n<li data-start=\"2622\" data-end=\"2665\">\n<p data-start=\"2624\" data-end=\"2665\">Verl\u00e4ngerte Manschetten f\u00fcr eine bessere Abdeckung<\/p>\n<\/li>\n<li data-start=\"2666\" data-end=\"2714\">\n<p data-start=\"2668\" data-end=\"2714\">Reflektierende Logos oder Details f\u00fcr Sicherheit bei Nacht<\/p>\n<\/li>\n<li data-start=\"2715\" data-end=\"2769\">\n<p data-start=\"2717\" data-end=\"2769\">Wasserabweisende Beschichtungen oder DWR-behandeltes Obermaterial<\/p>\n<\/li>\n<li data-start=\"2770\" data-end=\"2831\">\n<p data-start=\"2772\" data-end=\"2831\">Erh\u00e4ltlich in auff\u00e4lligen Sicherheitsfarben (rot, gelb, blau)<\/p>\n<\/li>\n<\/ul>\n<p data-start=\"2833\" data-end=\"3126\">Diese Handschuhe sind <strong data-start=\"2850\" data-end=\"2895\">leicht, waschbar und sehr langlebig<\/strong>, Dadurch eignen sie sich perfekt f\u00fcr den Wiederverkauf durch Outdoor-Ausr\u00fcster, Fahrradgesch\u00e4fte, Laufclubs oder Werbeveranstaltungen. Wir unterst\u00fctzen auch <strong data-start=\"3026\" data-end=\"3053\">Unternehmensanpassung<\/strong> einschlie\u00dflich Stickerei, Logodruck, Spezialverpackung oder Gr\u00f6\u00dfenangabe.<\/p>\n<p data-start=\"3128\" data-end=\"3358\">Die verf\u00fcgbaren Gr\u00f6\u00dfen reichen von XS bis XXL und passen sowohl M\u00e4nnern als auch Frauen. F\u00fcr Gro\u00dfhandelskunden, die besondere Proportionen ben\u00f6tigen, k\u00f6nnen Sondergr\u00f6\u00dfen angefertigt werden. Die meisten Modelle sind unisex und so konzipiert, dass sie eng anliegend getragen werden, um maximale W\u00e4rmeleistung zu erzielen.<\/p>\n<p data-start=\"3360\" data-end=\"3381\">Die Anwendungen umfassen:<\/p>\n<ul data-start=\"3382\" data-end=\"3544\">\n<li data-start=\"3382\" data-end=\"3404\">\n<p data-start=\"3384\" data-end=\"3404\">Radfahren bei kaltem Wetter<\/p>\n<\/li>\n<li data-start=\"3405\" data-end=\"3433\">\n<p data-start=\"3407\" data-end=\"3433\">Winterwandern und Trekking<\/p>\n<\/li>\n<li data-start=\"3434\" data-end=\"3456\">\n<p data-start=\"3436\" data-end=\"3456\">T\u00e4gliches Pendeln in der Stadt<\/p>\n<\/li>\n<li data-start=\"3457\" data-end=\"3476\">\n<p data-start=\"3459\" data-end=\"3476\">Ski- und Schneevorbereitung<\/p>\n<\/li>\n<li data-start=\"3477\" data-end=\"3504\">\n<p data-start=\"3479\" data-end=\"3504\">Kurier- oder Lagerarbeit<\/p>\n<\/li>\n<li data-start=\"3505\" data-end=\"3544\">\n<p data-start=\"3507\" data-end=\"3544\">Werbegeschenke oder Werbegeschenke f\u00fcr Sportveranstaltungen<\/p>\n<\/li>\n<\/ul>\n<p data-start=\"3546\" data-end=\"3867\">Produziert und exportiert von <strong data-start=\"3571\" data-end=\"3593\">Ryinz spol. s.r.o.<\/strong>, Unsere Handschuhe sind CE-konform und werden von unserem B\u00fcro in der Tschechischen Republik aus mit EU-Mehrwertsteuerabrechnung verwaltet. Alle Handschuhe sind je nach Wunsch einzelhandelsgerecht oder lose verpackt. Wir beliefern Einzel- und Gro\u00dfh\u00e4ndler in Deutschland, Frankreich, Italien, Spanien, Polen und dar\u00fcber hinaus.<\/p>\n<p data-start=\"3869\" data-end=\"4151\">Wenn Sie ein zuverl\u00e4ssiges, modisches und leistungsorientiertes Winterhandschuhsortiment auf Lager haben m\u00f6chten, gew\u00e4hrleistet unsere Werksproduktion die Konsistenz und Individualisierung, die Sie f\u00fcr Ihr Angebot ben\u00f6tigen. Unsere Mindestbestellmenge beginnt bei 100 Paar mit flexiblen Optionen je nach Modellauswahl und Branding-Anforderungen.<\/p>","protected":false},"excerpt":{"rendered":"<p data-start=\"313\" data-end=\"655\">Halten Sie sich warm und gesch\u00fctzt mit unseren Winterhandschuhen, die f\u00fcr eisige Temperaturen, nasse Bedingungen und t\u00e4gliche Outdoor-Aktivit\u00e4ten entwickelt wurden. Diese Handschuhe sind mit mehrlagiger W\u00e4rmeisolierung, wasserdichtem Softshell- oder Polyester-Obermaterial und rutschfesten Silikon-Griffzonen ausgestattet - ideal f\u00fcr Radfahrer, L\u00e4ufer, Wanderer oder Pendler in kalten Klimazonen.<\/p>\n<p data-start=\"657\" data-end=\"1042\">Jedes Modell verf\u00fcgt \u00fcber Touchscreen-kompatible Fingerspitzen f\u00fcr die Nutzung von Smartphones, elastische Handgelenkb\u00fcndchen zum Schutz vor kalter Luft und reflektierende Elemente f\u00fcr die Sichtbarkeit bei Nacht. Das Innenfutter ist weich und atmungsaktiv und h\u00e4lt die H\u00e4nde bei Schnee, Wind und Eisregen warm. Erh\u00e4ltlich in kr\u00e4ftigen Farben wie Rot, Neongelb, Marineblau und Schwarz, kombinieren diese Handschuhe Funktion mit gut sichtbarem Design.<\/p>\n<p data-start=\"1044\" data-end=\"1287\">Unsere Winterhandschuhe sind leicht, flexibel und feuchtigkeitsabweisend und eignen sich perfekt f\u00fcr Outdoor-Arbeiter, Lieferfahrer, Sportbegeisterte und Freizeittr\u00e4ger. Alle Modelle k\u00f6nnen mit Ihrem Firmenlogo versehen oder f\u00fcr Private Label-Kunden entworfen werden.<\/p>\n<p data-start=\"1289\" data-end=\"1454\">Mit EU-Rechnungsstellung, schnellen Lieferzeiten und geringen Mindestbestellmengen ist Ryinz Ihr zuverl\u00e4ssiger B2B-Lieferant f\u00fcr hochwertige Winterhandschuhe in Tschechien und in 28 weiteren europ\u00e4ischen L\u00e4ndern.<\/p>","protected":false},"featured_media":10160,"comment_status":"closed","ping_status":"closed","template":"","meta":[],"product_brand":[35],"product_cat":[438,68,467],"product_tag":[530,531,532,533,534,535,536,537,538,539,540,541,542,543,544],"class_list":{"0":"post-9326","1":"product","2":"type-product","3":"status-publish","4":"has-post-thumbnail","6":"product_brand-ryinz","7":"product_cat-leather-motorbike-pants","8":"product_cat-ryinz","9":"product_cat-textile-motorbike-jackets","10":"product_tag-breathable-fleece-lined-gloves-eu","11":"product_tag-cold-weather-gloves-for-cyclists","12":"product_tag-custom-branded-thermal-gloves-czechia","13":"product_tag-insulated-gloves-for-outdoor-activities","14":"product_tag-lightweight-cold-weather-gloves-europe","15":"product_tag-reflective-winter-gloves-for-night-use","16":"product_tag-running-gloves-for-freezing-conditions","17":"product_tag-softshell-gloves-for-winter-biking","18":"product_tag-sport-and-commuter-gloves-ce-certified","19":"product_tag-thermal-waterproof-winter-gloves-eu","20":"product_tag-touchscreen-insulated-gloves-wholesale","21":"product_tag-water-resistant-gloves-for-delivery-staff","22":"product_tag-windproof-touchscreen-gloves-supplier","23":"product_tag-winter-gloves-with-silicone-grip","24":"product_tag-winter-safety-gloves-manufacturer-europe","26":"first","27":"instock","28":"taxable","29":"shipping-taxable","30":"purchasable","31":"product-type-simple"},"_links":{"self":[{"href":"https:\/\/ryinz.cz\/velkoobchod\/de\/wp-json\/wp\/v2\/product\/9326","targetHints":{"allow":["GET"]}}],"collection":[{"href":"https:\/\/ryinz.cz\/velkoobchod\/de\/wp-json\/wp\/v2\/product"}],"about":[{"href":"https:\/\/ryinz.cz\/velkoobchod\/de\/wp-json\/wp\/v2\/types\/product"}],"replies":[{"embeddable":true,"href":"https:\/\/ryinz.cz\/velkoobchod\/de\/wp-json\/wp\/v2\/comments?post=9326"}],"wp:featuredmedia":[{"embeddable":true,"href":"https:\/\/ryinz.cz\/velkoobchod\/de\/wp-json\/wp\/v2\/media\/10160"}],"wp:attachment":[{"href":"https:\/\/ryinz.cz\/velkoobchod\/de\/wp-json\/wp\/v2\/media?parent=9326"}],"wp:term":[{"taxonomy":"product_brand","embeddable":true,"href":"https:\/\/ryinz.cz\/velkoobchod\/de\/wp-json\/wp\/v2\/product_brand?post=9326"},{"taxonomy":"product_cat","embeddable":true,"href":"https:\/\/ryinz.cz\/velkoobchod\/de\/wp-json\/wp\/v2\/product_cat?post=9326"},{"taxonomy":"product_tag","embeddable":true,"href":"https:\/\/ryinz.cz\/velkoobchod\/de\/wp-json\/wp\/v2\/product_tag?post=9326"}],"curies":[{"name":"wp","href":"https:\/\/api.w.org\/{rel}","templated":true}]}}