{"id":9251,"date":"2025-08-26T11:48:35","date_gmt":"2025-08-26T11:48:35","guid":{"rendered":"https:\/\/ryinz.cz\/velkoobchod\/?post_type=product&#038;p=9251"},"modified":"2026-01-18T20:18:35","modified_gmt":"2026-01-18T20:18:35","slug":"benutzerdefinierte-ce-zertifiziert-leder-motorrad-jacken-fur-b2b-groshandel-schutzende-motorrad-oberbekleidung-fur-eu-strasenfahrer","status":"publish","type":"product","link":"https:\/\/ryinz.cz\/velkoobchod\/de\/product\/custom-ce-certified-leather-motorbike-jackets-for-b2b-wholesale-protective-motorcycle-outerwear-for-eu-road-riders\/","title":{"rendered":"Benutzerdefinierte CE-zertifizierte Leder-Motorrad-Jacken f\u00fcr B2B-Gro\u00dfhandel - sch\u00fctzende Motorrad-Outdoor-Kleidung f\u00fcr EU-Stra\u00dfenfahrer"},"content":{"rendered":"<p data-start=\"1723\" data-end=\"2171\">Unsere Motorradlederjacken sind die ideale Kombination aus Schutz, Vielseitigkeit und \u00c4sthetik f\u00fcr anspruchsvolle Fahrer und stilbewusste Biker in ganz Europa. Unsere Jacken sind CE-zertifiziert und aus strapazierf\u00e4higem, flexiblem Rindsleder mit einer St\u00e4rke von 1,1 bis 1,3 mm gefertigt - ideal f\u00fcr den t\u00e4glichen Stra\u00dfengebrauch, Stadtfahrten, Langstreckentouren und sogar f\u00fcr die Rennstrecke.<\/p>\n<p data-start=\"2173\" data-end=\"2647\">Bei der Herstellung jeder Jacke dieser Kollektion steht die Sicherheit an erster Stelle. Die Schutzeins\u00e4tze an Ellbogen, Schultern und R\u00fccken sind entweder integriert oder herausnehmbar und erf\u00fcllen je nach den Spezifikationen des K\u00e4ufers die CE-Normen der Stufe 1 oder 2. Die Panzerung ist leicht und sto\u00dfabsorbierend und hilft, Verletzungen bei St\u00fcrzen zu vermeiden. Zus\u00e4tzlich zu den gepolsterten Bereichen sind die Jacken mit hochfesten F\u00e4den gen\u00e4ht und an allen N\u00e4hten und Druckzonen verst\u00e4rkt.<\/p>\n<p data-start=\"2649\" data-end=\"3111\">Fahrer werden die ergonomische Formgebung dieser Jacken zu sch\u00e4tzen wissen. Egal, ob es sich um eine schmal geschnittene Rennfahrerjacke, eine entspannte Tourenjacke oder ein Dual-Sport-Hybriddesign handelt, jede Jacke ist so konzipiert, dass sie den Windwiderstand reduziert und gleichzeitig Flexibilit\u00e4t f\u00fcr den Oberk\u00f6rper bietet. Eins\u00e4tze aus dehnbarem Stoff oder Akkordeonleder an Schultern und Ellbogen sorgen f\u00fcr eine nat\u00fcrliche Bewegungsfreiheit w\u00e4hrend der Fahrt. Hohe Kragen, Druckknopfmanschetten und winddichte Verschl\u00fcsse bieten zus\u00e4tzliche Funktionalit\u00e4t f\u00fcr lange Fahrten in unterschiedlichen Klimazonen.<\/p>\n<p data-start=\"3113\" data-end=\"3441\">Bei k\u00e4lteren Temperaturen speichert das w\u00e4rmende Steppfutter die W\u00e4rme und h\u00e4lt den K\u00f6rper warm, w\u00e4hrend sich das Innenfutter mit Rei\u00dfverschluss in wenigen Minuten in eine atmungsaktive Sommerjacke verwandeln l\u00e4sst. Bel\u00fcftungsrei\u00dfverschl\u00fcsse oder Mesh-Eins\u00e4tze sorgen f\u00fcr Luftzirkulation an hei\u00dfen Tagen. Alle Rei\u00dfverschl\u00fcsse sind von YKK und strapazierf\u00e4hig, um jahrelangem Verschlei\u00df standzuhalten.<\/p>\n<p data-start=\"3443\" data-end=\"3829\">Die optische Attraktivit\u00e4t ist ebenso wichtig. Wir bieten eine gro\u00dfe Auswahl an Farbakzenten wie Schwarz mit wei\u00dfen Streifen, komplett schwarze Stealth-Jacken, braune Vintage-Ausf\u00fchrungen und Performance-Modelle mit gut sichtbaren Neon-Panels. Reflektierende Streifen sorgen f\u00fcr bessere Sichtbarkeit bei Nachtfahrten. Logos k\u00f6nnen auf der Brust, den \u00c4rmeln oder dem R\u00fccken angebracht werden, je nach Ihren Bed\u00fcrfnissen.<\/p>\n<p data-start=\"3831\" data-end=\"4140\">Unsere Jacken sind in den Gr\u00f6\u00dfen XS bis 5XL erh\u00e4ltlich, auf Anfrage auch in Sondergr\u00f6\u00dfen. Sie k\u00f6nnen zwischen Standardmodellen aus unserem Katalog w\u00e4hlen oder Ihr Design f\u00fcr eine individuelle OEM-Produktion einreichen. Wir haben Erfahrung mit der Belieferung von Marken, Clubs und modisch orientierten Wiederverk\u00e4ufern mit verkaufsfertigen oder White-Label-Best\u00e4nden.<\/p>\n<p data-start=\"4142\" data-end=\"4535\">Die gesamte Produktion wird in jeder Phase qualit\u00e4tsgesichert, um sicherzustellen, dass jedes gelieferte St\u00fcck den Erwartungen entspricht. Unser Unternehmen, Ryinz spol. s.r.o., hat seinen Hauptsitz in der Tschechischen Republik und bietet umfassende Unterst\u00fctzung bei der EU-Dokumentation, Zollabfertigung und Rechnungsstellung. Als vertrauensw\u00fcrdiger B2B-Lieferant k\u00fcmmern wir uns um alles, von der ersten Bemusterung bis zum endg\u00fcltigen Export, damit die K\u00e4ufer eine reibungslose, risikofreie Lieferung erhalten.<\/p>\n<p data-start=\"4537\" data-end=\"4857\">Wenn Sie als Einzelh\u00e4ndler oder Distributor Ihr Angebot an Motorradbekleidung um hochwertige Jacken erweitern m\u00f6chten, k\u00f6nnen Sie dank unserer flexiblen Mindestbestellmenge und unserer Unterst\u00fctzung f\u00fcr Eigenmarken problemlos damit beginnen. Wir betreuen Kunden in \u00fcber 28 europ\u00e4ischen L\u00e4ndern und k\u00f6nnen Sie bei regionalen Gr\u00f6\u00dfentabellen, der Einhaltung von Etikettierungsvorschriften und der Kataloggestaltung unterst\u00fctzen.<\/p>\n<p data-start=\"4859\" data-end=\"5124\">Unsere Motorradlederjacken sind nicht nur Bekleidung - sie sind ein wichtiger Bestandteil der Sicherheitsausr\u00fcstung Ihres Fahrers. Mit dieser Kombination aus Stil, Komfort und CE-zertifiziertem Schutz erhalten Ihre Kunden das Vertrauen, das sie brauchen, und Ihr Unternehmen die Leistung, die es verdient.<\/p>","protected":false},"excerpt":{"rendered":"<p data-start=\"373\" data-end=\"669\">Unsere Kollektion von CE-zertifizierten Motorradlederjacken wurde f\u00fcr Sicherheit im Stra\u00dfenverkehr, Fahrerkomfort und stilvolle Leistung entwickelt. Diese Jacken kombinieren die klassische St\u00e4rke von Rindsleder mit modernen Schutzsystemen, die eine hervorragende Best\u00e4ndigkeit gegen Abrieb, St\u00f6\u00dfe und Wetterbedingungen gew\u00e4hrleisten.<\/p>\n<p data-start=\"671\" data-end=\"971\">Die Jacken sind f\u00fcr allt\u00e4gliche Stra\u00dfenbenutzer, professionelle Fahrer, Lieferfahrer und Touring-Enthusiasten zugeschnitten und verf\u00fcgen \u00fcber sch\u00fctzende Polsterungen an Ellbogen, Schultern und Wirbels\u00e4ule. Die Jacken sind f\u00fcr den ganzj\u00e4hrigen Einsatz konzipiert und umfassen sowohl bel\u00fcftete Paneele f\u00fcr den Sommer als auch Thermofutter f\u00fcr die Wintersaison.<\/p>\n<p data-start=\"973\" data-end=\"1284\">Wir bieten eine Vielzahl von Stilen an, darunter Vintage-Lederausf\u00fchrungen, rennsporttaugliche Schnitte und gut sichtbare neonfarbene Designs, um sicherzustellen, dass es f\u00fcr jeden Markt und jede Markenidentit\u00e4t eine Option gibt. Zu unseren Kunden z\u00e4hlen Einzelh\u00e4ndler, Wiederverk\u00e4ufer und Distributoren in Deutschland, Spanien, Frankreich, der Tschechischen Republik und den Niederlanden.<\/p>\n<p data-start=\"1286\" data-end=\"1669\">Kundenspezifische Logos, Stickereien, Farbauswahl und Gr\u00f6\u00dfen sind mit niedrigen Mindestbestellmengen (MOQs) erh\u00e4ltlich. Wir unterst\u00fctzen Private Labeling und B2B-Gro\u00dfhandelsbestellungen mit EU-Mehrwertsteuerabrechnung und schneller Lieferung. Ganz gleich, ob Sie Ihr Gesch\u00e4ft aufstocken, eine neue Kollektion auf den Markt bringen oder hochwertige Schutzkleidung suchen, Ryinz-Jacken genie\u00dfen in ganz Europa ein hohes Ma\u00df an Vertrauen in Bezug auf Aussehen und Leistung.<\/p>","protected":false},"featured_media":10141,"comment_status":"closed","ping_status":"closed","template":"","meta":[],"product_brand":[35],"product_cat":[68],"product_tag":[422,423,424,425,426,427,428,429,430,432,433,434,435,436,437],"class_list":{"0":"post-9251","1":"product","2":"type-product","3":"status-publish","4":"has-post-thumbnail","6":"product_brand-ryinz","7":"product_cat-ryinz","8":"product_tag-b2b-motorbike-gear-czech-manufacturer","9":"product_tag-bulk-order-motorbike-protective-clothing","10":"product_tag-buy-motorcycle-suits-wholesale-online","11":"product_tag-ce-certified-leather-motorbike-suits","12":"product_tag-custom-motorbike-suits-with-branding","13":"product_tag-custom-made-leather-riding-suits-europe","14":"product_tag-durable-motorcycle-safety-gear-supplier","15":"product_tag-eu-approved-protective-biker-clothing","16":"product_tag-european-supplier-of-leather-race-suits","17":"product_tag-one-piece-biker-leather-racing-suit","18":"product_tag-private-label-motorbike-suits-manufacturer","19":"product_tag-professional-racing-suit-for-bikers","20":"product_tag-racing-leather-suits-for-eu-road-riders","21":"product_tag-track-ready-motorcycle-leather-apparel","22":"product_tag-wholesale-motorcycle-racing-suits-europe","24":"first","25":"instock","26":"taxable","27":"shipping-taxable","28":"purchasable","29":"product-type-simple"},"_links":{"self":[{"href":"https:\/\/ryinz.cz\/velkoobchod\/de\/wp-json\/wp\/v2\/product\/9251","targetHints":{"allow":["GET"]}}],"collection":[{"href":"https:\/\/ryinz.cz\/velkoobchod\/de\/wp-json\/wp\/v2\/product"}],"about":[{"href":"https:\/\/ryinz.cz\/velkoobchod\/de\/wp-json\/wp\/v2\/types\/product"}],"replies":[{"embeddable":true,"href":"https:\/\/ryinz.cz\/velkoobchod\/de\/wp-json\/wp\/v2\/comments?post=9251"}],"wp:featuredmedia":[{"embeddable":true,"href":"https:\/\/ryinz.cz\/velkoobchod\/de\/wp-json\/wp\/v2\/media\/10141"}],"wp:attachment":[{"href":"https:\/\/ryinz.cz\/velkoobchod\/de\/wp-json\/wp\/v2\/media?parent=9251"}],"wp:term":[{"taxonomy":"product_brand","embeddable":true,"href":"https:\/\/ryinz.cz\/velkoobchod\/de\/wp-json\/wp\/v2\/product_brand?post=9251"},{"taxonomy":"product_cat","embeddable":true,"href":"https:\/\/ryinz.cz\/velkoobchod\/de\/wp-json\/wp\/v2\/product_cat?post=9251"},{"taxonomy":"product_tag","embeddable":true,"href":"https:\/\/ryinz.cz\/velkoobchod\/de\/wp-json\/wp\/v2\/product_tag?post=9251"}],"curies":[{"name":"wp","href":"https:\/\/api.w.org\/{rel}","templated":true}]}}