{"id":9212,"date":"2025-06-22T15:33:26","date_gmt":"2025-06-22T15:33:26","guid":{"rendered":"https:\/\/ryinz.cz\/velkoobchod\/?post_type=product&#038;p=9212"},"modified":"2026-01-18T20:18:32","modified_gmt":"2026-01-18T20:18:32","slug":"ryinz-beheizte-lederhandschuhe-mit-batteriesystem-touchscreen-finger-hipora-einsatz-gel-gepolsterte-handflache-fur-b2b-einzelhandel","status":"publish","type":"product","link":"https:\/\/ryinz.cz\/velkoobchod\/de\/product\/ryinz-heated-leather-gloves-with-battery-system-touchscreen-fingers-hipora-insert-gel-padded-palm-for-b2b-retail\/","title":{"rendered":"RYINZ Beheizte Lederhandschuhe mit Batteriesystem, Touchscreen-Fingern, Hipora-Einsatz und gelgepolsterter Handfl\u00e4che f\u00fcr B2B\/Einzelhandel"},"content":{"rendered":"<p data-start=\"949\" data-end=\"1064\"><strong data-start=\"949\" data-end=\"1064\">RYINZ GPTG-0283 Beheizte Motorradhandschuhe - Premium-Elektrow\u00e4rme mit wasserdichtem Schutz und Touch Control<\/strong><\/p>\n<p data-start=\"1066\" data-end=\"1461\">Wenn die Temperaturen sinken, m\u00fcssen Sicherheit und Fingerfertigkeit unangetastet bleiben - und die <strong data-start=\"1145\" data-end=\"1178\">RYINZ GPTG-0283 Beheizte Handschuhe<\/strong> wurden entwickelt, um genau das zu leisten. Diese Handschuhe wurden f\u00fcr Fahrer, Profis und Outdoor-Arbeiter entwickelt, die in eisigen Umgebungen arbeiten. Sie vereinen modernste W\u00e4rmetechnologie mit hochwertigen Materialien, um die H\u00e4nde warm, trocken und gesch\u00fctzt zu halten, ohne dabei an Grip oder Kontrolle einzub\u00fc\u00dfen.<\/p>\n<p data-start=\"1463\" data-end=\"1691\">Dieses CE-konforme Modell wurde f\u00fcr ganzt\u00e4gigen Tragekomfort und hohe Sichtbarkeit entwickelt und eignet sich ideal f\u00fcr Wintertouren, Langstreckenfahrten, Schneeabenteuerausr\u00fcstungen oder den B2B-Gro\u00dfhandel auf den europ\u00e4ischen M\u00e4rkten f\u00fcr PSA und Motorradausr\u00fcstung.<\/p>\n<hr data-start=\"1693\" data-end=\"1696\" \/>\n<h3 data-start=\"1698\" data-end=\"1764\"><strong data-start=\"1702\" data-end=\"1764\">Handfl\u00e4che aus echtem Leder mit Pittard-Verst\u00e4rkung und Gel-Polsterung<\/strong><\/h3>\n<p data-start=\"1766\" data-end=\"2202\">Der Kern dieses Handschuhs ist <strong data-start=\"1797\" data-end=\"1829\">Konstruktion aus echtem Leder<\/strong>, und bietet un\u00fcbertroffene Abriebfestigkeit und nat\u00fcrlichen Grip. Die Handfl\u00e4che verf\u00fcgt \u00fcber eine <strong data-start=\"1909\" data-end=\"1936\">Pittard-Leder-Overlay<\/strong>, Das Material ist weltweit f\u00fcr seine au\u00dfergew\u00f6hnliche Haltbarkeit, Wasserbest\u00e4ndigkeit und Flexibilit\u00e4t bekannt - selbst bei Temperaturen unter dem Gefrierpunkt. Darunter befindet sich ein <strong data-start=\"2064\" data-end=\"2091\">Gelschaum-Polstereinlage<\/strong> d\u00e4mpft Vibrationen von Lenkern oder Elektrowerkzeugen und verringert so die Erm\u00fcdung des Fahrers auf langen Strecken oder w\u00e4hrend der Schicht.<\/p>\n<hr data-start=\"2204\" data-end=\"2207\" \/>\n<h3 data-start=\"2209\" data-end=\"2263\"><strong data-start=\"2213\" data-end=\"2263\">Touchscreen-F\u00e4higkeit von Zeigefinger und Daumen<\/strong><\/h3>\n<p data-start=\"2265\" data-end=\"2535\">Die Handschuhe wurden f\u00fcr moderne Fahrer entwickelt und bieten <strong data-start=\"2312\" data-end=\"2340\">ber\u00fchrungsempfindliches Material<\/strong> an Zeigefinger und Daumen. Dies erm\u00f6glicht die m\u00fchelose Nutzung von Smartphones, GPS-Ger\u00e4ten oder Motorrad-Touch-Displays, ohne den Handschuh ausziehen zu m\u00fcssen - eine wesentliche Voraussetzung f\u00fcr Effizienz und Sicherheit w\u00e4hrend der Fahrt.<\/p>\n<hr data-start=\"2537\" data-end=\"2540\" \/>\n<h3 data-start=\"2542\" data-end=\"2614\"><strong data-start=\"2546\" data-end=\"2614\">Beheizte Technologie mit integrierter Ein\/Aus-Taste und Batterietasche<\/strong><\/h3>\n<p data-start=\"2616\" data-end=\"3023\">Der Clou des Modells GPTG-0283 ist seine <strong data-start=\"2660\" data-end=\"2687\">modernes Heizsystem<\/strong>, die diskret in die inneren Schichten des Handschuhs eingebettet sind. Ein <strong data-start=\"2748\" data-end=\"2765\">Ein\/Aus-Taste<\/strong> ist bequem auf der R\u00fcckseite des Handschuhs angebracht, gepaart mit einem <strong data-start=\"2829\" data-end=\"2869\">Batteriefach und verkabeltes System<\/strong>. So l\u00e4sst sich die W\u00e4rmeleistung je nach Bedarf regulieren - ideal f\u00fcr Gel\u00e4ndereiter, Schneemobilfahrer oder Industriearbeiter, die rauen Klimabedingungen ausgesetzt sind.<\/p>\n<p data-start=\"3025\" data-end=\"3237\">Die Heizung deckt <strong data-start=\"3044\" data-end=\"3083\">Handr\u00fccken, Finger und Handfl\u00e4che<\/strong>, und bietet eine gleichm\u00e4\u00dfige W\u00e4rmeverteilung. Das mit wiederaufladbaren Li-Ionen-Akkus (separat erh\u00e4ltlich) kompatible System ist sicher, zuverl\u00e4ssig und wasserdicht.<\/p>\n<hr data-start=\"3239\" data-end=\"3242\" \/>\n<h3 data-start=\"3244\" data-end=\"3299\"><strong data-start=\"3248\" data-end=\"3299\">Kn\u00f6chelpanzer, YKK-Rei\u00dfverschluss und verst\u00e4rkte Oberhand<\/strong><\/h3>\n<p data-start=\"3301\" data-end=\"3660\">Zur Sicherheit enth\u00e4lt der Handschuh <strong data-start=\"3332\" data-end=\"3367\">thermogeformte Kn\u00f6chelprotektoren<\/strong>, in das Obermaterial aus Stretchgewebe eingearbeitet, um St\u00f6\u00dfe zu absorbieren. Der <strong data-start=\"3430\" data-end=\"3449\">YKK-Rei\u00dfverschluss<\/strong> an der Seitenmanschette sorgt f\u00fcr einen festen, verstellbaren Sitz und bietet zus\u00e4tzlichen Windschutz. Zus\u00e4tzlich <strong data-start=\"3539\" data-end=\"3570\">reflektierender Aufkleberdruck<\/strong> verbessert die Sichtbarkeit bei Nacht - wichtig f\u00fcr Motorradfahrer, Stra\u00dfenarbeiter oder Rettungsteams.<\/p>\n<hr data-start=\"3662\" data-end=\"3665\" \/>\n<h3 data-start=\"3667\" data-end=\"3722\"><strong data-start=\"3671\" data-end=\"3722\">Wasserdichter Hipora-Einsatz + Tricot-Fleece-Futter<\/strong><\/h3>\n<p data-start=\"3724\" data-end=\"4095\">Im Inneren des Handschuhs befindet sich ein <strong data-start=\"3744\" data-end=\"3764\">Hipora\u00ae-Membran<\/strong> fungiert als atmungsaktive, wasserdichte Barriere, die Regen und Schnee abh\u00e4lt und gleichzeitig den Schwei\u00df entweichen l\u00e4sst. Der Innenraum umfasst au\u00dferdem <strong data-start=\"3884\" data-end=\"3913\">weiches Trikot-Fleece-Futter<\/strong>, und bietet Isolierung ohne zus\u00e4tzliche Masse. Dieses zweischichtige System sorgt daf\u00fcr, dass der Handschuh auch bei N\u00e4sse oder Eis gut funktioniert und auch bei stundenlangem Gebrauch bequem bleibt.<\/p>\n<hr data-start=\"4097\" data-end=\"4100\" \/>\n<h3 data-start=\"4102\" data-end=\"4146\"><strong data-start=\"4106\" data-end=\"4146\">Stretch-Stoff-Zonen und ergonomische Passform<\/strong><\/h3>\n<p data-start=\"4148\" data-end=\"4466\">Elastische Eins\u00e4tze an den Fingern und am Handgelenk verbessern die Fingerfertigkeit und erm\u00f6glichen auch mit den Heizelementen im Inneren volle Fingerbeweglichkeit. Dadurch eignen sich die Handschuhe f\u00fcr detaillierte Handhabungsaufgaben wie das Greifen von Lenkern, das Bedienen von Maschinen oder das Befestigen von Helmklammern - wesentliche Merkmale f\u00fcr Sicherheit und Komfort.<\/p>\n<hr data-start=\"4468\" data-end=\"4471\" \/>\n<h3 data-start=\"4473\" data-end=\"4496\"><strong data-start=\"4477\" data-end=\"4494\">Anwendungen:<\/strong><\/h3>\n<ul data-start=\"4497\" data-end=\"4861\">\n<li data-start=\"4497\" data-end=\"4551\">\n<p data-start=\"4499\" data-end=\"4551\">Beheizte Motorrad-Tourenhandschuhe f\u00fcr kalte Klimazonen<\/p>\n<\/li>\n<li data-start=\"4552\" data-end=\"4616\">\n<p data-start=\"4554\" data-end=\"4616\">Beheizte PSA-Handschuhe f\u00fcr Arbeiter im Freien bei eisigen Temperaturen<\/p>\n<\/li>\n<li data-start=\"4617\" data-end=\"4675\">\n<p data-start=\"4619\" data-end=\"4675\">Motorschlitten- und Wintersporthandschuhe mit Batteriesystem<\/p>\n<\/li>\n<li data-start=\"4676\" data-end=\"4737\">\n<p data-start=\"4678\" data-end=\"4737\">Industriehandschuhe f\u00fcr Versorgungsunternehmen und Wartungspersonal<\/p>\n<\/li>\n<li data-start=\"4738\" data-end=\"4797\">\n<p data-start=\"4740\" data-end=\"4797\">Gro\u00df- und Einzelhandel mit Thermoausr\u00fcstung f\u00fcr Europa und dar\u00fcber hinaus<\/p>\n<\/li>\n<li data-start=\"4798\" data-end=\"4861\">\n<p data-start=\"4800\" data-end=\"4861\">Professionelle Handschuhe f\u00fcr Rettung, Verkehrssicherheit oder Bergwacht<\/p>\n<\/li>\n<\/ul>\n<hr data-start=\"4863\" data-end=\"4866\" \/>\n<h3 data-start=\"4868\" data-end=\"4898\"><strong data-start=\"4872\" data-end=\"4896\">Hauptmerkmale Zusammenfassung:<\/strong><\/h3>\n<ul data-start=\"4899\" data-end=\"5456\">\n<li data-start=\"4899\" data-end=\"4950\">\n<p data-start=\"4901\" data-end=\"4950\">Handfl\u00e4che aus echtem Leder mit verst\u00e4rktem Pittard-Patch<\/p>\n<\/li>\n<li data-start=\"4951\" data-end=\"5001\">\n<p data-start=\"4953\" data-end=\"5001\">Gel-Schaumstoff-Polsterung f\u00fcr Vibrationsd\u00e4mpfung in der Handfl\u00e4che<\/p>\n<\/li>\n<li data-start=\"5002\" data-end=\"5047\">\n<p data-start=\"5004\" data-end=\"5047\">Smartphone-Touch-Unterst\u00fctzung auf Zeigefinger und Daumen<\/p>\n<\/li>\n<li data-start=\"5048\" data-end=\"5097\">\n<p data-start=\"5050\" data-end=\"5097\">Integriertes Heizsystem mit Bedientaste<\/p>\n<\/li>\n<li data-start=\"5098\" data-end=\"5147\">\n<p data-start=\"5100\" data-end=\"5147\">Kompatibilit\u00e4t mit wiederaufladbaren Batterien (extern)<\/p>\n<\/li>\n<li data-start=\"5148\" data-end=\"5200\">\n<p data-start=\"5150\" data-end=\"5200\">Kn\u00f6chelprotektor mit strapazierf\u00e4higem Stretchgewebe<\/p>\n<\/li>\n<li data-start=\"5201\" data-end=\"5245\">\n<p data-start=\"5203\" data-end=\"5245\">Reflektierender Druck f\u00fcr Sicherheit bei Nacht<\/p>\n<\/li>\n<li data-start=\"5246\" data-end=\"5292\">\n<p data-start=\"5248\" data-end=\"5292\">Wasserdichte Hipora-Einlage und Trikotfutter<\/p>\n<\/li>\n<li data-start=\"5293\" data-end=\"5337\">\n<p data-start=\"5295\" data-end=\"5337\">YKK-Rei\u00dfverschluss an der Seitenmanschette + Stretch-Passform am Handgelenk<\/p>\n<\/li>\n<li data-start=\"5338\" data-end=\"5386\">\n<p data-start=\"5340\" data-end=\"5386\">CE-zertifiziert f\u00fcr EU-Sicherheit und Leistung<\/p>\n<\/li>\n<li data-start=\"5387\" data-end=\"5456\">\n<p data-start=\"5389\" data-end=\"5456\">Ideal f\u00fcr Wintersportler, Logistiker und Bergrettungsmannschaften<\/p>\n<\/li>\n<\/ul>\n<p data-start=\"5458\" data-end=\"5658\">Dieser Handschuh ist nicht nur eine Ausr\u00fcstung - er ist ein <strong data-start=\"5493\" data-end=\"5541\">Komplette thermische Kontroll- und Sicherheitsl\u00f6sung<\/strong>, Wir helfen Marken, sich mit echten Innovationen und Funktionen zu profilieren, die von Fahrern, Arbeitnehmern und Gesch\u00e4ftsleuten wirklich ben\u00f6tigt werden.<\/p>","protected":false},"excerpt":{"rendered":"<p data-start=\"429\" data-end=\"898\">Der RYINZ GPTG-0283 ist ein hochleistungsf\u00e4higer, beheizter Handschuh f\u00fcr Reiter und Outdoor-Profis, die bei kaltem Wetter unterwegs sind. Mit echtem Leder, Pittards Handfl\u00e4chenverst\u00e4rkung, Touchscreen-Fingerspitzen und einem Heizsystem mit An-\/Ausschalter bietet er W\u00e4rme, Schutz und Griffigkeit in extremen Umgebungen. Mit wasserdichtem Hipora-Einsatz, YKK-Rei\u00dfverschluss und Kn\u00f6chelverst\u00e4rkung - ideal f\u00fcr Motorradtouren, industrielle PSA und Premium-Handschuhh\u00e4ndler.<\/p>","protected":false},"featured_media":9307,"comment_status":"closed","ping_status":"closed","template":"","meta":[],"product_brand":[35],"product_cat":[1111,380,122,68],"product_tag":[404,405,406,407,408,409,410,411,412,413,121,414,48,415,416,417,418,419,420,421],"class_list":{"0":"post-9212","1":"product","2":"type-product","3":"status-publish","4":"has-post-thumbnail","6":"product_brand-ryinz","7":"product_cat-motorbike","8":"product_cat-motorbike-gloves","9":"product_cat-motorbike-racing-gloves","10":"product_cat-ryinz","11":"product_tag-all-black-gloves","12":"product_tag-biker-gloves","13":"product_tag-black-riding-gloves","14":"product_tag-carbon-shell-gloves","15":"product_tag-ce-certified-gloves","16":"product_tag-eu-biker-gloves","17":"product_tag-gloves-for-racing","18":"product_tag-goat-leather-gloves","19":"product_tag-hook-loop-gloves","20":"product_tag-leather-motorcycle-gloves","21":"product_tag-motorbike-gloves","22":"product_tag-neoprene-cuff-gloves","23":"product_tag-padded-palm-gloves","24":"product_tag-premium-biker-gloves","25":"product_tag-racing-hand-gear","26":"product_tag-riding-gloves","27":"product_tag-road-trip-gloves","28":"product_tag-ryinz-gloves","29":"product_tag-safety-motorcycle-gloves","30":"product_tag-street-rider-gloves","32":"first","33":"instock","34":"taxable","35":"shipping-taxable","36":"purchasable","37":"product-type-simple"},"_links":{"self":[{"href":"https:\/\/ryinz.cz\/velkoobchod\/de\/wp-json\/wp\/v2\/product\/9212","targetHints":{"allow":["GET"]}}],"collection":[{"href":"https:\/\/ryinz.cz\/velkoobchod\/de\/wp-json\/wp\/v2\/product"}],"about":[{"href":"https:\/\/ryinz.cz\/velkoobchod\/de\/wp-json\/wp\/v2\/types\/product"}],"replies":[{"embeddable":true,"href":"https:\/\/ryinz.cz\/velkoobchod\/de\/wp-json\/wp\/v2\/comments?post=9212"}],"wp:featuredmedia":[{"embeddable":true,"href":"https:\/\/ryinz.cz\/velkoobchod\/de\/wp-json\/wp\/v2\/media\/9307"}],"wp:attachment":[{"href":"https:\/\/ryinz.cz\/velkoobchod\/de\/wp-json\/wp\/v2\/media?parent=9212"}],"wp:term":[{"taxonomy":"product_brand","embeddable":true,"href":"https:\/\/ryinz.cz\/velkoobchod\/de\/wp-json\/wp\/v2\/product_brand?post=9212"},{"taxonomy":"product_cat","embeddable":true,"href":"https:\/\/ryinz.cz\/velkoobchod\/de\/wp-json\/wp\/v2\/product_cat?post=9212"},{"taxonomy":"product_tag","embeddable":true,"href":"https:\/\/ryinz.cz\/velkoobchod\/de\/wp-json\/wp\/v2\/product_tag?post=9212"}],"curies":[{"name":"wp","href":"https:\/\/api.w.org\/{rel}","templated":true}]}}