{"id":9211,"date":"2025-06-22T15:33:25","date_gmt":"2025-06-22T15:33:25","guid":{"rendered":"https:\/\/ryinz.cz\/velkoobchod\/?post_type=product&#038;p=9211"},"modified":"2026-01-18T20:18:31","modified_gmt":"2026-01-18T20:18:31","slug":"ryinz-rot-schwarz-mechaniker-handschuhe-fur-groshandel-einzelhandel-mit-tpr-schutz-und-anti-rutsch-handflache-griff","status":"publish","type":"product","link":"https:\/\/ryinz.cz\/velkoobchod\/de\/product\/ryinz-red-black-mechanics-gloves-for-wholesale-retail-with-tpr-protection-and-anti-slip-palm-grip\/","title":{"rendered":"RYINZ Rot-schwarze Mechanikerhandschuhe f\u00fcr Gro\u00df- und Einzelhandel mit TPR-Schutz und Anti-Rutsch-Handfl\u00e4che"},"content":{"rendered":"<p data-start=\"745\" data-end=\"854\"><strong data-start=\"745\" data-end=\"854\">RYINZ Rot-schwarze Mechanikerhandschuhe - TPR-unterst\u00fctzte Performance f\u00fcr Werkst\u00e4tten, Bau und industrielle Sicherheit<\/strong><\/p>\n<p data-start=\"856\" data-end=\"1170\">Die auf Langlebigkeit und pr\u00e4zise Handhabung ausgelegte <strong data-start=\"905\" data-end=\"941\">RYINZ Rot-schwarze Mechanikerhandschuhe<\/strong> sind die perfekte Mischung aus Flexibilit\u00e4t, Schutz und auff\u00e4lligem Design. Diese Handschuhe wurden speziell f\u00fcr industrielle Anwendungen entwickelt und bieten eine taktile Kontrolle f\u00fcr Werkzeuge, w\u00e4hrend sie gleichzeitig die f\u00fcr die praktische Arbeit erforderlichen Sicherheitsmerkmale bieten.<\/p>\n<p data-start=\"1172\" data-end=\"1335\">Dieses Modell ist ideal f\u00fcr PSA-H\u00e4ndler, Bauzulieferer, Werkstatth\u00e4ndler und Kfz-Servicetechniker und verleiht Ihrem Katalog eine auff\u00e4llige, sicherheitsrelevante Option.<\/p>\n<hr data-start=\"1337\" data-end=\"1340\" \/>\n<h3 data-start=\"1342\" data-end=\"1392\"><strong data-start=\"1346\" data-end=\"1390\">TPR-Fingerschutz f\u00fcr die Abwehr von St\u00f6\u00dfen<\/strong><\/h3>\n<p data-start=\"1393\" data-end=\"1674\">Der Handschuh ist ausgestattet mit <strong data-start=\"1420\" data-end=\"1457\">Thermoplastischer Gummi (TPR) Schutzvorrichtungen<\/strong> an den Fingern - und bietet so einen wichtigen Schutz gegen St\u00f6\u00dfe, Absch\u00fcrfungen und mechanische Einwirkungen. Das TPR-Material ist flexibel und erm\u00f6glicht die Bewegung der Finger, sch\u00fctzt aber dennoch vor Werkzeugen oder herunterfallenden Teilen in rauen Umgebungen.<\/p>\n<hr data-start=\"1676\" data-end=\"1679\" \/>\n<h3 data-start=\"1681\" data-end=\"1729\"><strong data-start=\"1685\" data-end=\"1727\">Anti-Rutsch-Silikon-Handfl\u00e4chen-Zonen f\u00fcr Grip<\/strong><\/h3>\n<p data-start=\"1730\" data-end=\"1990\">Die Merkmale der Handfl\u00e4che <strong data-start=\"1748\" data-end=\"1786\">pr\u00e4zise platzierter Silikondruck<\/strong> f\u00fcr verbesserte Griffigkeit bei Aufgaben mit hohem Druck. Ob beim Halten von Werkzeugen, beim Lenken eines Rades oder bei der Handhabung von Ger\u00e4ten - die Silikon-Zonen sorgen f\u00fcr eine gleichm\u00e4\u00dfige Handhabung ohne Ausrutschen, selbst unter feuchten oder \u00f6ligen Bedingungen.<\/p>\n<hr data-start=\"1992\" data-end=\"1995\" \/>\n<h3 data-start=\"1997\" data-end=\"2045\"><strong data-start=\"2001\" data-end=\"2043\">Verst\u00e4rkte N\u00e4hte f\u00fcr langfristige Nutzung<\/strong><\/h3>\n<p data-start=\"2046\" data-end=\"2319\">Verst\u00e4rkte N\u00e4hte und eine zweilagige Konstruktion an stark beanspruchten Stellen (Daumenbeuge, Handfl\u00e4che und \u00e4u\u00dferes Handgelenk) verl\u00e4ngern die Lebensdauer dieser Handschuhe bei starker Beanspruchung. Geeignet f\u00fcr den t\u00e4glichen Einsatz in anspruchsvollen Branchen wie der Automobilindustrie, der Metallverarbeitung oder der Lagerlogistik.<\/p>\n<hr data-start=\"2321\" data-end=\"2324\" \/>\n<h3 data-start=\"2326\" data-end=\"2375\"><strong data-start=\"2330\" data-end=\"2373\">Ergonomisches Design und Stretch-Stoff-Passform<\/strong><\/h3>\n<p data-start=\"2376\" data-end=\"2649\">Die Handschuhe sind ergonomisch geformt, mit vorgekr\u00fcmmten Fingern und einer formschl\u00fcssigen Konstruktion, die die Fingerfertigkeit verbessert. Im Bereich des Handgelenks befindet sich eine elastische Stulpe, die das An- und Ausziehen erleichtert und gleichzeitig Staub und Schmutz fernh\u00e4lt. Das leichte Material sorgt f\u00fcr hohen Tragekomfort \u00fcber lange Zeitr\u00e4ume.<\/p>\n<hr data-start=\"2651\" data-end=\"2654\" \/>\n<h3 data-start=\"2656\" data-end=\"2694\"><strong data-start=\"2660\" data-end=\"2692\">Auff\u00e4llige Farbgebung f\u00fcr Sichtbarkeit<\/strong><\/h3>\n<p data-start=\"2695\" data-end=\"2938\">Die rot-schwarze Farbkombination sorgt f\u00fcr gute Sichtbarkeit auf Baustellen und erh\u00f6ht das Sicherheitsbewusstsein. Das scharfe Design und die <strong data-start=\"2814\" data-end=\"2844\">RYINZ-Branding auf der Manschette<\/strong> positionieren den Handschuh auch als hochwertigen und dennoch erschwinglichen PSA-Artikel f\u00fcr den Einzelhandel und Gro\u00dfbestellungen.<\/p>\n<hr data-start=\"2940\" data-end=\"2943\" \/>\n<h3 data-start=\"2945\" data-end=\"2974\"><strong data-start=\"2949\" data-end=\"2972\">Ideale Anwendungen:<\/strong><\/h3>\n<ul data-start=\"2975\" data-end=\"3262\">\n<li data-start=\"2975\" data-end=\"3013\">\n<p data-start=\"2977\" data-end=\"3013\">Mechaniker und Kfz-Werkst\u00e4tten<\/p>\n<\/li>\n<li data-start=\"3014\" data-end=\"3054\">\n<p data-start=\"3016\" data-end=\"3054\">Bauwesen und Industriemontage<\/p>\n<\/li>\n<li data-start=\"3055\" data-end=\"3091\">\n<p data-start=\"3057\" data-end=\"3091\">Lagerhaltung und Logistik<\/p>\n<\/li>\n<li data-start=\"3092\" data-end=\"3140\">\n<p data-start=\"3094\" data-end=\"3140\">Benutzer von Handwerkzeugen in Technik und Wartung<\/p>\n<\/li>\n<li data-start=\"3141\" data-end=\"3184\">\n<p data-start=\"3143\" data-end=\"3184\">Motorradwartung und Teilehandling<\/p>\n<\/li>\n<li data-start=\"3185\" data-end=\"3227\">\n<p data-start=\"3187\" data-end=\"3227\">PSA-Lieferanten und in der EU ans\u00e4ssige Gro\u00dfh\u00e4ndler<\/p>\n<\/li>\n<li data-start=\"3228\" data-end=\"3262\">\n<p data-start=\"3230\" data-end=\"3262\">Baum\u00e4rkte und Eisenwarengesch\u00e4fte<\/p>\n<\/li>\n<\/ul>\n<hr data-start=\"3264\" data-end=\"3267\" \/>\n<h3 data-start=\"3269\" data-end=\"3300\"><strong data-start=\"3273\" data-end=\"3298\">Zusammenfassung der Hauptmerkmale:<\/strong><\/h3>\n<ul data-start=\"3301\" data-end=\"3712\">\n<li data-start=\"3301\" data-end=\"3337\">\n<p data-start=\"3303\" data-end=\"3337\">Rot-schwarzes Design mit hoher Sichtbarkeit<\/p>\n<\/li>\n<li data-start=\"3338\" data-end=\"3380\">\n<p data-start=\"3340\" data-end=\"3380\">TPR-Schutz an Fingern und Kn\u00f6cheln<\/p>\n<\/li>\n<li data-start=\"3381\" data-end=\"3422\">\n<p data-start=\"3383\" data-end=\"3422\">Anti-Rutsch-Silikon bedruckte Handfl\u00e4chen<\/p>\n<\/li>\n<li data-start=\"3423\" data-end=\"3464\">\n<p data-start=\"3425\" data-end=\"3464\">Ergonomische Passform mit vorgekr\u00fcmmten Fingern<\/p>\n<\/li>\n<li data-start=\"3465\" data-end=\"3495\">\n<p data-start=\"3467\" data-end=\"3495\">Stretch-Manschette am Handgelenk<\/p>\n<\/li>\n<li data-start=\"3496\" data-end=\"3535\">\n<p data-start=\"3498\" data-end=\"3535\">Verst\u00e4rkte N\u00e4hte an Daumen und Handfl\u00e4che<\/p>\n<\/li>\n<li data-start=\"3536\" data-end=\"3572\">\n<p data-start=\"3538\" data-end=\"3572\">Leichte, atmungsaktive Materialien<\/p>\n<\/li>\n<li data-start=\"3573\" data-end=\"3612\">\n<p data-start=\"3575\" data-end=\"3612\">Entwickelt f\u00fcr Komfort und Haltbarkeit<\/p>\n<\/li>\n<li data-start=\"3613\" data-end=\"3661\">\n<p data-start=\"3615\" data-end=\"3661\">Ideal f\u00fcr den Vertrieb in Industrie und Einzelhandel<\/p>\n<\/li>\n<li data-start=\"3662\" data-end=\"3712\">\n<p data-start=\"3664\" data-end=\"3712\">CE-konforme Struktur f\u00fcr EU-Sicherheitsstandards<\/p>\n<\/li>\n<\/ul>","protected":false},"excerpt":{"rendered":"<p data-start=\"267\" data-end=\"694\">Die rot-schwarzen Mechanikerhandschuhe von RYINZ verbinden auff\u00e4lliges Design mit Sicherheit, Griffigkeit und Komfort. Diese Handschuhe verf\u00fcgen \u00fcber einen TPR-Fingerschutz, rutschfeste Silikonhandfl\u00e4chen und ergonomische N\u00e4hte, wodurch sie ideal f\u00fcr Techniker, Bauarbeiter, Industriearbeiter und Motorradwartung sind. Sie eignen sich perfekt f\u00fcr Gro\u00dfh\u00e4ndler und Einzelh\u00e4ndler f\u00fcr PSA-Ausr\u00fcstung, die nach haltbaren, gut sichtbaren Handschuhen suchen.<\/p>","protected":false},"featured_media":9306,"comment_status":"closed","ping_status":"closed","template":"","meta":[],"product_brand":[35],"product_cat":[1111,380,122,68],"product_tag":[404,405,406,407,408,409,410,411,412,413,121,414,48,415,416,417,418,419,420,421],"class_list":{"0":"post-9211","1":"product","2":"type-product","3":"status-publish","4":"has-post-thumbnail","6":"product_brand-ryinz","7":"product_cat-motorbike","8":"product_cat-motorbike-gloves","9":"product_cat-motorbike-racing-gloves","10":"product_cat-ryinz","11":"product_tag-all-black-gloves","12":"product_tag-biker-gloves","13":"product_tag-black-riding-gloves","14":"product_tag-carbon-shell-gloves","15":"product_tag-ce-certified-gloves","16":"product_tag-eu-biker-gloves","17":"product_tag-gloves-for-racing","18":"product_tag-goat-leather-gloves","19":"product_tag-hook-loop-gloves","20":"product_tag-leather-motorcycle-gloves","21":"product_tag-motorbike-gloves","22":"product_tag-neoprene-cuff-gloves","23":"product_tag-padded-palm-gloves","24":"product_tag-premium-biker-gloves","25":"product_tag-racing-hand-gear","26":"product_tag-riding-gloves","27":"product_tag-road-trip-gloves","28":"product_tag-ryinz-gloves","29":"product_tag-safety-motorcycle-gloves","30":"product_tag-street-rider-gloves","32":"first","33":"instock","34":"taxable","35":"shipping-taxable","36":"purchasable","37":"product-type-simple"},"_links":{"self":[{"href":"https:\/\/ryinz.cz\/velkoobchod\/de\/wp-json\/wp\/v2\/product\/9211","targetHints":{"allow":["GET"]}}],"collection":[{"href":"https:\/\/ryinz.cz\/velkoobchod\/de\/wp-json\/wp\/v2\/product"}],"about":[{"href":"https:\/\/ryinz.cz\/velkoobchod\/de\/wp-json\/wp\/v2\/types\/product"}],"replies":[{"embeddable":true,"href":"https:\/\/ryinz.cz\/velkoobchod\/de\/wp-json\/wp\/v2\/comments?post=9211"}],"wp:featuredmedia":[{"embeddable":true,"href":"https:\/\/ryinz.cz\/velkoobchod\/de\/wp-json\/wp\/v2\/media\/9306"}],"wp:attachment":[{"href":"https:\/\/ryinz.cz\/velkoobchod\/de\/wp-json\/wp\/v2\/media?parent=9211"}],"wp:term":[{"taxonomy":"product_brand","embeddable":true,"href":"https:\/\/ryinz.cz\/velkoobchod\/de\/wp-json\/wp\/v2\/product_brand?post=9211"},{"taxonomy":"product_cat","embeddable":true,"href":"https:\/\/ryinz.cz\/velkoobchod\/de\/wp-json\/wp\/v2\/product_cat?post=9211"},{"taxonomy":"product_tag","embeddable":true,"href":"https:\/\/ryinz.cz\/velkoobchod\/de\/wp-json\/wp\/v2\/product_tag?post=9211"}],"curies":[{"name":"wp","href":"https:\/\/api.w.org\/{rel}","templated":true}]}}