{"id":9210,"date":"2025-06-22T15:33:24","date_gmt":"2025-06-22T15:33:24","guid":{"rendered":"https:\/\/ryinz.cz\/velkoobchod\/?post_type=product&#038;p=9210"},"modified":"2026-01-18T20:18:30","modified_gmt":"2026-01-18T20:18:30","slug":"ryinz-mikrofaser-motorradhandschuhe-mit-touchscreen-index-knochel-rustung-verstellbaren-riemen-fur-den-einzelhandel-groshandel","status":"publish","type":"product","link":"https:\/\/ryinz.cz\/velkoobchod\/de\/product\/ryinz-microfiber-motorcycle-gloves-with-touchscreen-index-knuckle-armor-adjustable-strap-for-retail-wholesale\/","title":{"rendered":"RYINZ Motorradhandschuhe aus Mikrofaser mit Touchscreen-Index, Kn\u00f6chelschutz und verstellbarem Riemen f\u00fcr Einzelhandel und Gro\u00dfhandel"},"content":{"rendered":"<p data-start=\"751\" data-end=\"859\"><strong data-start=\"751\" data-end=\"859\">RYINZ GMTG-0301 Mikrofaser-Motorradhandschuhe - Touchscreen-geeigneter Schutz f\u00fcr Fahrer und EU-H\u00e4ndler<\/strong><\/p>\n<p data-start=\"861\" data-end=\"1254\">Egal, ob Sie auf den Stra\u00dfen der Stadt, auf langen Touren oder bei der Arbeit im Freien unterwegs sind, der <strong data-start=\"947\" data-end=\"973\">RYINZ GMTG-0301 Handschuhe<\/strong> bieten die perfekte Mischung aus intelligenter Funktionalit\u00e4t, Stil und Sicherheit. Diese Handschuhe bieten ganzt\u00e4gigen Tragekomfort mit flexiblen Materialien, sch\u00fctzenden Kn\u00f6chelpanzern und einer sicheren Passform - was sie zu einer beliebten Wahl f\u00fcr Motorradfahrer, Lieferdienste und B2B-H\u00e4ndler in ganz Europa macht.<\/p>\n<hr data-start=\"1256\" data-end=\"1259\" \/>\n<h3 data-start=\"1261\" data-end=\"1306\"><strong data-start=\"1265\" data-end=\"1304\">Smartphone Touchscreen Zeigefinger<\/strong><\/h3>\n<p data-start=\"1307\" data-end=\"1562\">Ziehen Sie Ihre Handschuhe f\u00fcr den mobilen Einsatz nie wieder aus - diese Handschuhe enthalten <strong data-start=\"1376\" data-end=\"1425\">Smartphone-Touch-Material am Zeigefinger<\/strong>, Damit k\u00f6nnen Sie Anrufe entgegennehmen, auf das GPS zugreifen oder w\u00e4hrend der Fahrt die Musik einstellen. Ein wichtiges Komfortmerkmal f\u00fcr Stadtfahrer und Zusteller.<\/p>\n<hr data-start=\"1564\" data-end=\"1567\" \/>\n<h3 data-start=\"1569\" data-end=\"1620\"><strong data-start=\"1573\" data-end=\"1618\">Handfl\u00e4che - Voll-Mikrofaser f\u00fcr Komfort und Griffigkeit<\/strong><\/h3>\n<p data-start=\"1621\" data-end=\"1894\">Die gesamte Handfl\u00e4che ist aus <strong data-start=\"1657\" data-end=\"1682\">Hochwertige Mikrofaser<\/strong>, und bietet eine weiche, griffige Oberfl\u00e4che mit verbesserter Haltbarkeit. Es passt sich der Hand f\u00fcr eine bessere Kontrolle an und bietet gleichzeitig eine m\u00e4\u00dfige Isolierung und hohe Verschlei\u00dffestigkeit, ideal f\u00fcr das Fahren bei wechselnden Wetterbedingungen.<\/p>\n<hr data-start=\"1896\" data-end=\"1899\" \/>\n<h3 data-start=\"1901\" data-end=\"1957\"><strong data-start=\"1905\" data-end=\"1955\">Material der Vorderseite - High-Tech-Mischgewebe-Design<\/strong><\/h3>\n<p data-start=\"1958\" data-end=\"2007\">Das \u00c4u\u00dfere des Handschuhs besteht aus einer Kombination von:<\/p>\n<ul data-start=\"2008\" data-end=\"2246\">\n<li data-start=\"2008\" data-end=\"2065\">\n<p data-start=\"2010\" data-end=\"2065\"><strong data-start=\"2010\" data-end=\"2039\">Gepr\u00e4gter Softshell-Stoff<\/strong> f\u00fcr Struktur und Stil<\/p>\n<\/li>\n<li data-start=\"2066\" data-end=\"2125\">\n<p data-start=\"2068\" data-end=\"2125\"><strong data-start=\"2068\" data-end=\"2093\">Perforierte Mikrofaser<\/strong> am B\u00fcndchen f\u00fcr Atmungsaktivit\u00e4t<\/p>\n<\/li>\n<li data-start=\"2126\" data-end=\"2185\">\n<p data-start=\"2128\" data-end=\"2185\"><strong data-start=\"2128\" data-end=\"2154\">Vier-Wege-Stretch-Zonen<\/strong> f\u00fcr Bewegung und Flexibilit\u00e4t<\/p>\n<\/li>\n<li data-start=\"2186\" data-end=\"2246\">\n<p data-start=\"2188\" data-end=\"2246\"><strong data-start=\"2188\" data-end=\"2224\">Logos auf Silikon und Aufkleber<\/strong> f\u00fcr Branding-Wirkung<\/p>\n<\/li>\n<\/ul>\n<p data-start=\"2248\" data-end=\"2382\">Dieser Multimaterialaufbau verleiht dem Handschuh ein professionelles Aussehen und sorgt gleichzeitig f\u00fcr ein geringes Gewicht und einen hohen Tragekomfort bei l\u00e4ngerem Tragen.<\/p>\n<hr data-start=\"2384\" data-end=\"2387\" \/>\n<h3 data-start=\"2389\" data-end=\"2439\"><strong data-start=\"2393\" data-end=\"2437\">Kn\u00f6chelschutz - Geformte Sicherheitsschale<\/strong><\/h3>\n<p data-start=\"2440\" data-end=\"2653\">Die geformte <strong data-start=\"2451\" data-end=\"2472\">Kn\u00f6chelprotektor<\/strong> ist in die Oberfl\u00e4che des Handschuhs eingebettet und bietet eine robuste Barriere gegen St\u00f6\u00dfe und Abrieb. Er hilft Fahrern, im Stra\u00dfenverkehr, im Gel\u00e4nde oder bei Notbremsungen sicher zu bleiben.<\/p>\n<hr data-start=\"2655\" data-end=\"2658\" \/>\n<h3 data-start=\"2660\" data-end=\"2723\"><strong data-start=\"2664\" data-end=\"2721\">Handgelenkriemen mit gewebtem G\u00fcrtel, Schnalle und Kordelstopper<\/strong><\/h3>\n<p data-start=\"2724\" data-end=\"3004\">Im Gegensatz zu einfachen Klettverschl\u00fcssen ist dieses Modell mit einem <strong data-start=\"2776\" data-end=\"2796\">gewebtes Band<\/strong> mit einer <strong data-start=\"2804\" data-end=\"2831\">Schnalle und Kordelstopper<\/strong> System. Dies bietet eine <strong data-start=\"2854\" data-end=\"2885\">sicherer und anpassbarer Sitz<\/strong>, Ideal f\u00fcr alle, die t\u00e4glich Handschuhe tragen oder bei vibrationsintensiven Aktivit\u00e4ten wie Reiten, Wandern oder Arbeiten mit Werkzeugen.<\/p>\n<hr data-start=\"3006\" data-end=\"3009\" \/>\n<h3 data-start=\"3011\" data-end=\"3063\"><strong data-start=\"3015\" data-end=\"3061\">Innen - Fleece-Trikot-Futter f\u00fcr W\u00e4rme<\/strong><\/h3>\n<p data-start=\"3064\" data-end=\"3249\">Im Inneren des Handschuhs befindet sich ein <strong data-start=\"3084\" data-end=\"3108\">Fleece-Trikot-Futter<\/strong> bietet weiche, isolierende W\u00e4rme, ohne aufzutragen. Sie sorgt f\u00fcr Komfort in den k\u00fchleren Monaten und reduziert die Schwei\u00dfbildung, sodass sie das ganze Jahr \u00fcber einsetzbar ist.<\/p>\n<hr data-start=\"3251\" data-end=\"3254\" \/>\n<h3 data-start=\"3256\" data-end=\"3285\"><strong data-start=\"3260\" data-end=\"3283\">Ideale Anwendungen:<\/strong><\/h3>\n<ul data-start=\"3286\" data-end=\"3556\">\n<li data-start=\"3286\" data-end=\"3319\">\n<p data-start=\"3288\" data-end=\"3319\">Motorrad- und Motorrollerfahrer<\/p>\n<\/li>\n<li data-start=\"3320\" data-end=\"3368\">\n<p data-start=\"3322\" data-end=\"3368\">Zustellungsfachleute (z. B. Lebensmittelkuriere)<\/p>\n<\/li>\n<li data-start=\"3369\" data-end=\"3407\">\n<p data-start=\"3371\" data-end=\"3407\">Urban- und Touring-Kollektionen<\/p>\n<\/li>\n<li data-start=\"3408\" data-end=\"3451\">\n<p data-start=\"3410\" data-end=\"3451\">Outdoor-Gebrauchshandschuhe f\u00fcr mildes Wetter<\/p>\n<\/li>\n<li data-start=\"3452\" data-end=\"3491\">\n<p data-start=\"3454\" data-end=\"3491\">Gro\u00dfh\u00e4ndler f\u00fcr PSA und Ausr\u00fcstung<\/p>\n<\/li>\n<li data-start=\"3492\" data-end=\"3556\">\n<p data-start=\"3494\" data-end=\"3556\">Handschuhmarken mit Eigenmarken, die Touchscreen-f\u00e4hige Optionen ben\u00f6tigen<\/p>\n<\/li>\n<\/ul>\n<hr data-start=\"3558\" data-end=\"3561\" \/>\n<h3 data-start=\"3563\" data-end=\"3592\"><strong data-start=\"3567\" data-end=\"3590\">Produkt-Highlights:<\/strong><\/h3>\n<ul data-start=\"3593\" data-end=\"4014\">\n<li data-start=\"3593\" data-end=\"3647\">\n<p data-start=\"3595\" data-end=\"3647\">Handfl\u00e4che aus Vollmikrofaser mit Touchscreen-Indexfinger<\/p>\n<\/li>\n<li data-start=\"3648\" data-end=\"3700\">\n<p data-start=\"3650\" data-end=\"3700\">Softshell &amp; Fourway-Gewebe au\u00dfen f\u00fcr Flexibilit\u00e4t<\/p>\n<\/li>\n<li data-start=\"3701\" data-end=\"3743\">\n<p data-start=\"3703\" data-end=\"3743\">Silikon-Branding und gepr\u00e4gte Akzente<\/p>\n<\/li>\n<li data-start=\"3744\" data-end=\"3779\">\n<p data-start=\"3746\" data-end=\"3779\">Geformte Kn\u00f6chelpanzerung f\u00fcr Sicherheit<\/p>\n<\/li>\n<li data-start=\"3780\" data-end=\"3822\">\n<p data-start=\"3782\" data-end=\"3822\">Atmungsaktive, perforierte Manschette f\u00fcr Luftzirkulation<\/p>\n<\/li>\n<li data-start=\"3823\" data-end=\"3859\">\n<p data-start=\"3825\" data-end=\"3859\">Trikot-Fleece-Futter f\u00fcr mehr Komfort<\/p>\n<\/li>\n<li data-start=\"3860\" data-end=\"3910\">\n<p data-start=\"3862\" data-end=\"3910\">Verstellbarer gewebter Riemen mit Schnalle und Stopper<\/p>\n<\/li>\n<li data-start=\"3911\" data-end=\"3967\">\n<p data-start=\"3913\" data-end=\"3967\">Stilvolle braun-schwarze Farbgebung mit RYINZ-Branding<\/p>\n<\/li>\n<li data-start=\"3968\" data-end=\"4014\">\n<p data-start=\"3970\" data-end=\"4014\">CE-gerechte Konstruktion f\u00fcr europ\u00e4ische M\u00e4rkte<\/p>\n<\/li>\n<\/ul>","protected":false},"excerpt":{"rendered":"<p>Die Mikrofaser-Motorradhandschuhe von RYINZ bieten eine innovative Mischung aus Touchscreen-Kompatibilit\u00e4t, geformtem Kn\u00f6chelschutz und einer hochwertigen Mischung aus Softshell-, Fleece- und silikonverst\u00e4rkten Materialien. Diese Handschuhe wurden f\u00fcr Komfort, Kontrolle und Schutz entwickelt und sind ideal f\u00fcr Motorradfahrer, Lieferpersonal und Ausr\u00fcster, die einen stylischen, atmungsaktiven und CE-konformen Handschutz suchen.<\/p>","protected":false},"featured_media":9338,"comment_status":"closed","ping_status":"closed","template":"","meta":[],"product_brand":[35],"product_cat":[1111,380,122,68],"product_tag":[404,405,406,407,408,409,410,411,412,413,121,414,48,415,416,417,418,419,420,421],"class_list":{"0":"post-9210","1":"product","2":"type-product","3":"status-publish","4":"has-post-thumbnail","6":"product_brand-ryinz","7":"product_cat-motorbike","8":"product_cat-motorbike-gloves","9":"product_cat-motorbike-racing-gloves","10":"product_cat-ryinz","11":"product_tag-all-black-gloves","12":"product_tag-biker-gloves","13":"product_tag-black-riding-gloves","14":"product_tag-carbon-shell-gloves","15":"product_tag-ce-certified-gloves","16":"product_tag-eu-biker-gloves","17":"product_tag-gloves-for-racing","18":"product_tag-goat-leather-gloves","19":"product_tag-hook-loop-gloves","20":"product_tag-leather-motorcycle-gloves","21":"product_tag-motorbike-gloves","22":"product_tag-neoprene-cuff-gloves","23":"product_tag-padded-palm-gloves","24":"product_tag-premium-biker-gloves","25":"product_tag-racing-hand-gear","26":"product_tag-riding-gloves","27":"product_tag-road-trip-gloves","28":"product_tag-ryinz-gloves","29":"product_tag-safety-motorcycle-gloves","30":"product_tag-street-rider-gloves","32":"first","33":"instock","34":"taxable","35":"shipping-taxable","36":"purchasable","37":"product-type-simple"},"_links":{"self":[{"href":"https:\/\/ryinz.cz\/velkoobchod\/de\/wp-json\/wp\/v2\/product\/9210","targetHints":{"allow":["GET"]}}],"collection":[{"href":"https:\/\/ryinz.cz\/velkoobchod\/de\/wp-json\/wp\/v2\/product"}],"about":[{"href":"https:\/\/ryinz.cz\/velkoobchod\/de\/wp-json\/wp\/v2\/types\/product"}],"replies":[{"embeddable":true,"href":"https:\/\/ryinz.cz\/velkoobchod\/de\/wp-json\/wp\/v2\/comments?post=9210"}],"wp:featuredmedia":[{"embeddable":true,"href":"https:\/\/ryinz.cz\/velkoobchod\/de\/wp-json\/wp\/v2\/media\/9338"}],"wp:attachment":[{"href":"https:\/\/ryinz.cz\/velkoobchod\/de\/wp-json\/wp\/v2\/media?parent=9210"}],"wp:term":[{"taxonomy":"product_brand","embeddable":true,"href":"https:\/\/ryinz.cz\/velkoobchod\/de\/wp-json\/wp\/v2\/product_brand?post=9210"},{"taxonomy":"product_cat","embeddable":true,"href":"https:\/\/ryinz.cz\/velkoobchod\/de\/wp-json\/wp\/v2\/product_cat?post=9210"},{"taxonomy":"product_tag","embeddable":true,"href":"https:\/\/ryinz.cz\/velkoobchod\/de\/wp-json\/wp\/v2\/product_tag?post=9210"}],"curies":[{"name":"wp","href":"https:\/\/api.w.org\/{rel}","templated":true}]}}