{"id":9209,"date":"2025-06-22T15:33:23","date_gmt":"2025-06-22T15:33:23","guid":{"rendered":"https:\/\/ryinz.cz\/velkoobchod\/?post_type=product&#038;p=9209"},"modified":"2026-01-18T20:18:29","modified_gmt":"2026-01-18T20:18:29","slug":"ryinz-gepanzerte-ziegenleder-motorradhandschuhe-fur-den-groshandel-mit-knochelschutz-aus-tpu-und-gepragtem-griffbild","status":"publish","type":"product","link":"https:\/\/ryinz.cz\/velkoobchod\/de\/product\/ryinz-armored-goatskin-motorcycle-gloves-for-wholesale-retail-with-tpu-knuckle-protection-and-embossed-grip-copy\/","title":{"rendered":"RYINZ Armored GoatSkin Motorradhandschuhe f\u00fcr Gro\u00df- und Einzelhandel mit TPU Kn\u00f6chelschutz und gepr\u00e4gtem Griff (Kopie)"},"content":{"rendered":"<p data-start=\"738\" data-end=\"835\"><strong data-start=\"738\" data-end=\"835\">RYINZ MBWG 9999-0128 Premium-Motorradhandschuhe - Sicherheit bei hohen Geschwindigkeiten in kr\u00e4ftigem Blau-Wei\u00df-Styling<\/strong><\/p>\n<p data-start=\"837\" data-end=\"1191\">F\u00fcr au\u00dfergew\u00f6hnliche Kontrolle, Schutz und \u00e4sthetisches Flair entwickelt, bietet die <strong data-start=\"915\" data-end=\"953\">RYINZ MBWG 9999-0128 Rennhandschuhe<\/strong> wurden f\u00fcr ernsthafte Motorradfahrer und professionelle Ausr\u00fcster entwickelt. Ob auf der Rennstrecke, im Stadtverkehr oder auf kurvenreichen Stra\u00dfen - diese Handschuhe erf\u00fcllen die europ\u00e4ischen Sicherheitsstandards und zeichnen sich durch ein vom Rennsport inspiriertes Design aus.<\/p>\n<p data-start=\"1193\" data-end=\"1339\">Diese Handschuhe eignen sich perfekt f\u00fcr Motorradh\u00e4ndler, B2B-Vertriebspartner und Sportausr\u00fcstungskollektionen und vereinen Sicherheitstechnik mit ansprechendem Design.<\/p>\n<hr data-start=\"1341\" data-end=\"1344\" \/>\n<h3 data-start=\"1346\" data-end=\"1404\"><strong data-start=\"1350\" data-end=\"1402\">R\u00fccken aus Twill-Material mit Ziegenleder-Verst\u00e4rkungen<\/strong><\/h3>\n<p data-start=\"1405\" data-end=\"1685\">Das Obermaterial des Handschuhs ist aus atmungsaktivem <strong data-start=\"1455\" data-end=\"1471\">Twill-Gewebe<\/strong>, verst\u00e4rkt mit <strong data-start=\"1489\" data-end=\"1517\">GoatSkin Lederflicken<\/strong> auf den Fingerr\u00fcckseiten f\u00fcr verbesserte Haltbarkeit und Flexibilit\u00e4t. Dadurch wird sichergestellt, dass sich Ihre Hand nat\u00fcrlich bewegt, w\u00e4hrend der strukturelle Schutz bei Druck oder Aufprall erhalten bleibt.<\/p>\n<hr data-start=\"1687\" data-end=\"1690\" \/>\n<h3 data-start=\"1692\" data-end=\"1755\"><strong data-start=\"1696\" data-end=\"1753\">EVA-Gummi + TPU Kn\u00f6chelpanzer f\u00fcr maximalen Schutz<\/strong><\/h3>\n<p data-start=\"1756\" data-end=\"2047\">Schutzzonen bieten sowohl <strong data-start=\"1786\" data-end=\"1808\">EVA-Gummipolsterung<\/strong> und eine <strong data-start=\"1815\" data-end=\"1840\">TPU Kn\u00f6chelprotektor<\/strong> Schale - bietet mehrschichtigen Schutz gegen direkte Schl\u00e4ge, Stra\u00dfenabrieb und St\u00fcrze mit hoher Geschwindigkeit. Die \u00e4u\u00dfere TPU-Panzerung ist sehr sto\u00dffest, w\u00e4hrend die EVA-Eins\u00e4tze St\u00f6\u00dfe an den Fingern und Manschetten abfedern.<\/p>\n<hr data-start=\"2049\" data-end=\"2052\" \/>\n<h3 data-start=\"2054\" data-end=\"2102\"><strong data-start=\"2058\" data-end=\"2100\">GoatSkin Handfl\u00e4che mit gepr\u00e4gten Griffzonen<\/strong><\/h3>\n<p data-start=\"2103\" data-end=\"2405\">Die <strong data-start=\"2107\" data-end=\"2132\">Handfl\u00e4che aus GoatSkin-Leder<\/strong> ist weich und dennoch robust und bietet eine nat\u00fcrliche Griffigkeit. Strategische <strong data-start=\"2196\" data-end=\"2219\">gepr\u00e4gte Griffzonen<\/strong> bieten auch bei N\u00e4sse rutschfesten Halt. Verst\u00e4rkte N\u00e4hte und zus\u00e4tzliche Schaumstoffschichten sorgen f\u00fcr Vibrationsd\u00e4mpfung, sodass der Fahrer lange Fahrten ohne Beschwerden durchhalten kann.<\/p>\n<hr data-start=\"2407\" data-end=\"2410\" \/>\n<h3 data-start=\"2412\" data-end=\"2456\"><strong data-start=\"2416\" data-end=\"2454\">Blau-wei\u00dfe \u00c4sthetik mit hohem Kontrast<\/strong><\/h3>\n<p data-start=\"2457\" data-end=\"2711\">Heben Sie sich mit dem <strong data-start=\"2476\" data-end=\"2519\">kr\u00e4ftige blau-wei\u00df-schwarze Dreifarbenlackierung<\/strong>, Sie sind nicht nur optisch ansprechend, sondern sorgen auch f\u00fcr eine bessere Sichtbarkeit bei Tag. Die kontrastierenden Farben helfen den Einzelh\u00e4ndlern auch dabei, ein visuell einzigartiges Angebot unter den standardm\u00e4\u00dfigen komplett schwarzen Handschuhsortimenten zu pr\u00e4sentieren.<\/p>\n<hr data-start=\"2713\" data-end=\"2716\" \/>\n<h3 data-start=\"2718\" data-end=\"2779\"><strong data-start=\"2722\" data-end=\"2777\">Gepr\u00e4gtes RYINZ Branding + verstellbarer Klettverschluss<\/strong><\/h3>\n<p data-start=\"2780\" data-end=\"3017\">Mit <strong data-start=\"2785\" data-end=\"2812\">gepr\u00e4gter RYINZ-Schriftzug<\/strong> auf der Manschette und integriert <strong data-start=\"2840\" data-end=\"2856\">Klettband<\/strong>, Der Handschuh bietet eine schlanke und sichere Passform am Handgelenk. Ob innen oder \u00fcber den Jacken\u00e4rmeln getragen, das Verschlusssystem sorgt f\u00fcr Winddichtigkeit und einfache Verstellbarkeit.<\/p>\n<hr data-start=\"3019\" data-end=\"3022\" \/>\n<h3 data-start=\"3024\" data-end=\"3064\"><strong data-start=\"3028\" data-end=\"3062\">Zertifiziert f\u00fcr EU-Reitersicherheit<\/strong><\/h3>\n<p data-start=\"3065\" data-end=\"3300\">Vollst\u00e4ndig konform mit <strong data-start=\"3086\" data-end=\"3110\">EN420 &amp; EN13594:2015<\/strong> Dieses Modell ist nach den europ\u00e4ischen Normen f\u00fcr Motorradschutzhandschuhe f\u00fcr den Stra\u00dfenverkehr zugelassen und erf\u00fcllt die Qualit\u00e4tsanforderungen, die f\u00fcr den B2B-Vertrieb und die Kollektionen professioneller Reitausr\u00fcstungen gelten.<\/p>\n<hr data-start=\"3302\" data-end=\"3305\" \/>\n<h3 data-start=\"3307\" data-end=\"3336\"><strong data-start=\"3311\" data-end=\"3334\">Ideale Anwendungen:<\/strong><\/h3>\n<ul data-start=\"3337\" data-end=\"3567\">\n<li data-start=\"3337\" data-end=\"3371\">\n<p data-start=\"3339\" data-end=\"3371\">Hochleistung auf der Stra\u00dfe<\/p>\n<\/li>\n<li data-start=\"3372\" data-end=\"3405\">\n<p data-start=\"3374\" data-end=\"3405\">Motorradrennen und Tourenfahrten<\/p>\n<\/li>\n<li data-start=\"3406\" data-end=\"3447\">\n<p data-start=\"3408\" data-end=\"3447\">Marken-Kollektionen zur Motorradsicherheit<\/p>\n<\/li>\n<li data-start=\"3448\" data-end=\"3489\">\n<p data-start=\"3450\" data-end=\"3489\">B2B-Einzelhandelsangebot auf den europ\u00e4ischen M\u00e4rkten<\/p>\n<\/li>\n<li data-start=\"3490\" data-end=\"3526\">\n<p data-start=\"3492\" data-end=\"3526\">Private-Label-OEM-Handschuhprogramme<\/p>\n<\/li>\n<li data-start=\"3527\" data-end=\"3567\">\n<p data-start=\"3529\" data-end=\"3567\">Gro\u00dfh\u00e4ndler f\u00fcr Motorradbekleidung<\/p>\n<\/li>\n<\/ul>\n<hr data-start=\"3569\" data-end=\"3572\" \/>\n<h3 data-start=\"3574\" data-end=\"3605\"><strong data-start=\"3578\" data-end=\"3603\">Zusammenfassung der Hauptmerkmale:<\/strong><\/h3>\n<ul data-start=\"3606\" data-end=\"3994\">\n<li data-start=\"3606\" data-end=\"3664\">\n<p data-start=\"3608\" data-end=\"3664\">R\u00fccken aus Twill-Gewebe mit Verst\u00e4rkungen aus GoatSkin-Leder<\/p>\n<\/li>\n<li data-start=\"3665\" data-end=\"3700\">\n<p data-start=\"3667\" data-end=\"3700\">EVA-Polsterung an Fingern und Manschette<\/p>\n<\/li>\n<li data-start=\"3701\" data-end=\"3748\">\n<p data-start=\"3703\" data-end=\"3748\">TPU Kn\u00f6chelprotektor f\u00fcr Schlagfestigkeit<\/p>\n<\/li>\n<li data-start=\"3749\" data-end=\"3797\">\n<p data-start=\"3751\" data-end=\"3797\">Handfl\u00e4che aus Ziegenleder mit schaumstoffgepolstertem, gepr\u00e4gtem Griff<\/p>\n<\/li>\n<li data-start=\"3798\" data-end=\"3841\">\n<p data-start=\"3800\" data-end=\"3841\">Kr\u00e4ftige blau-wei\u00df-schwarze Farbkombination<\/p>\n<\/li>\n<li data-start=\"3842\" data-end=\"3893\">\n<p data-start=\"3844\" data-end=\"3893\">Klettverschluss am Handgelenk mit gepr\u00e4gtem RYINZ-Branding<\/p>\n<\/li>\n<li data-start=\"3894\" data-end=\"3939\">\n<p data-start=\"3896\" data-end=\"3939\">Leicht, atmungsaktiv und CE-zertifiziert<\/p>\n<\/li>\n<li data-start=\"3940\" data-end=\"3994\">\n<p data-start=\"3942\" data-end=\"3994\">Ideal f\u00fcr hei\u00dfes Wetter, den Einsatz auf der Rennstrecke und im Stadtverkehr<\/p>\n<\/li>\n<\/ul>","protected":false},"excerpt":{"rendered":"<p>Erleben Sie Spitzenleistung und Stil mit den blau-wei\u00dfen Rennhandschuhen von RYINZ, die aus hochwertigem GoatSkin-Leder mit TPU-Kn\u00f6chelverst\u00e4rkung, EVA-Gummipolsterung und schaumstoffverst\u00e4rkten Handfl\u00e4chen gefertigt sind. Diese CE-zertifizierten Handschuhe bieten professionelle Sicherheit, Flexibilit\u00e4t und Griffigkeit f\u00fcr aggressive Fahrer, Tourenfahrer und Gro\u00dfabnehmer, die einen gut sichtbaren, leistungsstarken Motorradschutz suchen.<\/p>","protected":false},"featured_media":9305,"comment_status":"closed","ping_status":"closed","template":"","meta":[],"product_brand":[35],"product_cat":[1111,380,122,68],"product_tag":[404,405,406,407,408,409,410,411,412,413,121,414,48,415,416,417,418,419,420,421],"class_list":{"0":"post-9209","1":"product","2":"type-product","3":"status-publish","4":"has-post-thumbnail","6":"product_brand-ryinz","7":"product_cat-motorbike","8":"product_cat-motorbike-gloves","9":"product_cat-motorbike-racing-gloves","10":"product_cat-ryinz","11":"product_tag-all-black-gloves","12":"product_tag-biker-gloves","13":"product_tag-black-riding-gloves","14":"product_tag-carbon-shell-gloves","15":"product_tag-ce-certified-gloves","16":"product_tag-eu-biker-gloves","17":"product_tag-gloves-for-racing","18":"product_tag-goat-leather-gloves","19":"product_tag-hook-loop-gloves","20":"product_tag-leather-motorcycle-gloves","21":"product_tag-motorbike-gloves","22":"product_tag-neoprene-cuff-gloves","23":"product_tag-padded-palm-gloves","24":"product_tag-premium-biker-gloves","25":"product_tag-racing-hand-gear","26":"product_tag-riding-gloves","27":"product_tag-road-trip-gloves","28":"product_tag-ryinz-gloves","29":"product_tag-safety-motorcycle-gloves","30":"product_tag-street-rider-gloves","32":"first","33":"instock","34":"taxable","35":"shipping-taxable","36":"purchasable","37":"product-type-simple"},"_links":{"self":[{"href":"https:\/\/ryinz.cz\/velkoobchod\/de\/wp-json\/wp\/v2\/product\/9209","targetHints":{"allow":["GET"]}}],"collection":[{"href":"https:\/\/ryinz.cz\/velkoobchod\/de\/wp-json\/wp\/v2\/product"}],"about":[{"href":"https:\/\/ryinz.cz\/velkoobchod\/de\/wp-json\/wp\/v2\/types\/product"}],"replies":[{"embeddable":true,"href":"https:\/\/ryinz.cz\/velkoobchod\/de\/wp-json\/wp\/v2\/comments?post=9209"}],"wp:featuredmedia":[{"embeddable":true,"href":"https:\/\/ryinz.cz\/velkoobchod\/de\/wp-json\/wp\/v2\/media\/9305"}],"wp:attachment":[{"href":"https:\/\/ryinz.cz\/velkoobchod\/de\/wp-json\/wp\/v2\/media?parent=9209"}],"wp:term":[{"taxonomy":"product_brand","embeddable":true,"href":"https:\/\/ryinz.cz\/velkoobchod\/de\/wp-json\/wp\/v2\/product_brand?post=9209"},{"taxonomy":"product_cat","embeddable":true,"href":"https:\/\/ryinz.cz\/velkoobchod\/de\/wp-json\/wp\/v2\/product_cat?post=9209"},{"taxonomy":"product_tag","embeddable":true,"href":"https:\/\/ryinz.cz\/velkoobchod\/de\/wp-json\/wp\/v2\/product_tag?post=9209"}],"curies":[{"name":"wp","href":"https:\/\/api.w.org\/{rel}","templated":true}]}}