{"id":9208,"date":"2025-06-22T15:33:22","date_gmt":"2025-06-22T15:33:22","guid":{"rendered":"https:\/\/ryinz.cz\/velkoobchod\/?post_type=product&#038;p=9208"},"modified":"2026-01-18T20:18:28","modified_gmt":"2026-01-18T20:18:28","slug":"ryinz-gepanzerte-ziegenleder-motorradhandschuhe-fur-den-groshandel-mit-knochelschutz-aus-tpu-und-gepragtem-griff","status":"publish","type":"product","link":"https:\/\/ryinz.cz\/velkoobchod\/de\/product\/ryinz-armored-goatskin-motorcycle-gloves-for-wholesale-retail-with-tpu-knuckle-protection-and-embossed-grip\/","title":{"rendered":"RYINZ Armored GoatSkin Motorradhandschuhe f\u00fcr Gro\u00df- und Einzelhandel mit TPU Kn\u00f6chelschutz und gepr\u00e4gtem Griff"},"content":{"rendered":"<p data-start=\"814\" data-end=\"924\"><strong data-start=\"814\" data-end=\"924\">RYINZ MBWG 9999-0129 Motorradhandschuhe - Gebaut f\u00fcr Pr\u00e4zision, St\u00e4rke und europ\u00e4ische Verkehrssicherheitsstandards<\/strong><\/p>\n<p data-start=\"926\" data-end=\"1400\">Der auf Sicherheit, Stil und \u00fcberragenden Komfort ausgelegte <strong data-start=\"982\" data-end=\"1024\">RYINZ MBWG 9999-0129 Motorradhandschuhe<\/strong> sind der perfekte Begleiter f\u00fcr Fahrer, die mehr als nur Schutz verlangen. Dieser Handschuh wurde mit professionellen Materialien und verst\u00e4rkten Technologien entwickelt und eignet sich f\u00fcr aggressives Fahren auf der Stra\u00dfe, t\u00e4gliches Pendeln und Touren. Ob Sie nun ein Einzelh\u00e4ndler, eine Motorradbekleidungsmarke oder ein Gro\u00dfabnehmer f\u00fcr einen Motorradclub sind, dieses Modell ist eine ideale Erg\u00e4nzung f\u00fcr jedes Handschuhsortiment.<\/p>\n<hr data-start=\"1402\" data-end=\"1405\" \/>\n<h3 data-start=\"1407\" data-end=\"1466\"><strong data-start=\"1411\" data-end=\"1466\">TPU Knuckle Armor - Fl\u00e4chendeckender Aufprallschutz<\/strong><\/h3>\n<p data-start=\"1467\" data-end=\"1783\">Diese Handschuhe haben ein <strong data-start=\"1490\" data-end=\"1512\">TPU Kn\u00f6chelschutz<\/strong>, Sie bieten einen soliden Schutz gegen Aufprall und Abrieb bei St\u00fcrzen oder Handkontakt. Mit ihrem aerodynamischen, schalenartigen Design helfen diese Schutzvorrichtungen, Druck zu absorbieren und bieten gleichzeitig eine renntaugliche Optik. Flexibel genug, um sich zu bewegen, und dennoch robust gegen \u00e4u\u00dfere Kr\u00e4fte.<\/p>\n<hr data-start=\"1785\" data-end=\"1788\" \/>\n<h3 data-start=\"1790\" data-end=\"1840\"><strong data-start=\"1794\" data-end=\"1840\">GoatSkin Leder - Handfl\u00e4che und Verst\u00e4rkungen<\/strong><\/h3>\n<p data-start=\"1841\" data-end=\"2247\">Gefertigt mit <strong data-start=\"1854\" data-end=\"1874\">Ziegenleder<\/strong> in der Handfl\u00e4che und den Verst\u00e4rkungszonen bietet dieser Handschuh eine hervorragende Abriebfestigkeit, ohne die Flexibilit\u00e4t zu beeintr\u00e4chtigen. Der <strong data-start=\"2004\" data-end=\"2038\">Handfl\u00e4che aus gepr\u00e4gtem Leder<\/strong>, Das Leder verbessert die Griffigkeit unter allen Wetterbedingungen, insbesondere bei der Bedienung von Bremsen und Kupplungen. Das Leder ist weich genug, um der Hand Flexibilit\u00e4t zu verleihen, und gleichzeitig robust genug, um auch bei langfristigem Gebrauch zu halten.<\/p>\n<hr data-start=\"2249\" data-end=\"2252\" \/>\n<h3 data-start=\"2254\" data-end=\"2303\"><strong data-start=\"2258\" data-end=\"2303\">EVA-Gummischutz - R\u00fccken- und Manschettenzonen<\/strong><\/h3>\n<p data-start=\"2304\" data-end=\"2641\">Die EVA-Gummipuffer sind in die <strong data-start=\"2342\" data-end=\"2368\">Fingerr\u00fccken und Manschetten<\/strong>, die bei einem pl\u00f6tzlichen Aufprall als Sto\u00dfd\u00e4mpfer wirken. Diese weiche Dichte Gummi reduziert die Wirkung von externen Vibrationen und bietet eine leichte Schicht der zus\u00e4tzlichen Sicherheit. Diese Pads arbeiten zusammen mit TPU R\u00fcstung, um den Handschuh ideal sowohl f\u00fcr schnelle Fahrt und Verkehr Navigation zu machen.<\/p>\n<hr data-start=\"2643\" data-end=\"2646\" \/>\n<h3 data-start=\"2648\" data-end=\"2691\"><strong data-start=\"2652\" data-end=\"2691\">Schaumstoff-Polsterung + gepr\u00e4gte Grifffl\u00e4che<\/strong><\/h3>\n<p data-start=\"2692\" data-end=\"3002\">Zus\u00e4tzliche <strong data-start=\"2703\" data-end=\"2719\">Schaumstoffpolsterung<\/strong> unter dem Leder bietet eine subtile Sto\u00dfd\u00e4mpfung, und die <strong data-start=\"2780\" data-end=\"2806\">Palmen-Pr\u00e4gemuster<\/strong> verbessert die Traktion und Kontrolle und gibt dem Fahrer ein besseres Gef\u00fchl und Handling ohne zu rutschen. Die Kombination dieser Elemente erm\u00f6glicht volle Funktionalit\u00e4t auch bei langen Fahrten oder bei N\u00e4sse.<\/p>\n<hr data-start=\"3004\" data-end=\"3007\" \/>\n<h3 data-start=\"3009\" data-end=\"3059\"><strong data-start=\"3013\" data-end=\"3059\">R\u00fcckseite aus Twill-Gewebe - atmungsaktiv und strapazierf\u00e4hig<\/strong><\/h3>\n<p data-start=\"3060\" data-end=\"3334\">Die <strong data-start=\"3064\" data-end=\"3092\">R\u00fcckwand aus Twill-Textil<\/strong> bietet Dehnbarkeit und Luftzirkulation, ohne die Festigkeit zu beeintr\u00e4chtigen. Es erm\u00f6glicht nat\u00fcrliche Handbewegungen und Flexibilit\u00e4t, reduziert Schwei\u00df und verbessert die Temperaturregulierung der Hand. Dies macht den Handschuh auch in w\u00e4rmeren Jahreszeiten oder bei Langstreckenfahrten tragbar.<\/p>\n<hr data-start=\"3336\" data-end=\"3339\" \/>\n<h3 data-start=\"3341\" data-end=\"3376\"><strong data-start=\"3345\" data-end=\"3376\">Klettverschlussmanschette mit sicherem Sitz<\/strong><\/h3>\n<p data-start=\"3377\" data-end=\"3595\">A <strong data-start=\"3379\" data-end=\"3411\">GoatSkin Leder Klettverschluss Manschette<\/strong> umschlie\u00dft das Handgelenk und fixiert den Handschuh an seinem Platz. Ob \u00fcber oder unter einer Jacke getragen, die verstellbare Stulpe bietet dem Fahrer eine individuelle Passform und Windschutz bei hohen Geschwindigkeiten.<\/p>\n<hr data-start=\"3597\" data-end=\"3600\" \/>\n<h3 data-start=\"3602\" data-end=\"3653\"><strong data-start=\"3606\" data-end=\"3653\">Zertifiziert nach den Normen EN420 und EN13594:2015<\/strong><\/h3>\n<p data-start=\"3654\" data-end=\"3852\">Dieser Handschuh erf\u00fcllt folgende Anforderungen <strong data-start=\"3679\" data-end=\"3711\">Europ\u00e4ische CE-Sicherheitsnormen<\/strong> f\u00fcr Motorradhandschuhe, einschlie\u00dflich Abrieb-, Rei\u00df- und Kn\u00f6chelschutz, um sicherzustellen, dass er in allen EU-L\u00e4ndern gesetzlich zugelassen und f\u00fcr den Stra\u00dfenverkehr geeignet ist.<\/p>\n<hr data-start=\"3854\" data-end=\"3857\" \/>\n<h3 data-start=\"3859\" data-end=\"3884\"><strong data-start=\"3863\" data-end=\"3882\">Beste Anwendungsf\u00e4lle:<\/strong><\/h3>\n<ul data-start=\"3885\" data-end=\"4155\">\n<li data-start=\"3885\" data-end=\"3927\">\n<p data-start=\"3887\" data-end=\"3927\">Motorradtouren und Pendeln in der Stadt<\/p>\n<\/li>\n<li data-start=\"3928\" data-end=\"3960\">\n<p data-start=\"3930\" data-end=\"3960\">Rennsport oder Leistungssport<\/p>\n<\/li>\n<li data-start=\"3961\" data-end=\"4001\">\n<p data-start=\"3963\" data-end=\"4001\">OEM- und Markenprogramme f\u00fcr Sicherheitsausr\u00fcstung<\/p>\n<\/li>\n<li data-start=\"4002\" data-end=\"4047\">\n<p data-start=\"4004\" data-end=\"4047\">Wiederverk\u00e4ufer von CE-konformen Motorradprodukten<\/p>\n<\/li>\n<li data-start=\"4048\" data-end=\"4080\">\n<p data-start=\"4050\" data-end=\"4080\">Online-Marktpl\u00e4tze f\u00fcr B2B-Getriebe<\/p>\n<\/li>\n<li data-start=\"4081\" data-end=\"4115\">\n<p data-start=\"4083\" data-end=\"4115\">Reiten in der kalten bis m\u00e4\u00dfigen Jahreszeit<\/p>\n<\/li>\n<li data-start=\"4116\" data-end=\"4155\">\n<p data-start=\"4118\" data-end=\"4155\">Auslieferungsfahrer oder Flottenausstatter<\/p>\n<\/li>\n<\/ul>\n<hr data-start=\"4157\" data-end=\"4160\" \/>\n<h3 data-start=\"4162\" data-end=\"4188\"><strong data-start=\"4166\" data-end=\"4186\">Zusammenfassung der Merkmale:<\/strong><\/h3>\n<ul data-start=\"4189\" data-end=\"4616\">\n<li data-start=\"4189\" data-end=\"4230\">\n<p data-start=\"4191\" data-end=\"4230\">R\u00fcckseite aus Twill-Material f\u00fcr Atmungsaktivit\u00e4t<\/p>\n<\/li>\n<li data-start=\"4231\" data-end=\"4275\">\n<p data-start=\"4233\" data-end=\"4275\">Handfl\u00e4che aus GoatSkin-Leder mit gepr\u00e4gtem Griff<\/p>\n<\/li>\n<li data-start=\"4276\" data-end=\"4316\">\n<p data-start=\"4278\" data-end=\"4316\">TPU Kn\u00f6chelpanzer f\u00fcr Aufprallschutz<\/p>\n<\/li>\n<li data-start=\"4317\" data-end=\"4359\">\n<p data-start=\"4319\" data-end=\"4359\">EVA-Gummipolsterung an Fingern und Manschette<\/p>\n<\/li>\n<li data-start=\"4360\" data-end=\"4395\">\n<p data-start=\"4362\" data-end=\"4395\">Schaumstoffverst\u00e4rkte innere Struktur<\/p>\n<\/li>\n<li data-start=\"4396\" data-end=\"4436\">\n<p data-start=\"4398\" data-end=\"4436\">CE-zertifiziert nach EN420 &amp; EN13594:2015<\/p>\n<\/li>\n<li data-start=\"4437\" data-end=\"4483\">\n<p data-start=\"4439\" data-end=\"4483\">Langlebige N\u00e4hte und Verschlei\u00dffestigkeit<\/p>\n<\/li>\n<li data-start=\"4484\" data-end=\"4522\">\n<p data-start=\"4486\" data-end=\"4522\">Klettverschluss-System f\u00fcr das Handgelenk<\/p>\n<\/li>\n<li data-start=\"4523\" data-end=\"4567\">\n<p data-start=\"4525\" data-end=\"4567\">Gepr\u00e4gtes Branding mit verdunkeltem Stil<\/p>\n<\/li>\n<li data-start=\"4568\" data-end=\"4616\">\n<p data-start=\"4570\" data-end=\"4616\">Ideal f\u00fcr Hochgeschwindigkeits-, Stadt- und Tourenfahrten<\/p>\n<\/li>\n<\/ul>","protected":false},"excerpt":{"rendered":"<p>Entdecken Sie un\u00fcbertroffene Strapazierf\u00e4higkeit und Komfort mit den gepanzerten Motorradhandschuhen von RYINZ, die aus GoatSkin-Leder, TPU-Kn\u00f6chelschilden, EVA-Gummiverst\u00e4rkungen und einer Twill-R\u00fcckenschale gefertigt sind. Diese Handschuhe kombinieren schaumstoffgepolsterten Schutz, gepr\u00e4gten Handfl\u00e4chengriff und CE-konforme Eigenschaften, was sie ideal f\u00fcr Motorradh\u00e4ndler, Gro\u00dfabnehmer und professionelle Fahrer macht. Diese in ganz Europa bew\u00e4hrten Handschuhe sind auf Leistung, Schutz und langfristigen Komfort ausgelegt.<\/p>","protected":false},"featured_media":9304,"comment_status":"closed","ping_status":"closed","template":"","meta":[],"product_brand":[35],"product_cat":[1111,380,122,68],"product_tag":[404,405,406,407,408,409,410,411,412,413,121,414,48,415,416,417,418,419,420,421],"class_list":{"0":"post-9208","1":"product","2":"type-product","3":"status-publish","4":"has-post-thumbnail","6":"product_brand-ryinz","7":"product_cat-motorbike","8":"product_cat-motorbike-gloves","9":"product_cat-motorbike-racing-gloves","10":"product_cat-ryinz","11":"product_tag-all-black-gloves","12":"product_tag-biker-gloves","13":"product_tag-black-riding-gloves","14":"product_tag-carbon-shell-gloves","15":"product_tag-ce-certified-gloves","16":"product_tag-eu-biker-gloves","17":"product_tag-gloves-for-racing","18":"product_tag-goat-leather-gloves","19":"product_tag-hook-loop-gloves","20":"product_tag-leather-motorcycle-gloves","21":"product_tag-motorbike-gloves","22":"product_tag-neoprene-cuff-gloves","23":"product_tag-padded-palm-gloves","24":"product_tag-premium-biker-gloves","25":"product_tag-racing-hand-gear","26":"product_tag-riding-gloves","27":"product_tag-road-trip-gloves","28":"product_tag-ryinz-gloves","29":"product_tag-safety-motorcycle-gloves","30":"product_tag-street-rider-gloves","32":"first","33":"instock","34":"taxable","35":"shipping-taxable","36":"purchasable","37":"product-type-simple"},"_links":{"self":[{"href":"https:\/\/ryinz.cz\/velkoobchod\/de\/wp-json\/wp\/v2\/product\/9208","targetHints":{"allow":["GET"]}}],"collection":[{"href":"https:\/\/ryinz.cz\/velkoobchod\/de\/wp-json\/wp\/v2\/product"}],"about":[{"href":"https:\/\/ryinz.cz\/velkoobchod\/de\/wp-json\/wp\/v2\/types\/product"}],"replies":[{"embeddable":true,"href":"https:\/\/ryinz.cz\/velkoobchod\/de\/wp-json\/wp\/v2\/comments?post=9208"}],"wp:featuredmedia":[{"embeddable":true,"href":"https:\/\/ryinz.cz\/velkoobchod\/de\/wp-json\/wp\/v2\/media\/9304"}],"wp:attachment":[{"href":"https:\/\/ryinz.cz\/velkoobchod\/de\/wp-json\/wp\/v2\/media?parent=9208"}],"wp:term":[{"taxonomy":"product_brand","embeddable":true,"href":"https:\/\/ryinz.cz\/velkoobchod\/de\/wp-json\/wp\/v2\/product_brand?post=9208"},{"taxonomy":"product_cat","embeddable":true,"href":"https:\/\/ryinz.cz\/velkoobchod\/de\/wp-json\/wp\/v2\/product_cat?post=9208"},{"taxonomy":"product_tag","embeddable":true,"href":"https:\/\/ryinz.cz\/velkoobchod\/de\/wp-json\/wp\/v2\/product_tag?post=9208"}],"curies":[{"name":"wp","href":"https:\/\/api.w.org\/{rel}","templated":true}]}}