{"id":9207,"date":"2025-06-22T15:33:20","date_gmt":"2025-06-22T15:33:20","guid":{"rendered":"https:\/\/ryinz.cz\/velkoobchod\/?post_type=product&#038;p=9207"},"modified":"2026-01-18T20:18:27","modified_gmt":"2026-01-18T20:18:27","slug":"ryinz-premium-anilin-ziegenleder-motorradhandschuhe-mit-carbon-knochel-neopren-stulpe-fur-groshandel-einzelhandel","status":"publish","type":"product","link":"https:\/\/ryinz.cz\/velkoobchod\/de\/product\/ryinz-premium-aniline-goat-leather-motorcycle-gloves-with-carbon-knuckle-neoprene-cuff-for-wholesale-retail\/","title":{"rendered":"RYINZ Premium Anilin Ziegenleder Motorradhandschuhe mit Carbon Kn\u00f6chel &amp; Neopren Stulpe f\u00fcr Gro\u00dfhandel &amp; Einzelhandel"},"content":{"rendered":"<p data-start=\"891\" data-end=\"1004\"><strong data-start=\"891\" data-end=\"1004\">RYINZ Motorradhandschuhe aus Anilinleder - Schutz mit Karbonbeschichtung f\u00fcr ernsthafte Motorradfahrer, H\u00e4ndler und B2B-K\u00e4ufer<\/strong><\/p>\n<p data-start=\"1006\" data-end=\"1373\">Mit ihrem raffinierten, schwarzen Design, der ergonomischen Passform und dem Schutz in Rennqualit\u00e4t ist die <strong data-start=\"1089\" data-end=\"1120\">RYINZ MBSG 0786-0016 Handschuhe<\/strong> bieten ein perfektes Gleichgewicht zwischen \u00c4sthetik und Leistung. Entwickelt aus <strong data-start=\"1196\" data-end=\"1234\">hochwertiges Anilin-Ziegenleder<\/strong>, Diese Handschuhe bieten Abriebfestigkeit, taktile Kontrolle und un\u00fcbertroffenen Komfort f\u00fcr das t\u00e4gliche Pendeln, Touren oder aggressives Fahren auf der Stra\u00dfe.<\/p>\n<p data-start=\"1375\" data-end=\"1527\">Dieses Modell ist ideal f\u00fcr den Einzel- und Gro\u00dfhandel, insbesondere auf den europ\u00e4ischen M\u00e4rkten, wo zertifizierte Leistung und robustes Design sehr gefragt sind.<\/p>\n<hr data-start=\"1529\" data-end=\"1532\" \/>\n<p data-start=\"1534\" data-end=\"1852\"><strong data-start=\"1534\" data-end=\"1592\">Handfl\u00e4che aus Anilin-Ziegenleder - erstklassiges Gef\u00fchl und Flexibilit\u00e4t<\/strong><br data-start=\"1592\" data-end=\"1595\" \/>Die Handfl\u00e4che des Handschuhs ist aus <strong data-start=\"1630\" data-end=\"1666\">Hochwertiges Anilin-Ziegenleder<\/strong>, bekannt f\u00fcr seine Weichheit, nat\u00fcrliche Flexibilit\u00e4t und hervorragende Abriebfestigkeit. Diese Handschuhe lassen sich schnell einlaufen und passen sich der Hand des Fahrers an, w\u00e4hrend sie einen komfortablen und sicheren Griff bieten.<\/p>\n<hr data-start=\"1854\" data-end=\"1857\" \/>\n<p data-start=\"1859\" data-end=\"2145\"><strong data-start=\"1859\" data-end=\"1905\">Handfl\u00e4chenverst\u00e4rkung mit Schutzpolsterung<\/strong><br data-start=\"1905\" data-end=\"1908\" \/>Der Palmenbereich umfasst <strong data-start=\"1931\" data-end=\"1970\">zus\u00e4tzliche Anilinlederverst\u00e4rkung<\/strong> in stark beanspruchten Bereichen zusammen mit <strong data-start=\"2001\" data-end=\"2023\">leichte Schaumstoffpolsterung<\/strong>, Sie bietet dem Fahrer eine zus\u00e4tzliche Sto\u00dfd\u00e4mpfung und erh\u00f6ht die Haltbarkeit der Handfl\u00e4che bei langen Fahrten oder technischen Kontrollarbeiten.<\/p>\n<hr data-start=\"2147\" data-end=\"2150\" \/>\n<p data-start=\"2152\" data-end=\"2454\"><strong data-start=\"2152\" data-end=\"2200\">Carbon Knuckle Shell f\u00fcr High-Impact-Verteidigung<\/strong><br data-start=\"2200\" data-end=\"2203\" \/>A <strong data-start=\"2205\" data-end=\"2239\">Kn\u00f6chelprotektor aus Carbon<\/strong> eingebettet in die Lederoberhand bietet fortschrittlichen Aufprallschutz. Diese leichte und dennoch robuste Schale sch\u00fctzt die Fingerkn\u00f6chel des Fahrers vor Tr\u00fcmmern, St\u00fcrzen und Kollisionen und verleiht ihm gleichzeitig eine elegante Motorsport-\u00c4sthetik.<\/p>\n<hr data-start=\"2456\" data-end=\"2459\" \/>\n<p data-start=\"2461\" data-end=\"2781\"><strong data-start=\"2461\" data-end=\"2509\">R\u00fcckseite aus Anilinleder mit reflektierenden Akzenten<\/strong><br data-start=\"2509\" data-end=\"2512\" \/>Die R\u00fcckhand ist vollst\u00e4ndig eingewickelt <strong data-start=\"2545\" data-end=\"2569\">Anilin-Ziegenleder<\/strong> um Haltbarkeit und ein einheitliches Design zu gew\u00e4hrleisten. Dezente <strong data-start=\"2621\" data-end=\"2642\">reflektierende Paspel<\/strong> verbessert die Sichtbarkeit bei schlechten Lichtverh\u00e4ltnissen und gibt dem Fahrer zus\u00e4tzliche Sicherheit bei Fahrten in der D\u00e4mmerung oder in der Nacht, ohne dass der unauff\u00e4llige, komplett schwarze Look beeintr\u00e4chtigt wird.<\/p>\n<hr data-start=\"2783\" data-end=\"2786\" \/>\n<p data-start=\"2788\" data-end=\"3106\"><strong data-start=\"2788\" data-end=\"2839\">Neopren-Manschette - weicher, wetterfester Verschluss<\/strong><br data-start=\"2839\" data-end=\"2842\" \/>Die <strong data-start=\"2846\" data-end=\"2863\">Neopren-Manschette<\/strong> sorgt f\u00fcr einen dichten und winddichten Abschluss am Handgelenk. Es schmiegt sich bequem um das Handgelenk und verf\u00fcgt \u00fcber eine <strong data-start=\"2967\" data-end=\"3003\">Klettverschlussband mit RYINZ-Branding<\/strong>, Sie lassen sich leicht verstellen und sicher verschlie\u00dfen, auch wenn Sie andere Ausr\u00fcstung wie Jacken oder \u00c4rmel tragen.<\/p>\n<hr data-start=\"3108\" data-end=\"3111\" \/>\n<p data-start=\"3113\" data-end=\"3370\"><strong data-start=\"3113\" data-end=\"3144\">F\u00fcr den ganzj\u00e4hrigen Einsatz konzipiert<\/strong><br data-start=\"3144\" data-end=\"3147\" \/>Diese leicht gepolsterten und atmungsaktiven Handschuhe eignen sich f\u00fcr den Einsatz im Fr\u00fchling, Sommer und Herbst. Sie sind besonders beliebt bei europ\u00e4ischen Fahrern, die komplett schwarze Ausr\u00fcstung mit dezentem Branding und hochwertiger Materialintegrit\u00e4t sch\u00e4tzen.<\/p>\n<hr data-start=\"3372\" data-end=\"3375\" \/>\n<p data-start=\"3377\" data-end=\"3399\"><strong data-start=\"3377\" data-end=\"3397\">Am besten geeignet f\u00fcr:<\/strong><\/p>\n<ul data-start=\"3400\" data-end=\"3639\">\n<li data-start=\"3400\" data-end=\"3449\">\n<p data-start=\"3402\" data-end=\"3449\">Einzelh\u00e4ndler f\u00fcr Motorradausr\u00fcstung und -bekleidung<\/p>\n<\/li>\n<li data-start=\"3450\" data-end=\"3499\">\n<p data-start=\"3452\" data-end=\"3499\">Gro\u00dfh\u00e4ndler, die CE-konforme Lederhandschuhe liefern<\/p>\n<\/li>\n<li data-start=\"3500\" data-end=\"3546\">\n<p data-start=\"3502\" data-end=\"3546\">OEM- und Private-Label-Lederhandschuhprogramme<\/p>\n<\/li>\n<li data-start=\"3547\" data-end=\"3584\">\n<p data-start=\"3549\" data-end=\"3584\">In der EU ans\u00e4ssige Vertreiber von Fangvorrichtungen<\/p>\n<\/li>\n<li data-start=\"3585\" data-end=\"3639\">\n<p data-start=\"3587\" data-end=\"3639\">Stra\u00dfen- und Tourenfahrer in milden bis warmen Klimazonen<\/p>\n<\/li>\n<\/ul>\n<hr data-start=\"3641\" data-end=\"3644\" \/>\n<p data-start=\"3646\" data-end=\"3681\"><strong data-start=\"3646\" data-end=\"3679\">Produktmerkmale auf einen Blick:<\/strong><\/p>\n<ul data-start=\"3682\" data-end=\"4086\">\n<li data-start=\"3682\" data-end=\"3725\">\n<p data-start=\"3684\" data-end=\"3725\">Handfl\u00e4che und R\u00fccken aus Anilin-Ziegenleder<\/p>\n<\/li>\n<li data-start=\"3726\" data-end=\"3772\">\n<p data-start=\"3728\" data-end=\"3772\">Handfl\u00e4chenverst\u00e4rkung mit leichter Schaumstoffpolsterung<\/p>\n<\/li>\n<li data-start=\"3773\" data-end=\"3808\">\n<p data-start=\"3775\" data-end=\"3808\">Kn\u00f6chelpanzer in Carbon-Optik<\/p>\n<\/li>\n<li data-start=\"3809\" data-end=\"3853\">\n<p data-start=\"3811\" data-end=\"3853\">Neoprenmanschette mit Klettverschluss<\/p>\n<\/li>\n<li data-start=\"3854\" data-end=\"3896\">\n<p data-start=\"3856\" data-end=\"3896\">Reflektierende Paspeln f\u00fcr Sichtbarkeit bei Nacht<\/p>\n<\/li>\n<li data-start=\"3897\" data-end=\"3935\">\n<p data-start=\"3899\" data-end=\"3935\">Elegantes, schwarzes Hochleistungsdesign<\/p>\n<\/li>\n<li data-start=\"3936\" data-end=\"3983\">\n<p data-start=\"3938\" data-end=\"3983\">Leicht, atmungsaktiv und einlaufsicher<\/p>\n<\/li>\n<li data-start=\"3984\" data-end=\"4037\">\n<p data-start=\"3986\" data-end=\"4037\">Geeignet f\u00fcr den t\u00e4glichen Gebrauch und den professionellen Einsatz<\/p>\n<\/li>\n<li data-start=\"4038\" data-end=\"4086\">\n<p data-start=\"4040\" data-end=\"4086\">CE-zertifizierbarer Handschuh f\u00fcr den EU-Markt<\/p>\n<\/li>\n<\/ul>","protected":false},"excerpt":{"rendered":"<p>Diese schwarzen Motorradhandschuhe von RYINZ sind aus hochwertigem Anilin-Ziegenleder gefertigt und verf\u00fcgen \u00fcber eine gepolsterte Verst\u00e4rkung, einen Handfl\u00e4chenschutz und einen Kn\u00f6chelschutz im Karbonstil. Sie wurden f\u00fcr anspruchsvolle Fahrer entwickelt und verf\u00fcgen \u00fcber eine Neoprenmanschette, reflektierende Paspeln f\u00fcr bessere Sichtbarkeit und atmungsaktive, aber dennoch sch\u00fctzende Materialien f\u00fcr eine wetterunabh\u00e4ngige Leistung. Ideal f\u00fcr Einzelh\u00e4ndler, Wiederverk\u00e4ufer von Sicherheitsausr\u00fcstungen und europ\u00e4ische Vertriebsh\u00e4ndler, die nach CE-konformen Motorradhandschuhen suchen, die sowohl funktionell als auch elegant sind.<\/p>","protected":false},"featured_media":9303,"comment_status":"closed","ping_status":"closed","template":"","meta":[],"product_brand":[35],"product_cat":[1111,380,122,68],"product_tag":[404,405,406,407,408,409,410,411,412,413,121,414,48,415,416,417,418,419,420,421],"class_list":{"0":"post-9207","1":"product","2":"type-product","3":"status-publish","4":"has-post-thumbnail","6":"product_brand-ryinz","7":"product_cat-motorbike","8":"product_cat-motorbike-gloves","9":"product_cat-motorbike-racing-gloves","10":"product_cat-ryinz","11":"product_tag-all-black-gloves","12":"product_tag-biker-gloves","13":"product_tag-black-riding-gloves","14":"product_tag-carbon-shell-gloves","15":"product_tag-ce-certified-gloves","16":"product_tag-eu-biker-gloves","17":"product_tag-gloves-for-racing","18":"product_tag-goat-leather-gloves","19":"product_tag-hook-loop-gloves","20":"product_tag-leather-motorcycle-gloves","21":"product_tag-motorbike-gloves","22":"product_tag-neoprene-cuff-gloves","23":"product_tag-padded-palm-gloves","24":"product_tag-premium-biker-gloves","25":"product_tag-racing-hand-gear","26":"product_tag-riding-gloves","27":"product_tag-road-trip-gloves","28":"product_tag-ryinz-gloves","29":"product_tag-safety-motorcycle-gloves","30":"product_tag-street-rider-gloves","32":"first","33":"instock","34":"taxable","35":"shipping-taxable","36":"purchasable","37":"product-type-simple"},"_links":{"self":[{"href":"https:\/\/ryinz.cz\/velkoobchod\/de\/wp-json\/wp\/v2\/product\/9207","targetHints":{"allow":["GET"]}}],"collection":[{"href":"https:\/\/ryinz.cz\/velkoobchod\/de\/wp-json\/wp\/v2\/product"}],"about":[{"href":"https:\/\/ryinz.cz\/velkoobchod\/de\/wp-json\/wp\/v2\/types\/product"}],"replies":[{"embeddable":true,"href":"https:\/\/ryinz.cz\/velkoobchod\/de\/wp-json\/wp\/v2\/comments?post=9207"}],"wp:featuredmedia":[{"embeddable":true,"href":"https:\/\/ryinz.cz\/velkoobchod\/de\/wp-json\/wp\/v2\/media\/9303"}],"wp:attachment":[{"href":"https:\/\/ryinz.cz\/velkoobchod\/de\/wp-json\/wp\/v2\/media?parent=9207"}],"wp:term":[{"taxonomy":"product_brand","embeddable":true,"href":"https:\/\/ryinz.cz\/velkoobchod\/de\/wp-json\/wp\/v2\/product_brand?post=9207"},{"taxonomy":"product_cat","embeddable":true,"href":"https:\/\/ryinz.cz\/velkoobchod\/de\/wp-json\/wp\/v2\/product_cat?post=9207"},{"taxonomy":"product_tag","embeddable":true,"href":"https:\/\/ryinz.cz\/velkoobchod\/de\/wp-json\/wp\/v2\/product_tag?post=9207"}],"curies":[{"name":"wp","href":"https:\/\/api.w.org\/{rel}","templated":true}]}}