{"id":9206,"date":"2025-06-22T15:33:20","date_gmt":"2025-06-22T15:33:20","guid":{"rendered":"https:\/\/ryinz.cz\/velkoobchod\/?post_type=product&#038;p=9206"},"modified":"2026-01-18T20:18:25","modified_gmt":"2026-01-18T20:18:25","slug":"ryinz-schwarze-reithandschuhe-fur-groshandel-einzelhandel-mit-carbon-knochel-rustung-mesh-zuruck-verstarkt-leder-palm-2","status":"publish","type":"product","link":"https:\/\/ryinz.cz\/velkoobchod\/de\/product\/ryinz-black-riding-gloves-for-wholesale-retail-with-carbon-knuckle-armor-mesh-back-reinforced-leather-palm-2\/","title":{"rendered":"RYINZ Schwarze Reithandschuhe f\u00fcr Gro\u00df- und Einzelhandel mit Carbon Kn\u00f6chelpanzer, Netzr\u00fccken und verst\u00e4rkter Lederhandfl\u00e4che"},"content":{"rendered":"<p data-start=\"855\" data-end=\"972\"><strong data-start=\"855\" data-end=\"972\">RYINZ Neongelbe Cordura-Sicherheitshandschuhe - auff\u00e4lliger Schutz f\u00fcr Stra\u00dfenfahrer, Arbeiter und EU-Gear-H\u00e4ndler<\/strong><\/p>\n<p data-start=\"974\" data-end=\"1247\">Wenn Sichtbarkeit und Sicherheit am wichtigsten sind, ist der <strong data-start=\"1018\" data-end=\"1057\">RYINZ Sicherheitshandschuhe mit hoher Sichtbarkeit<\/strong> sind die beste L\u00f6sung f\u00fcr Sie. Diese Handschuhe sind f\u00fcr den Einsatz bei Arbeiten im Freien, in der Stadt oder bei Lieferdiensten konzipiert - wo die Sichtbarkeit bei Tag und Nacht Unf\u00e4lle reduzieren und die Sicherheit des Fahrers verbessern kann.<\/p>\n<p data-start=\"1249\" data-end=\"1536\">Mit ihrem leuchtenden neongelben Finish, dem auff\u00e4lligen Schachbrettmuster und den reflektierenden Details kombinieren diese Handschuhe Streetwear-Stil mit hochfunktionaler Sicherheitsausr\u00fcstung. Ganz gleich, ob Sie einen Katalog f\u00fcr Arbeitskleidung f\u00fchren oder Ihr Sortiment an Fahrerzubeh\u00f6r erweitern m\u00f6chten, diese Handschuhe sind perfekt f\u00fcr den B2B- und Einzelhandel geeignet.<\/p>\n<hr data-start=\"1538\" data-end=\"1541\" \/>\n<p data-start=\"1543\" data-end=\"1892\"><strong data-start=\"1543\" data-end=\"1596\">R\u00fcckseite aus Cordura-Gewebe - strapazierf\u00e4hig und stilvoll bedruckt<\/strong><br data-start=\"1596\" data-end=\"1599\" \/>Das Au\u00dfenmaterial des Handschuhs besteht aus <strong data-start=\"1636\" data-end=\"1654\">Cordura-Gewebe<\/strong>, Das Material wurde wegen seiner Widerstandsf\u00e4higkeit gegen Absch\u00fcrfungen, Einstiche und Risse ausgew\u00e4hlt. Die <strong data-start=\"1722\" data-end=\"1758\">schwarz-gelbes Karomuster<\/strong> ist nicht nur ein modisches Statement - es tr\u00e4gt auch zur Sichtbarkeit im Stra\u00dfenverkehr bei, indem es die Aufmerksamkeit der umliegenden Fahrzeuge und Fu\u00dfg\u00e4nger auf sich zieht.<\/p>\n<hr data-start=\"1894\" data-end=\"1897\" \/>\n<p data-start=\"1899\" data-end=\"2239\"><strong data-start=\"1899\" data-end=\"1953\">Handfl\u00e4che aus Kunstleder mit Silikonverst\u00e4rkung<\/strong><br data-start=\"1953\" data-end=\"1956\" \/>Auf der Griffseite ist die Handfl\u00e4che mit <strong data-start=\"2007\" data-end=\"2036\">strapazierf\u00e4higes Kunstleder<\/strong>, wurde wegen seines geringen Gewichts und seiner Flexibilit\u00e4t ausgew\u00e4hlt. In den wichtigsten Kontaktzonen, <strong data-start=\"2106\" data-end=\"2135\">bedruckte Silikon-Overlays<\/strong> sorgen f\u00fcr zus\u00e4tzliche Griffigkeit und Abriebfestigkeit und sind daher ideal f\u00fcr Motorradlenker, Werkzeuge oder Liefertaschen.<\/p>\n<p data-start=\"2241\" data-end=\"2394\">Diese Verst\u00e4rkungen verbessern die Kontrolle des Fahrers sowohl bei trockenen als auch bei leicht nassen Bedingungen und erh\u00f6hen die Sicherheit beim Bremsen, Schalten oder bei der Handhabung von Gegenst\u00e4nden.<\/p>\n<hr data-start=\"2396\" data-end=\"2399\" \/>\n<p data-start=\"2401\" data-end=\"2705\"><strong data-start=\"2401\" data-end=\"2441\">Kn\u00f6chelschutz &amp; Komfortpolsterung<\/strong><br data-start=\"2441\" data-end=\"2444\" \/>Ein wichtiges Sicherheitsmerkmal dieser Handschuhe ist die integrierte <strong data-start=\"2497\" data-end=\"2520\">gepolsterte Kn\u00f6chelzone<\/strong>, Der Handschuh wurde entwickelt, um St\u00f6\u00dfe zu absorbieren und bei versehentlichen St\u00f6\u00dfen oder St\u00fcrzen Komfort zu bieten. Diese leichte Polsterung sorgt daf\u00fcr, dass die Handschuhe atmungsaktiv und bequem f\u00fcr den t\u00e4glichen Gebrauch bleiben.<\/p>\n<hr data-start=\"2707\" data-end=\"2710\" \/>\n<p data-start=\"2712\" data-end=\"2995\"><strong data-start=\"2712\" data-end=\"2750\">Reflektierende Paspeln f\u00fcr Sicherheit bei Nacht<\/strong><br data-start=\"2750\" data-end=\"2753\" \/>A <strong data-start=\"2755\" data-end=\"2775\">Reflektorstreifen<\/strong> verbessert die Sichtbarkeit bei Nachtfahrten oder bei schlechten Lichtverh\u00e4ltnissen. Er reflektiert das Licht von Fahrzeugscheinwerfern und erh\u00f6ht so die Chancen des Tr\u00e4gers, w\u00e4hrend der Fahrt oder bei Stopps am Stra\u00dfenrand wahrgenommen zu werden.<\/p>\n<hr data-start=\"2997\" data-end=\"3000\" \/>\n<p data-start=\"3002\" data-end=\"3273\"><strong data-start=\"3002\" data-end=\"3038\">Cordura-Manschette mit verstellbarer Passform<\/strong><br data-start=\"3038\" data-end=\"3041\" \/>Die <strong data-start=\"3045\" data-end=\"3059\">Handgelenksmanschette<\/strong> ist aus strapazierf\u00e4higem Cordura-Material gefertigt und enth\u00e4lt eine <strong data-start=\"3118\" data-end=\"3134\">Klettband<\/strong> f\u00fcr einen verstellbaren Verschluss. Die Stulpe sorgt daf\u00fcr, dass die Handschuhe bei aktiver Bewegung sicher bleiben und dichtet zudem Staub, Wind und leichten Regen ab.<\/p>\n<hr data-start=\"3275\" data-end=\"3278\" \/>\n<p data-start=\"3280\" data-end=\"3424\"><strong data-start=\"3280\" data-end=\"3341\">Vielseitigkeit in der Anwendung - gebaut f\u00fcr Multi-Use Performance<\/strong><br data-start=\"3341\" data-end=\"3344\" \/>Diese Handschuhe sind nicht nur f\u00fcr Reiter geeignet. Ihr Design macht sie ebenso n\u00fctzlich f\u00fcr:<\/p>\n<ul data-start=\"3426\" data-end=\"3691\">\n<li data-start=\"3426\" data-end=\"3465\">\n<p data-start=\"3428\" data-end=\"3465\">St\u00e4dtische Fahrrad- und Motorradfahrer<\/p>\n<\/li>\n<li data-start=\"3466\" data-end=\"3518\">\n<p data-start=\"3468\" data-end=\"3518\">Personal von Lieferdiensten (z. B. Lebensmittelkuriere)<\/p>\n<\/li>\n<li data-start=\"3519\" data-end=\"3561\">\n<p data-start=\"3521\" data-end=\"3561\">Personal f\u00fcr die Verkehrs\u00fcberwachung oder f\u00fcr Veranstaltungen im Freien<\/p>\n<\/li>\n<li data-start=\"3562\" data-end=\"3604\">\n<p data-start=\"3564\" data-end=\"3604\">Arbeiter in Lagerh\u00e4usern oder auf Baustellen<\/p>\n<\/li>\n<li data-start=\"3605\" data-end=\"3646\">\n<p data-start=\"3607\" data-end=\"3646\">Fu\u00dfg\u00e4nger oder Rollerfahrer bei kaltem Wetter<\/p>\n<\/li>\n<li data-start=\"3647\" data-end=\"3691\">\n<p data-start=\"3649\" data-end=\"3691\">Baus\u00e4tze f\u00fcr pers\u00f6nliche Schutzausr\u00fcstung (PSA)<\/p>\n<\/li>\n<\/ul>\n<hr data-start=\"3693\" data-end=\"3696\" \/>\n<p data-start=\"3698\" data-end=\"3723\"><strong data-start=\"3698\" data-end=\"3721\">Produkt-Highlights:<\/strong><\/p>\n<ul data-start=\"3724\" data-end=\"4145\">\n<li data-start=\"3724\" data-end=\"3782\">\n<p data-start=\"3726\" data-end=\"3782\">Leuchtendes Neongelb mit schwarzem Karomuster<\/p>\n<\/li>\n<li data-start=\"3783\" data-end=\"3829\">\n<p data-start=\"3785\" data-end=\"3829\">Strapazierf\u00e4higes Cordura-Gewebe an R\u00fccken und Handgelenkmanschette<\/p>\n<\/li>\n<li data-start=\"3830\" data-end=\"3881\">\n<p data-start=\"3832\" data-end=\"3881\">Handfl\u00e4che aus Synthetikleder mit Silikonaufdruck<\/p>\n<\/li>\n<li data-start=\"3882\" data-end=\"3929\">\n<p data-start=\"3884\" data-end=\"3929\">Kn\u00f6chelpolsterung f\u00fcr grundlegenden Aufprallschutz<\/p>\n<\/li>\n<li data-start=\"3930\" data-end=\"3983\">\n<p data-start=\"3932\" data-end=\"3983\">Reflektierende Paspeln f\u00fcr bessere Sichtbarkeit bei Nacht<\/p>\n<\/li>\n<li data-start=\"3984\" data-end=\"4020\">\n<p data-start=\"3986\" data-end=\"4020\">Handgelenkband mit Klettverschlu\u00df<\/p>\n<\/li>\n<li data-start=\"4021\" data-end=\"4062\">\n<p data-start=\"4023\" data-end=\"4062\">Leicht, atmungsaktiv und flexibel<\/p>\n<\/li>\n<li data-start=\"4063\" data-end=\"4113\">\n<p data-start=\"4065\" data-end=\"4113\">Geeignet f\u00fcr den st\u00e4dtischen, industriellen und sicherheitstechnischen Einsatz<\/p>\n<\/li>\n<li data-start=\"4114\" data-end=\"4145\">\n<p data-start=\"4116\" data-end=\"4145\">Auff\u00e4lliges RYINZ-Branding<\/p>\n<\/li>\n<\/ul>\n<p data-start=\"4147\" data-end=\"4355\">Mit seiner robusten Konstruktion und seinem aufsehenerregenden Stil ist der <strong data-start=\"4204\" data-end=\"4236\">RYINZ Handschuhe mit hoher Sichtbarkeit<\/strong> sind eine hervorragende Wahl f\u00fcr Vertriebsunternehmen und Einzelh\u00e4ndler, die eine ebenso elegante wie effektive Sicherheitsausr\u00fcstung anbieten m\u00f6chten.<\/p>","protected":false},"excerpt":{"rendered":"<p>Erh\u00f6hen Sie Ihre Sichtbarkeit und Sicherheit mit den neongelben Reithandschuhen von RYINZ. Sie verf\u00fcgen \u00fcber einen karierten Cordura-R\u00fccken, eine Handfl\u00e4che aus Kunstleder, Griffverst\u00e4rkungen aus Silikon und einen gepolsterten Kn\u00f6chelschutz. Die Handschuhe sind mit einem reflektierenden Streifen und einer verstellbaren Manschette am Handgelenk ausgestattet und eignen sich ideal f\u00fcr den st\u00e4dtischen Pendlerverkehr, Lieferfahrten und Arbeiten im Freien. Sie sind auf Leistung, Komfort und auff\u00e4lliges Design ausgelegt und eignen sich perfekt f\u00fcr Gro\u00dfh\u00e4ndler, PSA-Lieferanten und Einzelhandelsmarken f\u00fcr Sicherheitsausr\u00fcstung.<\/p>","protected":false},"featured_media":9301,"comment_status":"closed","ping_status":"closed","template":"","meta":[],"product_brand":[35],"product_cat":[1111,380,122,68],"product_tag":[389,390,391,392,393,394,395,396,397,398,399,400,401,402,403],"class_list":{"0":"post-9206","1":"product","2":"type-product","3":"status-publish","4":"has-post-thumbnail","6":"product_brand-ryinz","7":"product_cat-motorbike","8":"product_cat-motorbike-gloves","9":"product_cat-motorbike-racing-gloves","10":"product_cat-ryinz","11":"product_tag-anti-slip-grip-gloves-for-riding-and-climbing","12":"product_tag-black-tactical-gloves-for-distributors-and-oems","13":"product_tag-ce-grade-gloves-with-impact-protection","14":"product_tag-cowhide-goat-sheep-leather-tactical-gloves","15":"product_tag-customizable-lining-tactical-gloves-for-all-weather","16":"product_tag-full-finger-motorcycle-gloves-with-hard-shell","17":"product_tag-leather-gloves-for-military-and-patrol-gear","18":"product_tag-lightweight-leather-gloves-for-b2b-buyers","19":"product_tag-multi-purpose-gloves-for-tactical-retail","20":"product_tag-protective-gloves-for-airsoft-and-police-use","21":"product_tag-reinforced-gloves-for-mechanical-use","22":"product_tag-ryinz-motorcycle-gloves-with-mesh-ventilation","23":"product_tag-summer-breathable-gloves-with-mesh-zones","24":"product_tag-tactical-leather-gloves-with-knuckle-armor","25":"product_tag-wholesale-riding-gloves-with-finger-protection","27":"first","28":"instock","29":"taxable","30":"shipping-taxable","31":"purchasable","32":"product-type-simple"},"_links":{"self":[{"href":"https:\/\/ryinz.cz\/velkoobchod\/de\/wp-json\/wp\/v2\/product\/9206","targetHints":{"allow":["GET"]}}],"collection":[{"href":"https:\/\/ryinz.cz\/velkoobchod\/de\/wp-json\/wp\/v2\/product"}],"about":[{"href":"https:\/\/ryinz.cz\/velkoobchod\/de\/wp-json\/wp\/v2\/types\/product"}],"replies":[{"embeddable":true,"href":"https:\/\/ryinz.cz\/velkoobchod\/de\/wp-json\/wp\/v2\/comments?post=9206"}],"wp:featuredmedia":[{"embeddable":true,"href":"https:\/\/ryinz.cz\/velkoobchod\/de\/wp-json\/wp\/v2\/media\/9301"}],"wp:attachment":[{"href":"https:\/\/ryinz.cz\/velkoobchod\/de\/wp-json\/wp\/v2\/media?parent=9206"}],"wp:term":[{"taxonomy":"product_brand","embeddable":true,"href":"https:\/\/ryinz.cz\/velkoobchod\/de\/wp-json\/wp\/v2\/product_brand?post=9206"},{"taxonomy":"product_cat","embeddable":true,"href":"https:\/\/ryinz.cz\/velkoobchod\/de\/wp-json\/wp\/v2\/product_cat?post=9206"},{"taxonomy":"product_tag","embeddable":true,"href":"https:\/\/ryinz.cz\/velkoobchod\/de\/wp-json\/wp\/v2\/product_tag?post=9206"}],"curies":[{"name":"wp","href":"https:\/\/api.w.org\/{rel}","templated":true}]}}