{"id":9205,"date":"2025-06-22T15:33:19","date_gmt":"2025-06-22T15:33:19","guid":{"rendered":"https:\/\/ryinz.cz\/velkoobchod\/?post_type=product&#038;p=9205"},"modified":"2026-01-18T20:18:24","modified_gmt":"2026-01-18T20:18:24","slug":"ryinz-schwarze-reithandschuhe-fur-groshandel-einzelhandel-mit-carbon-knochel-rustung-mesh-zuruck-verstarkt-leder-palm","status":"publish","type":"product","link":"https:\/\/ryinz.cz\/velkoobchod\/de\/product\/ryinz-black-riding-gloves-for-wholesale-retail-with-carbon-knuckle-armor-mesh-back-reinforced-leather-palm\/","title":{"rendered":"RYINZ Schwarze Reithandschuhe f\u00fcr Gro\u00df- und Einzelhandel mit Carbon Kn\u00f6chelpanzer, Netzr\u00fccken und verst\u00e4rkter Lederhandfl\u00e4che"},"content":{"rendered":"<p data-start=\"890\" data-end=\"993\"><strong data-start=\"890\" data-end=\"993\">RYINZ Carbon-Knuckle Black Motorradhandschuhe - High-Spec Sicherheit f\u00fcr H\u00e4ndler &amp; EU-Gro\u00dfh\u00e4ndler<\/strong><\/p>\n<p data-start=\"995\" data-end=\"1334\">Die <strong data-start=\"999\" data-end=\"1041\">RYINZ Carbon-Kn\u00f6chel-Motorradhandschuhe<\/strong> wurden f\u00fcr ernsthafte Fahrer entwickelt und bieten erstklassigen Schutz, Komfort und Bel\u00fcftung in einer schlanken, schwarzen Silhouette. Dank der Liebe zum Detail bei Materialien und N\u00e4hten sind diese Handschuhe ideal f\u00fcr B2B-K\u00e4ufer, Motorsporth\u00e4ndler und Fahrer, die sowohl Sicherheit als auch \u00c4sthetik verlangen.<\/p>\n<p data-start=\"1336\" data-end=\"1498\">Diese Handschuhe vereinen ein robustes Obermaterial mit einem stilvollen, vom Rennsport inspirierten Design und sind damit einer der vielseitigsten Vertreter der RYINZ Performance-Reihe.<\/p>\n<hr data-start=\"1500\" data-end=\"1503\" \/>\n<p data-start=\"1505\" data-end=\"1812\"><strong data-start=\"1505\" data-end=\"1544\">Kn\u00f6chelpanzer aus TPU im Carbonfaser-Look<\/strong><br data-start=\"1544\" data-end=\"1547\" \/>Das Herzst\u00fcck der Sicherheitskonstruktion des Handschuhs ist ein <strong data-start=\"1593\" data-end=\"1626\">Kn\u00f6chelschutz aus schlagfestem TPU<\/strong> mit einer <strong data-start=\"1634\" data-end=\"1655\">Kohlefaseroptik<\/strong>, Er bietet hervorragenden Schutz vor harten Kontakten, Aufprallst\u00f6\u00dfen und Stra\u00dfenabrieb. Die geschwungene Form erh\u00f6ht den Komfort und verst\u00e4rkt gleichzeitig die wichtigsten Aufprallzonen.<\/p>\n<hr data-start=\"1814\" data-end=\"1817\" \/>\n<p data-start=\"1819\" data-end=\"2211\"><strong data-start=\"1819\" data-end=\"1872\">Premium Lederhandfl\u00e4che mit Verst\u00e4rkungsn\u00e4hten<\/strong><br data-start=\"1872\" data-end=\"1875\" \/>Die Handfl\u00e4che ist aus <strong data-start=\"1900\" data-end=\"1919\">strapazierf\u00e4higes Leder<\/strong>, Das Material wurde aufgrund seiner nat\u00fcrlichen Griffigkeit, Abriebfestigkeit und Haptik ausgew\u00e4hlt. Mehrere <strong data-start=\"1998\" data-end=\"2021\">verst\u00e4rkte Overlays<\/strong> sind an stark beanspruchten Stellen strategisch vern\u00e4ht, wobei kontrastierende N\u00e4hte f\u00fcr Stil und Struktur sorgen. Dies bietet Fahrern eine sichere Lenkerkontrolle und eine l\u00e4ngere Lebensdauer der Handschuhe.<\/p>\n<hr data-start=\"2213\" data-end=\"2216\" \/>\n<p data-start=\"2218\" data-end=\"2554\"><strong data-start=\"2218\" data-end=\"2264\">Netzr\u00fccken f\u00fcr Bel\u00fcftung und Flexibilit\u00e4t<\/strong><br data-start=\"2264\" data-end=\"2267\" \/>Die R\u00fcckwand enth\u00e4lt <strong data-start=\"2295\" data-end=\"2322\">dehnbares Netzgewebe<\/strong>, So kann die Luft w\u00e4hrend der Fahrt durch den Handschuh str\u00f6men, was Schwei\u00dfbildung und Hitze bei w\u00e4rmeren Bedingungen reduziert. In Kombination mit der flexiblen Lederunterlage bietet der Handschuh maximale Beweglichkeit f\u00fcr die Gasbedienung und Fingerbeweglichkeit.<\/p>\n<hr data-start=\"2556\" data-end=\"2559\" \/>\n<p data-start=\"2561\" data-end=\"2822\"><strong data-start=\"2561\" data-end=\"2595\">Vorgekr\u00fcmmte Finger-Konstruktion<\/strong><br data-start=\"2595\" data-end=\"2598\" \/>Ergonomisch geformt <strong data-start=\"2619\" data-end=\"2641\">vorgekr\u00fcmmte Finger<\/strong> verbessern die Passform des Handschuhs und verringern die Erm\u00fcdung des Fahrers bei langen Fahrten. Dadurch wird sichergestellt, dass sich der Handschuh der nat\u00fcrlichen Fahrposition der Hand anpasst, ohne die Griffkraft zu belasten.<\/p>\n<hr data-start=\"2824\" data-end=\"2827\" \/>\n<p data-start=\"2829\" data-end=\"3081\"><strong data-start=\"2829\" data-end=\"2866\">Reflektierende Akzente f\u00fcr bessere Sichtbarkeit<\/strong><br data-start=\"2866\" data-end=\"2869\" \/>Subtile <strong data-start=\"2876\" data-end=\"2897\">reflektierende Paspel<\/strong> entlang des Handgelenks und des Handr\u00fcckens verbessert die Sichtbarkeit bei Nacht oder in nebligen Umgebungen und macht diesen Handschuh sicher f\u00fcr Stadtfahrer und Pendler, die oft bei schlechten Lichtverh\u00e4ltnissen fahren.<\/p>\n<hr data-start=\"3083\" data-end=\"3086\" \/>\n<p data-start=\"3088\" data-end=\"3330\"><strong data-start=\"3088\" data-end=\"3135\">Klettverschluss-Armband mit gepr\u00e4gtem RYINZ-Logo<\/strong><br data-start=\"3135\" data-end=\"3138\" \/>Die <strong data-start=\"3142\" data-end=\"3169\">verstellbares Klettband<\/strong> am Handgelenk sorgt f\u00fcr eine individuelle Passform und einen sicheren Verschluss. Das mit dem charakteristischen RYINZ-Logo versehene Handgelenkband bietet Windschutz und ein sauberes, passgenaues Finish.<\/p>\n<hr data-start=\"3332\" data-end=\"3335\" \/>\n<p data-start=\"3337\" data-end=\"3371\"><strong data-start=\"3337\" data-end=\"3369\">Anwendungen und ideale K\u00e4ufer:<\/strong><\/p>\n<ul data-start=\"3372\" data-end=\"3597\">\n<li data-start=\"3372\" data-end=\"3406\">\n<p data-start=\"3374\" data-end=\"3406\">Einzelh\u00e4ndler f\u00fcr Motorradzubeh\u00f6r<\/p>\n<\/li>\n<li data-start=\"3407\" data-end=\"3449\">\n<p data-start=\"3409\" data-end=\"3449\">Vertreiber von Fangvorrichtungen in ganz Europa<\/p>\n<\/li>\n<li data-start=\"3450\" data-end=\"3500\">\n<p data-start=\"3452\" data-end=\"3500\">Online-Motorradausr\u00fcstungsgesch\u00e4fte f\u00fcr urbane Fahrer<\/p>\n<\/li>\n<li data-start=\"3501\" data-end=\"3547\">\n<p data-start=\"3503\" data-end=\"3547\">OEM-Handschuhlieferanten und Handelsmarken<\/p>\n<\/li>\n<li data-start=\"3548\" data-end=\"3597\">\n<p data-start=\"3550\" data-end=\"3597\">Wiederverk\u00e4ufer von Motorrollern, Pendler- und Tourenausr\u00fcstung<\/p>\n<\/li>\n<\/ul>\n<hr data-start=\"3599\" data-end=\"3602\" \/>\n<p data-start=\"3604\" data-end=\"3639\"><strong data-start=\"3604\" data-end=\"3637\">Zusammenfassung der wichtigsten Produkteigenschaften:<\/strong><\/p>\n<ul data-start=\"3640\" data-end=\"4140\">\n<li data-start=\"3640\" data-end=\"3696\">\n<p data-start=\"3642\" data-end=\"3696\">Carbon-Stil TPU Kn\u00f6chel R\u00fcstung f\u00fcr Auswirkungen Widerstand<\/p>\n<\/li>\n<li data-start=\"3697\" data-end=\"3755\">\n<p data-start=\"3699\" data-end=\"3755\">Handfl\u00e4che aus Leder mit Doppelnahtmuster-Verst\u00e4rkungen<\/p>\n<\/li>\n<li data-start=\"3756\" data-end=\"3796\">\n<p data-start=\"3758\" data-end=\"3796\">Atmungsaktiver Netzr\u00fccken f\u00fcr Bel\u00fcftung<\/p>\n<\/li>\n<li data-start=\"3797\" data-end=\"3838\">\n<p data-start=\"3799\" data-end=\"3838\">Ergonomisch vorgekr\u00fcmmte Fingerstruktur<\/p>\n<\/li>\n<li data-start=\"3839\" data-end=\"3888\">\n<p data-start=\"3841\" data-end=\"3888\">Reflektierende Paspeln f\u00fcr bessere Sichtbarkeit bei schlechten Lichtverh\u00e4ltnissen<\/p>\n<\/li>\n<li data-start=\"3889\" data-end=\"3936\">\n<p data-start=\"3891\" data-end=\"3936\">Klettverschluss am Handgelenk mit gepr\u00e4gtem Branding<\/p>\n<\/li>\n<li data-start=\"3937\" data-end=\"3981\">\n<p data-start=\"3939\" data-end=\"3981\">Komplett schwarzes Design mit Kontrastn\u00e4hten<\/p>\n<\/li>\n<li data-start=\"3982\" data-end=\"4032\">\n<p data-start=\"3984\" data-end=\"4032\">Leichte und dennoch hochgradig sch\u00fctzende Konstruktion<\/p>\n<\/li>\n<li data-start=\"4033\" data-end=\"4082\">\n<p data-start=\"4035\" data-end=\"4082\">Hervorragend geeignet f\u00fcr den t\u00e4glichen Gebrauch und f\u00fcr Sportfahrten<\/p>\n<\/li>\n<li data-start=\"4083\" data-end=\"4140\">\n<p data-start=\"4085\" data-end=\"4140\">CE-konform und f\u00fcr europ\u00e4ische Vertriebsnormen hergestellt<\/p>\n<\/li>\n<\/ul>\n<p data-start=\"4142\" data-end=\"4342\">Ob Sie sich f\u00fcr einen saisonalen Ausverkauf eindecken oder eine Premium-Kollektion auf den Markt bringen, die <strong data-start=\"4228\" data-end=\"4270\">RYINZ Carbon-Kn\u00f6chel-Motorradhandschuhe<\/strong> bieten erstklassigen Wert und aggressives Design f\u00fcr hohe Anspr\u00fcche.<\/p>","protected":false},"excerpt":{"rendered":"<p data-start=\"275\" data-end=\"773\">Fahren Sie selbstbewusst mit den schwarzen Hochleistungs-Motorradhandschuhen von RYINZ, die einen Kn\u00f6chelschutz aus Karbonfaser, eine hochwertige Lederkonstruktion und einen bel\u00fcfteten Netzr\u00fccken aufweisen. Mit kontrastgen\u00e4hten Verst\u00e4rkungen, gepolsterten Handfl\u00e4chen und reflektierenden Details kombinieren diese Handschuhe Streetstyle mit ernsthaftem Schutz. Perfekt f\u00fcr Motorradh\u00e4ndler, Ausr\u00fcstungsgro\u00dfh\u00e4ndler und Fahrer, die elegante, robuste und CE-konforme Handschuhe f\u00fcr den t\u00e4glichen Gebrauch oder f\u00fcr hohe Geschwindigkeiten suchen.<\/p>","protected":false},"featured_media":9300,"comment_status":"closed","ping_status":"closed","template":"","meta":[],"product_brand":[35],"product_cat":[1111,380,122,68],"product_tag":[389,390,391,392,393,394,395,396,397,398,399,400,401,402,403],"class_list":{"0":"post-9205","1":"product","2":"type-product","3":"status-publish","4":"has-post-thumbnail","6":"product_brand-ryinz","7":"product_cat-motorbike","8":"product_cat-motorbike-gloves","9":"product_cat-motorbike-racing-gloves","10":"product_cat-ryinz","11":"product_tag-anti-slip-grip-gloves-for-riding-and-climbing","12":"product_tag-black-tactical-gloves-for-distributors-and-oems","13":"product_tag-ce-grade-gloves-with-impact-protection","14":"product_tag-cowhide-goat-sheep-leather-tactical-gloves","15":"product_tag-customizable-lining-tactical-gloves-for-all-weather","16":"product_tag-full-finger-motorcycle-gloves-with-hard-shell","17":"product_tag-leather-gloves-for-military-and-patrol-gear","18":"product_tag-lightweight-leather-gloves-for-b2b-buyers","19":"product_tag-multi-purpose-gloves-for-tactical-retail","20":"product_tag-protective-gloves-for-airsoft-and-police-use","21":"product_tag-reinforced-gloves-for-mechanical-use","22":"product_tag-ryinz-motorcycle-gloves-with-mesh-ventilation","23":"product_tag-summer-breathable-gloves-with-mesh-zones","24":"product_tag-tactical-leather-gloves-with-knuckle-armor","25":"product_tag-wholesale-riding-gloves-with-finger-protection","27":"first","28":"instock","29":"taxable","30":"shipping-taxable","31":"purchasable","32":"product-type-simple"},"_links":{"self":[{"href":"https:\/\/ryinz.cz\/velkoobchod\/de\/wp-json\/wp\/v2\/product\/9205","targetHints":{"allow":["GET"]}}],"collection":[{"href":"https:\/\/ryinz.cz\/velkoobchod\/de\/wp-json\/wp\/v2\/product"}],"about":[{"href":"https:\/\/ryinz.cz\/velkoobchod\/de\/wp-json\/wp\/v2\/types\/product"}],"replies":[{"embeddable":true,"href":"https:\/\/ryinz.cz\/velkoobchod\/de\/wp-json\/wp\/v2\/comments?post=9205"}],"wp:featuredmedia":[{"embeddable":true,"href":"https:\/\/ryinz.cz\/velkoobchod\/de\/wp-json\/wp\/v2\/media\/9300"}],"wp:attachment":[{"href":"https:\/\/ryinz.cz\/velkoobchod\/de\/wp-json\/wp\/v2\/media?parent=9205"}],"wp:term":[{"taxonomy":"product_brand","embeddable":true,"href":"https:\/\/ryinz.cz\/velkoobchod\/de\/wp-json\/wp\/v2\/product_brand?post=9205"},{"taxonomy":"product_cat","embeddable":true,"href":"https:\/\/ryinz.cz\/velkoobchod\/de\/wp-json\/wp\/v2\/product_cat?post=9205"},{"taxonomy":"product_tag","embeddable":true,"href":"https:\/\/ryinz.cz\/velkoobchod\/de\/wp-json\/wp\/v2\/product_tag?post=9205"}],"curies":[{"name":"wp","href":"https:\/\/api.w.org\/{rel}","templated":true}]}}