{"id":9203,"date":"2025-06-22T15:32:55","date_gmt":"2025-06-22T15:32:55","guid":{"rendered":"https:\/\/ryinz.cz\/velkoobchod\/?post_type=product&#038;p=9203"},"modified":"2026-01-18T20:18:18","modified_gmt":"2026-01-18T20:18:18","slug":"ryinz-vollleder-rennhandschuhe-fur-den-groshandel-mit-rindslederverstarkung-und-knochelschutz-aus-tpu","status":"publish","type":"product","link":"https:\/\/ryinz.cz\/velkoobchod\/de\/product\/ryinz-full-leather-racing-gloves-for-wholesale-retail-with-cowhide-reinforcements-and-tpu-knuckle-protection\/","title":{"rendered":"RYINZ Vollleder-Rennhandschuhe f\u00fcr Gro\u00df- und Einzelhandel mit Rindsleder-Verst\u00e4rkungen und TPU-Kn\u00f6chelschutz"},"content":{"rendered":"<p data-start=\"822\" data-end=\"931\"><strong data-start=\"822\" data-end=\"931\">RYINZ Premium-Rennsport-Lederhandschuhe - High-End-Schutz f\u00fcr Motorsport-H\u00e4ndler und Profi-Fahrer<\/strong><\/p>\n<p data-start=\"933\" data-end=\"1236\">Wenn es um Rennbekleidung geht, verlangen die Fahrer Leistung, Pr\u00e4zision und Schutz. Die <strong data-start=\"1021\" data-end=\"1057\">RYINZ Vollleder-Rennhandschuhe<\/strong> wurden entwickelt, um die Erwartungen mit einer einzigartigen Mischung aus hochwertigen Materialien, anatomischem Design und flexiblem Komfort zu \u00fcbertreffen - und das alles unterst\u00fctzt durch das Engagement von RYINZ f\u00fcr hochwertige Handwerkskunst.<\/p>\n<p data-start=\"1238\" data-end=\"1387\">Dieses Modell ist besonders empfehlenswert f\u00fcr Motorradausr\u00fcstungsgesch\u00e4fte, B2B-Gro\u00dfh\u00e4ndler und Sicherheitsverteiler, die auf Premiumm\u00e4rkte in Europa und im Ausland abzielen.<\/p>\n<hr data-start=\"1389\" data-end=\"1392\" \/>\n<p data-start=\"1394\" data-end=\"1723\"><strong data-start=\"1394\" data-end=\"1454\">Vollnarbiges Anilin-Ziegenleder - leicht und geschmeidig<\/strong><br data-start=\"1454\" data-end=\"1457\" \/>Die Handschuhe sind konstruiert mit <strong data-start=\"1489\" data-end=\"1513\">Anilin-Ziegenleder<\/strong>, Das Material wurde wegen seiner au\u00dfergew\u00f6hnlichen Weichheit, Flexibilit\u00e4t und Verschlei\u00dffestigkeit ausgew\u00e4hlt. Die glatte Oberfl\u00e4che sorgt f\u00fcr eine nat\u00fcrliche Bewegung der Hand, was f\u00fcr Rennsportumgebungen, in denen schnelle Reaktion und Drosselklappensteuerung entscheidend sind, unerl\u00e4sslich ist.<\/p>\n<hr data-start=\"1725\" data-end=\"1728\" \/>\n<p data-start=\"1730\" data-end=\"2081\"><strong data-start=\"1730\" data-end=\"1788\">Rindsleder-Verst\u00e4rkungen - Strategisches Ringdesign<\/strong><br data-start=\"1788\" data-end=\"1791\" \/>Die Handschuhe enthalten folgende Komponenten, um die Festigkeit in besonders belasteten Bereichen zu erh\u00f6hen <strong data-start=\"1853\" data-end=\"1895\">Ring-Design Rindsleder-Verst\u00e4rkungen<\/strong> sowohl auf der Handfl\u00e4che als auch auf den Fingern. Diese stilvollen Verst\u00e4rkungen sorgen f\u00fcr zus\u00e4tzliche Haltbarkeit und doppelte Sicherheit, ohne dass die Handschuhe zu dick auftragen, wodurch sie sich ideal f\u00fcr langes Tragen bei Rennen oder Touren eignen.<\/p>\n<p data-start=\"2083\" data-end=\"2206\">Das strukturierte Ledermuster ist nicht nur ein optischer Leckerbissen, sondern sorgt auch f\u00fcr eine subtile Griffkontrolle an den Fingern und in der Handfl\u00e4che.<\/p>\n<hr data-start=\"2208\" data-end=\"2211\" \/>\n<p data-start=\"2213\" data-end=\"2542\"><strong data-start=\"2213\" data-end=\"2267\">TPU Kn\u00f6chelprotektoren - Leichte Aufprallsicherheit<\/strong><br data-start=\"2267\" data-end=\"2270\" \/>Jeder Handschuh ist ausgestattet mit <strong data-start=\"2298\" data-end=\"2324\">TPU Kn\u00f6chelprotektoren<\/strong>, Die Protektoren sind strategisch geformt, um direkte Schl\u00e4ge zu absorbieren und das Risiko von Gelenkverletzungen zu verringern. Die Protektoren sind nahtlos in die Handschuhschale integriert, um eine schlanke Rennsport\u00e4sthetik zu erhalten und gleichzeitig echten Schutz zu bieten.<\/p>\n<hr data-start=\"2544\" data-end=\"2547\" \/>\n<p data-start=\"2549\" data-end=\"2871\"><strong data-start=\"2549\" data-end=\"2611\">Komfortorientiertes Design - Leichte Polsterung und Nahtdetails<\/strong><br data-start=\"2611\" data-end=\"2614\" \/>Die Handschuhe umfassen <strong data-start=\"2633\" data-end=\"2659\">leichte Innenpolsterung<\/strong>, Der Handschuh wurde entwickelt, um Vibrationen zu reduzieren, ohne das Gef\u00fchl f\u00fcr das Motorrad zu beeintr\u00e4chtigen. Alle N\u00e4hte sind mit rennsporttauglichem Garn gen\u00e4ht, und die Kanten sind sorgf\u00e4ltig geformt, um Reibung zu vermeiden und die Passform des Handschuhs zu verbessern.<\/p>\n<p data-start=\"2873\" data-end=\"2986\">Diese Mischung aus Komfort und Verst\u00e4rkung macht diese Handschuhe ideal f\u00fcr Hochgeschwindigkeitsfahrten und ausgedehnte Touren.<\/p>\n<hr data-start=\"2988\" data-end=\"2991\" \/>\n<p data-start=\"2993\" data-end=\"3252\"><strong data-start=\"2993\" data-end=\"3027\">Sicherer Verschluss &amp; volle Abdeckung<\/strong><br data-start=\"3027\" data-end=\"3030\" \/>Die verl\u00e4ngerte Manschette ist mit verst\u00e4rkten Handgelenkteilen und <strong data-start=\"3085\" data-end=\"3114\">Mit Klettverschluss verstellbarer Verschluss<\/strong> f\u00fcr eine eng anliegende, winddichte Passform. Dies stellt sicher, dass die Handschuhe unter intensivem Fahrdruck an Ort und Stelle bleiben und gleichzeitig das Eindringen von Wind und Schmutz verhindern.<\/p>\n<hr data-start=\"3254\" data-end=\"3257\" \/>\n<p data-start=\"3259\" data-end=\"3277\"><strong data-start=\"3259\" data-end=\"3275\">Perfekt f\u00fcr:<\/strong><\/p>\n<ul data-start=\"3278\" data-end=\"3518\">\n<li data-start=\"3278\" data-end=\"3316\">\n<p data-start=\"3280\" data-end=\"3316\">Motorradrennteams und Fahrer<\/p>\n<\/li>\n<li data-start=\"3317\" data-end=\"3352\">\n<p data-start=\"3319\" data-end=\"3352\">Einzelh\u00e4ndler f\u00fcr Hochleistungsbekleidung<\/p>\n<\/li>\n<li data-start=\"3353\" data-end=\"3386\">\n<p data-start=\"3355\" data-end=\"3386\">OEM-Motorsport-Handschuhprogramme<\/p>\n<\/li>\n<li data-start=\"3387\" data-end=\"3429\">\n<p data-start=\"3389\" data-end=\"3429\">Private-Label-Rennhandschuh-Kollektionen<\/p>\n<\/li>\n<li data-start=\"3430\" data-end=\"3466\">\n<p data-start=\"3432\" data-end=\"3466\">EU-konforme Gro\u00dfhandelslieferanten<\/p>\n<\/li>\n<li data-start=\"3467\" data-end=\"3518\">\n<p data-start=\"3469\" data-end=\"3518\">Pendler, die hochwertige Leder-Reithandschuhe ben\u00f6tigen<\/p>\n<\/li>\n<\/ul>\n<hr data-start=\"3520\" data-end=\"3523\" \/>\n<p data-start=\"3525\" data-end=\"3550\"><strong data-start=\"3525\" data-end=\"3548\">Produkt-Highlights:<\/strong><\/p>\n<ul data-start=\"3551\" data-end=\"3945\">\n<li data-start=\"3551\" data-end=\"3593\">\n<p data-start=\"3553\" data-end=\"3593\">Voll-Anilin-Ziegenleder-Konstruktion<\/p>\n<\/li>\n<li data-start=\"3594\" data-end=\"3656\">\n<p data-start=\"3596\" data-end=\"3656\">Ringdesign Rindslederverst\u00e4rkungen an Handfl\u00e4che und Fingern<\/p>\n<\/li>\n<li data-start=\"3657\" data-end=\"3712\">\n<p data-start=\"3659\" data-end=\"3712\">Integrierte TPU-Kn\u00f6chelsch\u00fctzer f\u00fcr Aufprallschutz<\/p>\n<\/li>\n<li data-start=\"3713\" data-end=\"3754\">\n<p data-start=\"3715\" data-end=\"3754\">Leichte Polsterung zur Vibrationsd\u00e4mpfung<\/p>\n<\/li>\n<li data-start=\"3755\" data-end=\"3794\">\n<p data-start=\"3757\" data-end=\"3794\">Ergonomisch geformte Finger im Rennstil<\/p>\n<\/li>\n<li data-start=\"3795\" data-end=\"3834\">\n<p data-start=\"3797\" data-end=\"3834\">Lange Manschette mit sicherem Verschluss am Handgelenk<\/p>\n<\/li>\n<li data-start=\"3835\" data-end=\"3894\">\n<p data-start=\"3837\" data-end=\"3894\">Schwarz-auf-Schwarz mit \u201cRYINZ\u201d- und \u201cRACE EDITION\u201d-Branding<\/p>\n<\/li>\n<li data-start=\"3895\" data-end=\"3945\">\n<p data-start=\"3897\" data-end=\"3945\">Hochwertige Materialien f\u00fcr professionelle Leistung<\/p>\n<\/li>\n<\/ul>\n<p data-start=\"3947\" data-end=\"4182\">Diese Handschuhe bieten Unterst\u00fctzung auf h\u00f6chstem Niveau mit einer einzigartigen Mischung aus Schutz und Stil. Egal, ob Sie ein Motorsport-H\u00e4ndler oder ein professionelles Rennteam sind, die <strong data-start=\"4110\" data-end=\"4146\">RYINZ Vollleder-Rennhandschuhe<\/strong> wird Ihre Handschuhsammlung aufwerten.<\/p>","protected":false},"excerpt":{"rendered":"<p>Die RYINZ Rennhandschuhe aus schwarzem Leder sind aus Anilin-Ziegenleder mit Verst\u00e4rkungen aus Rindsleder und TPU-Kn\u00f6chelverst\u00e4rkung gefertigt. Diese Handschuhe sind auf Haltbarkeit und Flexibilit\u00e4t ausgelegt und verf\u00fcgen \u00fcber eine leichte Innenpolsterung, Fingereins\u00e4tze im Ringdesign und sichere N\u00e4hte f\u00fcr Hochleistungsfahrten. Diese Handschuhe wurden f\u00fcr die Bed\u00fcrfnisse von Rennsportlern, Pendlern und Sicherheitsausr\u00fcstern in ganz Europa entwickelt und bieten erstklassigen Komfort und Schutzfunktionen.<\/p>","protected":false},"featured_media":9298,"comment_status":"closed","ping_status":"closed","template":"","meta":[],"product_brand":[35],"product_cat":[1111,380,122,68],"product_tag":[389,390,391,392,393,394,395,396,397,398,399,400,401,402,403],"class_list":{"0":"post-9203","1":"product","2":"type-product","3":"status-publish","4":"has-post-thumbnail","6":"product_brand-ryinz","7":"product_cat-motorbike","8":"product_cat-motorbike-gloves","9":"product_cat-motorbike-racing-gloves","10":"product_cat-ryinz","11":"product_tag-anti-slip-grip-gloves-for-riding-and-climbing","12":"product_tag-black-tactical-gloves-for-distributors-and-oems","13":"product_tag-ce-grade-gloves-with-impact-protection","14":"product_tag-cowhide-goat-sheep-leather-tactical-gloves","15":"product_tag-customizable-lining-tactical-gloves-for-all-weather","16":"product_tag-full-finger-motorcycle-gloves-with-hard-shell","17":"product_tag-leather-gloves-for-military-and-patrol-gear","18":"product_tag-lightweight-leather-gloves-for-b2b-buyers","19":"product_tag-multi-purpose-gloves-for-tactical-retail","20":"product_tag-protective-gloves-for-airsoft-and-police-use","21":"product_tag-reinforced-gloves-for-mechanical-use","22":"product_tag-ryinz-motorcycle-gloves-with-mesh-ventilation","23":"product_tag-summer-breathable-gloves-with-mesh-zones","24":"product_tag-tactical-leather-gloves-with-knuckle-armor","25":"product_tag-wholesale-riding-gloves-with-finger-protection","27":"first","28":"instock","29":"taxable","30":"shipping-taxable","31":"purchasable","32":"product-type-simple"},"_links":{"self":[{"href":"https:\/\/ryinz.cz\/velkoobchod\/de\/wp-json\/wp\/v2\/product\/9203","targetHints":{"allow":["GET"]}}],"collection":[{"href":"https:\/\/ryinz.cz\/velkoobchod\/de\/wp-json\/wp\/v2\/product"}],"about":[{"href":"https:\/\/ryinz.cz\/velkoobchod\/de\/wp-json\/wp\/v2\/types\/product"}],"replies":[{"embeddable":true,"href":"https:\/\/ryinz.cz\/velkoobchod\/de\/wp-json\/wp\/v2\/comments?post=9203"}],"wp:featuredmedia":[{"embeddable":true,"href":"https:\/\/ryinz.cz\/velkoobchod\/de\/wp-json\/wp\/v2\/media\/9298"}],"wp:attachment":[{"href":"https:\/\/ryinz.cz\/velkoobchod\/de\/wp-json\/wp\/v2\/media?parent=9203"}],"wp:term":[{"taxonomy":"product_brand","embeddable":true,"href":"https:\/\/ryinz.cz\/velkoobchod\/de\/wp-json\/wp\/v2\/product_brand?post=9203"},{"taxonomy":"product_cat","embeddable":true,"href":"https:\/\/ryinz.cz\/velkoobchod\/de\/wp-json\/wp\/v2\/product_cat?post=9203"},{"taxonomy":"product_tag","embeddable":true,"href":"https:\/\/ryinz.cz\/velkoobchod\/de\/wp-json\/wp\/v2\/product_tag?post=9203"}],"curies":[{"name":"wp","href":"https:\/\/api.w.org\/{rel}","templated":true}]}}