{"id":9202,"date":"2025-06-22T15:32:54","date_gmt":"2025-06-22T15:32:54","guid":{"rendered":"https:\/\/ryinz.cz\/velkoobchod\/?post_type=product&#038;p=9202"},"modified":"2026-01-18T20:18:17","modified_gmt":"2026-01-18T20:18:17","slug":"ryinz-reisverschlussstulpe-motorradhandschuhe-mit-silikonhandflache-tpu-knochelpanzer-reflektierende-paspeln-fur-groshandel","status":"publish","type":"product","link":"https:\/\/ryinz.cz\/velkoobchod\/de\/product\/ryinz-zipper-cuff-motorcycle-gloves-with-silicone-palm-grip-tpu-knuckle-armor-reflective-piping-for-wholesale\/","title":{"rendered":"RYINZ Zipper Cuff Motorradhandschuhe mit Silikon Palm Grip, TPU Knuckle Armor &amp; reflektierende Paspelierung f\u00fcr den Gro\u00dfhandel"},"content":{"rendered":"<p data-start=\"807\" data-end=\"916\"><strong data-start=\"807\" data-end=\"916\">RYINZ Motorradhandschuhe mit Rei\u00dfverschluss und Silikongriff - Hochsicherheits-Innovation f\u00fcr Motorradfahrer und B2B-K\u00e4ufer<\/strong><\/p>\n<p data-start=\"918\" data-end=\"1225\">F\u00fcr Fahrer, die modernes Design und intelligente Funktionalit\u00e4t sch\u00e4tzen, <strong data-start=\"983\" data-end=\"1024\">RYINZ's Motorradhandschuhe mit Rei\u00dfverschlussstulpe<\/strong> bieten sowohl Leistung als auch Stil. Diese Handschuhe sind ideal f\u00fcr den t\u00e4glichen Arbeitsweg, Langstreckentouren oder leichte taktische Eins\u00e4tze und bieten eine leichte, sch\u00fctzende L\u00f6sung, ohne dabei an Griffigkeit oder Fingerfertigkeit einzub\u00fc\u00dfen.<\/p>\n<p data-start=\"1227\" data-end=\"1406\">Ganz gleich, ob Sie Motorradh\u00e4ndler oder Auslieferungsfahrer mit Handschuhen versorgen oder Ihren B2B-Gro\u00dfhandelskatalog erweitern m\u00f6chten, dieses Modell ist eine vielseitige Wahl mit herausragenden Eigenschaften.<\/p>\n<hr data-start=\"1408\" data-end=\"1411\" \/>\n<p data-start=\"1413\" data-end=\"1778\"><strong data-start=\"1413\" data-end=\"1464\">Handfl\u00e4che aus Synthetikleder mit Silikongriffaufdruck<\/strong><br data-start=\"1464\" data-end=\"1467\" \/>Die Handfl\u00e4che ist aus strapazierf\u00e4higem <strong data-start=\"1497\" data-end=\"1518\">Kunstleder<\/strong>, Er ist so konzipiert, dass er Abrieb und wiederholter Reibung standh\u00e4lt. Um die Griffigkeit und Griffkontrolle zu verbessern, ist es bedruckt mit <strong data-start=\"1628\" data-end=\"1653\">Akzente in der Handfl\u00e4che aus Silikon<\/strong>, Der Fahrer erh\u00e4lt mehr Pr\u00e4zision bei der Bedienung von Gaspedalen, Bremshebeln oder mobilen Ger\u00e4ten. Ideal f\u00fcr Fahrten in der Stadt und auf der Autobahn.<\/p>\n<hr data-start=\"1780\" data-end=\"1783\" \/>\n<p data-start=\"1785\" data-end=\"2091\"><strong data-start=\"1785\" data-end=\"1825\">TPU-Schutz mit gepolsterter Handfl\u00e4chenzone<\/strong><br data-start=\"1825\" data-end=\"1828\" \/>Eingebaut <strong data-start=\"1837\" data-end=\"1863\">TPU Kn\u00f6chelprotektoren<\/strong> die am meisten gef\u00e4hrdeten Handgelenke vor St\u00f6\u00dfen sch\u00fctzen, w\u00e4hrend zus\u00e4tzliche <strong data-start=\"1928\" data-end=\"1944\">Schaumstoffpolsterung<\/strong> in der Handfl\u00e4che d\u00e4mpft die Vibrationen und erh\u00f6ht den Langzeitkomfort. Diese Eigenschaften machen diesen Handschuh sowohl f\u00fcr den Stadtverkehr als auch f\u00fcr das Gel\u00e4nde geeignet.<\/p>\n<hr data-start=\"2093\" data-end=\"2096\" \/>\n<p data-start=\"2098\" data-end=\"2391\"><strong data-start=\"2098\" data-end=\"2148\">Stretch R\u00fccken mit Anilin Leder Finger Panel<\/strong><br data-start=\"2148\" data-end=\"2151\" \/>Die R\u00fcckseite des Handschuhs besteht aus <strong data-start=\"2189\" data-end=\"2217\">hochflexibles Stretchgewebe<\/strong>, die f\u00fcr Luftstrom und Bewegungsfreiheit sorgt. Die Finger sind verst\u00e4rkt mit <strong data-start=\"2299\" data-end=\"2325\">Anilinlederplatten<\/strong>, und bietet dem Fahrer eine erh\u00f6hte Haltbarkeit und einen erstklassigen Touch.<\/p>\n<hr data-start=\"2393\" data-end=\"2396\" \/>\n<p data-start=\"2398\" data-end=\"2690\"><strong data-start=\"2398\" data-end=\"2437\">Rei\u00dfverschlu\u00dfmanschette f\u00fcr sicheren Verschlu\u00df<\/strong><br data-start=\"2437\" data-end=\"2440\" \/>Im Gegensatz zu herk\u00f6mmlichen Handschuhen, die nur einen Klettverschluss haben, ist dieses Modell mit einem <strong data-start=\"2501\" data-end=\"2540\">durchgehender Rei\u00dfverschluss an der hinteren Manschette<\/strong>, und bietet eine sichere und stromlinienf\u00f6rmige Passform. Fahrer k\u00f6nnen den Handschuh schnell an- und ausziehen, w\u00e4hrend sie zus\u00e4tzlichen Schutz am Handgelenk genie\u00dfen, um Wind und Feuchtigkeit abzuhalten.<\/p>\n<hr data-start=\"2692\" data-end=\"2695\" \/>\n<p data-start=\"2697\" data-end=\"2987\"><strong data-start=\"2697\" data-end=\"2743\">Reflektierende Paspeln f\u00fcr Sichtbarkeit bei schlechten Lichtverh\u00e4ltnissen<\/strong><br data-start=\"2743\" data-end=\"2746\" \/>Zur Verbesserung der Sichtbarkeit bei Nacht oder schlechten Lichtverh\u00e4ltnissen, <strong data-start=\"2806\" data-end=\"2827\">reflektierende Paspel<\/strong> verl\u00e4uft entlang der Manschette, so dass die Handbewegungen des Fahrers f\u00fcr andere Fahrer besser erkennbar sind. Ein wichtiges Sicherheitsmerkmal, insbesondere f\u00fcr Pendler und Winterfahrer.<\/p>\n<hr data-start=\"2989\" data-end=\"2992\" \/>\n<p data-start=\"2994\" data-end=\"3245\"><strong data-start=\"2994\" data-end=\"3032\">Klettband f\u00fcr individuelle Anpassung<\/strong><br data-start=\"3032\" data-end=\"3035\" \/>Zus\u00e4tzlich zur Rei\u00dfverschlussmanschette verf\u00fcgt der Handschuh \u00fcber eine <strong data-start=\"3088\" data-end=\"3110\">Klettverschluss am Handgelenk<\/strong> f\u00fcr zus\u00e4tzliche Verstellbarkeit und Unterst\u00fctzung des Handgelenks. Dieses hybride Verschlusssystem sorgt f\u00fcr Komfort und Sicherheit, auch unter Handschuhen oder Jacken.<\/p>\n<hr data-start=\"3247\" data-end=\"3250\" \/>\n<p data-start=\"3252\" data-end=\"3286\"><strong data-start=\"3252\" data-end=\"3284\">Ideale K\u00e4ufer und Anwendungen:<\/strong><\/p>\n<ul data-start=\"3287\" data-end=\"3530\">\n<li data-start=\"3287\" data-end=\"3319\">\n<p data-start=\"3289\" data-end=\"3319\">Einzelh\u00e4ndler f\u00fcr Motorradbekleidung<\/p>\n<\/li>\n<li data-start=\"3320\" data-end=\"3353\">\n<p data-start=\"3322\" data-end=\"3353\">Online-Motorradausr\u00fcstungsgesch\u00e4fte<\/p>\n<\/li>\n<li data-start=\"3354\" data-end=\"3381\">\n<p data-start=\"3356\" data-end=\"3381\">Gro\u00dfh\u00e4ndler f\u00fcr Sicherheitsausr\u00fcstung<\/p>\n<\/li>\n<li data-start=\"3382\" data-end=\"3409\">\n<p data-start=\"3384\" data-end=\"3409\">OEM-Handschuhhersteller<\/p>\n<\/li>\n<li data-start=\"3410\" data-end=\"3445\">\n<p data-start=\"3412\" data-end=\"3445\">Ganzj\u00e4hrige Motorrad-Pendler<\/p>\n<\/li>\n<li data-start=\"3446\" data-end=\"3489\">\n<p data-start=\"3448\" data-end=\"3489\">Profis f\u00fcr taktisches und urbanes Fahren<\/p>\n<\/li>\n<li data-start=\"3490\" data-end=\"3530\">\n<p data-start=\"3492\" data-end=\"3530\">Lieferfahrer und E-Bike-Unternehmen<\/p>\n<\/li>\n<\/ul>\n<hr data-start=\"3532\" data-end=\"3535\" \/>\n<p data-start=\"3537\" data-end=\"3568\"><strong data-start=\"3537\" data-end=\"3566\">Produktmerkmale Zusammenfassung:<\/strong><\/p>\n<ul data-start=\"3569\" data-end=\"3998\">\n<li data-start=\"3569\" data-end=\"3620\">\n<p data-start=\"3571\" data-end=\"3620\">Handfl\u00e4che aus Kunstleder mit Silikongriffzonen<\/p>\n<\/li>\n<li data-start=\"3621\" data-end=\"3669\">\n<p data-start=\"3623\" data-end=\"3669\">Elastischer R\u00fcckenstoff f\u00fcr Bewegung und Luftzirkulation<\/p>\n<\/li>\n<li data-start=\"3670\" data-end=\"3717\">\n<p data-start=\"3672\" data-end=\"3717\">TPU Kn\u00f6chelpanzer mit Schaumstoffhandfl\u00e4chenschutz<\/p>\n<\/li>\n<li data-start=\"3718\" data-end=\"3766\">\n<p data-start=\"3720\" data-end=\"3766\">Fingereins\u00e4tze aus Anilinleder f\u00fcr lange Haltbarkeit<\/p>\n<\/li>\n<li data-start=\"3767\" data-end=\"3816\">\n<p data-start=\"3769\" data-end=\"3816\">Reflektierende Paspeln f\u00fcr Sichtbarkeit bei Nachtfahrten<\/p>\n<\/li>\n<li data-start=\"3817\" data-end=\"3856\">\n<p data-start=\"3819\" data-end=\"3856\">Manschette mit Rei\u00dfverschluss und Klettverschluss am Handgelenk<\/p>\n<\/li>\n<li data-start=\"3857\" data-end=\"3894\">\n<p data-start=\"3859\" data-end=\"3894\">Leichtes und dennoch sch\u00fctzendes Design<\/p>\n<\/li>\n<li data-start=\"3895\" data-end=\"3950\">\n<p data-start=\"3897\" data-end=\"3950\">Moderne Schwarz-auf-Schwarz-\u00c4sthetik mit RYINZ-Branding<\/p>\n<\/li>\n<li data-start=\"3951\" data-end=\"3998\">\n<p data-start=\"3953\" data-end=\"3998\">Ideal f\u00fcr den Einsatz im Fr\u00fchjahr, Herbst und milden Winter<\/p>\n<\/li>\n<\/ul>\n<p data-start=\"4000\" data-end=\"4230\">Die <strong data-start=\"4004\" data-end=\"4043\">RYINZ Motorradhandschuhe mit Rei\u00dfverschlussstulpe<\/strong> bieten topaktuelles Design, hervorragenden Schutz und kommerzielle Attraktivit\u00e4t f\u00fcr eine Vielzahl von Fahrern und Gesch\u00e4ftskunden. Perfekt, um Ihr Gesch\u00e4ft zu best\u00fccken oder eine neue Ausr\u00fcstungslinie einzuf\u00fchren.<\/p>","protected":false},"excerpt":{"rendered":"<p>Diese RYINZ-Motorradhandschuhe kombinieren Funktion und Form mit einer Handfl\u00e4che aus Kunstleder, Silikon-Grip-Print, TPU-Kn\u00f6chelpanzerung und einem Rei\u00dfverschluss auf der R\u00fcckseite der Manschette f\u00fcr einen sicheren, stilvollen Sitz. Ausgestattet mit einem Stretch-Stoffr\u00fccken, Anilinleder-Fingereins\u00e4tzen, einer gepolsterten Handfl\u00e4chenverst\u00e4rkung und reflektierenden Paspeln f\u00fcr bessere Sichtbarkeit sind diese Handschuhe f\u00fcr das ganzj\u00e4hrige Fahren konzipiert. Ideal f\u00fcr Gro\u00dfh\u00e4ndler und Einzelh\u00e4ndler f\u00fcr Sicherheitsausr\u00fcstung, die bei jedem Handschuh Qualit\u00e4t und Innovation verlangen.<\/p>","protected":false},"featured_media":9297,"comment_status":"closed","ping_status":"closed","template":"","meta":[],"product_brand":[35],"product_cat":[1111,380,122,68],"product_tag":[389,390,391,392,393,394,395,396,397,398,399,400,401,402,403],"class_list":{"0":"post-9202","1":"product","2":"type-product","3":"status-publish","4":"has-post-thumbnail","6":"product_brand-ryinz","7":"product_cat-motorbike","8":"product_cat-motorbike-gloves","9":"product_cat-motorbike-racing-gloves","10":"product_cat-ryinz","11":"product_tag-anti-slip-grip-gloves-for-riding-and-climbing","12":"product_tag-black-tactical-gloves-for-distributors-and-oems","13":"product_tag-ce-grade-gloves-with-impact-protection","14":"product_tag-cowhide-goat-sheep-leather-tactical-gloves","15":"product_tag-customizable-lining-tactical-gloves-for-all-weather","16":"product_tag-full-finger-motorcycle-gloves-with-hard-shell","17":"product_tag-leather-gloves-for-military-and-patrol-gear","18":"product_tag-lightweight-leather-gloves-for-b2b-buyers","19":"product_tag-multi-purpose-gloves-for-tactical-retail","20":"product_tag-protective-gloves-for-airsoft-and-police-use","21":"product_tag-reinforced-gloves-for-mechanical-use","22":"product_tag-ryinz-motorcycle-gloves-with-mesh-ventilation","23":"product_tag-summer-breathable-gloves-with-mesh-zones","24":"product_tag-tactical-leather-gloves-with-knuckle-armor","25":"product_tag-wholesale-riding-gloves-with-finger-protection","27":"first","28":"instock","29":"taxable","30":"shipping-taxable","31":"purchasable","32":"product-type-simple"},"_links":{"self":[{"href":"https:\/\/ryinz.cz\/velkoobchod\/de\/wp-json\/wp\/v2\/product\/9202","targetHints":{"allow":["GET"]}}],"collection":[{"href":"https:\/\/ryinz.cz\/velkoobchod\/de\/wp-json\/wp\/v2\/product"}],"about":[{"href":"https:\/\/ryinz.cz\/velkoobchod\/de\/wp-json\/wp\/v2\/types\/product"}],"replies":[{"embeddable":true,"href":"https:\/\/ryinz.cz\/velkoobchod\/de\/wp-json\/wp\/v2\/comments?post=9202"}],"wp:featuredmedia":[{"embeddable":true,"href":"https:\/\/ryinz.cz\/velkoobchod\/de\/wp-json\/wp\/v2\/media\/9297"}],"wp:attachment":[{"href":"https:\/\/ryinz.cz\/velkoobchod\/de\/wp-json\/wp\/v2\/media?parent=9202"}],"wp:term":[{"taxonomy":"product_brand","embeddable":true,"href":"https:\/\/ryinz.cz\/velkoobchod\/de\/wp-json\/wp\/v2\/product_brand?post=9202"},{"taxonomy":"product_cat","embeddable":true,"href":"https:\/\/ryinz.cz\/velkoobchod\/de\/wp-json\/wp\/v2\/product_cat?post=9202"},{"taxonomy":"product_tag","embeddable":true,"href":"https:\/\/ryinz.cz\/velkoobchod\/de\/wp-json\/wp\/v2\/product_tag?post=9202"}],"curies":[{"name":"wp","href":"https:\/\/api.w.org\/{rel}","templated":true}]}}