{"id":9201,"date":"2025-06-22T15:32:53","date_gmt":"2025-06-22T15:32:53","guid":{"rendered":"https:\/\/ryinz.cz\/velkoobchod\/?post_type=product&#038;p=9201"},"modified":"2026-01-18T20:18:16","modified_gmt":"2026-01-18T20:18:16","slug":"ryinz-rennsport-leder-motorradhandschuhe-fur-groshandel-einzelhandel-mit-hipora-einsatz-zip-stulpe-fiberfill-futter","status":"publish","type":"product","link":"https:\/\/ryinz.cz\/velkoobchod\/de\/product\/ryinz-racing-leather-motorcycle-gloves-for-wholesale-retail-with-hipora-insert-zip-cuff-fiberfill-lining\/","title":{"rendered":"RYINZ Motorradhandschuhe aus Leder f\u00fcr den Gro\u00df- und Einzelhandel mit HIPORA-Einsatz, Rei\u00dfverschlussstulpe und Fiberfill-Futter"},"content":{"rendered":"<p data-start=\"792\" data-end=\"894\"><strong data-start=\"792\" data-end=\"894\">RYINZ Performance Racing Lederhandschuhe - Hochgeschwindigkeits-Sicherheit f\u00fcr Motorsport-H\u00e4ndler &amp; B2B-K\u00e4ufer<\/strong><\/p>\n<p data-start=\"896\" data-end=\"1226\">Entwickelt f\u00fcr Fahrer, die auf Geschwindigkeit, Kontrolle und Schutz in Meisterschaftsqualit\u00e4t Wert legen, ist der <strong data-start=\"985\" data-end=\"1016\">RYINZ Racing Lederhandschuhe<\/strong> sind f\u00fcr professionelle Rennfahrer und Leistungsenthusiasten konzipiert. Dieser Handschuh ist ein Bestseller-Kandidat f\u00fcr Einzelh\u00e4ndler, B2B-K\u00e4ufer und Rennsportausr\u00fcster, die auf den Markt f\u00fcr hochwertiges Motorradzubeh\u00f6r abzielen.<\/p>\n<p data-start=\"1228\" data-end=\"1383\">Ganz gleich, ob Sie ein Motorsportteam ausstatten oder Ihren E-Shop mit hochwertigen Lederkleidungsteilen versorgen wollen, dieses Produkt bietet Qualit\u00e4t, Funktion und Attraktivit\u00e4t in einem.<\/p>\n<hr data-start=\"1385\" data-end=\"1388\" \/>\n<p data-start=\"1390\" data-end=\"1678\"><strong data-start=\"1390\" data-end=\"1422\">Konstruktion aus echtem Leder<\/strong><br data-start=\"1422\" data-end=\"1425\" \/>Diese Handschuhe sind gefertigt aus <strong data-start=\"1455\" data-end=\"1474\">Echtes Leder<\/strong>, Das Material wurde aufgrund seiner nat\u00fcrlichen Flexibilit\u00e4t, Abriebfestigkeit und Widerstandsf\u00e4higkeit bei hohen Geschwindigkeiten ausgew\u00e4hlt. Verst\u00e4rkte Paneele und pr\u00e4zisionsgen\u00e4hte N\u00e4hte sorgen f\u00fcr zus\u00e4tzliche Festigkeit, ohne die Passform zu beeintr\u00e4chtigen.<\/p>\n<p data-start=\"1680\" data-end=\"1823\">Das ganz in Schwarz-Wei\u00df gehaltene, vom Rennen inspirierte Design bietet einen <strong data-start=\"1736\" data-end=\"1751\">optische Kante<\/strong>, perfekt f\u00fcr High-Performance-Kollektionen und Gesch\u00e4fte mit Rennsportbekleidung.<\/p>\n<hr data-start=\"1825\" data-end=\"1828\" \/>\n<p data-start=\"1830\" data-end=\"2131\"><strong data-start=\"1830\" data-end=\"1886\">HIPORA Glove Insert - Wasser- und winddichte Barriere<\/strong><br data-start=\"1886\" data-end=\"1889\" \/>Die Handschuhe sind mit einem integrierten <strong data-start=\"1922\" data-end=\"1941\">HIPORA-Membran<\/strong>, ist ein hoch atmungsaktiver und wasserdichter Einsatz, der die H\u00e4nde trocken h\u00e4lt, ohne die W\u00e4rme einzuschlie\u00dfen. Ob bei trockenen oder feuchten Rennbedingungen, diese Einlage hilft, die ideale Handtemperatur und den Komfort zu erhalten.<\/p>\n<hr data-start=\"2133\" data-end=\"2136\" \/>\n<p data-start=\"2138\" data-end=\"2436\"><strong data-start=\"2138\" data-end=\"2183\">300G Fiberfill f\u00fcr leichtgewichtige Isolierung<\/strong><br data-start=\"2183\" data-end=\"2186\" \/>Diese Handschuhe sind ausgestattet mit <strong data-start=\"2209\" data-end=\"2242\">300-Gramm-Faserf\u00fcllungsisolierung<\/strong>, ideal f\u00fcr etwas k\u00fchlere Bedingungen, bei denen Windchill die Leistung beeintr\u00e4chtigen kann. Diese Isolierung bietet W\u00e4rme ohne \u00fcberm\u00e4\u00dfige Masse, so dass die Handschuhe f\u00fcr drei Jahreszeiten Rennen geeignet.<\/p>\n<hr data-start=\"2438\" data-end=\"2441\" \/>\n<p data-start=\"2443\" data-end=\"2700\"><strong data-start=\"2443\" data-end=\"2477\">Trikot-Futter f\u00fcr weichen Komfort<\/strong><br data-start=\"2477\" data-end=\"2480\" \/>Der Innenraum ist ausgekleidet mit <strong data-start=\"2507\" data-end=\"2529\">weicher Trikotstoff<\/strong>, und sorgt f\u00fcr ein reibungsloses, reizfreies Erlebnis bei langen Rennen. Tricot tr\u00e4gt auch zur internen Temperaturregulierung und Schwei\u00dfabtransport bei intensiven Fahrten.<\/p>\n<hr data-start=\"2702\" data-end=\"2705\" \/>\n<p data-start=\"2707\" data-end=\"3035\"><strong data-start=\"2707\" data-end=\"2751\">Rei\u00dfverschlussmanschette - sicherer Sitz und Stil<\/strong><br data-start=\"2751\" data-end=\"2754\" \/>Im Gegensatz zu herk\u00f6mmlichen Klettverschl\u00fcssen verf\u00fcgen diese Handschuhe \u00fcber einen <strong data-start=\"2815\" data-end=\"2845\">Manschettenverstellsystem mit Rei\u00dfverschluss<\/strong>, Dadurch liegt der Handschuh eng am Handgelenk an und hat ein schlankeres Aussehen. In Kombination mit dem Klettverschlussband sorgt dieses doppelte Verschlusssystem daf\u00fcr, dass der Handschuh w\u00e4hrend des Rennens an Ort und Stelle bleibt.<\/p>\n<hr data-start=\"3037\" data-end=\"3040\" \/>\n<p data-start=\"3042\" data-end=\"3297\"><strong data-start=\"3042\" data-end=\"3083\">Gesticktes Logo f\u00fcr hochwertiges Branding<\/strong><br data-start=\"3083\" data-end=\"3086\" \/>Die Handschuhe bieten <strong data-start=\"3105\" data-end=\"3149\">gestickte RYINZ- und Race Edition-Logos<\/strong>, und bietet ein hochwertiges, eingen\u00e4htes Aussehen, das den wahrgenommenen Wert des Produkts steigert. Ideal f\u00fcr Premium-Linien oder markenorientierte Produktplatzierungen.<\/p>\n<hr data-start=\"3299\" data-end=\"3302\" \/>\n<p data-start=\"3304\" data-end=\"3605\"><strong data-start=\"3304\" data-end=\"3352\">Ergonomisches Design mit Vollfingerschutz<\/strong><br data-start=\"3352\" data-end=\"3355\" \/>Strategische Polsterzonen und eine anatomische Formgebung machen diesen Handschuh ideal f\u00fcr Rennhaltungen. Vorgekr\u00fcmmte Finger und flexibles Leder sorgen f\u00fcr eine reibungslose Steuerung des Gaspedals, w\u00e4hrend Schutzpunkte entlang der Kn\u00f6chel und der Handfl\u00e4che Sicherheit bieten, wo sie am meisten ben\u00f6tigt wird.<\/p>\n<hr data-start=\"3607\" data-end=\"3610\" \/>\n<p data-start=\"3612\" data-end=\"3634\"><strong data-start=\"3612\" data-end=\"3632\">Am besten geeignet f\u00fcr:<\/strong><\/p>\n<ul data-start=\"3635\" data-end=\"3855\">\n<li data-start=\"3635\" data-end=\"3674\">\n<p data-start=\"3637\" data-end=\"3674\">H\u00e4ndler f\u00fcr Motorrad-Rennsportausr\u00fcstung<\/p>\n<\/li>\n<li data-start=\"3675\" data-end=\"3717\">\n<p data-start=\"3677\" data-end=\"3717\">B2B-Handschuhk\u00e4ufer f\u00fcr Motorsportgesch\u00e4fte<\/p>\n<\/li>\n<li data-start=\"3718\" data-end=\"3758\">\n<p data-start=\"3720\" data-end=\"3758\">Berufsreiter und Sportmannschaften<\/p>\n<\/li>\n<li data-start=\"3759\" data-end=\"3792\">\n<p data-start=\"3761\" data-end=\"3792\">Online-H\u00e4ndler f\u00fcr Rennhandschuhe<\/p>\n<\/li>\n<li data-start=\"3793\" data-end=\"3824\">\n<p data-start=\"3795\" data-end=\"3824\">Leistungsstarke Zubeh\u00f6rlinien<\/p>\n<\/li>\n<li data-start=\"3825\" data-end=\"3855\">\n<p data-start=\"3827\" data-end=\"3855\">Private Label-Handschuhmarken<\/p>\n<\/li>\n<\/ul>\n<hr data-start=\"3857\" data-end=\"3860\" \/>\n<p data-start=\"3862\" data-end=\"3887\"><strong data-start=\"3862\" data-end=\"3885\">Produkt-Highlights:<\/strong><\/p>\n<ul data-start=\"3888\" data-end=\"4321\">\n<li data-start=\"3888\" data-end=\"3952\">\n<p data-start=\"3890\" data-end=\"3952\">Hochwertige Lederschale f\u00fcr Haltbarkeit und Abriebschutz<\/p>\n<\/li>\n<li data-start=\"3953\" data-end=\"4002\">\n<p data-start=\"3955\" data-end=\"4002\">HIPORA wasserdichte\/winddichte atmungsaktive Einlage<\/p>\n<\/li>\n<li data-start=\"4003\" data-end=\"4043\">\n<p data-start=\"4005\" data-end=\"4043\">300G Fiberfill-Isolierung f\u00fcr angenehme W\u00e4rme<\/p>\n<\/li>\n<li data-start=\"4044\" data-end=\"4087\">\n<p data-start=\"4046\" data-end=\"4087\">Trikotfutter f\u00fcr weichen Innenraumkomfort<\/p>\n<\/li>\n<li data-start=\"4088\" data-end=\"4132\">\n<p data-start=\"4090\" data-end=\"4132\">Manschettenversteller mit Rei\u00dfverschluss und Klettverschluss<\/p>\n<\/li>\n<li data-start=\"4133\" data-end=\"4168\">\n<p data-start=\"4135\" data-end=\"4168\">Race Styling in Schwarz und Wei\u00df<\/p>\n<\/li>\n<li data-start=\"4169\" data-end=\"4209\">\n<p data-start=\"4171\" data-end=\"4209\">Aufgestickte Logos f\u00fcr ein hochwertiges Finish<\/p>\n<\/li>\n<li data-start=\"4210\" data-end=\"4267\">\n<p data-start=\"4212\" data-end=\"4267\">Geeignet f\u00fcr Hochgeschwindigkeitsrennen und Stra\u00dfenbetrieb<\/p>\n<\/li>\n<li data-start=\"4268\" data-end=\"4321\">\n<p data-start=\"4270\" data-end=\"4321\">CE-konformes Design und bereit f\u00fcr den europ\u00e4ischen Markt<\/p>\n<\/li>\n<\/ul>\n<p data-start=\"4323\" data-end=\"4475\">Mit dem <strong data-start=\"4332\" data-end=\"4374\">RYINZ Racing Leder Motorradhandschuhe<\/strong>, bieten Sie ein Hochleistungsprodukt, auf das sich die Fahrer auch in den anspruchsvollsten Situationen verlassen k\u00f6nnen.<\/p>","protected":false},"excerpt":{"rendered":"<p data-start=\"272\" data-end=\"741\">Erleben Sie Pr\u00e4zision, Schutz und Komfort mit den Premium-Rennhandschuhen von RYINZ - entwickelt f\u00fcr Geschwindigkeit und Sicherheit. Mit gestickten Logos, robusten, mit Rei\u00dfverschluss verstellbaren Stulpen, 300G Fiberfill-Isolierung, Trikotfutter und einem wasserdichten HIPORA-Handschuheinsatz sind diese Handschuhe ideal f\u00fcr professionelle Rennfahrer, Leistungssportler und Ausr\u00fcstungsh\u00e4ndler. Eine Top-Wahl f\u00fcr Motorsport-Gro\u00dfh\u00e4ndler und H\u00e4ndler von Handschuhen mit Eigenmarken.<\/p>","protected":false},"featured_media":9296,"comment_status":"closed","ping_status":"closed","template":"","meta":[],"product_brand":[35],"product_cat":[1111,380,122,68],"product_tag":[389,390,391,392,393,394,395,396,397,398,399,400,401,402,403],"class_list":{"0":"post-9201","1":"product","2":"type-product","3":"status-publish","4":"has-post-thumbnail","6":"product_brand-ryinz","7":"product_cat-motorbike","8":"product_cat-motorbike-gloves","9":"product_cat-motorbike-racing-gloves","10":"product_cat-ryinz","11":"product_tag-anti-slip-grip-gloves-for-riding-and-climbing","12":"product_tag-black-tactical-gloves-for-distributors-and-oems","13":"product_tag-ce-grade-gloves-with-impact-protection","14":"product_tag-cowhide-goat-sheep-leather-tactical-gloves","15":"product_tag-customizable-lining-tactical-gloves-for-all-weather","16":"product_tag-full-finger-motorcycle-gloves-with-hard-shell","17":"product_tag-leather-gloves-for-military-and-patrol-gear","18":"product_tag-lightweight-leather-gloves-for-b2b-buyers","19":"product_tag-multi-purpose-gloves-for-tactical-retail","20":"product_tag-protective-gloves-for-airsoft-and-police-use","21":"product_tag-reinforced-gloves-for-mechanical-use","22":"product_tag-ryinz-motorcycle-gloves-with-mesh-ventilation","23":"product_tag-summer-breathable-gloves-with-mesh-zones","24":"product_tag-tactical-leather-gloves-with-knuckle-armor","25":"product_tag-wholesale-riding-gloves-with-finger-protection","27":"first","28":"instock","29":"taxable","30":"shipping-taxable","31":"purchasable","32":"product-type-simple"},"_links":{"self":[{"href":"https:\/\/ryinz.cz\/velkoobchod\/de\/wp-json\/wp\/v2\/product\/9201","targetHints":{"allow":["GET"]}}],"collection":[{"href":"https:\/\/ryinz.cz\/velkoobchod\/de\/wp-json\/wp\/v2\/product"}],"about":[{"href":"https:\/\/ryinz.cz\/velkoobchod\/de\/wp-json\/wp\/v2\/types\/product"}],"replies":[{"embeddable":true,"href":"https:\/\/ryinz.cz\/velkoobchod\/de\/wp-json\/wp\/v2\/comments?post=9201"}],"wp:featuredmedia":[{"embeddable":true,"href":"https:\/\/ryinz.cz\/velkoobchod\/de\/wp-json\/wp\/v2\/media\/9296"}],"wp:attachment":[{"href":"https:\/\/ryinz.cz\/velkoobchod\/de\/wp-json\/wp\/v2\/media?parent=9201"}],"wp:term":[{"taxonomy":"product_brand","embeddable":true,"href":"https:\/\/ryinz.cz\/velkoobchod\/de\/wp-json\/wp\/v2\/product_brand?post=9201"},{"taxonomy":"product_cat","embeddable":true,"href":"https:\/\/ryinz.cz\/velkoobchod\/de\/wp-json\/wp\/v2\/product_cat?post=9201"},{"taxonomy":"product_tag","embeddable":true,"href":"https:\/\/ryinz.cz\/velkoobchod\/de\/wp-json\/wp\/v2\/product_tag?post=9201"}],"curies":[{"name":"wp","href":"https:\/\/api.w.org\/{rel}","templated":true}]}}