{"id":9200,"date":"2025-06-22T15:32:52","date_gmt":"2025-06-22T15:32:52","guid":{"rendered":"https:\/\/ryinz.cz\/velkoobchod\/?post_type=product&#038;p=9200"},"modified":"2026-01-18T20:18:15","modified_gmt":"2026-01-18T20:18:15","slug":"ryinz-leder-taktische-handschuhe-fur-groshandel-einzelhandel-mit-harten-knochel-rustung-mesh-beluftung-fingerschutz","status":"publish","type":"product","link":"https:\/\/ryinz.cz\/velkoobchod\/de\/product\/ryinz-leather-tactical-gloves-for-wholesale-retail-with-hard-knuckle-armor-mesh-ventilation-finger-protection\/","title":{"rendered":"RYINZ Taktische Lederhandschuhe f\u00fcr Gro\u00df- und Einzelhandel mit harter Kn\u00f6chelpanzerung, Mesh-Bel\u00fcftung und Fingerschutz"},"content":{"rendered":"<p data-start=\"829\" data-end=\"931\"><strong data-start=\"829\" data-end=\"931\">RYINZ Premium Leather Tactical Gloves - Entwickelt f\u00fcr Reiter, Profis und globale H\u00e4ndler<\/strong><\/p>\n<p data-start=\"933\" data-end=\"1249\">Wenn Schutz auf Flexibilit\u00e4t trifft, erhalten Sie die <strong data-start=\"980\" data-end=\"1013\">RYINZ Taktische Lederhandschuhe<\/strong> - eine erstklassige Option f\u00fcr Reiter, Milit\u00e4rangeh\u00f6rige und taktische Profis weltweit. Diese Handschuhe wurden f\u00fcr einen bestimmten Zweck entwickelt: Sie bieten Sicherheit, Grip, Komfort und Atmungsaktivit\u00e4t auf h\u00f6chstem Niveau, ohne die Bewegungsfreiheit oder Leistung zu beeintr\u00e4chtigen.<\/p>\n<p data-start=\"1251\" data-end=\"1411\">Dieses Modell eignet sich perfekt f\u00fcr Gro\u00dfh\u00e4ndler, PSA-Lieferanten, Einzelhandelsgesch\u00e4fte und Private-Label-Projekte f\u00fcr Handschuhe und ist auf Kunden zugeschnitten, die sowohl Stil als auch Substanz verlangen.<\/p>\n<hr data-start=\"1413\" data-end=\"1416\" \/>\n<p data-start=\"1418\" data-end=\"1816\"><strong data-start=\"1418\" data-end=\"1472\">Materialoptionen - Rindsleder, Ziegen- oder Schafsleder<\/strong><br data-start=\"1472\" data-end=\"1475\" \/>RYINZ bietet eine anpassbare Produktion mit <strong data-start=\"1517\" data-end=\"1528\">Rindsleder<\/strong>, <strong data-start=\"1530\" data-end=\"1538\">Ziege<\/strong>, oder <strong data-start=\"1543\" data-end=\"1560\">Schafsleder<\/strong> je nach gew\u00fcnschter Haptik und Haltbarkeit. Rindsleder bietet eine hohe Abriebfestigkeit, Ziegenleder eine weiche Flexibilit\u00e4t und Schafsleder ein glattes, geschmeidiges Finish f\u00fcr pr\u00e4zise Bewegungen. Alle drei Optionen sind f\u00fcr ihre Langlebigkeit bekannt.<\/p>\n<hr data-start=\"1818\" data-end=\"1821\" \/>\n<p data-start=\"1823\" data-end=\"2146\"><strong data-start=\"1823\" data-end=\"1880\">Bel\u00fcftete Mesh-Konstruktion - Verbesserte Atmungsaktivit\u00e4t<\/strong><br data-start=\"1880\" data-end=\"1883\" \/>F\u00fcr hei\u00dfe oder hochaktive Umgebungen bieten diese Handschuhe <strong data-start=\"1943\" data-end=\"1969\">Netzbel\u00fcftungszonen<\/strong> in den Handr\u00fccken und die Finger integriert. Dies verbessert die Luftzirkulation und macht die Handschuhe geeignet f\u00fcr den Sommer oder schwei\u00dftreibende Operationen wie Motorradfahren, Airsoft oder Patrouille Aufgaben.<\/p>\n<hr data-start=\"2148\" data-end=\"2151\" \/>\n<p data-start=\"2153\" data-end=\"2454\"><strong data-start=\"2153\" data-end=\"2197\">Harter Kn\u00f6chelschutz f\u00fcr Aufprallzonen<\/strong><br data-start=\"2197\" data-end=\"2200\" \/>Die geformte <strong data-start=\"2211\" data-end=\"2233\">Kn\u00f6chelpanzer<\/strong> ist ein wichtiges Sicherheitsmerkmal und bietet einen starken Schutz gegen St\u00f6\u00dfe, Schrammen und Absch\u00fcrfungen. Ob auf dem Fahrrad, beim Klettern oder in einer Trainingssimulation - diese Handschuhe bieten entscheidenden Schutz in den risikoreichen Handbereichen.<\/p>\n<hr data-start=\"2456\" data-end=\"2459\" \/>\n<p data-start=\"2461\" data-end=\"2741\"><strong data-start=\"2461\" data-end=\"2489\">Fingerschutz-Paneele<\/strong><br data-start=\"2489\" data-end=\"2492\" \/>Jeder Finger enth\u00e4lt <strong data-start=\"2513\" data-end=\"2543\">verst\u00e4rkte Schutzspitzen<\/strong>, die vor Verklemmungen und Abrieb sch\u00fctzen und gleichzeitig Flexibilit\u00e4t und Griffpr\u00e4zision bieten. Diese Spitzen sind f\u00fcr den taktischen oder bautechnischen Einsatz unerl\u00e4sslich, wo Fingerfertigkeit und Kontrolle entscheidend sind.<\/p>\n<hr data-start=\"2743\" data-end=\"2746\" \/>\n<p data-start=\"2748\" data-end=\"2892\"><strong data-start=\"2748\" data-end=\"2805\">Komfortables Innenfutter - Fleece \/ Trikot \/ Playboy<\/strong><br data-start=\"2805\" data-end=\"2808\" \/>Je nach Klima- und Komfortbed\u00fcrfnis k\u00f6nnen Sie aus mehreren Innenfutteroptionen w\u00e4hlen:<\/p>\n<ul data-start=\"2893\" data-end=\"3036\">\n<li data-start=\"2893\" data-end=\"2933\">\n<p data-start=\"2895\" data-end=\"2933\"><strong data-start=\"2895\" data-end=\"2905\">Vlies<\/strong> f\u00fcr W\u00e4rme bei k\u00e4lterem Wetter<\/p>\n<\/li>\n<li data-start=\"2934\" data-end=\"2986\">\n<p data-start=\"2936\" data-end=\"2986\"><strong data-start=\"2936\" data-end=\"2946\">Trikot<\/strong> f\u00fcr Feuchtigkeitstransport und ganzt\u00e4gigen Tragekomfort<\/p>\n<\/li>\n<li data-start=\"2987\" data-end=\"3036\">\n<p data-start=\"2989\" data-end=\"3036\"><strong data-start=\"2989\" data-end=\"3000\">Playboy<\/strong> f\u00fcr eine glatte, seidige Komfortschicht<\/p>\n<\/li>\n<\/ul>\n<p data-start=\"3038\" data-end=\"3119\">Diese Flexibilit\u00e4t macht den Handschuh anpassungsf\u00e4hig f\u00fcr verschiedene M\u00e4rkte und Bedingungen.<\/p>\n<hr data-start=\"3121\" data-end=\"3124\" \/>\n<p data-start=\"3126\" data-end=\"3410\"><strong data-start=\"3126\" data-end=\"3172\">Griffverbesserung und verst\u00e4rkte Handfl\u00e4chen-Zonen<\/strong><br data-start=\"3172\" data-end=\"3175\" \/>Der Palmenbereich umfasst <strong data-start=\"3198\" data-end=\"3244\">strategische Griffelemente und Doppeln\u00e4hte<\/strong>, und bietet dem Tr\u00e4ger optimale Kontrolle \u00fcber Werkzeuge, Lenker oder Waffen. Die strukturierte Oberfl\u00e4che sorgt f\u00fcr rutschfeste Sicherheit und macht diese Handschuhe ideal f\u00fcr Arbeiten unter hohem Druck.<\/p>\n<hr data-start=\"3412\" data-end=\"3415\" \/>\n<p data-start=\"3417\" data-end=\"3433\"><strong data-start=\"3417\" data-end=\"3431\">Ideal f\u00fcr:<\/strong><\/p>\n<ul data-start=\"3434\" data-end=\"3664\">\n<li data-start=\"3434\" data-end=\"3463\">\n<p data-start=\"3436\" data-end=\"3463\">Einzelh\u00e4ndler f\u00fcr Motorradbekleidung<\/p>\n<\/li>\n<li data-start=\"3464\" data-end=\"3498\">\n<p data-start=\"3466\" data-end=\"3498\">Taktische und Airsoft-Lieferanten<\/p>\n<\/li>\n<li data-start=\"3499\" data-end=\"3542\">\n<p data-start=\"3501\" data-end=\"3542\">Milit\u00e4rische und paramilit\u00e4rische Lieferketten<\/p>\n<\/li>\n<li data-start=\"3543\" data-end=\"3592\">\n<p data-start=\"3545\" data-end=\"3592\">H\u00e4ndler f\u00fcr Bau- und Mechanikerhandschuhe<\/p>\n<\/li>\n<li data-start=\"3593\" data-end=\"3623\">\n<p data-start=\"3595\" data-end=\"3623\">OEM-Lederhandschuhprogramme<\/p>\n<\/li>\n<li data-start=\"3624\" data-end=\"3664\">\n<p data-start=\"3626\" data-end=\"3664\">Marken f\u00fcr Outdoor-Abenteuer oder Survival<\/p>\n<\/li>\n<\/ul>\n<hr data-start=\"3666\" data-end=\"3669\" \/>\n<p data-start=\"3671\" data-end=\"3695\"><strong data-start=\"3671\" data-end=\"3693\">Design-Highlights:<\/strong><\/p>\n<ul data-start=\"3696\" data-end=\"4133\">\n<li data-start=\"3696\" data-end=\"3737\">\n<p data-start=\"3698\" data-end=\"3737\">Wahlweise Kuh-, Ziegen- oder Schafsleder<\/p>\n<\/li>\n<li data-start=\"3738\" data-end=\"3783\">\n<p data-start=\"3740\" data-end=\"3783\">R\u00fcckenpaneele mit Mesh-Bel\u00fcftung f\u00fcr Atmungsaktivit\u00e4t<\/p>\n<\/li>\n<li data-start=\"3784\" data-end=\"3828\">\n<p data-start=\"3786\" data-end=\"3828\">Harte Kn\u00f6chelpanzerung f\u00fcr Schlagfestigkeit<\/p>\n<\/li>\n<li data-start=\"3829\" data-end=\"3874\">\n<p data-start=\"3831\" data-end=\"3874\">Fingerverst\u00e4rkung f\u00fcr zus\u00e4tzlichen Schutz<\/p>\n<\/li>\n<li data-start=\"3875\" data-end=\"3921\">\n<p data-start=\"3877\" data-end=\"3921\">Verf\u00fcgbares Innenfutter: Fleece, Trikot, Playboy<\/p>\n<\/li>\n<li data-start=\"3922\" data-end=\"3959\">\n<p data-start=\"3924\" data-end=\"3959\">Verst\u00e4rkte Handfl\u00e4che mit griffiger Textur<\/p>\n<\/li>\n<li data-start=\"3960\" data-end=\"4001\">\n<p data-start=\"3962\" data-end=\"4001\">Elegantes Schwarz mit RYINZ-Branding<\/p>\n<\/li>\n<li data-start=\"4002\" data-end=\"4055\">\n<p data-start=\"4004\" data-end=\"4055\">Verstellbares Handgelenkband mit Klettverschluss<\/p>\n<\/li>\n<li data-start=\"4056\" data-end=\"4090\">\n<p data-start=\"4058\" data-end=\"4090\">Leicht und dennoch sehr langlebig<\/p>\n<\/li>\n<li data-start=\"4091\" data-end=\"4133\">\n<p data-start=\"4093\" data-end=\"4133\">Individuelle Anpassung f\u00fcr Gro\u00dfabnehmer m\u00f6glich<\/p>\n<\/li>\n<\/ul>\n<p data-start=\"4135\" data-end=\"4359\">Ganz gleich, ob Sie taktische Ausr\u00fcstung f\u00fcr risikoreiche Eins\u00e4tze bereitstellen oder stilvollen Schutz f\u00fcr Motorradfahrer bieten m\u00f6chten, die <strong data-start=\"4251\" data-end=\"4284\">RYINZ Tactical Lederhandschuhe<\/strong> sind ein erstklassiges Produkt, das sich in verschiedenen Branchen bew\u00e4hrt hat.<\/p>","protected":false},"excerpt":{"rendered":"<p data-start=\"273\" data-end=\"778\">Die taktischen Lederhandschuhe von RYINZ sind f\u00fcr den professionellen Einsatz konzipiert und kombinieren Rinds-, Ziegen- oder Schafsleder mit atmungsaktivem Mesh und Schutzverst\u00e4rkungen. Mit einem harten Kn\u00f6chelschutz, Fingerschutz und einer Auswahl an Fleece-, Trikot- oder Playboy-Futter sind diese Handschuhe ideal f\u00fcr Motorradfahren, Airsoft, Milit\u00e4r oder Bauanwendungen. Sie eignen sich f\u00fcr den ganzj\u00e4hrigen Einsatz und sind ein Hochleistungsprodukt f\u00fcr Gro\u00dfh\u00e4ndler und taktische Ausr\u00fcstungsgesch\u00e4fte.<\/p>","protected":false},"featured_media":9295,"comment_status":"closed","ping_status":"closed","template":"","meta":[],"product_brand":[35],"product_cat":[1111,380,122,68],"product_tag":[389,390,391,392,393,394,395,396,397,398,399,400,401,402,403],"class_list":{"0":"post-9200","1":"product","2":"type-product","3":"status-publish","4":"has-post-thumbnail","6":"product_brand-ryinz","7":"product_cat-motorbike","8":"product_cat-motorbike-gloves","9":"product_cat-motorbike-racing-gloves","10":"product_cat-ryinz","11":"product_tag-anti-slip-grip-gloves-for-riding-and-climbing","12":"product_tag-black-tactical-gloves-for-distributors-and-oems","13":"product_tag-ce-grade-gloves-with-impact-protection","14":"product_tag-cowhide-goat-sheep-leather-tactical-gloves","15":"product_tag-customizable-lining-tactical-gloves-for-all-weather","16":"product_tag-full-finger-motorcycle-gloves-with-hard-shell","17":"product_tag-leather-gloves-for-military-and-patrol-gear","18":"product_tag-lightweight-leather-gloves-for-b2b-buyers","19":"product_tag-multi-purpose-gloves-for-tactical-retail","20":"product_tag-protective-gloves-for-airsoft-and-police-use","21":"product_tag-reinforced-gloves-for-mechanical-use","22":"product_tag-ryinz-motorcycle-gloves-with-mesh-ventilation","23":"product_tag-summer-breathable-gloves-with-mesh-zones","24":"product_tag-tactical-leather-gloves-with-knuckle-armor","25":"product_tag-wholesale-riding-gloves-with-finger-protection","27":"first","28":"instock","29":"taxable","30":"shipping-taxable","31":"purchasable","32":"product-type-simple"},"_links":{"self":[{"href":"https:\/\/ryinz.cz\/velkoobchod\/de\/wp-json\/wp\/v2\/product\/9200","targetHints":{"allow":["GET"]}}],"collection":[{"href":"https:\/\/ryinz.cz\/velkoobchod\/de\/wp-json\/wp\/v2\/product"}],"about":[{"href":"https:\/\/ryinz.cz\/velkoobchod\/de\/wp-json\/wp\/v2\/types\/product"}],"replies":[{"embeddable":true,"href":"https:\/\/ryinz.cz\/velkoobchod\/de\/wp-json\/wp\/v2\/comments?post=9200"}],"wp:featuredmedia":[{"embeddable":true,"href":"https:\/\/ryinz.cz\/velkoobchod\/de\/wp-json\/wp\/v2\/media\/9295"}],"wp:attachment":[{"href":"https:\/\/ryinz.cz\/velkoobchod\/de\/wp-json\/wp\/v2\/media?parent=9200"}],"wp:term":[{"taxonomy":"product_brand","embeddable":true,"href":"https:\/\/ryinz.cz\/velkoobchod\/de\/wp-json\/wp\/v2\/product_brand?post=9200"},{"taxonomy":"product_cat","embeddable":true,"href":"https:\/\/ryinz.cz\/velkoobchod\/de\/wp-json\/wp\/v2\/product_cat?post=9200"},{"taxonomy":"product_tag","embeddable":true,"href":"https:\/\/ryinz.cz\/velkoobchod\/de\/wp-json\/wp\/v2\/product_tag?post=9200"}],"curies":[{"name":"wp","href":"https:\/\/api.w.org\/{rel}","templated":true}]}}