{"id":9199,"date":"2025-06-22T15:32:52","date_gmt":"2025-06-22T15:32:52","guid":{"rendered":"https:\/\/ryinz.cz\/velkoobchod\/?post_type=product&#038;p=9199"},"modified":"2026-01-18T20:18:14","modified_gmt":"2026-01-18T20:18:14","slug":"ryinz-taktische-kampfhandschuhe-fur-groshandel-einzelhandel-mit-harten-knochel-rustung-und-anti-rutsch-griff-handflache-schutz","status":"publish","type":"product","link":"https:\/\/ryinz.cz\/velkoobchod\/de\/product\/ryinz-tactical-combat-gloves-for-wholesale-retail-with-hard-knuckle-armor-and-anti-slip-grip-palm-protection\/","title":{"rendered":"RYINZ Tactical Combat Gloves f\u00fcr Gro\u00df- und Einzelhandel mit harter Kn\u00f6chelpanzerung und rutschfestem Griffhandschutz"},"content":{"rendered":"<p>&nbsp;<\/p>\n<p data-start=\"846\" data-end=\"964\"><strong data-start=\"846\" data-end=\"964\">RYINZ Tactical Hard Knuckle Gloves - Robuster Schutz f\u00fcr Sicherheitskr\u00e4fte, Abenteurer und Gro\u00dfeink\u00e4ufer<\/strong><\/p>\n<p data-start=\"966\" data-end=\"1322\">Entwickelt f\u00fcr intensive Umgebungen, starke Beanspruchung und Abenteuer in jedem Gel\u00e4nde, ist der <strong data-start=\"1049\" data-end=\"1074\">RYINZ Taktische Handschuhe<\/strong> sind eine erstklassige Wahl f\u00fcr Profis und Outdoor-Enthusiasten gleicherma\u00dfen. Egal, ob Sie Motorradfahrer, Sicherheitspersonal, Airsoft-Spieler oder taktische Teams ausstatten, diese Handschuhe sind so gebaut, dass sie sowohl den Anforderungen des t\u00e4glichen als auch des extremen Einsatzes standhalten.<\/p>\n<p data-start=\"1324\" data-end=\"1480\">Dieses Modell eignet sich hervorragend f\u00fcr Gro\u00dfabnehmer, Ausr\u00fcstungsh\u00e4ndler und Wiederverk\u00e4ufer von Eigenmarken, die auf die M\u00e4rkte f\u00fcr Sicherheit und taktische Ausr\u00fcstung in Europa und dar\u00fcber hinaus abzielen.<\/p>\n<hr data-start=\"1482\" data-end=\"1485\" \/>\n<p data-start=\"1487\" data-end=\"1832\"><strong data-start=\"1487\" data-end=\"1522\">Kampftauglicher Kn\u00f6chelschutz<\/strong><br data-start=\"1522\" data-end=\"1525\" \/>Ein charakteristisches Merkmal dieser Handschuhe ist die <strong data-start=\"1567\" data-end=\"1595\">Kn\u00f6chelpanzer aus Hartschale<\/strong>, aus haltbarem, schlagfestem Thermoplast. Diese Panzerung sch\u00fctzt die Kn\u00f6chel vor direktem Kontakt und harten St\u00f6\u00dfen und macht die Handschuhe ideal f\u00fcr taktische Eins\u00e4tze, milit\u00e4risches Training oder den schutzorientierten Einsatz auf dem Motorrad.<\/p>\n<p data-start=\"1834\" data-end=\"2004\">Jeder Finger ist mit kleineren <strong data-start=\"1871\" data-end=\"1899\">verst\u00e4rkte Schaleneins\u00e4tze<\/strong>, Dadurch wird die Sicherheit bei K\u00f6rperkontakt oder taktischen Man\u00f6vern erh\u00f6ht, w\u00e4hrend der volle Bewegungsspielraum erhalten bleibt.<\/p>\n<hr data-start=\"2006\" data-end=\"2009\" \/>\n<p data-start=\"2011\" data-end=\"2341\"><strong data-start=\"2011\" data-end=\"2054\">Hervorragender Grip - rutschfeste, strukturierte Handfl\u00e4che<\/strong><br data-start=\"2054\" data-end=\"2057\" \/>Die Handfl\u00e4chenseite weist folgende Merkmale auf <strong data-start=\"2080\" data-end=\"2111\">strukturiertes Anti-Rutsch-Material<\/strong> Entwickelt, um die Kontrolle zu verbessern und ein Abrutschen beim Hantieren mit Ger\u00e4ten, Werkzeugen, Waffen oder Lenkstangen zu verhindern. Dieser Griff ist unverzichtbar f\u00fcr alle, die mit Hochpr\u00e4zisions- oder Hochgeschwindigkeitsaufgaben wie Reiten, Schie\u00dfen oder Klettern zu tun haben.<\/p>\n<p data-start=\"2343\" data-end=\"2513\">Verst\u00e4rkte N\u00e4hte in der Handfl\u00e4che unterst\u00fctzen die wichtigsten Belastungspunkte, um die Lebensdauer des Produkts zu verl\u00e4ngern, insbesondere f\u00fcr Benutzer mit wiederkehrenden Bewegungen wie Polizeibeamte oder Mechaniker.<\/p>\n<hr data-start=\"2515\" data-end=\"2518\" \/>\n<p data-start=\"2520\" data-end=\"2788\"><strong data-start=\"2520\" data-end=\"2568\">Tactical Fit - Verstellbares Klettband am Handgelenk<\/strong><br data-start=\"2568\" data-end=\"2571\" \/>Jeder Handschuh enth\u00e4lt eine <strong data-start=\"2593\" data-end=\"2620\">strapazierf\u00e4higes Klettband<\/strong> um einen passgenauen, anpassbaren Sitz am Handgelenk zu gew\u00e4hrleisten. Das Design sorgt daf\u00fcr, dass die Handschuhe bei schnellen Handbewegungen oder St\u00f6\u00dfen an Ort und Stelle bleiben und gleichzeitig Wind und Staub abdichten.<\/p>\n<p data-start=\"2790\" data-end=\"2914\">Die breite Stulpen\u00f6ffnung erm\u00f6glicht ein schnelles An- und Ausziehen, wodurch sich die Handschuhe perfekt f\u00fcr Beamte und Fahrer eignen, die viel unterwegs sind.<\/p>\n<hr data-start=\"2916\" data-end=\"2919\" \/>\n<p data-start=\"2921\" data-end=\"3223\"><strong data-start=\"2921\" data-end=\"2961\">Atmungsaktive und flexible Konstruktion<\/strong><br data-start=\"2961\" data-end=\"2964\" \/>Trotz seines verst\u00e4rkten Schutzes bleibt der Handschuh <strong data-start=\"3017\" data-end=\"3047\">leicht und atmungsaktiv<\/strong>, Sie ist aus dehnbarem Material gefertigt und verf\u00fcgt \u00fcber eine gepolsterte Innenseite, die f\u00fcr eine gute Luftzirkulation sorgt und gleichzeitig Gelenke und Haut sch\u00fctzt. Dadurch eignet sie sich f\u00fcr das langfristige Tragen in verschiedenen Klimazonen.<\/p>\n<hr data-start=\"3225\" data-end=\"3228\" \/>\n<p data-start=\"3230\" data-end=\"3246\"><strong data-start=\"3230\" data-end=\"3244\">Ideal f\u00fcr:<\/strong><\/p>\n<ul data-start=\"3247\" data-end=\"3536\">\n<li data-start=\"3247\" data-end=\"3279\">\n<p data-start=\"3249\" data-end=\"3279\">Milit\u00e4r und Sicherheitskr\u00e4fte<\/p>\n<\/li>\n<li data-start=\"3280\" data-end=\"3319\">\n<p data-start=\"3282\" data-end=\"3319\">Versorgung von taktischen Teams und SWAT-Ausr\u00fcstung<\/p>\n<\/li>\n<li data-start=\"3320\" data-end=\"3365\">\n<p data-start=\"3322\" data-end=\"3365\">Airsoft, Paintball und Kampfsimulation<\/p>\n<\/li>\n<li data-start=\"3366\" data-end=\"3401\">\n<p data-start=\"3368\" data-end=\"3401\">Motorrad- und Dirtbike-Fahrer<\/p>\n<\/li>\n<li data-start=\"3402\" data-end=\"3441\">\n<p data-start=\"3404\" data-end=\"3441\">Survival- und Outdoor-Abenteuer-Kits<\/p>\n<\/li>\n<li data-start=\"3442\" data-end=\"3484\">\n<p data-start=\"3444\" data-end=\"3484\">Bauwesen, schwere Werkstattarbeiten<\/p>\n<\/li>\n<li data-start=\"3485\" data-end=\"3536\">\n<p data-start=\"3487\" data-end=\"3536\">Gro\u00dfh\u00e4ndler f\u00fcr PSA und taktische Bekleidung<\/p>\n<\/li>\n<\/ul>\n<hr data-start=\"3538\" data-end=\"3541\" \/>\n<p data-start=\"3543\" data-end=\"3570\"><strong data-start=\"3543\" data-end=\"3568\">Zusammenfassung der Hauptmerkmale:<\/strong><\/p>\n<ul data-start=\"3571\" data-end=\"4000\">\n<li data-start=\"3571\" data-end=\"3628\">\n<p data-start=\"3573\" data-end=\"3628\">Kn\u00f6chelpanzer aus Hartschale f\u00fcr direkten Aufprallschutz<\/p>\n<\/li>\n<li data-start=\"3629\" data-end=\"3674\">\n<p data-start=\"3631\" data-end=\"3674\">Rutschfeste, strukturierte Handfl\u00e4che f\u00fcr hervorragende Griffigkeit<\/p>\n<\/li>\n<li data-start=\"3675\" data-end=\"3721\">\n<p data-start=\"3677\" data-end=\"3721\">Fingerschaleneins\u00e4tze f\u00fcr die Verteidigung der ganzen Hand<\/p>\n<\/li>\n<li data-start=\"3722\" data-end=\"3755\">\n<p data-start=\"3724\" data-end=\"3755\">Verstellbares Klettband am Handgelenk<\/p>\n<\/li>\n<li data-start=\"3756\" data-end=\"3802\">\n<p data-start=\"3758\" data-end=\"3802\">Verst\u00e4rkte N\u00e4hte in der Handfl\u00e4che f\u00fcr l\u00e4ngeren Gebrauch<\/p>\n<\/li>\n<li data-start=\"3803\" data-end=\"3837\">\n<p data-start=\"3805\" data-end=\"3837\">Atmungsaktiver und gepolsterter Innenraum<\/p>\n<\/li>\n<li data-start=\"3838\" data-end=\"3889\">\n<p data-start=\"3840\" data-end=\"3889\">Robustes, schwarzes Design f\u00fcr taktische \u00c4sthetik<\/p>\n<\/li>\n<li data-start=\"3890\" data-end=\"3950\">\n<p data-start=\"3892\" data-end=\"3950\">Kompatibel mit Uniformen, Reitausr\u00fcstung und taktischen Ausr\u00fcstungen<\/p>\n<\/li>\n<li data-start=\"3951\" data-end=\"4000\">\n<p data-start=\"3953\" data-end=\"4000\">Erh\u00e4ltlich in Standardgr\u00f6\u00dfen f\u00fcr M\u00e4nner und Frauen<\/p>\n<\/li>\n<\/ul>","protected":false},"excerpt":{"rendered":"<p>Die schwarzen Kampfhandschuhe von RYINZ sind f\u00fcr Robustheit und taktische Eins\u00e4tze konzipiert und verf\u00fcgen \u00fcber eine verst\u00e4rkte Kn\u00f6chelpanzerung, rutschfeste Griffzonen und einen Fingerschutz mit hoher Fingerfertigkeit. Ideal f\u00fcr Milit\u00e4r, Airsoft, Sicherheit, Motorradfahren und Outdoor-Abenteuer, bieten diese Handschuhe ein perfektes Gleichgewicht zwischen Haltbarkeit, Flexibilit\u00e4t und sicherer Passform am Handgelenk mit verstellbarem Klettverschluss. Perfekt f\u00fcr den B2B-Gro\u00dfhandel, taktische Fachgesch\u00e4fte und Motorradh\u00e4ndler, die robuste Mehrzweckhandschuhe suchen.<\/p>\n<ul>\n<li data-start=\"4037\" data-end=\"4081\">\n<p data-start=\"4040\" data-end=\"4081\">Taktische Handschuhe mit harter Kn\u00f6chelpanzerung<\/p>\n<\/li>\n<li data-start=\"4082\" data-end=\"4137\">\n<p data-start=\"4085\" data-end=\"4137\">Gro\u00dfhandel milit\u00e4rische Handschuhe mit Schutzkn\u00f6chel<\/p>\n<\/li>\n<li data-start=\"4138\" data-end=\"4191\">\n<p data-start=\"4141\" data-end=\"4191\">RYINZ Kampfhandschuhe f\u00fcr Sicherheit und Outdoor-Einsatz<\/p>\n<\/li>\n<li data-start=\"4192\" data-end=\"4240\">\n<p data-start=\"4195\" data-end=\"4240\">Taktische Handschuhe mit rutschfester Handfl\u00e4che zum Schie\u00dfen<\/p>\n<\/li>\n<li data-start=\"4241\" data-end=\"4293\">\n<p data-start=\"4244\" data-end=\"4293\">Motorradhandschuhe mit Kn\u00f6chelschutzschale<\/p>\n<\/li>\n<li data-start=\"4294\" data-end=\"4347\">\n<p data-start=\"4297\" data-end=\"4347\">Schutzkleidung Handschuhe f\u00fcr Polizei und SWAT-Teams<\/p>\n<\/li>\n<li data-start=\"4348\" data-end=\"4403\">\n<p data-start=\"4351\" data-end=\"4403\">Taktische Handschuhe mit vollen Fingern f\u00fcr robuste Leistung<\/p>\n<\/li>\n<li data-start=\"4404\" data-end=\"4460\">\n<p data-start=\"4407\" data-end=\"4460\">Verst\u00e4rkte Handschuhe f\u00fcr Airsoft- und Paintballspieler<\/p>\n<\/li>\n<li data-start=\"4461\" data-end=\"4515\">\n<p data-start=\"4464\" data-end=\"4515\">Strapazierf\u00e4hige Arbeitshandschuhe f\u00fcr Bau und Reiten<\/p>\n<\/li>\n<li data-start=\"4516\" data-end=\"4568\">\n<p data-start=\"4520\" data-end=\"4568\">Atmungsaktive taktische Handschuhe f\u00fcr den Einsatz bei hei\u00dfem Wetter<\/p>\n<\/li>\n<li data-start=\"4569\" data-end=\"4620\">\n<p data-start=\"4573\" data-end=\"4620\">Handschuhe in Milit\u00e4rqualit\u00e4t mit Klettverschluss am Handgelenk<\/p>\n<\/li>\n<li data-start=\"4621\" data-end=\"4673\">\n<p data-start=\"4625\" data-end=\"4673\">Outdoor-Handschuhe f\u00fcr Abenteuer- und \u00dcberlebensausr\u00fcstung<\/p>\n<\/li>\n<li data-start=\"4674\" data-end=\"4720\">\n<p data-start=\"4678\" data-end=\"4720\">Europ\u00e4ische taktische Handschuhe f\u00fcr Gro\u00dfauftr\u00e4ge<\/p>\n<\/li>\n<li data-start=\"4721\" data-end=\"4773\">\n<p data-start=\"4725\" data-end=\"4773\">Gepanzerte Handschuhe f\u00fcr Schutz und Griffkontrolle<\/p>\n<\/li>\n<li data-start=\"4774\" data-end=\"4831\">\n<p data-start=\"4778\" data-end=\"4831\">Taktische Allzweckhandschuhe f\u00fcr Gro\u00dfhandelslieferanten<\/p>\n<\/li>\n<\/ul>","protected":false},"featured_media":9294,"comment_status":"closed","ping_status":"closed","template":"","meta":[],"product_brand":[35],"product_cat":[1111,380,122,68],"product_tag":[],"class_list":{"0":"post-9199","1":"product","2":"type-product","3":"status-publish","4":"has-post-thumbnail","6":"product_brand-ryinz","7":"product_cat-motorbike","8":"product_cat-motorbike-gloves","9":"product_cat-motorbike-racing-gloves","10":"product_cat-ryinz","12":"first","13":"instock","14":"taxable","15":"shipping-taxable","16":"purchasable","17":"product-type-simple"},"_links":{"self":[{"href":"https:\/\/ryinz.cz\/velkoobchod\/de\/wp-json\/wp\/v2\/product\/9199","targetHints":{"allow":["GET"]}}],"collection":[{"href":"https:\/\/ryinz.cz\/velkoobchod\/de\/wp-json\/wp\/v2\/product"}],"about":[{"href":"https:\/\/ryinz.cz\/velkoobchod\/de\/wp-json\/wp\/v2\/types\/product"}],"replies":[{"embeddable":true,"href":"https:\/\/ryinz.cz\/velkoobchod\/de\/wp-json\/wp\/v2\/comments?post=9199"}],"wp:featuredmedia":[{"embeddable":true,"href":"https:\/\/ryinz.cz\/velkoobchod\/de\/wp-json\/wp\/v2\/media\/9294"}],"wp:attachment":[{"href":"https:\/\/ryinz.cz\/velkoobchod\/de\/wp-json\/wp\/v2\/media?parent=9199"}],"wp:term":[{"taxonomy":"product_brand","embeddable":true,"href":"https:\/\/ryinz.cz\/velkoobchod\/de\/wp-json\/wp\/v2\/product_brand?post=9199"},{"taxonomy":"product_cat","embeddable":true,"href":"https:\/\/ryinz.cz\/velkoobchod\/de\/wp-json\/wp\/v2\/product_cat?post=9199"},{"taxonomy":"product_tag","embeddable":true,"href":"https:\/\/ryinz.cz\/velkoobchod\/de\/wp-json\/wp\/v2\/product_tag?post=9199"}],"curies":[{"name":"wp","href":"https:\/\/api.w.org\/{rel}","templated":true}]}}