{"id":9198,"date":"2025-08-26T11:48:35","date_gmt":"2025-08-26T11:48:35","guid":{"rendered":"https:\/\/ryinz.cz\/velkoobchod\/?post_type=product&#038;p=9198"},"modified":"2026-01-18T20:18:13","modified_gmt":"2026-01-18T20:18:13","slug":"ryinz-beheizte-winter-motorradhandschuhe-mit-touchscreen-fingerspitze-ipora-km076-isolierung-fur-den-einzelhandel-groshandel","status":"publish","type":"product","link":"https:\/\/ryinz.cz\/velkoobchod\/de\/product\/ryinz-heated-winter-motorcycle-gloves-with-touchscreen-fingertip-ipora-km076-insulation-for-retail-wholesale\/","title":{"rendered":"RYINZ Beheizte Winter-Motorradhandschuhe mit Touchscreen-Fingerspitze, iPora + KM076 Isolierung f\u00fcr Einzelhandel &amp; Gro\u00dfhandel"},"content":{"rendered":"<p data-start=\"856\" data-end=\"979\"><strong data-start=\"856\" data-end=\"979\">RYINZ Beheizte Winter-Motorradhandschuhe - High-Tech-W\u00e4rme und Schutz f\u00fcr H\u00e4ndler, Distributoren und Fahrer bei kaltem Wetter<\/strong><\/p>\n<p data-start=\"981\" data-end=\"1296\">F\u00fcr Fahrer, die den k\u00e4ltesten Bedingungen trotzen, ist der <strong data-start=\"1030\" data-end=\"1060\">RYINZ Beheizte Winterhandschuhe<\/strong> bieten fortschrittliche Technologie und robuste Verarbeitungsqualit\u00e4t. Dieses Handschuhmodell eignet sich sowohl f\u00fcr den Gro\u00dfhandel als auch f\u00fcr den B2C-Verkauf und vereint moderne Isolierung, Wetterschutz und digitale Funktionalit\u00e4t in einer schlanken, zuverl\u00e4ssigen L\u00f6sung f\u00fcr den Reitsport.<\/p>\n<p data-start=\"1298\" data-end=\"1495\">Ganz gleich, ob Sie Motorradbekleidungsh\u00e4ndler, E-Bike-Lieferdienste oder Abenteuertourunternehmen beliefern, dieses Produkt bietet maximale W\u00e4rme und Funktion, ohne Kompromisse bei Stil oder Sicherheit einzugehen.<\/p>\n<hr data-start=\"1497\" data-end=\"1500\" \/>\n<p data-start=\"1502\" data-end=\"1833\"><strong data-start=\"1502\" data-end=\"1549\">Thermische Steuerung - Integriertes Heizsystem<\/strong><br data-start=\"1549\" data-end=\"1552\" \/>Diese Handschuhe sind ausgestattet mit einem <strong data-start=\"1585\" data-end=\"1612\">eingebautes Heizsystem<\/strong>, Das System wurde entwickelt, um die W\u00e4rme in eiskaltem Klima aufrechtzuerhalten. Das System eignet sich perfekt f\u00fcr Fahrten bei Minusgraden, Winterpendler oder Bergtouren und bietet gleichm\u00e4\u00dfige W\u00e4rme \u00fcber die Finger und die Handfl\u00e4che, wenn es \u00fcber eine angeschlossene Batterie betrieben wird.<\/p>\n<hr data-start=\"1835\" data-end=\"1838\" \/>\n<p data-start=\"1840\" data-end=\"2182\"><strong data-start=\"1840\" data-end=\"1895\">iPora + KM076 Isolierung - Premium Thermal Layering<\/strong><br data-start=\"1895\" data-end=\"1898\" \/>Im Inneren des Handschuhs befindet sich eine zweilagige Isolationskombination: <strong data-start=\"1953\" data-end=\"1982\">Wasserdichte iPora-Membran<\/strong> h\u00e4lt die H\u00e4nde trocken, indem es das Eindringen von Feuchtigkeit verhindert, w\u00e4hrend <strong data-start=\"2041\" data-end=\"2061\">KM076 Isolierung<\/strong> speichert die K\u00f6rperw\u00e4rme f\u00fcr lang anhaltenden W\u00e4rmekomfort. Diese Kombination sorgt f\u00fcr eine hohe Leistung bei Regen, Schnee und eisigen Bedingungen.<\/p>\n<hr data-start=\"2184\" data-end=\"2187\" \/>\n<p data-start=\"2189\" data-end=\"2507\"><strong data-start=\"2189\" data-end=\"2241\">PU-Synthetik-Handfl\u00e4che mit Serino-Handfl\u00e4chenverst\u00e4rkung<\/strong><br data-start=\"2241\" data-end=\"2244\" \/>Die Handfl\u00e4che besteht aus <strong data-start=\"2273\" data-end=\"2297\">PU-Kunstleder<\/strong> f\u00fcr Flexibilit\u00e4t und Griffigkeit, w\u00e4hrend ein <strong data-start=\"2332\" data-end=\"2376\">Serino-Handfl\u00e4chenverst\u00e4rkung im Fu\u00dfball-Stil<\/strong> erh\u00f6ht die Abriebfestigkeit und die Griffkontrolle, wodurch sich diese Handschuhe ideal f\u00fcr die intensive Nutzung von Gas und Bremse bei rutschigen Bedingungen eignen.<\/p>\n<hr data-start=\"2509\" data-end=\"2512\" \/>\n<p data-start=\"2514\" data-end=\"2844\"><strong data-start=\"2514\" data-end=\"2565\">Stretch-Manschette + Klettverschluss + Kordelzugverschluss<\/strong><br data-start=\"2565\" data-end=\"2568\" \/>Das erweiterte Manschettendesign umfasst <strong data-start=\"2602\" data-end=\"2624\">dehnbarer Stoff<\/strong>, a <strong data-start=\"2628\" data-end=\"2644\">Klettband<\/strong>, und <strong data-start=\"2650\" data-end=\"2672\">Kordelzugknebel<\/strong> f\u00fcr eine dreifache Wetterabdichtung. Diese Konstruktion stellt sicher, dass kein Wind, Wasser oder Schnee durch das Handgelenk eindringen kann und bietet gleichzeitig volle Kompatibilit\u00e4t mit Motorradjacken\u00e4rmeln.<\/p>\n<hr data-start=\"2846\" data-end=\"2849\" \/>\n<p data-start=\"2851\" data-end=\"3166\"><strong data-start=\"2851\" data-end=\"2903\">Touchscreen-Indexfinger + reflektierende R\u00fcckwand<\/strong><br data-start=\"2903\" data-end=\"2906\" \/>Ausgestattet mit einem <strong data-start=\"2922\" data-end=\"2949\">ber\u00fchrungsempfindliche Fingerspitze<\/strong>, k\u00f6nnen die Fahrer Telefone, GPS und Touchscreens bedienen, ohne die Handschuhe ausziehen zu m\u00fcssen. Au\u00dferdem ist die <strong data-start=\"3055\" data-end=\"3089\">R\u00fcckwand aus reflektierendem Material<\/strong> verbessert die Nachtsichtbarkeit und erh\u00f6ht die Verkehrssicherheit bei schlechten Lichtverh\u00e4ltnissen.<\/p>\n<hr data-start=\"3168\" data-end=\"3171\" \/>\n<p data-start=\"3173\" data-end=\"3466\"><strong data-start=\"3173\" data-end=\"3217\">PU-Fingerspitzenschutz + Kn\u00f6chelpanzer<\/strong><br data-start=\"3217\" data-end=\"3220\" \/>Um sowohl W\u00e4rme als auch Schutz zu gew\u00e4hrleisten, enth\u00e4lt der Handschuh <strong data-start=\"3277\" data-end=\"3317\">PU-Kunststoff-Verst\u00e4rkung an den Fingerspitzen<\/strong> und eine <strong data-start=\"3324\" data-end=\"3356\">flexible Kn\u00f6chelpanzerplatte<\/strong>, Sie sch\u00fctzt den Fahrer vor unerwarteten St\u00f6\u00dfen und schont empfindliche Gelenke, ohne den Komfort zu beeintr\u00e4chtigen.<\/p>\n<hr data-start=\"3468\" data-end=\"3471\" \/>\n<p data-start=\"3473\" data-end=\"3672\"><strong data-start=\"3473\" data-end=\"3516\">Entwickelt f\u00fcr den Erfolg im Einzel- und Gro\u00dfhandel<\/strong><br data-start=\"3516\" data-end=\"3519\" \/>Erh\u00e4ltlich in verschiedenen Gr\u00f6\u00dfen und mit dem RYINZ-Branding ist dieses Modell eine clevere Erg\u00e4nzung f\u00fcr jede Winterausr\u00fcstung. Es ist besonders geeignet f\u00fcr:<\/p>\n<ul data-start=\"3674\" data-end=\"3900\">\n<li data-start=\"3674\" data-end=\"3718\">\n<p data-start=\"3676\" data-end=\"3718\">Motorradh\u00e4ndler und Powersportgesch\u00e4fte<\/p>\n<\/li>\n<li data-start=\"3719\" data-end=\"3761\">\n<p data-start=\"3721\" data-end=\"3761\">Gro\u00dfh\u00e4ndler f\u00fcr Getriebe in ganz Europa<\/p>\n<\/li>\n<li data-start=\"3762\" data-end=\"3804\">\n<p data-start=\"3764\" data-end=\"3804\">Wiederverk\u00e4ufer von CE-konformen Sicherheitsprodukten<\/p>\n<\/li>\n<li data-start=\"3805\" data-end=\"3853\">\n<p data-start=\"3807\" data-end=\"3853\">B2B-Winterkollektionen f\u00fcr Motorradbekleidung<\/p>\n<\/li>\n<li data-start=\"3854\" data-end=\"3900\">\n<p data-start=\"3856\" data-end=\"3900\">Reiseveranstalter, die Fernreisen oder Schneetouren anbieten<\/p>\n<\/li>\n<\/ul>","protected":false},"excerpt":{"rendered":"<p>Mit den beheizten Motorradhandschuhen von RYINZ, die mit PU-Synthetikhandfl\u00e4chen, Serino-Verst\u00e4rkungen, iPora-Impr\u00e4gnierung und KM076-Isolierung ausgestattet sind, k\u00f6nnen Sie eisigen Temperaturen trotzen. Diese Handschuhe verf\u00fcgen \u00fcber ein eingebautes Heizsystem, einen ber\u00fchrungsempfindlichen Zeigefinger, einen reflektierenden R\u00fccken aus Stretch-Material und eine sichere Klettverschlussmanschette mit Zugknopfverstellung. Dieses Modell eignet sich perfekt f\u00fcr Reiter, Zusteller und Winterabenteurer und ist eine ausgezeichnete Wahl f\u00fcr Gro\u00dfabnehmer und Einzelh\u00e4ndler von Sicherheitsausr\u00fcstung in ganz Europa.<\/p>","protected":false},"featured_media":9293,"comment_status":"closed","ping_status":"closed","template":"","meta":[],"product_brand":[35],"product_cat":[1111,380,122,68],"product_tag":[373,374,375,376,377,378,379,381,382,383,384,385,386,387,388],"class_list":{"0":"post-9198","1":"product","2":"type-product","3":"status-publish","4":"has-post-thumbnail","6":"product_brand-ryinz","7":"product_cat-motorbike","8":"product_cat-motorbike-gloves","9":"product_cat-motorbike-racing-gloves","10":"product_cat-ryinz","11":"product_tag-breathable-protective-gloves-for-long-rides","12":"product_tag-bright-color-gloves-for-road-safety-and-visibility","13":"product_tag-ce-certified-gloves-for-eu-motorcycle-safety","14":"product_tag-en13594-motorcycle-gloves-with-tpu-armor","15":"product_tag-eva-rubber-reinforced-tactical-gloves","16":"product_tag-goatskin-leather-motorcycle-gloves-for-retailers","17":"product_tag-high-visibility-biker-gloves-with-safety-features","18":"product_tag-motorcycle-gloves-with-foam-padded-palm","19":"product_tag-premium-riding-gloves-for-distribution","20":"product_tag-protective-riding-gloves-for-street-and-off-road","21":"product_tag-tactical-motorcycle-gloves-for-wholesale","22":"product_tag-tpu-knuckle-protected-gloves-for-motorcyclists","23":"product_tag-twill-back-biker-gloves-with-leather-palm","24":"product_tag-velcro-closure-motorcycle-gloves-for-fit","25":"product_tag-wholesale-riding-gloves-for-european-suppliers","27":"first","28":"instock","29":"taxable","30":"shipping-taxable","31":"purchasable","32":"product-type-simple"},"_links":{"self":[{"href":"https:\/\/ryinz.cz\/velkoobchod\/de\/wp-json\/wp\/v2\/product\/9198","targetHints":{"allow":["GET"]}}],"collection":[{"href":"https:\/\/ryinz.cz\/velkoobchod\/de\/wp-json\/wp\/v2\/product"}],"about":[{"href":"https:\/\/ryinz.cz\/velkoobchod\/de\/wp-json\/wp\/v2\/types\/product"}],"replies":[{"embeddable":true,"href":"https:\/\/ryinz.cz\/velkoobchod\/de\/wp-json\/wp\/v2\/comments?post=9198"}],"wp:featuredmedia":[{"embeddable":true,"href":"https:\/\/ryinz.cz\/velkoobchod\/de\/wp-json\/wp\/v2\/media\/9293"}],"wp:attachment":[{"href":"https:\/\/ryinz.cz\/velkoobchod\/de\/wp-json\/wp\/v2\/media?parent=9198"}],"wp:term":[{"taxonomy":"product_brand","embeddable":true,"href":"https:\/\/ryinz.cz\/velkoobchod\/de\/wp-json\/wp\/v2\/product_brand?post=9198"},{"taxonomy":"product_cat","embeddable":true,"href":"https:\/\/ryinz.cz\/velkoobchod\/de\/wp-json\/wp\/v2\/product_cat?post=9198"},{"taxonomy":"product_tag","embeddable":true,"href":"https:\/\/ryinz.cz\/velkoobchod\/de\/wp-json\/wp\/v2\/product_tag?post=9198"}],"curies":[{"name":"wp","href":"https:\/\/api.w.org\/{rel}","templated":true}]}}