{"id":9197,"date":"2025-06-22T15:32:50","date_gmt":"2025-06-22T15:32:50","guid":{"rendered":"https:\/\/ryinz.cz\/velkoobchod\/?post_type=product&#038;p=9197"},"modified":"2026-01-18T20:18:12","modified_gmt":"2026-01-18T20:18:12","slug":"ryinz-groshandel-einzelhandel-schwarz-gepanzerte-reithandschuhe-mit-pvc-ziegenleder-schutz-fur-biker-handler","status":"publish","type":"product","link":"https:\/\/ryinz.cz\/velkoobchod\/de\/product\/ryinz-wholesale-retail-black-armored-riding-gloves-with-pvc-goat-leather-protection-for-bikers-dealers\/","title":{"rendered":"RYINZ Gro\u00dfhandel &amp; Einzelhandel Schwarz gepanzerte Reithandschuhe mit PVC &amp; Ziegenleder Schutz f\u00fcr Biker &amp; H\u00e4ndler"},"content":{"rendered":"<p data-start=\"834\" data-end=\"946\"><strong data-start=\"834\" data-end=\"946\">RYINZ Full-Protective Armored Motorcycle Gloves - Entwickelt f\u00fcr aggressives Fahren, Touring &amp; B2B-Vertrieb<\/strong><\/p>\n<p data-start=\"948\" data-end=\"1314\">F\u00fcr Fahrer, die extremen Schutz, Strapazierf\u00e4higkeit und visuelle Kraft verlangen, wurde die <strong data-start=\"1029\" data-end=\"1060\">RYINZ Panzer-Reithandschuhe<\/strong> sind gebaut, um unter Druck zu funktionieren. Ob in der Stadt oder auf der Autobahn, diese Handschuhe kombinieren fortschrittliche Sicherheitstechnologien mit hochwertigen Materialien und sind damit die ideale Wahl f\u00fcr Gro\u00dfh\u00e4ndler, Wiederverk\u00e4ufer und private Motorradausr\u00fcstungen.<\/p>\n<p data-start=\"1316\" data-end=\"1650\"><strong data-start=\"1316\" data-end=\"1381\">Strapazierf\u00e4hige Konstruktion - Mischung aus Leder und Cordura-Gewebe<\/strong><br data-start=\"1381\" data-end=\"1384\" \/>Diese Handschuhe haben ein robustes <strong data-start=\"1414\" data-end=\"1437\">R\u00fccken aus Cordura-Gewebe<\/strong>, Das Material wurde aufgrund seiner Festigkeit und Widerstandsf\u00e4higkeit gegen Risse und Witterungseinfl\u00fcsse ausgew\u00e4hlt. Die Handfl\u00e4chenseite ist gefertigt aus <strong data-start=\"1539\" data-end=\"1572\">Semianilin-Ziegenleder (GoatSkin)<\/strong>, und bietet eine weiche, aber abriebfeste Oberfl\u00e4che f\u00fcr hohe Kontaktleistung.<\/p>\n<p data-start=\"1652\" data-end=\"1891\">Der Daumen- und Sattelbereich ist verst\u00e4rkt mit <strong data-start=\"1697\" data-end=\"1719\">Kuh Design Leder<\/strong>, und sorgt f\u00fcr besseren Grip und Verschlei\u00dffestigkeit bei Kupplungs- und Gaspedalbet\u00e4tigung. Diese Materialien arbeiten harmonisch zusammen, um einen reaktionsschnellen, passgenauen und \u00e4u\u00dferst langlebigen Handschuh zu bieten.<\/p>\n<p data-start=\"1893\" data-end=\"2206\"><strong data-start=\"1893\" data-end=\"1949\">Ultimativer Schutz - PVC + Harmonica Knuckle Shells<\/strong><br data-start=\"1949\" data-end=\"1952\" \/>Die Oberseite des Handschuhs enth\u00e4lt eine <strong data-start=\"1984\" data-end=\"2017\">Kn\u00f6chelschutz aus gummiertem PVC<\/strong> Das harmonikaf\u00f6rmige Design sorgt f\u00fcr maximale Flexibilit\u00e4t und Abdeckung. Dieser hochbelastete Bereich sch\u00fctzt vor direkten Kollisionen und Abrieb und ist somit perfekt f\u00fcr Sport- und Abenteuerfahrer.<\/p>\n<p data-start=\"2208\" data-end=\"2443\">Dar\u00fcber hinaus, <strong data-start=\"2221\" data-end=\"2261\">gummierte PVC-Fingerkn\u00f6chelsch\u00fctzer<\/strong> sind in jedes Fingergelenk integriert, um die Sicherheit zu erh\u00f6hen und gleichzeitig die Geschicklichkeit zu erhalten. Diese Merkmale gew\u00e4hrleisten robusten Schutz aus jedem Winkel bei hohen Geschwindigkeiten oder aggressiven Fahrten.<\/p>\n<p data-start=\"2445\" data-end=\"2729\"><strong data-start=\"2445\" data-end=\"2498\">Komfort und Atmungsaktivit\u00e4t - Innen mit Trikot gef\u00fcttert<\/strong><br data-start=\"2498\" data-end=\"2501\" \/>Innen sind die Handschuhe mit einem <strong data-start=\"2538\" data-end=\"2560\">weiches Trikotfutter<\/strong>, das die Feuchtigkeit von den H\u00e4nden ableitet und gleichzeitig eine warme, reizfreie Oberfl\u00e4che bietet. Dies macht sie f\u00fcr das ganze Jahr \u00fcber Fahrten oder l\u00e4ngere Stunden des Tragens geeignet.<\/p>\n<p data-start=\"2731\" data-end=\"3013\"><strong data-start=\"2731\" data-end=\"2767\">Reflektierende Paspeln f\u00fcr bessere Sichtbarkeit<\/strong><br data-start=\"2767\" data-end=\"2770\" \/>Integriert <strong data-start=\"2781\" data-end=\"2802\">reflektierende Paspel<\/strong> entlang der R\u00fcckseite des Handschuhs verbessert die Sichtbarkeit bei Nachtfahrten oder bei Nebel. Ein kleines, aber entscheidendes Sicherheitsmerkmal, das die Verkehrssicherheit erh\u00f6ht, ohne die unauff\u00e4llige \u00c4sthetik des Handschuhs zu beeintr\u00e4chtigen.<\/p>\n<p data-start=\"3015\" data-end=\"3310\"><strong data-start=\"3015\" data-end=\"3072\">Individuelle Passform - Semi-Anilin-Ziegenleder Klettverschluss<\/strong><br data-start=\"3072\" data-end=\"3075\" \/>Das verstellbare Handgelenk ist mit einem <strong data-start=\"3107\" data-end=\"3149\">Semianilin-Ziegenleder Klettverschlussriemen<\/strong>, Mit dem gepr\u00e4gten RYINZ-Logo f\u00fcr hochwertiges Branding. Der Verschluss sorgt f\u00fcr einen passgenauen Sitz f\u00fcr jede Handgr\u00f6\u00dfe und verhindert das Eindringen von Wind und Staub.<\/p>\n<p data-start=\"3312\" data-end=\"3337\"><strong data-start=\"3312\" data-end=\"3335\">Ideale Anwendungen:<\/strong><\/p>\n<ul data-start=\"3338\" data-end=\"3619\">\n<li data-start=\"3338\" data-end=\"3374\">\n<p data-start=\"3340\" data-end=\"3374\">Fahrer von Sportmotorr\u00e4dern und Naked Bikes<\/p>\n<\/li>\n<li data-start=\"3375\" data-end=\"3420\">\n<p data-start=\"3377\" data-end=\"3420\">Motorradtouren und Langstreckenausr\u00fcstung<\/p>\n<\/li>\n<li data-start=\"3421\" data-end=\"3469\">\n<p data-start=\"3423\" data-end=\"3469\">Powersportgesch\u00e4fte und Einzelh\u00e4ndler f\u00fcr Sicherheitsausr\u00fcstung<\/p>\n<\/li>\n<li data-start=\"3470\" data-end=\"3519\">\n<p data-start=\"3472\" data-end=\"3519\">OEM-Produktion f\u00fcr Motorrad-Markenbekleidung<\/p>\n<\/li>\n<li data-start=\"3520\" data-end=\"3568\">\n<p data-start=\"3522\" data-end=\"3568\">EU-H\u00e4ndler suchen CE-konforme Handschuhe<\/p>\n<\/li>\n<li data-start=\"3569\" data-end=\"3619\">\n<p data-start=\"3571\" data-end=\"3619\">Gro\u00dfeink\u00e4ufer, die Abenteuerkleidung auf Lager haben<\/p>\n<\/li>\n<\/ul>\n<p data-start=\"3621\" data-end=\"3646\"><strong data-start=\"3621\" data-end=\"3644\">Besondere Highlights:<\/strong><\/p>\n<ul data-start=\"3647\" data-end=\"4068\">\n<li data-start=\"3647\" data-end=\"3678\">\n<p data-start=\"3649\" data-end=\"3678\">R\u00fcckseite aus strapazierf\u00e4higem Cordura-Gewebe<\/p>\n<\/li>\n<li data-start=\"3679\" data-end=\"3723\">\n<p data-start=\"3681\" data-end=\"3723\">Handfl\u00e4che und Daumen aus Semi-Anilin-Ziegenleder<\/p>\n<\/li>\n<li data-start=\"3724\" data-end=\"3760\">\n<p data-start=\"3726\" data-end=\"3760\">Verst\u00e4rkung des Sattels aus Rindsleder<\/p>\n<\/li>\n<li data-start=\"3761\" data-end=\"3802\">\n<p data-start=\"3763\" data-end=\"3802\">PVC-Kn\u00f6chelschoner im Harmonika-Stil<\/p>\n<\/li>\n<li data-start=\"3803\" data-end=\"3836\">\n<p data-start=\"3805\" data-end=\"3836\">PVC-Fingerkn\u00f6chelsch\u00fctzer<\/p>\n<\/li>\n<li data-start=\"3837\" data-end=\"3881\">\n<p data-start=\"3839\" data-end=\"3881\">Trikot-Innenfutter f\u00fcr Feuchtigkeitskomfort<\/p>\n<\/li>\n<li data-start=\"3882\" data-end=\"3924\">\n<p data-start=\"3884\" data-end=\"3924\">Reflektierende Paspeln f\u00fcr Sichtbarkeit bei Nacht<\/p>\n<\/li>\n<li data-start=\"3925\" data-end=\"3973\">\n<p data-start=\"3927\" data-end=\"3973\">Klettverschlussmanschette mit TPR-Logo und Lederabschluss<\/p>\n<\/li>\n<li data-start=\"3974\" data-end=\"4014\">\n<p data-start=\"3976\" data-end=\"4014\">Ergonomische Griffverst\u00e4rkung auf der Handfl\u00e4che<\/p>\n<\/li>\n<li data-start=\"4015\" data-end=\"4068\">\n<p data-start=\"4017\" data-end=\"4068\">Entwickelt f\u00fcr Leistung, Flexibilit\u00e4t und Sicherheit<\/p>\n<\/li>\n<\/ul>\n<p data-start=\"4070\" data-end=\"4309\">Dieser Handschuh verbindet <strong data-start=\"4088\" data-end=\"4107\">taktische Gestaltung<\/strong> mit <strong data-start=\"4113\" data-end=\"4141\">Europ\u00e4ische Sicherheitsmerkmale<\/strong>, Sie bieten ein hervorragendes Preis-Leistungs-Verh\u00e4ltnis f\u00fcr H\u00e4ndler, die zuverl\u00e4ssige, universell einsetzbare Motorradhandschuhe ben\u00f6tigen, die f\u00fcr Profis und Abenteurer gleicherma\u00dfen geeignet sind.<\/p>","protected":false},"excerpt":{"rendered":"<p data-start=\"255\" data-end=\"783\">Die gepanzerten Motorradhandschuhe von RYINZ bieten robusten Schutz durch Semianilin-Ziegenleder, verst\u00e4rkte PVC- und gummierte Kn\u00f6chelschalen und Cordura-verst\u00e4rkte Haltbarkeit. Diese Handschuhe wurden f\u00fcr aggressive Fahrten und Langstreckentouren entwickelt und verf\u00fcgen \u00fcber eine Fingerpanzerung, reflektierende Paspeln, eine Manschette mit TPR-Markenzeichen und ergonomische Sattelverst\u00e4rkungen an Handfl\u00e4che und Daumen. Ideal f\u00fcr Motorradh\u00e4ndler, Distributoren und B2B-Gro\u00dfabnehmer, die CE-konforme Leistung mit hochwertiger Materialverarbeitung suchen.<\/p>","protected":false},"featured_media":9292,"comment_status":"closed","ping_status":"closed","template":"","meta":[],"product_brand":[35],"product_cat":[1111,380,122,68],"product_tag":[373,374,375,376,377,378,379,381,382,383,384,385,386,387,388],"class_list":{"0":"post-9197","1":"product","2":"type-product","3":"status-publish","4":"has-post-thumbnail","6":"product_brand-ryinz","7":"product_cat-motorbike","8":"product_cat-motorbike-gloves","9":"product_cat-motorbike-racing-gloves","10":"product_cat-ryinz","11":"product_tag-breathable-protective-gloves-for-long-rides","12":"product_tag-bright-color-gloves-for-road-safety-and-visibility","13":"product_tag-ce-certified-gloves-for-eu-motorcycle-safety","14":"product_tag-en13594-motorcycle-gloves-with-tpu-armor","15":"product_tag-eva-rubber-reinforced-tactical-gloves","16":"product_tag-goatskin-leather-motorcycle-gloves-for-retailers","17":"product_tag-high-visibility-biker-gloves-with-safety-features","18":"product_tag-motorcycle-gloves-with-foam-padded-palm","19":"product_tag-premium-riding-gloves-for-distribution","20":"product_tag-protective-riding-gloves-for-street-and-off-road","21":"product_tag-tactical-motorcycle-gloves-for-wholesale","22":"product_tag-tpu-knuckle-protected-gloves-for-motorcyclists","23":"product_tag-twill-back-biker-gloves-with-leather-palm","24":"product_tag-velcro-closure-motorcycle-gloves-for-fit","25":"product_tag-wholesale-riding-gloves-for-european-suppliers","27":"first","28":"instock","29":"taxable","30":"shipping-taxable","31":"purchasable","32":"product-type-simple"},"_links":{"self":[{"href":"https:\/\/ryinz.cz\/velkoobchod\/de\/wp-json\/wp\/v2\/product\/9197","targetHints":{"allow":["GET"]}}],"collection":[{"href":"https:\/\/ryinz.cz\/velkoobchod\/de\/wp-json\/wp\/v2\/product"}],"about":[{"href":"https:\/\/ryinz.cz\/velkoobchod\/de\/wp-json\/wp\/v2\/types\/product"}],"replies":[{"embeddable":true,"href":"https:\/\/ryinz.cz\/velkoobchod\/de\/wp-json\/wp\/v2\/comments?post=9197"}],"wp:featuredmedia":[{"embeddable":true,"href":"https:\/\/ryinz.cz\/velkoobchod\/de\/wp-json\/wp\/v2\/media\/9292"}],"wp:attachment":[{"href":"https:\/\/ryinz.cz\/velkoobchod\/de\/wp-json\/wp\/v2\/media?parent=9197"}],"wp:term":[{"taxonomy":"product_brand","embeddable":true,"href":"https:\/\/ryinz.cz\/velkoobchod\/de\/wp-json\/wp\/v2\/product_brand?post=9197"},{"taxonomy":"product_cat","embeddable":true,"href":"https:\/\/ryinz.cz\/velkoobchod\/de\/wp-json\/wp\/v2\/product_cat?post=9197"},{"taxonomy":"product_tag","embeddable":true,"href":"https:\/\/ryinz.cz\/velkoobchod\/de\/wp-json\/wp\/v2\/product_tag?post=9197"}],"curies":[{"name":"wp","href":"https:\/\/api.w.org\/{rel}","templated":true}]}}