{"id":9196,"date":"2025-08-26T11:48:34","date_gmt":"2025-08-26T11:48:34","guid":{"rendered":"https:\/\/ryinz.cz\/velkoobchod\/?post_type=product&#038;p=9196"},"modified":"2026-01-18T20:18:11","modified_gmt":"2026-01-18T20:18:11","slug":"ryinz-alle-schwarzen-schutzhandschuhe-motorrad-fur-den-einzelhandel-mit-schaumstoff-gepolsterte-handflache-und-eva-tpu-rustung","status":"publish","type":"product","link":"https:\/\/ryinz.cz\/velkoobchod\/de\/product\/ryinz-all-black-protective-motorcycle-gloves-for-retail-wholesale-with-foam-padded-palm-and-eva-tpu-armor\/","title":{"rendered":"RYINZ All-Black sch\u00fctzende Motorradhandschuhe f\u00fcr Einzelhandel &amp; Gro\u00dfhandel mit Schaumstoff gepolsterte Handfl\u00e4che und EVA + TPU Armor"},"content":{"rendered":"<p data-start=\"887\" data-end=\"1000\"><strong data-start=\"887\" data-end=\"1000\">RYINZ All-Black Motorradhandschuhe - optimierte Sicherheit und Komfort f\u00fcr Einzelh\u00e4ndler, Distributoren und EU-K\u00e4ufer<\/strong><\/p>\n<p data-start=\"1002\" data-end=\"1363\">Die Kombination aus klarer \u00c4sthetik und solider Sicherheitsleistung macht die <strong data-start=\"1064\" data-end=\"1101\">RYINZ All-Black Motorradhandschuhe<\/strong> sind perfekt f\u00fcr alle, die Wert auf stilvolle und gleichzeitig unauff\u00e4llige Ausr\u00fcstung legen. Dieses Modell wurde entwickelt, um die wachsende Nachfrage nach minimalistischen Schutzhandschuhen sowohl im Gro\u00df- als auch im Einzelhandel zu befriedigen. Es ist CE-zertifiziert, sto\u00dffest und auf Komfort ausgelegt.<\/p>\n<p data-start=\"1365\" data-end=\"1532\">Egal, ob Sie ein Einzelh\u00e4ndler sind, der Pendler in der Stadt beliefert, oder ein Gro\u00dfh\u00e4ndler, der europ\u00e4ische Distributoren beliefert - dieser Handschuh bietet sowohl optische Attraktivit\u00e4t als auch praktische Funktionalit\u00e4t.<\/p>\n<p data-start=\"1534\" data-end=\"1872\"><strong data-start=\"1534\" data-end=\"1580\">Twill-R\u00fccken f\u00fcr Flexibilit\u00e4t und Atmungsaktivit\u00e4t<\/strong><br data-start=\"1580\" data-end=\"1583\" \/>Die \u00e4u\u00dfere Schicht des Handschuhs besteht aus <strong data-start=\"1632\" data-end=\"1654\">robustes Twill-Gewebe<\/strong>, Das Material wurde aufgrund seiner Strapazierf\u00e4higkeit, Elastizit\u00e4t und F\u00e4higkeit, unter Druck zu bel\u00fcften, ausgew\u00e4hlt. Dies macht die Handschuhe geeignet f\u00fcr lange Fahrten oder variable Wetterbedingungen, vor allem im Fr\u00fchjahr, Herbst oder k\u00fchleren Sommertagen.<\/p>\n<p data-start=\"1874\" data-end=\"2197\"><strong data-start=\"1874\" data-end=\"1928\">GoatSkin Lederflicken - Strategische Verst\u00e4rkung<\/strong><br data-start=\"1928\" data-end=\"1931\" \/>F\u00fcr zus\u00e4tzliche Abriebfestigkeit und strukturelle Unterst\u00fctzung, <strong data-start=\"1982\" data-end=\"2010\">GoatSkin Lederflicken<\/strong> sind auf der R\u00fcckseite der Finger integriert. Diese Bereiche sind entscheidend f\u00fcr den Schutz bei St\u00fcrzen und reibungsintensiven Bewegungen und sorgen f\u00fcr eine l\u00e4ngere Produktlebensdauer und ein h\u00f6heres Vertrauen des Tr\u00e4gers.<\/p>\n<p data-start=\"2199\" data-end=\"2561\"><strong data-start=\"2199\" data-end=\"2244\">TPU Kn\u00f6chelschutz + EVA Gummiarmierung<\/strong><br data-start=\"2244\" data-end=\"2247\" \/>Die Fahrer profitieren von einem eingebauten <strong data-start=\"2283\" data-end=\"2304\">TPU Kn\u00f6chelschutz<\/strong>, Sie sind so konzipiert, dass sie einen direkten Aufprall absorbieren, ohne dabei aufzutragen. Dar\u00fcber hinaus, <strong data-start=\"2373\" data-end=\"2402\">EVA-Gummiverst\u00e4rkungen<\/strong> an den Fingerr\u00fccken und an der Stulpe verbessern die allgemeine Sto\u00dfd\u00e4mpfung, so dass sich die Handschuhe f\u00fcr den Einsatz in risikoreichen Umgebungen oder bei rasanten Fahrten eignen.<\/p>\n<p data-start=\"2563\" data-end=\"2900\"><strong data-start=\"2563\" data-end=\"2608\">Handfl\u00e4che aus Ziegenleder mit Schaumstoffpolsterung<\/strong><br data-start=\"2608\" data-end=\"2611\" \/>Die Handfl\u00e4che des Handschuhs weist folgende Merkmale auf <strong data-start=\"2642\" data-end=\"2671\">GoatSkin Leder-Overlays<\/strong> mit interner <strong data-start=\"2686\" data-end=\"2702\">Schaumstoffpolsterung<\/strong>, Dadurch werden Vibrationen reduziert und ein sicherer Halt bei l\u00e4ngeren Fahrten gew\u00e4hrleistet. Ob im Stadtverkehr oder auf der Autobahn, diese zus\u00e4tzliche Unterst\u00fctzung minimiert die Erm\u00fcdung des Fahrers und verbessert die taktile Kontrolle.<\/p>\n<p data-start=\"2902\" data-end=\"3199\"><strong data-start=\"2902\" data-end=\"2951\">Bequemer Sitz am Handgelenk - Klettverschluss-System<\/strong><br data-start=\"2951\" data-end=\"2954\" \/>Die <strong data-start=\"2958\" data-end=\"2998\">Gepr\u00e4gtes GoatSkin-Klettband am Handgelenk<\/strong> bietet eine verstellbare, sichere Passform, die die Handschuhe auch bei schnellen Bewegungen an ihrem Platz h\u00e4lt. Die verl\u00e4ngerte Handgelenksabdeckung bietet Windwiderstand und Schutz, ohne mit den Jacken\u00e4rmeln zu kollidieren.<\/p>\n<p data-start=\"3201\" data-end=\"3492\"><strong data-start=\"3201\" data-end=\"3246\">Minimales Design mit maximaler Funktionalit\u00e4t<\/strong><br data-start=\"3246\" data-end=\"3249\" \/>Diese Handschuhe sind in einem klaren, komplett schwarzen Farbschema gehalten und eignen sich perfekt f\u00fcr Fahrer, die einen unauff\u00e4lligen Look bevorzugen. Der <strong data-start=\"3364\" data-end=\"3389\">dezentes RYINZ-Branding<\/strong> k\u00f6nnen diese Handschuhe mit jeder Ausr\u00fcstung kombiniert werden, sowohl mit modernen Sportmotorr\u00e4dern als auch mit klassischen Motorr\u00e4dern.<\/p>\n<p data-start=\"3494\" data-end=\"3718\"><strong data-start=\"3494\" data-end=\"3516\">Verf\u00fcgbare Varianten<\/strong><br data-start=\"3516\" data-end=\"3519\" \/>Dieses Modell ist auch erh\u00e4ltlich in <strong data-start=\"3551\" data-end=\"3574\">schwarz mit roter Verzierung<\/strong> und <strong data-start=\"3579\" data-end=\"3605\">schwarz mit gelber Zierleiste<\/strong>, So k\u00f6nnen die K\u00e4ufer mehrere Versionen vorr\u00e4tig halten oder den Kunden, die verschiedene optische Akzente setzen wollen, mehr Auswahl bieten.<\/p>\n<p data-start=\"3720\" data-end=\"3952\"><strong data-start=\"3720\" data-end=\"3768\">CE-zertifiziert - EN420 &amp; EN13594:2015 zugelassen<\/strong><br data-start=\"3768\" data-end=\"3771\" \/>Diese Handschuhe entsprechen den europ\u00e4ischen Sicherheitsnormen und sind <strong data-start=\"3830\" data-end=\"3875\">CE-zertifiziert nach EN420 und EN13594:2015<\/strong>, Dadurch wird sichergestellt, dass sie f\u00fcr die Verwendung in Kraftr\u00e4dern auf dem gesamten EU-Markt rechtlich zugelassen sind.<\/p>\n<p data-start=\"3954\" data-end=\"3976\"><strong data-start=\"3954\" data-end=\"3974\">Am besten geeignet f\u00fcr:<\/strong><\/p>\n<ul data-start=\"3977\" data-end=\"4266\">\n<li data-start=\"3977\" data-end=\"4013\">\n<p data-start=\"3979\" data-end=\"4013\">Stadtpendler und t\u00e4gliche Fahrer<\/p>\n<\/li>\n<li data-start=\"4014\" data-end=\"4062\">\n<p data-start=\"4016\" data-end=\"4062\">Einzelhandelsgesch\u00e4fte, die minimalistische Reitausr\u00fcstung anbieten<\/p>\n<\/li>\n<li data-start=\"4063\" data-end=\"4118\">\n<p data-start=\"4065\" data-end=\"4118\">Motorradmarken, die CE-zertifiziertes Zubeh\u00f6r anbieten<\/p>\n<\/li>\n<li data-start=\"4119\" data-end=\"4157\">\n<p data-start=\"4121\" data-end=\"4157\">Fr\u00fchjahrs- und Herbstkollektionen<\/p>\n<\/li>\n<li data-start=\"4158\" data-end=\"4234\">\n<p data-start=\"4160\" data-end=\"4234\">Vertriebsh\u00e4ndler und Gro\u00dfh\u00e4ndler, die Schutzhandschuhe mit universeller Passform suchen<\/p>\n<\/li>\n<li data-start=\"4235\" data-end=\"4266\">\n<p data-start=\"4237\" data-end=\"4266\">OEM- oder Co-Branding-Projekte<\/p>\n<\/li>\n<\/ul>\n<p data-start=\"4268\" data-end=\"4303\"><strong data-start=\"4268\" data-end=\"4301\">Produktmerkmale auf einen Blick:<\/strong><\/p>\n<ul data-start=\"4304\" data-end=\"4677\">\n<li data-start=\"4304\" data-end=\"4333\">\n<p data-start=\"4306\" data-end=\"4333\">R\u00fcckseite aus strapazierf\u00e4higem Twill-Gewebe<\/p>\n<\/li>\n<li data-start=\"4334\" data-end=\"4376\">\n<p data-start=\"4336\" data-end=\"4376\">GoatSkin Leder Finger Verst\u00e4rkungen<\/p>\n<\/li>\n<li data-start=\"4377\" data-end=\"4423\">\n<p data-start=\"4379\" data-end=\"4423\">EVA-Gummipolsterung an Fingern und Handgelenkmanschette<\/p>\n<\/li>\n<li data-start=\"4424\" data-end=\"4456\">\n<p data-start=\"4426\" data-end=\"4456\">TPU Kn\u00f6chelschutzschale<\/p>\n<\/li>\n<li data-start=\"4457\" data-end=\"4494\">\n<p data-start=\"4459\" data-end=\"4494\">Schaumstoffgepolsterte GoatSkin-Lederhandfl\u00e4che<\/p>\n<\/li>\n<li data-start=\"4495\" data-end=\"4528\">\n<p data-start=\"4497\" data-end=\"4528\">Verstellbares Klettband am Handgelenk<\/p>\n<\/li>\n<li data-start=\"4529\" data-end=\"4576\">\n<p data-start=\"4531\" data-end=\"4576\">Dezentes, komplett schwarzes Design mit leichtem Branding<\/p>\n<\/li>\n<li data-start=\"4577\" data-end=\"4635\">\n<p data-start=\"4579\" data-end=\"4635\">Optional erh\u00e4ltliche Farbvarianten (rote oder gelbe Zierleiste)<\/p>\n<\/li>\n<li data-start=\"4636\" data-end=\"4677\">\n<p data-start=\"4638\" data-end=\"4677\">EN420 &amp; EN13594:2015 CE-Zertifizierung<\/p>\n<\/li>\n<\/ul>\n<p data-start=\"4679\" data-end=\"4910\">Die <strong data-start=\"4683\" data-end=\"4720\">RYINZ All-Black Motorradhandschuhe<\/strong> sind eine vielseitige und stilvolle Wahl f\u00fcr diejenigen, die Schutzkleidung ohne Auff\u00e4lligkeiten suchen. Ein unverzichtbares Modell f\u00fcr Gesch\u00e4fte, die moderne Fahrer und Gro\u00dfabnehmer in Europa und dar\u00fcber hinaus ansprechen wollen.<\/p>","protected":false},"excerpt":{"rendered":"<p>Die komplett schwarzen Motorradhandschuhe von RYINZ sind ein vielseitiges Muss f\u00fcr Fahrer und Ausr\u00fcster, die eine elegante, sch\u00fctzende und CE-zertifizierte L\u00f6sung suchen. Die Handschuhe bestehen aus einem Twill-Stoffr\u00fccken und einer GoatSkin-Lederverst\u00e4rkung und verf\u00fcgen \u00fcber eine Kn\u00f6chelverst\u00e4rkung aus EVA-Gummi und TPU, eine gepolsterte Handfl\u00e4che f\u00fcr Langstreckenkomfort und einen gepr\u00e4gten Klettverschluss am Handgelenk f\u00fcr eine ma\u00dfgeschneiderte Passform. Ideal f\u00fcr Gro\u00df- und Einzelhandelskunden, die Wert auf Sicherheitsausr\u00fcstung mit minimalistischem Design legen. Zertifiziert nach EN420 und EN13594:2015 f\u00fcr den Einsatz in der EU.<\/p>","protected":false},"featured_media":9291,"comment_status":"closed","ping_status":"closed","template":"","meta":[],"product_brand":[35],"product_cat":[1111,380,122,68],"product_tag":[373,374,375,376,377,378,379,381,382,383,384,385,386,387,388],"class_list":{"0":"post-9196","1":"product","2":"type-product","3":"status-publish","4":"has-post-thumbnail","6":"product_brand-ryinz","7":"product_cat-motorbike","8":"product_cat-motorbike-gloves","9":"product_cat-motorbike-racing-gloves","10":"product_cat-ryinz","11":"product_tag-breathable-protective-gloves-for-long-rides","12":"product_tag-bright-color-gloves-for-road-safety-and-visibility","13":"product_tag-ce-certified-gloves-for-eu-motorcycle-safety","14":"product_tag-en13594-motorcycle-gloves-with-tpu-armor","15":"product_tag-eva-rubber-reinforced-tactical-gloves","16":"product_tag-goatskin-leather-motorcycle-gloves-for-retailers","17":"product_tag-high-visibility-biker-gloves-with-safety-features","18":"product_tag-motorcycle-gloves-with-foam-padded-palm","19":"product_tag-premium-riding-gloves-for-distribution","20":"product_tag-protective-riding-gloves-for-street-and-off-road","21":"product_tag-tactical-motorcycle-gloves-for-wholesale","22":"product_tag-tpu-knuckle-protected-gloves-for-motorcyclists","23":"product_tag-twill-back-biker-gloves-with-leather-palm","24":"product_tag-velcro-closure-motorcycle-gloves-for-fit","25":"product_tag-wholesale-riding-gloves-for-european-suppliers","27":"first","28":"instock","29":"taxable","30":"shipping-taxable","31":"purchasable","32":"product-type-simple"},"_links":{"self":[{"href":"https:\/\/ryinz.cz\/velkoobchod\/de\/wp-json\/wp\/v2\/product\/9196","targetHints":{"allow":["GET"]}}],"collection":[{"href":"https:\/\/ryinz.cz\/velkoobchod\/de\/wp-json\/wp\/v2\/product"}],"about":[{"href":"https:\/\/ryinz.cz\/velkoobchod\/de\/wp-json\/wp\/v2\/types\/product"}],"replies":[{"embeddable":true,"href":"https:\/\/ryinz.cz\/velkoobchod\/de\/wp-json\/wp\/v2\/comments?post=9196"}],"wp:featuredmedia":[{"embeddable":true,"href":"https:\/\/ryinz.cz\/velkoobchod\/de\/wp-json\/wp\/v2\/media\/9291"}],"wp:attachment":[{"href":"https:\/\/ryinz.cz\/velkoobchod\/de\/wp-json\/wp\/v2\/media?parent=9196"}],"wp:term":[{"taxonomy":"product_brand","embeddable":true,"href":"https:\/\/ryinz.cz\/velkoobchod\/de\/wp-json\/wp\/v2\/product_brand?post=9196"},{"taxonomy":"product_cat","embeddable":true,"href":"https:\/\/ryinz.cz\/velkoobchod\/de\/wp-json\/wp\/v2\/product_cat?post=9196"},{"taxonomy":"product_tag","embeddable":true,"href":"https:\/\/ryinz.cz\/velkoobchod\/de\/wp-json\/wp\/v2\/product_tag?post=9196"}],"curies":[{"name":"wp","href":"https:\/\/api.w.org\/{rel}","templated":true}]}}