{"id":9185,"date":"2025-06-22T15:32:01","date_gmt":"2025-06-22T15:32:01","guid":{"rendered":"https:\/\/ryinz.cz\/velkoobchod\/?post_type=product&#038;p=9185"},"modified":"2026-01-18T20:18:08","modified_gmt":"2026-01-18T20:18:08","slug":"ryinz-retail-groshandel-leichte-reithandschuhe-mit-touchscreen-fingerspitze-und-tpu-eva-sicherheitsschutz","status":"publish","type":"product","link":"https:\/\/ryinz.cz\/velkoobchod\/de\/product\/ryinz-retail-wholesale-lightweight-riding-gloves-with-touchscreen-fingertip-and-tpu-eva-safety-protection\/","title":{"rendered":"RYINZ Retail &amp; Wholesale Leichte Reithandschuhe mit Touchscreen Fingerspitze und TPU + EVA Sicherheitsschutz"},"content":{"rendered":"<p data-start=\"892\" data-end=\"1001\"><strong data-start=\"892\" data-end=\"1001\">RYINZ Leichte Motorradhandschuhe mit Touchscreen-Funktion - f\u00fcr Gro\u00dfhandel, Einzelhandel und Digital-Age-Fahrer<\/strong><\/p>\n<p data-start=\"1003\" data-end=\"1377\">Motorradhandschuhe haben sich weiterentwickelt - und die <strong data-start=\"1044\" data-end=\"1079\">RYINZ Leichte Reithandschuhe<\/strong> sind ein perfektes Beispiel f\u00fcr diese Entwicklung. Diese Handschuhe wurden f\u00fcr moderne Motorradfahrer entwickelt und legen den Schwerpunkt auf Komfort, Kontrolle, digitale Funktionalit\u00e4t und Sicherheit, w\u00e4hrend sie gleichzeitig leicht und atmungsaktiv sind. Egal, ob Sie Einzelh\u00e4ndler, Distributor oder Online-Wiederverk\u00e4ufer sind, dies ist ein ideales Produkt f\u00fcr Ihren Bestand.<\/p>\n<p data-start=\"1379\" data-end=\"1678\"><strong data-start=\"1379\" data-end=\"1444\">Stromlinienf\u00f6rmige Konstruktion - Flexible und atmungsaktive Twill-R\u00fcckseite<\/strong><br data-start=\"1444\" data-end=\"1447\" \/>Diese Handschuhe haben ein <strong data-start=\"1470\" data-end=\"1491\">R\u00fccken aus Twillgewebe<\/strong> das leicht, atmungsaktiv und dehnbar ist. Es sorgt f\u00fcr Bewegungsfreiheit und eine gute Luftzirkulation f\u00fcr Fahrer, die lange Stunden auf der Stra\u00dfe verbringen oder Handschuhe bei warmem Wetter verwenden.<\/p>\n<p data-start=\"1680\" data-end=\"1840\">Das leuchtend rote Branding und die farbigen Verzierungen sorgen f\u00fcr ein auff\u00e4lliges, sportliches Erscheinungsbild, ohne \u00fcberm\u00e4\u00dfig auff\u00e4llig zu sein - ideal f\u00fcr Freizeit- und semiprofessionelle Fahrer.<\/p>\n<p data-start=\"1842\" data-end=\"2206\"><strong data-start=\"1842\" data-end=\"1901\">TPU &amp; EVA Sicherheitsabschirmung - integriert und dennoch leicht<\/strong><br data-start=\"1901\" data-end=\"1904\" \/>Die Sicherheit wurde nicht beeintr\u00e4chtigt. <strong data-start=\"1937\" data-end=\"1963\">TPU Kn\u00f6chelschutz<\/strong> ist unter dem Twill-R\u00fccken eingebettet und sorgt f\u00fcr Sto\u00dfd\u00e4mpfung bei St\u00fcrzen oder abrupten Bewegungen. <strong data-start=\"2071\" data-end=\"2090\">EVA-Gummipuffer<\/strong> verst\u00e4rken die Handschuhe an den Fingern und an der Handgelenksmanschette f\u00fcr einen besseren Schutz vor Prellungen und Sch\u00fcrfwunden.<\/p>\n<p data-start=\"2208\" data-end=\"2337\">Diese Merkmale sind so konzipiert, dass der Handschuh sich leicht anf\u00fchlt und gleichzeitig dort, wo es darauf ankommt, einen hochwertigen Schutz bietet.<\/p>\n<p data-start=\"2339\" data-end=\"2766\"><strong data-start=\"2339\" data-end=\"2406\">Palm Perfection - Ziegenleder-Verst\u00e4rkung + Schaumstoff-Polsterung<\/strong><br data-start=\"2406\" data-end=\"2409\" \/>Die Handfl\u00e4che ist ein kritischer Bereich f\u00fcr Grip und Verschlei\u00df, und RYINZ adressiert dies mit <strong data-start=\"2486\" data-end=\"2520\">GoatSkin Lederverst\u00e4rkung<\/strong> in stark beanspruchten Kontaktzonen. Dar\u00fcber hinaus, <strong data-start=\"2564\" data-end=\"2580\">Schaumstoffpolsterung<\/strong> mildert Vibrationen und verbessert die Griffkontrolle. Dieses ergonomische Layout bietet ein komfortables, rutschfestes Erlebnis, ideal f\u00fcr das Fahren in der Stadt, E-Scooter, Lieferfahrer und Mountainbiker.<\/p>\n<p data-start=\"2768\" data-end=\"3041\"><strong data-start=\"2768\" data-end=\"2820\">Touchscreen-kompatibler Fingertip f\u00fcr mehr Bequemlichkeit<\/strong><br data-start=\"2820\" data-end=\"2823\" \/>Ein wichtiges Merkmal f\u00fcr den modernen Fahrer: die <strong data-start=\"2863\" data-end=\"2901\">Touchscreen-empfindlicher Zeigefinger<\/strong> erm\u00f6glicht die nahtlose Nutzung von Smartphones und GPS-Ger\u00e4ten, ohne den Handschuh ausziehen zu m\u00fcssen. Damit hebt sich das Produkt auf dem Markt f\u00fcr digitale Ausr\u00fcstung ab.<\/p>\n<p data-start=\"3043\" data-end=\"3311\"><strong data-start=\"3043\" data-end=\"3091\">Verstellbarer Klettverschluss am Handgelenk f\u00fcr sicheren Sitz<\/strong><br data-start=\"3091\" data-end=\"3094\" \/>Die Handschuhe werden mit einem <strong data-start=\"3117\" data-end=\"3133\">Klettband<\/strong> f\u00fcr eine individuelle Anpassung an das Handgelenk, damit sie auch bei intensiven Fahrten oder kurzen Stopps sicher an ihrem Platz bleiben. Das Design sch\u00fctzt au\u00dferdem vor Staub, Wind und leichter Feuchtigkeit.<\/p>\n<p data-start=\"3313\" data-end=\"3651\"><strong data-start=\"3313\" data-end=\"3361\">Farb- und Branding-Varianten f\u00fcr mehr Anziehungskraft<\/strong><br data-start=\"3361\" data-end=\"3364\" \/>Erh\u00e4ltlich in auff\u00e4lligen <strong data-start=\"3386\" data-end=\"3399\">schwarz\/rot<\/strong>, <strong data-start=\"3401\" data-end=\"3417\">schwarz\/gelb<\/strong>, und <strong data-start=\"3423\" data-end=\"3437\">schwarz\/grau<\/strong>, Mit diesen Handschuhen k\u00f6nnen Ihre Kunden die perfekte Kombination f\u00fcr ihren Stil w\u00e4hlen. Co-branded mit beiden <strong data-start=\"3536\" data-end=\"3545\">RYINZ<\/strong> und <strong data-start=\"3550\" data-end=\"3560\">Fr\u00fchling<\/strong> Etiketten ist dieses Modell sowohl f\u00fcr Mehrmarkeneinzelh\u00e4ndler als auch f\u00fcr exklusive B2B-H\u00e4ndler geeignet.<\/p>\n<p data-start=\"3653\" data-end=\"3927\"><strong data-start=\"3653\" data-end=\"3705\">Zertifiziert f\u00fcr Leistung - EN420 &amp; EN13594:2015<\/strong><br data-start=\"3705\" data-end=\"3708\" \/>Alle RYINZ-Handschuhe sind getestet auf <strong data-start=\"3739\" data-end=\"3769\">CE-Zertifizierungsnormen<\/strong>, und dieses Modell ist da keine Ausnahme. Konform mit <strong data-start=\"3818\" data-end=\"3844\">EN420 und EN13594:2015<\/strong>, Sie bietet eine gesetzliche Sicherheitszulassung f\u00fcr den Verkauf und die Verwendung in der gesamten Europ\u00e4ischen Union.<\/p>\n<p data-start=\"3929\" data-end=\"3958\"><strong data-start=\"3929\" data-end=\"3956\">Ideale M\u00e4rkte und K\u00e4ufer:<\/strong><\/p>\n<ul data-start=\"3959\" data-end=\"4226\">\n<li data-start=\"3959\" data-end=\"3991\">\n<p data-start=\"3961\" data-end=\"3991\">B2B-Vertriebsh\u00e4ndler f\u00fcr Sicherheitsausr\u00fcstung<\/p>\n<\/li>\n<li data-start=\"3992\" data-end=\"4027\">\n<p data-start=\"3994\" data-end=\"4027\">Gesch\u00e4fte f\u00fcr Sportbekleidung und Motorr\u00e4der<\/p>\n<\/li>\n<li data-start=\"4028\" data-end=\"4085\">\n<p data-start=\"4030\" data-end=\"4085\">Online-H\u00e4ndler auf der Suche nach funktionellen Reithandschuhen<\/p>\n<\/li>\n<li data-start=\"4086\" data-end=\"4138\">\n<p data-start=\"4088\" data-end=\"4138\">Ausr\u00fcster f\u00fcr E-Roller, E-Bikes und Lieferwagenfahrer<\/p>\n<\/li>\n<li data-start=\"4139\" data-end=\"4181\">\n<p data-start=\"4141\" data-end=\"4181\">OEM-Projekte und Markenproduktlinien<\/p>\n<\/li>\n<li data-start=\"4182\" data-end=\"4226\">\n<p data-start=\"4184\" data-end=\"4226\">Sommerausr\u00fcstungskollektionen f\u00fcr urbane Radfahrer<\/p>\n<\/li>\n<\/ul>\n<p data-start=\"4228\" data-end=\"4259\"><strong data-start=\"4228\" data-end=\"4257\">Die wichtigsten Merkmale auf einen Blick:<\/strong><\/p>\n<ul data-start=\"4260\" data-end=\"4683\">\n<li data-start=\"4260\" data-end=\"4302\">\n<p data-start=\"4262\" data-end=\"4302\">Leichter Twill-R\u00fccken zur Bel\u00fcftung<\/p>\n<\/li>\n<li data-start=\"4303\" data-end=\"4346\">\n<p data-start=\"4305\" data-end=\"4346\">TPU Kn\u00f6chelschoner f\u00fcr Sto\u00dfschutz<\/p>\n<\/li>\n<li data-start=\"4347\" data-end=\"4389\">\n<p data-start=\"4349\" data-end=\"4389\">EVA-Gummipolsterung an Fingern und Manschette<\/p>\n<\/li>\n<li data-start=\"4390\" data-end=\"4441\">\n<p data-start=\"4392\" data-end=\"4441\">Verst\u00e4rkte Handfl\u00e4che aus GoatSkin-Leder f\u00fcr lange Haltbarkeit<\/p>\n<\/li>\n<li data-start=\"4442\" data-end=\"4488\">\n<p data-start=\"4444\" data-end=\"4488\">Schaumstoffgepolsterte Zonen zur Vibrationsd\u00e4mpfung<\/p>\n<\/li>\n<li data-start=\"4489\" data-end=\"4539\">\n<p data-start=\"4491\" data-end=\"4539\">Touchscreen-freundliche Fingerspitze f\u00fcr die digitale Nutzung<\/p>\n<\/li>\n<li data-start=\"4540\" data-end=\"4571\">\n<p data-start=\"4542\" data-end=\"4571\">Sicherer Klettverschluss am Handgelenk<\/p>\n<\/li>\n<li data-start=\"4572\" data-end=\"4602\">\n<p data-start=\"4574\" data-end=\"4602\">Co-branded: RYINZ x Spring<\/p>\n<\/li>\n<li data-start=\"4603\" data-end=\"4642\">\n<p data-start=\"4605\" data-end=\"4642\">Erh\u00e4ltlich in mehreren Farboptionen<\/p>\n<\/li>\n<li data-start=\"4643\" data-end=\"4683\">\n<p data-start=\"4645\" data-end=\"4683\">Zertifiziert nach EN420 &amp; EN13594:2015<\/p>\n<\/li>\n<\/ul>\n<p data-start=\"4685\" data-end=\"4942\">Mit diesen Handschuhen bieten Sie Ihren Kunden nicht nur Schutz, sondern auch praktische Leistung. Der <strong data-start=\"4788\" data-end=\"4823\">RYINZ Leichte Reithandschuhe<\/strong> sind ideal f\u00fcr Alltagsfahrer, die einen flexiblen, touchscreenf\u00e4higen Handschuh mit den Sicherheitsmerkmalen schwererer Modelle suchen.<\/p>","protected":false},"excerpt":{"rendered":"<p>Steigern Sie Ihr Fahrgef\u00fchl mit den leichten Motorradhandschuhen von RYINZ - entwickelt f\u00fcr Komfort, Haltbarkeit und digitale Bequemlichkeit. Mit einem Twill-R\u00fccken und einer lederverst\u00e4rkten GoatSkin-Handfl\u00e4che bieten diese Handschuhe zuverl\u00e4ssigen Grip, Schaumstoffpolsterung und atmungsaktiven Tragekomfort. Die TPU-Kn\u00f6chelschale und der EVA-Gummischutz sorgen f\u00fcr Sto\u00dffestigkeit, w\u00e4hrend die Touchscreen-kompatible Fingerspitze die Funktionalit\u00e4t f\u00fcr moderne Fahrer erh\u00f6ht. Dieses Modell ist ideal f\u00fcr Gro\u00dfbestellungen und Einzelhandelsverk\u00e4ufe und bietet erstklassigen Schutz ohne viel Platzbedarf - CE-zertifiziert nach EN420 &amp; EN13594:2015.<\/p>","protected":false},"featured_media":9289,"comment_status":"closed","ping_status":"closed","template":"","meta":[],"product_brand":[35],"product_cat":[1111,380,122,68],"product_tag":[373,374,375,376,377,378,379,381,382,383,384,385,386,387,388],"class_list":{"0":"post-9185","1":"product","2":"type-product","3":"status-publish","4":"has-post-thumbnail","6":"product_brand-ryinz","7":"product_cat-motorbike","8":"product_cat-motorbike-gloves","9":"product_cat-motorbike-racing-gloves","10":"product_cat-ryinz","11":"product_tag-breathable-protective-gloves-for-long-rides","12":"product_tag-bright-color-gloves-for-road-safety-and-visibility","13":"product_tag-ce-certified-gloves-for-eu-motorcycle-safety","14":"product_tag-en13594-motorcycle-gloves-with-tpu-armor","15":"product_tag-eva-rubber-reinforced-tactical-gloves","16":"product_tag-goatskin-leather-motorcycle-gloves-for-retailers","17":"product_tag-high-visibility-biker-gloves-with-safety-features","18":"product_tag-motorcycle-gloves-with-foam-padded-palm","19":"product_tag-premium-riding-gloves-for-distribution","20":"product_tag-protective-riding-gloves-for-street-and-off-road","21":"product_tag-tactical-motorcycle-gloves-for-wholesale","22":"product_tag-tpu-knuckle-protected-gloves-for-motorcyclists","23":"product_tag-twill-back-biker-gloves-with-leather-palm","24":"product_tag-velcro-closure-motorcycle-gloves-for-fit","25":"product_tag-wholesale-riding-gloves-for-european-suppliers","27":"first","28":"instock","29":"taxable","30":"shipping-taxable","31":"purchasable","32":"product-type-simple"},"_links":{"self":[{"href":"https:\/\/ryinz.cz\/velkoobchod\/de\/wp-json\/wp\/v2\/product\/9185","targetHints":{"allow":["GET"]}}],"collection":[{"href":"https:\/\/ryinz.cz\/velkoobchod\/de\/wp-json\/wp\/v2\/product"}],"about":[{"href":"https:\/\/ryinz.cz\/velkoobchod\/de\/wp-json\/wp\/v2\/types\/product"}],"replies":[{"embeddable":true,"href":"https:\/\/ryinz.cz\/velkoobchod\/de\/wp-json\/wp\/v2\/comments?post=9185"}],"wp:featuredmedia":[{"embeddable":true,"href":"https:\/\/ryinz.cz\/velkoobchod\/de\/wp-json\/wp\/v2\/media\/9289"}],"wp:attachment":[{"href":"https:\/\/ryinz.cz\/velkoobchod\/de\/wp-json\/wp\/v2\/media?parent=9185"}],"wp:term":[{"taxonomy":"product_brand","embeddable":true,"href":"https:\/\/ryinz.cz\/velkoobchod\/de\/wp-json\/wp\/v2\/product_brand?post=9185"},{"taxonomy":"product_cat","embeddable":true,"href":"https:\/\/ryinz.cz\/velkoobchod\/de\/wp-json\/wp\/v2\/product_cat?post=9185"},{"taxonomy":"product_tag","embeddable":true,"href":"https:\/\/ryinz.cz\/velkoobchod\/de\/wp-json\/wp\/v2\/product_tag?post=9185"}],"curies":[{"name":"wp","href":"https:\/\/api.w.org\/{rel}","templated":true}]}}