{"id":9184,"date":"2025-06-22T15:32:00","date_gmt":"2025-06-22T15:32:00","guid":{"rendered":"https:\/\/ryinz.cz\/velkoobchod\/?post_type=product&#038;p=9184"},"modified":"2026-01-18T20:18:07","modified_gmt":"2026-01-18T20:18:07","slug":"ryinz-groshandel-einzelhandel-weise-leder-motorradhandschuhe-mit-tpu-knochel-rustung-und-eva-manschette-schutz","status":"publish","type":"product","link":"https:\/\/ryinz.cz\/velkoobchod\/de\/product\/ryinz-wholesale-retail-white-leather-motorcycle-gloves-with-tpu-knuckle-armor-and-eva-cuff-protection\/","title":{"rendered":"RYINZ Gro\u00dfhandel &amp; Einzelhandel wei\u00dfes Leder Motorradhandschuhe mit TPU Kn\u00f6chel R\u00fcstung und EVA Manschette Schutz"},"content":{"rendered":"<p data-start=\"962\" data-end=\"1067\"><strong data-start=\"962\" data-end=\"1067\">RYINZ White GoatSkin Leder Motorradhandschuhe - Hochsicherheitsausr\u00fcstung f\u00fcr B2B, H\u00e4ndler und seri\u00f6se Motorradfahrer<\/strong><\/p>\n<p data-start=\"1069\" data-end=\"1372\">Die <strong data-start=\"1073\" data-end=\"1114\">RYINZ Motorradhandschuhe aus wei\u00dfem Leder<\/strong> sind f\u00fcr diejenigen gedacht, die nicht nur Schutz, sondern auch Pr\u00e4senz verlangen. Mit auff\u00e4lligen wei\u00dfen Details, hochwertigen Materialien und robusten Sicherheitsmerkmalen sind diese Handschuhe ideal f\u00fcr Einzelhandelsgesch\u00e4fte, Wiederverk\u00e4ufer von Ausr\u00fcstung und Gro\u00dfh\u00e4ndler in ganz Europa und dar\u00fcber hinaus.<\/p>\n<p data-start=\"1374\" data-end=\"1578\">Diese Handschuhe wurden speziell entwickelt, um den doppelten Anforderungen gerecht zu werden <strong data-start=\"1433\" data-end=\"1475\">optische Attraktivit\u00e4t und zertifizierter Schutz<\/strong>, Damit sind sie perfekt f\u00fcr professionelle Fahrer, Langstreckenradler und stilvolle Stadtpendler gleicherma\u00dfen geeignet.<\/p>\n<p data-start=\"1580\" data-end=\"1998\"><strong data-start=\"1580\" data-end=\"1653\">Mutige Konstruktion - Wei\u00dfes, schwarzes und rotes Design mit Twill und Ziegenleder<\/strong><br data-start=\"1653\" data-end=\"1656\" \/>Auf der R\u00fcckseite der Handschuhe ist ein <strong data-start=\"1690\" data-end=\"1712\">Obermaterial aus Twill-Gewebe<\/strong> das f\u00fcr eine leichte, atmungsaktive Passform sorgt, die durch <strong data-start=\"1771\" data-end=\"1799\">GoatSkin Lederflicken<\/strong> f\u00fcr Abriebfestigkeit und Flexibilit\u00e4t. Die auff\u00e4llige wei\u00dfe Basis ist mit schwarzen Paneelen und einem roten Streifen akzentuiert und bietet einen modernen, vom Motorsport inspirierten Look, der modebewusste Biker anspricht.<\/p>\n<p data-start=\"2000\" data-end=\"2306\"><strong data-start=\"2000\" data-end=\"2035\">Fortschrittlicher TPU-Kn\u00f6chelschutz<\/strong><br data-start=\"2035\" data-end=\"2038\" \/>F\u00fcr die Schlagfestigkeit sind die Handschuhe mit robusten <strong data-start=\"2097\" data-end=\"2123\">TPU Kn\u00f6chelprotektoren<\/strong> eingebettet unter der Lederschale. Diese Protektoren verringern das Verletzungsrisiko bei Zusammenst\u00f6\u00dfen oder pl\u00f6tzlichen St\u00f6\u00dfen, w\u00e4hrend ihre ergonomische Kr\u00fcmmung daf\u00fcr sorgt, dass sie sich nat\u00fcrlich mit der Hand bewegen.<\/p>\n<p data-start=\"2308\" data-end=\"2611\"><strong data-start=\"2308\" data-end=\"2352\">EVA-Gummischutzschilder f\u00fcr Finger und Manschetten<\/strong><br data-start=\"2352\" data-end=\"2355\" \/>Zur weiteren Verbesserung der Sicherheit, <strong data-start=\"2382\" data-end=\"2411\">EVA-Gummiverst\u00e4rkungen<\/strong> sind auf der R\u00fcckseite der Finger und im Bereich der Manschetten angebracht. Diese Zonen sind bei Unf\u00e4llen kritisch, und EVA bietet eine leichte, aber hochwirksame Schutzschicht, die St\u00f6\u00dfe absorbiert und zerstreut.<\/p>\n<p data-start=\"2613\" data-end=\"2981\"><strong data-start=\"2613\" data-end=\"2657\">Handfl\u00e4che aus Ziegenleder mit gepolsterten Verst\u00e4rkungen<\/strong><br data-start=\"2657\" data-end=\"2660\" \/>Der Handfl\u00e4chenbereich bietet <strong data-start=\"2686\" data-end=\"2714\">hochwertiges GoatSkin Leder<\/strong> f\u00fcr maximale Griffigkeit und Verschlei\u00dffestigkeit. Innen, <strong data-start=\"2769\" data-end=\"2785\">Schaumstoffpolsterung<\/strong> ist strategisch in Hochdruckzonen platziert, um die Lenkerkontrolle zu verbessern und Vibrationen zu reduzieren. Diese zus\u00e4tzliche Polsterung erh\u00f6ht den Komfort und die Ausdauer, insbesondere bei langen Fahrten oder im Gel\u00e4nde.<\/p>\n<p data-start=\"2983\" data-end=\"3241\"><strong data-start=\"2983\" data-end=\"3025\">Ma\u00dfgeschneiderte Passform - Gepr\u00e4gter Klettverschluss<\/strong><br data-start=\"3025\" data-end=\"3028\" \/>Diese Handschuhe werden mit einem <strong data-start=\"3054\" data-end=\"3087\">verstellbares Klettband am Handgelenk<\/strong> die eine individuelle Passform f\u00fcr jeden Fahrer bietet. Es hilft, Staub, Wind und Wasser abzudichten und sorgt gleichzeitig daf\u00fcr, dass die Handschuhe auch bei hohen Geschwindigkeiten sicher bleiben.<\/p>\n<p data-start=\"3243\" data-end=\"3516\"><strong data-start=\"3243\" data-end=\"3300\">Zertifiziert f\u00fcr den professionellen Einsatz - EN420 &amp; EN13594:2015<\/strong><br data-start=\"3300\" data-end=\"3303\" \/>Diese Handschuhe sind <strong data-start=\"3320\" data-end=\"3336\">CE-zertifiziert<\/strong> und treffen <strong data-start=\"3346\" data-end=\"3372\">EN420 und EN13594:2015<\/strong> Sie eignen sich daher f\u00fcr professionelle Motorradfahrer, Strafverfolgungsbeh\u00f6rden und Freizeitfahrer in Europa und anderen regulierten M\u00e4rkten.<\/p>\n<p data-start=\"3518\" data-end=\"3812\"><strong data-start=\"3518\" data-end=\"3554\">Mehrere Farboptionen verf\u00fcgbar<\/strong><br data-start=\"3554\" data-end=\"3557\" \/>Neben der wei\u00df\/rot\/schwarzen Farbvariante sind diese Handschuhe auch in folgenden Farben erh\u00e4ltlich <strong data-start=\"3633\" data-end=\"3664\">komplett schwarze und hellbraune Varianten<\/strong>, Dadurch sind sie f\u00fcr einen breiteren Kundenkreis geeignet. Ideal f\u00fcr B2B-K\u00e4ufer, die ihren Kunden Abwechslung in Design und Funktion bieten wollen.<\/p>\n<p data-start=\"3814\" data-end=\"3851\"><strong data-start=\"3814\" data-end=\"3849\">Anwendungen und Zielk\u00e4ufer:<\/strong><\/p>\n<ul data-start=\"3852\" data-end=\"4071\">\n<li data-start=\"3852\" data-end=\"3877\">\n<p data-start=\"3854\" data-end=\"3877\">Motorradausr\u00fcstungsgesch\u00e4fte<\/p>\n<\/li>\n<li data-start=\"3878\" data-end=\"3914\">\n<p data-start=\"3880\" data-end=\"3914\">Einzelh\u00e4ndler f\u00fcr Kraftsportger\u00e4te<\/p>\n<\/li>\n<li data-start=\"3915\" data-end=\"3955\">\n<p data-start=\"3917\" data-end=\"3955\">Kollektionen f\u00fcr taktische und urbane Biker<\/p>\n<\/li>\n<li data-start=\"3956\" data-end=\"3999\">\n<p data-start=\"3958\" data-end=\"3999\">Touring- und Adventure-Motorradmarken<\/p>\n<\/li>\n<li data-start=\"4000\" data-end=\"4034\">\n<p data-start=\"4002\" data-end=\"4034\">Wiederverk\u00e4ufer von CE-zertifizierten Produkten<\/p>\n<\/li>\n<li data-start=\"4035\" data-end=\"4071\">\n<p data-start=\"4037\" data-end=\"4071\">Eigenmarken- und OEM-Getriebelinien<\/p>\n<\/li>\n<\/ul>\n<p data-start=\"4073\" data-end=\"4108\"><strong data-start=\"4073\" data-end=\"4106\">Produktmerkmale auf einen Blick:<\/strong><\/p>\n<ul data-start=\"4109\" data-end=\"4565\">\n<li data-start=\"4109\" data-end=\"4138\">\n<p data-start=\"4111\" data-end=\"4138\">R\u00fcckseite aus strapazierf\u00e4higem Twill-Gewebe<\/p>\n<\/li>\n<li data-start=\"4139\" data-end=\"4200\">\n<p data-start=\"4141\" data-end=\"4200\">Elegantes wei\u00df\/rot\/schwarzes \u00c4u\u00dferes mit GoatSkin-Schutz<\/p>\n<\/li>\n<li data-start=\"4201\" data-end=\"4255\">\n<p data-start=\"4203\" data-end=\"4255\">Integrierte TPU Kn\u00f6chelpanzerung f\u00fcr Aufprallschutz<\/p>\n<\/li>\n<li data-start=\"4256\" data-end=\"4307\">\n<p data-start=\"4258\" data-end=\"4307\">EVA-Gummiabschirmung an Fingern und Handgelenksmanschetten<\/p>\n<\/li>\n<li data-start=\"4308\" data-end=\"4365\">\n<p data-start=\"4310\" data-end=\"4365\">Verst\u00e4rkte Handfl\u00e4che aus GoatSkin-Leder mit Schaumstoffpolsterung<\/p>\n<\/li>\n<li data-start=\"4366\" data-end=\"4418\">\n<p data-start=\"4368\" data-end=\"4418\">Verstellbarer Klettverschluss am Handgelenk f\u00fcr eine individuelle Passform<\/p>\n<\/li>\n<li data-start=\"4419\" data-end=\"4454\">\n<p data-start=\"4421\" data-end=\"4454\">Elegantes, gepr\u00e4gtes Leder<\/p>\n<\/li>\n<li data-start=\"4455\" data-end=\"4514\">\n<p data-start=\"4457\" data-end=\"4514\">Zertifiziert nach den Sicherheitsnormen EN420 und EN13594:2015<\/p>\n<\/li>\n<li data-start=\"4515\" data-end=\"4565\">\n<p data-start=\"4517\" data-end=\"4565\">Geeignet f\u00fcr den europ\u00e4ischen Gro\u00dfhandel und B2C-Einzelhandel<\/p>\n<\/li>\n<\/ul>\n<p data-start=\"4567\" data-end=\"4875\">Mit dem <strong data-start=\"4576\" data-end=\"4617\">RYINZ Motorradhandschuhe aus wei\u00dfem Leder<\/strong>, bieten Sie nicht nur Sicherheit, sondern setzen auch ein deutliches optisches Zeichen. Ganz gleich, ob Sie Ihr Handschuhsortiment als Gro\u00dfh\u00e4ndler aufbauen oder Ihr Einzelhandelsangebot mit zertifizierten Produkten erweitern, dieses Modell bietet ein hohes Ertragspotenzial und unbestreitbare Qualit\u00e4t.<\/p>","protected":false},"excerpt":{"rendered":"<p>Werten Sie Ihre Motorradausr\u00fcstung mit den wei\u00dfen Lederhandschuhen von RYINZ auf, die f\u00fcr Leistung, Schutz und europ\u00e4ische Marktstandards entwickelt wurden. Diese Handschuhe verf\u00fcgen \u00fcber einen auff\u00e4lligen Twill-R\u00fccken mit stilvollen wei\u00dfen und roten Details, gepaart mit einer langlebigen GoatSkin-Lederkonstruktion f\u00fcr un\u00fcbertroffene Widerstandsf\u00e4higkeit. Mit integriertem TPU-Kn\u00f6chelschutz, EVA-Gummischutz an Fingern und Stulpen und verst\u00e4rkten, gepolsterten Lederhandfl\u00e4chen sind diese Handschuhe CE-zertifiziert und f\u00fcr den Gro\u00df- und Einzelhandel geeignet. Ideal f\u00fcr urbane Fahrer, Touring-Enthusiasten und professionelle Motorradfahrer, die sowohl Sicherheit als auch au\u00dfergew\u00f6hnliches Design suchen.<\/p>","protected":false},"featured_media":9288,"comment_status":"closed","ping_status":"closed","template":"","meta":[],"product_brand":[35],"product_cat":[1111,380,122,68],"product_tag":[373,374,375,376,377,378,379,381,382,383,384,385,386,387,388],"class_list":{"0":"post-9184","1":"product","2":"type-product","3":"status-publish","4":"has-post-thumbnail","6":"product_brand-ryinz","7":"product_cat-motorbike","8":"product_cat-motorbike-gloves","9":"product_cat-motorbike-racing-gloves","10":"product_cat-ryinz","11":"product_tag-breathable-protective-gloves-for-long-rides","12":"product_tag-bright-color-gloves-for-road-safety-and-visibility","13":"product_tag-ce-certified-gloves-for-eu-motorcycle-safety","14":"product_tag-en13594-motorcycle-gloves-with-tpu-armor","15":"product_tag-eva-rubber-reinforced-tactical-gloves","16":"product_tag-goatskin-leather-motorcycle-gloves-for-retailers","17":"product_tag-high-visibility-biker-gloves-with-safety-features","18":"product_tag-motorcycle-gloves-with-foam-padded-palm","19":"product_tag-premium-riding-gloves-for-distribution","20":"product_tag-protective-riding-gloves-for-street-and-off-road","21":"product_tag-tactical-motorcycle-gloves-for-wholesale","22":"product_tag-tpu-knuckle-protected-gloves-for-motorcyclists","23":"product_tag-twill-back-biker-gloves-with-leather-palm","24":"product_tag-velcro-closure-motorcycle-gloves-for-fit","25":"product_tag-wholesale-riding-gloves-for-european-suppliers","27":"first","28":"instock","29":"taxable","30":"shipping-taxable","31":"purchasable","32":"product-type-simple"},"_links":{"self":[{"href":"https:\/\/ryinz.cz\/velkoobchod\/de\/wp-json\/wp\/v2\/product\/9184","targetHints":{"allow":["GET"]}}],"collection":[{"href":"https:\/\/ryinz.cz\/velkoobchod\/de\/wp-json\/wp\/v2\/product"}],"about":[{"href":"https:\/\/ryinz.cz\/velkoobchod\/de\/wp-json\/wp\/v2\/types\/product"}],"replies":[{"embeddable":true,"href":"https:\/\/ryinz.cz\/velkoobchod\/de\/wp-json\/wp\/v2\/comments?post=9184"}],"wp:featuredmedia":[{"embeddable":true,"href":"https:\/\/ryinz.cz\/velkoobchod\/de\/wp-json\/wp\/v2\/media\/9288"}],"wp:attachment":[{"href":"https:\/\/ryinz.cz\/velkoobchod\/de\/wp-json\/wp\/v2\/media?parent=9184"}],"wp:term":[{"taxonomy":"product_brand","embeddable":true,"href":"https:\/\/ryinz.cz\/velkoobchod\/de\/wp-json\/wp\/v2\/product_brand?post=9184"},{"taxonomy":"product_cat","embeddable":true,"href":"https:\/\/ryinz.cz\/velkoobchod\/de\/wp-json\/wp\/v2\/product_cat?post=9184"},{"taxonomy":"product_tag","embeddable":true,"href":"https:\/\/ryinz.cz\/velkoobchod\/de\/wp-json\/wp\/v2\/product_tag?post=9184"}],"curies":[{"name":"wp","href":"https:\/\/api.w.org\/{rel}","templated":true}]}}